{"id":908,"date":"2020-10-11T09:40:05","date_gmt":"2020-10-11T09:40:05","guid":{"rendered":"http:\/\/www.ijmhr.org\/IntJPhysiotherRes\/?page_id=908"},"modified":"2020-10-11T09:40:05","modified_gmt":"2020-10-11T09:40:05","slug":"ijpr-2020-164","status":"publish","type":"page","link":"https:\/\/www.ijmhr.org\/IntJPhysiotherRes\/ijpr-2020-164","title":{"rendered":"IJPR.2020.164"},"content":{"rendered":"<p style=\"text-align: justify;\"><div class=\"su-row\"><div class=\"su-column su-column-size-1-2\"><div class=\"su-column-inner su-u-clearfix su-u-trim\"><div class=\"su-button-center\"><a href=\"https:\/\/www.ijmhr.org\/ijpr.8.5\/IJPR.2020.164.pdf\" class=\"su-button su-button-style-default\" style=\"color:#FFFFFF;background-color:#3498db;border-color:#2a7ab0;border-radius:5px\" target=\"_self\"><span style=\"color:#FFFFFF;padding:6px 16px;font-size:13px;line-height:20px;border-color:#71b7e6;border-radius:5px;text-shadow:none\"><i class=\"sui sui-cloud-download\" style=\"font-size:13px;color:#FFFFFF\"><\/i> DOWNLOAD PDF<\/span><\/a><\/div><\/div><\/div> <div class=\"su-column su-column-size-1-2\"><div class=\"su-column-inner su-u-clearfix su-u-trim\"><div class=\"su-button-center\"><a href=\"https:\/\/www.ijmhr.org\/ijpr_vol8_5.html\" class=\"su-button su-button-style-default\" style=\"color:#FFFFFF;background-color:#3498db;border-color:#2a7ab0;border-radius:5px\" target=\"_self\"><span style=\"color:#FFFFFF;padding:6px 16px;font-size:13px;line-height:20px;border-color:#71b7e6;border-radius:5px;text-shadow:none\"><i class=\"sui sui-book\" style=\"font-size:13px;color:#FFFFFF\"><\/i> Table of Contents<\/span><\/a><\/div><\/div><\/div><\/div>\n<h3 style=\"text-align: justify;\"><strong>Type of Article:<\/strong> \u00a0Original Research<\/h3>\n<h3 style=\"text-align: justify;\"><strong>Volume 8; Issue 5 (October 2020)<\/strong><\/h3>\n<h3 style=\"text-align: justify;\"><strong>Page No.:<\/strong> 3628-3633<\/h3>\n<h3 style=\"text-align: justify;\"><strong>DOI:\u00a0<\/strong>https:\/\/dx.doi.org\/10.16965\/ijpr.2020.164<\/h3>\n<h3 style=\"text-align: justify;\">THE EFFECT OF HEEL TYPE ON Q ANGLE<\/h3>\n<p style=\"text-align: justify;\"><strong>Pruthini Patil <sup>1<\/sup>, \u00a0Namrata Sidhaye- Bhadbhade *<sup>2<\/sup>.<\/strong><\/p>\n<p style=\"text-align: justify;\"><sup>1<\/sup> Intern at D.E.S Brijlal Jindal College of Physiotherapy<strong>, <\/strong>Jindal college of Physiotherapy, Fergusson college campus, Shivajinagar, Pune, Maharashtra, India.<\/p>\n<p style=\"text-align: justify;\"><sup>*2 <\/sup>Assistant Professor at D.E.S Brijlal Jindal College of Physiotherapy, Jindal college of Physiotherapy, Fergusson college campus, Shivajinagar, Pune, Maharashtra, India.<\/p>\n<p style=\"text-align: justify;\"><strong>Address for correspondence:<\/strong> Dr. Namrata Sidhaye- Bhadbhade (M.P.T), D.E.Society\u2019s Brijlal Jindal college of Physiotherapy, Fergusson college campus, Shivajinagar, Pune- 411004, Maharashtra, India. <strong>E-Mail: <\/strong>namratasidhaye.physio@gmail.com<\/p>\n<p style=\"text-align: justify;\"><strong>ABSTRACT<\/strong><\/p>\n<p style=\"text-align: justify;\"><strong>Background:<\/strong> Around 80% of women prefer wearing high heel footwear, out of which 30% use it for professional reasons. Usage of high heel footwear revealed to exhibit pathological differences in entire lower limb mechanics.There is a dearth of literature regarding change in surface area of contact of footwear on lower limb biomechanics, with constant heel height in high heel footwear users.<\/p>\n<p style=\"text-align: justify;\"><strong>Study design: <\/strong>Cross sectional observational study<\/p>\n<p style=\"text-align: justify;\"><strong>Objectives:<\/strong> To assess and compare Q angle in women wearing flat heel, wedges and pointed heel footwear.<\/p>\n<p style=\"text-align: justify;\"><strong>Methodology:<\/strong> 147 females were screened and only 99 (according to inclusion and exclusion criteria) were enrolled in the study. Three groups were made (33 participants in each group). Q angle measurements were taken in supine and standing positions. Collected data was analysed using one way ANOVA and Post Hoc analysis.<\/p>\n<p style=\"text-align: justify;\"><strong>Results:<\/strong> \u00a0Mean value of the Q angle in flat footwear users is (Rt- 14.27\u00b11.64), (Lt-14.18\u00b10.95) in supine; (Rt-15.15\u00b12.22), (Lt.15.18\u00b11.89) in standing. In wedged heel users is (Rt-16.39\u00b11.58), (Lt-16.06\u00b11.92) in supine and in standing \u00a0(Rt-16.82\u00b12.07), (Lt-16.58\u00b11.95) respectively. In pointed heel users is (Rt-18.76\u00b11.5), (Lt-18.58\u00b11.25) in supine; and (Rt-18.85\u00b11.28), (Lt-18.76\u00b11.3) in standing. There was statistically significant increase in participant\u2019s Q angle (p &lt; 0.0001) with change in type (surface area of contact) of footwear.<\/p>\n<p style=\"text-align: justify;\"><strong>Conclusion:<\/strong> Variable heel type has an effect on Q angle. The Flat heel users have normal Q angle. Wedge heels and pointed heels are associated with significant increase in Q angle.<\/p>\n<p style=\"text-align: justify;\"><strong>Clinical implication: <\/strong>Usage of flat footwear is advisable for good lower limb mechanics. Wedges are not better than pointed heel footwear.<\/p>\n<p style=\"text-align: justify;\"><strong>KEY WORDS:<\/strong> Q angle, Flat heel, Wedge heel, footwear.<\/p>\n<p style=\"text-align: justify;\"><strong>REFERENCES<\/strong><\/p>\n<p style=\"text-align: justify;\">[1]. Farhat yaasmeen sadique basha, R, Gayatri Devi , A. Jothi Priya A survey on comparative effects of wearing high heels among long term and short term users. JPRS-Pcol-00002643<br \/>\n[2]. Silva AM, de Siqueira GR, da Silva GA. Implications of high-heeled shoes on body posture of adolescents. Rev Paul Pediatr. 2013;31(2):265-271.<br \/>\nhttps:\/\/doi.org\/10.1590\/S0103-05822013000200020<br \/>\nPMid:23828066<br \/>\n[3]. Carrasco AC. Estudo da distribui\u00e7\u00e3o da press\u00e3o plantar e da oscila\u00e7\u00e3o corporalem rela\u00e7\u00e3o ao peso da bolsa e ao uso de salto alto em mulheres [tese demestrado]. S\u00e3o Jos\u00e9 dos Campos (SP): Universidade do Vale do Para\u00edba; 2010.<br \/>\n[4]. Ebbeling CJ, Hamill J, Crussemeyer JA. Lower extremity mechanics and energy cost of walking in high-heeled shoes. J Orthop Sports Phys Ther 1994; 19:190-6.<br \/>\nhttps:\/\/doi.org\/10.2519\/jospt.1994.19.4.190<br \/>\nPMid:8173565<br \/>\n[5]. Snow RE, Williams KR. High heeled shoes: Their effect on center of mass position, posture, three-dimensional kinematics, rearfoot motion, and ground reaction forces. Arch Phys Med Rehabil 1994; 75:568-76.<br \/>\n[6]. Ko DY, Lee HS. The changes of COP and foot pressure after one hour&#8217;s walking wearing high-heeled and flat shoes. J Phys Ther Sci 2013;25:1309-12.<br \/>\nhttps:\/\/doi.org\/10.1589\/jpts.25.1309<br \/>\nPMid:24259782 PMCid:PMC3820172<br \/>\n[7]. Tencer AF, Koepsell TD, Wolf ME, Frankenfeld CL, Buchner DM, Kukull WA, et al. Biomechanical properties of shoes and risk of falls in older adults. J Am Geriatr Soc 2004;52:1840-6.<br \/>\nhttps:\/\/doi.org\/10.1111\/j.1532-5415.2004.52507.x<br \/>\nPMid:15507060<br \/>\n[8]. Keegan TH, Kelsey JL, King AC, Quesenberry CP Jr. Sidney S. Characteristics of fallers who fracture at the foot, distal forearm, proximal humerus, pelvis, and shaft of the tibia\/fibula compared with fallers who do not fracture. Am J Epidemiol 2004;159:192-203.<br \/>\nhttps:\/\/doi.org\/10.1093\/aje\/kwh026<br \/>\nPMid:14718222<br \/>\n[9]. Ho KY, Blanchette MG, Powers CM. The influence of heel height on patellofemoral joint kinetics during walking. Gait Posture 2012;36:271-5.<br \/>\nhttps:\/\/doi.org\/10.1016\/j.gaitpost.2012.03.008<br \/>\nPMid:22520457<br \/>\n[10]. Pezzan, Patr\u00edcia A. O., Sacco, Isabel C. N., &amp; Jo\u00e3o, Silvia M. A. Postura do p\u00e9 e classifica\u00e7\u00e3o do arco plantar de adolescentes usu\u00e1rias e n\u00e3o usu\u00e1rias de cal\u00e7ados de salto alto. Brazilian Journal of Physical Therapy, 2009;13(5):398-404.<br \/>\nhttps:\/\/doi.org\/10.1590\/S1413-35552009005000053<br \/>\n[11]. Weiss L, DeForest B, Hammond K, Schilling B, Ferreira L. Reliability of goniometry-based Q-angle. The American Academy of Physical Medicine and Rehabilitation. 2013;5(9):763-768.<br \/>\nhttps:\/\/doi.org\/10.1016\/j.pmrj.2013.03.023<br \/>\nPMid:23528815<br \/>\n[12]. Jessica Shrestha, Biswabina Ray and Antony Sylvan D Souza. Representative values for lower extremity alignment measures in females. Int. J. of Adv. Res. 2016;4:754-759.<br \/>\n[13]. Elshamy, F.F., Ghait, A.S., &amp; Morsy, M. The effect of high heels on quadriceps angle in adult females. International Journal of Therapies and Rehabilitation Research, 2016;5:35-38.<br \/>\nhttps:\/\/doi.org\/10.5455\/ijtrr.000000124<br \/>\n[14]. Section 6: Body Composition ACSM Guidelines: Chapter 4 (pp. 62\u201072) ACSM Manual: Chapters 4<br \/>\n[15]. Simonsen EB, Svendsen MB, N\u00f8rreslet A, et al. Walking on high heels changes muscle activity and the dynamics of human walking significantly. J Appl Biomech. 2012;28(1):20-28.<br \/>\nhttps:\/\/doi.org\/10.1123\/jab.28.1.20<br \/>\nPMid:22431211<br \/>\n[16]. Bendix T, Sorenson SS, Klausen K. Lumbar curve, trunk muscles, and line of gravity with different heel heights. Spine (Phila Pa 1976) 1984;9:223-7.<br \/>\nhttps:\/\/doi.org\/10.1097\/00007632-198403000-00016<br \/>\nPMid:6729584<br \/>\n[17]. Magee, David J. Orthopedic Physical Assessment.Saunders, From Knee. 4th edition . 2004;729-730.<br \/>\n[18]. Edwards L, Dixon J, Kent JR, Hodgson D, Whittaker VJ. Effect of shoe heel height on vastus medialis and vastus lateralis electromyographic activity during sit to stand. J Orthop Surg Res. 2008;3:2.<br \/>\nhttps:\/\/doi.org\/10.1186\/1749-799X-3-2<br \/>\nPMid:18186937 PMCid:PMC2245915<br \/>\n[19]. Hadeel ALSerhany, Fahad ALAnazi. Effect of prolonged wearing high heeled shoes on occurrence of low back pain (LBP) and disability among females in ALJouf city International Journal of Advanced Research 2015;3(12):1715-1722.<br \/>\n[20]. Elshamy, Fayiz F. et al. &#8220;The effect of high heels on quadriceps angle in adult females.&#8221; International Journal of Therapies and Rehabilitation Research 2016;5:35-38.<br \/>\nhttps:\/\/doi.org\/10.5455\/ijtrr.000000124<br \/>\n[21]. Livingston LA. The quadriceps angle: a review of the literature. J Orthop Sports Phys Ther. 1998; 28(2):105-109.<br \/>\nhttps:\/\/doi.org\/10.2519\/jospt.1998.28.2.105<br \/>\nPMid:9699160<\/p>\n<p style=\"text-align: justify;\">\n\t\t\t <div class=\"promo1\" style=\"background-color:#f7f7f7; border-color: #3498db #e8e6e6 #e8e6e6;\">\n             \t <span style=\"color: #3498db;\"><strong>Cite this article:<\/strong><\/span> Pruthini Patil, Namrata Sidhaye- Bhadbhade. THE EFFECT OF HEEL TYPE ON Q ANGLE. Int J Physiother Res 2020;8(5):3628-3633. DOI: 10.16965\/ijpr.2020.164 \n             <\/div>\t\n\t\t\n","protected":false},"excerpt":{"rendered":"<p>Type of Article: \u00a0Original Research Volume 8; Issue 5 (October 2020) Page No.: 3628-3633 DOI:\u00a0https:\/\/dx.doi.org\/10.16965\/ijpr.2020.164 THE EFFECT OF HEEL TYPE ON Q ANGLE Pruthini Patil 1, \u00a0Namrata Sidhaye- Bhadbhade *2. 1 Intern at D.E.S Brijlal Jindal College of Physiotherapy, Jindal college of Physiotherapy, Fergusson college campus, Shivajinagar, Pune, Maharashtra, India. *2 Assistant Professor at D.E.S<br \/><a class=\"moretag\" href=\"https:\/\/www.ijmhr.org\/IntJPhysiotherRes\/ijpr-2020-164\">+ Read More<\/a><\/p>\n","protected":false},"author":1,"featured_media":0,"parent":0,"menu_order":0,"comment_status":"closed","ping_status":"open","template":"","meta":{"footnotes":""},"class_list":["post-908","page","type-page","status-publish","hentry"],"_links":{"self":[{"href":"https:\/\/www.ijmhr.org\/IntJPhysiotherRes\/wp-json\/wp\/v2\/pages\/908"}],"collection":[{"href":"https:\/\/www.ijmhr.org\/IntJPhysiotherRes\/wp-json\/wp\/v2\/pages"}],"about":[{"href":"https:\/\/www.ijmhr.org\/IntJPhysiotherRes\/wp-json\/wp\/v2\/types\/page"}],"author":[{"embeddable":true,"href":"https:\/\/www.ijmhr.org\/IntJPhysiotherRes\/wp-json\/wp\/v2\/users\/1"}],"replies":[{"embeddable":true,"href":"https:\/\/www.ijmhr.org\/IntJPhysiotherRes\/wp-json\/wp\/v2\/comments?post=908"}],"version-history":[{"count":1,"href":"https:\/\/www.ijmhr.org\/IntJPhysiotherRes\/wp-json\/wp\/v2\/pages\/908\/revisions"}],"predecessor-version":[{"id":913,"href":"https:\/\/www.ijmhr.org\/IntJPhysiotherRes\/wp-json\/wp\/v2\/pages\/908\/revisions\/913"}],"wp:attachment":[{"href":"https:\/\/www.ijmhr.org\/IntJPhysiotherRes\/wp-json\/wp\/v2\/media?parent=908"}],"curies":[{"name":"wp","href":"https:\/\/api.w.org\/{rel}","templated":true}]}}