{"id":876,"date":"2020-09-10T15:47:15","date_gmt":"2020-09-10T15:47:15","guid":{"rendered":"http:\/\/www.ijmhr.org\/IntJPhysiotherRes\/?page_id=876"},"modified":"2020-09-10T15:47:15","modified_gmt":"2020-09-10T15:47:15","slug":"ijpr-2020-147","status":"publish","type":"page","link":"https:\/\/www.ijmhr.org\/IntJPhysiotherRes\/ijpr-2020-147","title":{"rendered":"IJPR.2020.147"},"content":{"rendered":"<p style=\"text-align: justify;\"><div class=\"su-row\"><div class=\"su-column su-column-size-1-2\"><div class=\"su-column-inner su-u-clearfix su-u-trim\"><div class=\"su-button-center\"><a href=\"https:\/\/www.ijmhr.org\/ijpr.8.5\/IJPR.2020.147.pdf\" class=\"su-button su-button-style-default\" style=\"color:#FFFFFF;background-color:#3498db;border-color:#2a7ab0;border-radius:5px\" target=\"_self\"><span style=\"color:#FFFFFF;padding:6px 16px;font-size:13px;line-height:20px;border-color:#71b7e6;border-radius:5px;text-shadow:none\"><i class=\"sui sui-cloud-download\" style=\"font-size:13px;color:#FFFFFF\"><\/i> DOWNLOAD PDF<\/span><\/a><\/div><\/div><\/div> <div class=\"su-column su-column-size-1-2\"><div class=\"su-column-inner su-u-clearfix su-u-trim\"><div class=\"su-button-center\"><a href=\"https:\/\/www.ijmhr.org\/ijpr_vol8_5.html\" class=\"su-button su-button-style-default\" style=\"color:#FFFFFF;background-color:#3498db;border-color:#2a7ab0;border-radius:5px\" target=\"_self\"><span style=\"color:#FFFFFF;padding:6px 16px;font-size:13px;line-height:20px;border-color:#71b7e6;border-radius:5px;text-shadow:none\"><i class=\"sui sui-book\" style=\"font-size:13px;color:#FFFFFF\"><\/i> Table of Contents<\/span><\/a><\/div><\/div><\/div><\/div>\n<h3 style=\"text-align: justify;\"><strong>Type of Article:<\/strong> \u00a0Original Research<\/h3>\n<h3 style=\"text-align: justify;\"><strong>Volume 8; Issue 5 (September 2020)<\/strong><\/h3>\n<h3 style=\"text-align: justify;\"><strong>Page No.:<\/strong> 3555-3562<\/h3>\n<h3 style=\"text-align: justify;\"><strong>DOI:\u00a0<\/strong>https:\/\/dx.doi.org\/10.16965\/ijpr.2020.147<\/h3>\n<h3 style=\"text-align: justify;\">CORRELATION BETWEEN SPASTICITY AND WEAKNESS OF THE LOWER LIMBS WITH FATIGUE IN PATIENTS WITH MULTIPLE SCLEROSIS<\/h3>\n<p style=\"text-align: justify;\"><strong>Ta\u00eds Panizzi Dilda <sup>1<\/sup>, Alessandro Finkelsztejn <sup>2<\/sup>, Luciano Palmeiro Rodrigues *<sup>3<\/sup>.<\/strong><\/p>\n<p style=\"text-align: justify;\"><sup>1 <\/sup>Specialization Course in Physiotherapy in Neurofunctional Physiotherapy at the Federal University of Rio Grande do Sul \u2013 UFRGS &#8211; Rua Felizardo, 750 &#8211; Bairro Jardim Bot\u00e2nico &#8211; Porto Alegre, Rio Grande do Sul \u2013 Brazil &#8211; CEP 90690-200<\/p>\n<p style=\"text-align: justify;\"><sup>2<\/sup> Hospital de Cl\u00ednicas de Porto Alegre. Rua Ramiro Barcelos, 2350 &#8211; Santa Cec\u00edlia, Porto Alegre &#8211; RS, 90035-007<\/p>\n<p style=\"text-align: justify;\">*<sup>3<\/sup> Physiotherapy Course at the Federal University of Rio Grande do Sul UFRGS; PhD in Neuroscience &#8211; UFRGS. Rua Felizardo, 750 &#8211; Bairro Jardim Bot\u00e2nico &#8211; Porto Alegre, Rio Grande do Sul \u2013 Brazil &#8211; CEP 90690-200<\/p>\n<p style=\"text-align: justify;\"><strong>Corresponding author:<\/strong> Luciano Palmeiro Rodrigues, Rua Felizardo, 750 &#8211; Bairro Jardim Bot\u00e2nico &#8211; Porto Alegre, Rio Grande do Sul \u2013 Brazil &#8211; CEP 90690-200\u00a0<strong>E-Mail:<\/strong> lucianopalmeiro@gmail.com<\/p>\n<p style=\"text-align: justify;\"><strong>ABSTRACT<\/strong><\/p>\n<p style=\"text-align: justify;\"><strong>Background: <\/strong>Individuals affected by Multiple Sclerosis (MS) present weakness in the lower limbs (LL), abnormal muscle tone and fatigue.<\/p>\n<p style=\"text-align: justify;\"><strong>Aims:<\/strong> To correlate the spasticity and weakness of lower limbs with fatigue in Multiple Sclerosis patients.<\/p>\n<p style=\"text-align: justify;\"><strong>Methods:<\/strong> The study is the <em>ex post fact<\/em> type with a correlational design, performed with patients MS. A total of 45 individuals were evaluated. The Modified Fatigue Impact Scale in MS (MFIS) was used to asses fatigue; the Modified Ashworth Scale (MAS) for lower limb (LL) spasticity and the 5-repetition sit-to-stand (5STS) test to characterize the strength of LL.<\/p>\n<p style=\"text-align: justify;\"><strong>Results: <\/strong>The mean of MFIS was 42.76 (\u00b119.65) points, indicating the presence of fatigue among the patients and in the 5STS-test the average was 15.37 (\u00b15.89) which chacacterized them with decreased muscle strength. Thirty-nine patients had some degree of spasticity in the lower limbs (86.66%). There was a positive correlation between fatigue and muscle strength of LL (r = 0.412 and p &lt;0.05) and between fatigue and spasticity of adductors muscles (r =0.295) (p&lt;0.049).<\/p>\n<p style=\"text-align: justify;\"><strong>Conclusions:<\/strong> Muscle strength of lower limbs is related to fatigue in MS patients demonstrating that the higher the muscle strength, the lower the presence of this symptom in multiple sclerosis patients.<\/p>\n<p style=\"text-align: justify;\"><strong>Key words:<\/strong> Multiple Sclerosis, Muscle Spasticity, Muscular Strength, Fatigue, Physiotherapy.<\/p>\n<p style=\"text-align: justify;\"><strong>REFERENCES<\/strong><\/p>\n<p style=\"text-align: justify;\">[1]. Mohamed K, Koriem M. Multiple sclerosis: New insights and trends. Asian Pac J Trop Biomed. 2016; 6: 429-440.<br \/>\nhttps:\/\/doi.org\/10.1016\/j.apjtb.2016.03.009<br \/>\n[2]. Halabchi F, Alizadeh Z, Sahraian MA, Abolhasani M. Exercise prescription for patients with multiple sclerosis; potential benefits and practical recommendations. BMC Neurology. 2017; 17: 1-11.<br \/>\nhttps:\/\/doi.org\/10.1186\/s12883-017-0960-9<br \/>\nPMid:28915856 PMCid:PMC5602953<br \/>\n[3]. Kamm CP, Uitdehaag BM, Polman CH. Multiple sclerosis: current knowledge and future outlook. Eur Neurol. 2014; 72: 132-41.<br \/>\nhttps:\/\/doi.org\/10.1159\/000360528<br \/>\nPMid:25095894<br \/>\n[4]. Ng AV, Miller RG, Gelinas D, Kent-Braun JA. Functional relationships of central and peripheral muscle alterations in multiple sclerosis. Muscle Nerve. 2004; 29: 843-852.<br \/>\nhttps:\/\/doi.org\/10.1002\/mus.20038<br \/>\nPMid:15170617<br \/>\n[5]. Kjolhede T, Vissing K, Dalgas U. Multiple sclerosis and progressive resistance training: a systematic review. Mult Scler J. 2012; 18: 1215-2.<br \/>\nhttps:\/\/doi.org\/10.1177\/1352458512437418<br \/>\nPMid:22760230<br \/>\n[6]. Bethoux F, Marrie RA. A cross\u2010sectional study of the impact of spasticity on daily activities in multiple sclerosis. Patient. 2016; 9: 537-546.<br \/>\nhttps:\/\/doi.org\/10.1007\/s40271-016-0173-0<br \/>\nPMid:27154536<br \/>\n[7]. Vermersch P. Mobility ImproVEment with spasticity in multiple sclerosis in Europe: The MOVE 1 EU study. Neurodegenerative Disease Management. 2014; 4: 407-415.<br \/>\nhttps:\/\/doi.org\/10.2217\/nmt.14.44<br \/>\nPMid:25531685<br \/>\n[8]. Kister I, Bacon TE, Chamot E, Salter AR, Cutter GR, Kalina JT, Herbert J. Natural history of multiple sclerosis symptoms. International Journal of MS Care. 2013; 15: 146-158.<br \/>\nhttps:\/\/doi.org\/10.7224\/1537-2073.2012-053<br \/>\nPMid:24453777 PMCid:PMC3883021<br \/>\n[9]. Flachenecker P, Henze T, Zettl UK. Spasticity in patients with multiple sclerosis-Clinical characteristics, treatment and quality of life. Acta Neurologica Scandinavica. 2014; 129: 154-162.<br \/>\nhttps:\/\/doi.org\/10.1111\/ane.12202<br \/>\nPMid:24256407<br \/>\n[10]. Norbye AD, Midgard R, Thrane G. Spasticity, gait, and balance in patients with multiple sclerosis: A cross\u2010sectional study. Physiother Res Int. 2019; e1799.<br \/>\nhttps:\/\/doi.org\/10.1002\/pri.1799<br \/>\nPMid:31287210<br \/>\n[11]. Bethoux F. Gait disorders in multiple sclerosis. Continuum. 2013; 19: 1007-1022.<br \/>\nhttps:\/\/doi.org\/10.1212\/01.CON.0000433286.92596.d5<br \/>\nPMid:23917098<br \/>\n[12]. Rooney S, Wood L, Moffat F, Paul L. Prevalence of fatigue and its association with clinical features in progressive and non-progressive forms of Multiple Sclerosis. Mul Scler Relat Disord. 2019; 28: 276-282.<br \/>\nhttps:\/\/doi.org\/10.1016\/j.msard.2019.01.011<br \/>\nPMid:30639830<br \/>\n[13]. Sangelaji B, Kordi M, Banihashemi F, Nabavi SM, Khodadadeh S, Dastoorpoor M. A combined exercise model for improving muscle strength, balance, walking distance, and motor agility in multiple sclerosis patients: A randomized clinical trial. Iran J Neurol. 2016; 15: 111-20.<br \/>\n[14]. Williams AE, Vietri JT, Isherwood G, Flor A. Symptoms and association with health outcomes in relapsing-remitting multiple sclerosis: results of a US patient survey. Mult Scler Int. 2014; 2014: 203183.<br \/>\nhttps:\/\/doi.org\/10.1155\/2014\/203183<br \/>\nPMid:25328704 PMCid:PMC4189937<br \/>\n[15]. Van Asch P. Impact of Mobility Impairment in Multiple Sclerosis 2 &#8211; Patients Perspectives European Neurological Review. 2011; 6: 115-20.<br \/>\nhttps:\/\/doi.org\/10.17925\/ENR.2011.06.02.115<br \/>\n[16]. Kurtzke JF. Rating neurologic impairment in multiple sclerosis: An expanded disability status scale (EDSS). Neurology. 1983; 33: 1444-5.<br \/>\nhttps:\/\/doi.org\/10.1212\/WNL.33.11.1444<br \/>\nPMid:6685237<br \/>\n[17]. Bohannon RW, Smith MB. Interrater Reliability of a Modified Ashworth Scale of Muscle Spasticity. Physical Therapy. 1987; 67: 206-207.<br \/>\nhttps:\/\/doi.org\/10.1093\/ptj\/67.2.206<br \/>\nPMid:3809245<br \/>\n[18]. Moller AB, Bibby BM, Skjerbaek AG, Jensen E, Sorensen H, Stenager E, Dalgas U. Validity and variability of the 5-repetition sit-to-stand test in patients with multiple sclerosis. Disabil Rehabil. 2012; 34: 2251-8.<br \/>\nhttps:\/\/doi.org\/10.3109\/09638288.2012.683479<br \/>\nPMid:22612360<br \/>\n[19]. Bohannon RW, Shove ME, Barreca SR, Masters LM, Sigouin CS. Five-repetition sit-to-stand test performance by community-dwelling adults: A preliminary investigation of times, determinants, and relationship with self-reported physical performance. Isokinetics and Exercise Science. 2007; 15: 77-81.<br \/>\nhttps:\/\/doi.org\/10.3233\/IES-2007-0253<br \/>\n[20]. Pavan K, Schmidt K; Marangoni B; Mendes MF; Tilbery CP; Lianza S. Esclerose m\u00faltipla: adapta\u00e7\u00e3o transcultural e valida\u00e7\u00e3o da escala modificada de impacto de fadiga. Arq Neuro-Psiquiatr. 2007; 65: 669-673.<br \/>\nhttps:\/\/doi.org\/10.1590\/S0004-282X2007000400024<br \/>\nPMid:17876412<br \/>\n[21]. Filho HA, Carvalho SRS, Dias RM, Alvarenga RMP. Principais testes utilizados na avalia\u00e7\u00e3o de fadiga na esclerose m\u00faltipla. Revis\u00e3o Sistem\u00e1tica. Rev Bras Neurol. 2010; 46: 37-43.<br \/>\n[22]. Henze T, Mackensen SV, Lehrieder G, Zetti UK, Pfiffner C, Flachenecker P. Linguistic and psychometric validation of the MSSS-88 questionnaire for patients with multiple sclerosis and spasticity in Germany. Health and Quality of Life Outcomes. 2014; 12: 327-345.<br \/>\nhttps:\/\/doi.org\/10.1186\/s12955-014-0119-y<br \/>\nPMid:25080934 PMCid:PMC4148533<br \/>\n[23]. Arroyo R, Massana M, Vila C. Correlation between spasticity and quality of life in patients with multiple sclerosis: the CANDLE study. Int J Neurosci. 2013; 123: 850-858.<br \/>\nhttps:\/\/doi.org\/10.3109\/00207454.2013.812084<br \/>\nPMid:23819835<br \/>\n[24]. Oreja-Guevara C, Gonzalez-Segura D, Vila C. Spasticity in multiple sclerosis: results of a patient survey. Int J Neurosci. 2013; 123: 400-408.<br \/>\nhttps:\/\/doi.org\/10.3109\/00207454.2012.762364<br \/>\nPMid:23297730<br \/>\n[25]. Bowser B, O&#8217;Rourke S, Brown CN, White L, Simpson KJ. Sit-to-stand biomechanics of individuals with multiple sclerosis. Clin Biomech. 2015; 30: 788-794.<br \/>\nhttps:\/\/doi.org\/10.1016\/j.clinbiomech.2015.06.012<br \/>\nPMid:26144661<br \/>\n[26]. Hoang PD, Gandevia SC, Herbert RD. Prevalence of joint contractures and muscle weakness in people with multiple sclerosis. Disabil Rehabil. 2014; 36: 1588-93.<br \/>\nhttps:\/\/doi.org\/10.3109\/09638288.2013.854841<br \/>\nPMid:24236496<br \/>\n[27]. T\u00e9llez N, R\u00edo J, Tintor\u00e9 M, Nos C, Gal\u00e1n I, Montalban X. Does the Modified Fatigue Impact Scale offer a more comprehensive assessment of fatigue in MS? Mult Scler. 2005; 11: 198-202.<br \/>\nhttps:\/\/doi.org\/10.1191\/1352458505ms1148oa<br \/>\nPMid:15794395<br \/>\n[28]. Amtmann D, Bamer AM, Noonan V, Lang N, Kim J, Cook KF. Comparison of the psychometric properties of two fatigue scales in multiple sclerosis. Rehabil Psychol. 2012; 52: 159-166.<br \/>\nhttps:\/\/doi.org\/10.1037\/a0027890<br \/>\nPMid:22686554 PMCid:PMC3422656<br \/>\n[29]. Fiest KM, Fisk JD, Patten SB, Tremlett H, Wolfson C, Warren S, McKay KA, Berrigan LI, Ann Marrie R. Fatigue and Comorbidities in Multiple Sclerosis. Int J MS Care. 2016; 18: 96-104.<br \/>\nhttps:\/\/doi.org\/10.7224\/1537-2073.2015-070<br \/>\nPMid:27134583 PMCid:PMC4849402<br \/>\n[30]. Chalah MA, Kauv P, Cr\u00e9ange A, Hodel J, Lefaucheur JP, Ayache SS. Neurophysiological, radiological and neuropsychological evaluation of fatigue in multiple sclerosis. Multiple Sclerosis and Related Disorders. 2019; 28: 145-152.<br \/>\nhttps:\/\/doi.org\/10.1016\/j.msard.2018.12.029<br \/>\nPMid:30594815<br \/>\n[31]. Sosnoff J, Gappmaier E, Frame A, Motl RW. Influence of Spasticity on Mobility and Balance in Persons with Multiple Sclerosis. JNPT. 2011; 35: 129-132.<br \/>\nhttps:\/\/doi.org\/10.1097\/NPT.0b013e31822a8c40<br \/>\nPMid:21934374<br \/>\n[32]. Wagner JM, Kremer TR, Van Dillen LR, Naismith RT. Plantarflexor weakness negatively impacts walking in persons with multiple sclerosis more than plantarflexor spasticity. Arch Phys Med Rehabil. 2014; 95: 1358-65.<br \/>\nhttps:\/\/doi.org\/10.1016\/j.apmr.2014.01.030<br \/>\nPMid:24582617 PMCid:PMC4152915<br \/>\n[33]. Karpatkin H, Babyar S, DiCarrado S, McDarby M, Narovlianski M, Perez B, Rimawi I. Increases in fatigue do not change spasticity scores in persons with multiple sclerosis. Neurodegener Dis Manag. 2018; 8: 143-150.<br \/>\nhttps:\/\/doi.org\/10.2217\/nmt-2017-0049<br \/>\nPMid:29943692<br \/>\n[34]. Valet M, Lejeune T, Yumiko G. et al. Fatigue and physical fitness of mildly disabled persons with multiple sclerosis: a cross-sectional study. Int J Rehabil Res. 2017; 00: 1-7.<br \/>\nhttps:\/\/doi.org\/10.1097\/MRR.0000000000000238<br \/>\nPMid:28658030<br \/>\n[35]. Patejdl R, Zettl UK. Spasticity in multiple sclerosis: Contribution of inflammation, autoimmune mediated neuronal damage and therapeutic interventions. Autoimmun Rev. 2017; 16: 925-936.<br \/>\nhttps:\/\/doi.org\/10.1016\/j.autrev.2017.07.004<br \/>\nPMid:28698092<\/p>\n<p style=\"text-align: justify;\">\n\t\t\t <div class=\"promo1\" style=\"background-color:#f7f7f7; border-color: #3498db #e8e6e6 #e8e6e6;\">\n             \t <span style=\"color: #3498db;\"><strong>Cite this article:<\/strong><\/span> Ta\u00eds Panizzi Dilda, Alessandro Finkelsztejn, Luciano Palmeiro Rodrigues. CORRELATION BETWEEN SPASTICITY AND WEAKNESS OF THE LOWER LIMBS WITH FATIGUE IN PATIENTS WITH MULTIPLE SCLEROSIS. Int J Physiother Res 2020;8(5):3555-3562. DOI: 10.16965\/ijpr.2020.147 \n             <\/div>\t\n\t\t\n","protected":false},"excerpt":{"rendered":"<p>Type of Article: \u00a0Original Research Volume 8; Issue 5 (September 2020) Page No.: 3555-3562 DOI:\u00a0https:\/\/dx.doi.org\/10.16965\/ijpr.2020.147 CORRELATION BETWEEN SPASTICITY AND WEAKNESS OF THE LOWER LIMBS WITH FATIGUE IN PATIENTS WITH MULTIPLE SCLEROSIS Ta\u00eds Panizzi Dilda 1, Alessandro Finkelsztejn 2, Luciano Palmeiro Rodrigues *3. 1 Specialization Course in Physiotherapy in Neurofunctional Physiotherapy at the Federal University of<br \/><a class=\"moretag\" href=\"https:\/\/www.ijmhr.org\/IntJPhysiotherRes\/ijpr-2020-147\">+ Read More<\/a><\/p>\n","protected":false},"author":1,"featured_media":0,"parent":0,"menu_order":0,"comment_status":"closed","ping_status":"open","template":"","meta":{"footnotes":""},"class_list":["post-876","page","type-page","status-publish","hentry"],"_links":{"self":[{"href":"https:\/\/www.ijmhr.org\/IntJPhysiotherRes\/wp-json\/wp\/v2\/pages\/876"}],"collection":[{"href":"https:\/\/www.ijmhr.org\/IntJPhysiotherRes\/wp-json\/wp\/v2\/pages"}],"about":[{"href":"https:\/\/www.ijmhr.org\/IntJPhysiotherRes\/wp-json\/wp\/v2\/types\/page"}],"author":[{"embeddable":true,"href":"https:\/\/www.ijmhr.org\/IntJPhysiotherRes\/wp-json\/wp\/v2\/users\/1"}],"replies":[{"embeddable":true,"href":"https:\/\/www.ijmhr.org\/IntJPhysiotherRes\/wp-json\/wp\/v2\/comments?post=876"}],"version-history":[{"count":1,"href":"https:\/\/www.ijmhr.org\/IntJPhysiotherRes\/wp-json\/wp\/v2\/pages\/876\/revisions"}],"predecessor-version":[{"id":877,"href":"https:\/\/www.ijmhr.org\/IntJPhysiotherRes\/wp-json\/wp\/v2\/pages\/876\/revisions\/877"}],"wp:attachment":[{"href":"https:\/\/www.ijmhr.org\/IntJPhysiotherRes\/wp-json\/wp\/v2\/media?parent=876"}],"curies":[{"name":"wp","href":"https:\/\/api.w.org\/{rel}","templated":true}]}}