{"id":627,"date":"2018-12-25T15:27:42","date_gmt":"2018-12-25T15:27:42","guid":{"rendered":"http:\/\/www.ijmhr.org\/IntJPhysiotherRes\/?page_id=627"},"modified":"2018-12-25T15:27:42","modified_gmt":"2018-12-25T15:27:42","slug":"ijpr-2018-192","status":"publish","type":"page","link":"https:\/\/www.ijmhr.org\/IntJPhysiotherRes\/ijpr-2018-192","title":{"rendered":"IJPR.2018.192"},"content":{"rendered":"<p style=\"text-align: justify;\"><div class=\"su-row\"><div class=\"su-column su-column-size-1-2\"><div class=\"su-column-inner su-u-clearfix su-u-trim\"><div class=\"su-button-center\"><a href=\"https:\/\/www.ijmhr.org\/ijpr.6.6\/IJPR.2018.192.pdf\" class=\"su-button su-button-style-default\" style=\"color:#FFFFFF;background-color:#3498db;border-color:#2a7ab0;border-radius:5px\" target=\"_self\"><span style=\"color:#FFFFFF;padding:6px 16px;font-size:13px;line-height:20px;border-color:#71b7e6;border-radius:5px;text-shadow:none\"><i class=\"sui sui-cloud-download\" style=\"font-size:13px;color:#FFFFFF\"><\/i> DOWNLOAD PDF<\/span><\/a><\/div><\/div><\/div> <div class=\"su-column su-column-size-1-2\"><div class=\"su-column-inner su-u-clearfix su-u-trim\"><div class=\"su-button-center\"><a href=\"https:\/\/www.ijmhr.org\/ijpr_vol6_6.html\" class=\"su-button su-button-style-default\" style=\"color:#FFFFFF;background-color:#3498db;border-color:#2a7ab0;border-radius:5px\" target=\"_self\"><span style=\"color:#FFFFFF;padding:6px 16px;font-size:13px;line-height:20px;border-color:#71b7e6;border-radius:5px;text-shadow:none\"><i class=\"sui sui-book\" style=\"font-size:13px;color:#FFFFFF\"><\/i> Table of Contents<\/span><\/a><\/div><\/div><\/div><\/div>\n<h3 style=\"text-align: justify;\"><strong>Type of Article:<\/strong>\u00a0\u00a0Original Research<\/h3>\n<h3 style=\"text-align: justify;\"><strong>Volume 6; Issue 6 (December 2018)<\/strong><\/h3>\n<h3 style=\"text-align: justify;\"><strong>Page No.:<\/strong>\u00a02948-2951<\/h3>\n<h3 style=\"text-align: justify;\"><strong>DOI:\u00a0<\/strong>https:\/\/dx.doi.org\/10.16965\/ijpr.2018.192<\/h3>\n<h3 style=\"text-align: justify;\">PHYSIOTHERAPY TREATMENT IN LOW BACK PAIN PATIENTS WITH SACROILIAC JOINT DYSFUNCTION \u2013 A COMPARATIVE STUDY BETWEEN JOINT MANIPULATION WITH EXERCISES AND CONVENTIONAL PHYSIOTHERAPY EXERCISES<\/h3>\n<p style=\"text-align: justify;\"><strong>Digvijay Sharma *<sup>1<\/sup>, Mukesh Goyal <sup>2<\/sup>.<\/strong><\/p>\n<p><sup>*1<\/sup> Research Scholar, Tantia University, Sri Ganganagar, Rajasthan, India.<\/p>\n<p><sup>2<\/sup> Principal, Physiotherapy College, Tantia University, Sri Ganganagar, Rajasthan, India.<\/p>\n<p style=\"text-align: justify;\"><strong>Address for Correspondence: <\/strong>Dr. Digvijay Sharma, Research Scholar, Tantia University, SriGanganagar, Rajasthan, India. Mob.- 08318030155 <strong>E-Mail: <\/strong>diggu@rediffmail.com<\/p>\n<p style=\"text-align: justify;\"><strong>ABSTRACT<\/strong><\/p>\n<p style=\"text-align: justify;\">Low back pain with Sacroiliac joint dysfunction is one of the major causes of low back pain. \u00a0The present study conducted in order to find out the efficacy of Sacroiliac (SI) joint manipulation with exercises and conventional physiotherapy exercises on improvement in the low back pain patients with sacroiliac joint dysfunction. Total 120 patients with low back pain with Sacroiliac joint dysfunction from the Physiotherapy O.P.D., UIHS, CSJM University, Kanpur were divided into two groups and evaluated to find out the efficacy of the treatment. The study concluded from the results that the overall improvement in low back pain is better in Group A i.e. where the selected 60 patients were given Sacro-iliac joint manipulation with exercises than the Group B where the selected 60 patients were given conventional physiotherapy exercises.<\/p>\n<p style=\"text-align: justify;\"><strong>KEY WORDS: <\/strong>Physiotherapy, Low Back pain &amp; Sacroiliac joint.<\/p>\n<p style=\"text-align: justify;\"><strong>REFERENCES<\/strong><\/p>\n<ol style=\"text-align: justify;\">\n<li>W\u00e1ng, Y. X. J., W\u00e1ng, J. Q., &amp; K\u00e1pl\u00e1r, Z. \u00a0Increased low back pain prevalence in females than in males after menopause age: evidences based on synthetic literature review.\u00a0Quantitative imaging in medicine and surgery,\u00a02016;6(2):199.<\/li>\n<li>Hirsch, C., Ingelmark, B. E., &amp; Miller, M. The anatomical basis for low back pain: studies on the presence of sensory nerve endings in ligamentous, capsular and intervertebral disc structures in the human lumbar spine.\u00a0Acta Orthopaedica Scandinavica,\u00a01963;33(1-4):1-17.<\/li>\n<li>Laslett, M. Evidence-based diagnosis and treatment of the painful sacroiliac joint.\u00a0Journal of Manual &amp; Manipulative Therapy,\u00a02008;16(3):142-152.<\/li>\n<li>Moffett, J. K., &amp; Mannion, A. F. What is the value of physical therapies for back pain?.\u00a0Best Practice &amp; Research Clinical Rheumatology, 2005;19(4):623-638.<\/li>\n<li>Bialosky, J. E., Bishop, M. D., Price, D. D., Robinson, M. E., &amp; George, S. Z. The mechanisms of manual therapy in the treatment of musculoskeletal pain: a comprehensive model.\u00a0Manual therapy,\u00a02009;14(5):531-538.<\/li>\n<li>Van Tulder, M., Malmivaara, A., Esmail, R., &amp; Koes, B. (2000). Exercise therapy for low back pain: a systematic review within the framework of the cochrane collaboration back review group.\u00a0Spine 2000;25(21):2784-2796.<\/li>\n<\/ol>\n<p style=\"text-align: justify;\">\n\t\t\t <div class=\"promo1\" style=\"background-color:#f7f7f7; border-color: #3498db #e8e6e6 #e8e6e6;\">\n             \t <span style=\"color: #3498db;\"><strong>Cite this article:<\/strong><\/span> Digvijay Sharma, Mukesh Goyal. PHYSIOTHERAPY TREATMENT IN LOW BACK PAIN PATIENTS WITH SACROILIAC JOINT DYSFUNCTION \u2013 A COMPARATIVE STUDY BETWEEN JOINT MANIPULATION WITH EXERCISES AND CONVENTIONAL PHYSIOTHERAPY EXERCISES. Int J Physiother\u00a0Res 2018;6(6):2948-2951. DOI: 10.16965\/ijpr.2018.192\n             <\/div>\t\n\t\t\n","protected":false},"excerpt":{"rendered":"<p>Type of Article:\u00a0\u00a0Original Research Volume 6; Issue 6 (December 2018) Page No.:\u00a02948-2951 DOI:\u00a0https:\/\/dx.doi.org\/10.16965\/ijpr.2018.192 PHYSIOTHERAPY TREATMENT IN LOW BACK PAIN PATIENTS WITH SACROILIAC JOINT DYSFUNCTION \u2013 A COMPARATIVE STUDY BETWEEN JOINT MANIPULATION WITH EXERCISES AND CONVENTIONAL PHYSIOTHERAPY EXERCISES Digvijay Sharma *1, Mukesh Goyal 2. *1 Research Scholar, Tantia University, Sri Ganganagar, Rajasthan, India. 2 Principal, Physiotherapy<br \/><a class=\"moretag\" href=\"https:\/\/www.ijmhr.org\/IntJPhysiotherRes\/ijpr-2018-192\">+ Read More<\/a><\/p>\n","protected":false},"author":1,"featured_media":0,"parent":0,"menu_order":0,"comment_status":"closed","ping_status":"open","template":"","meta":{"footnotes":""},"class_list":["post-627","page","type-page","status-publish","hentry"],"_links":{"self":[{"href":"https:\/\/www.ijmhr.org\/IntJPhysiotherRes\/wp-json\/wp\/v2\/pages\/627"}],"collection":[{"href":"https:\/\/www.ijmhr.org\/IntJPhysiotherRes\/wp-json\/wp\/v2\/pages"}],"about":[{"href":"https:\/\/www.ijmhr.org\/IntJPhysiotherRes\/wp-json\/wp\/v2\/types\/page"}],"author":[{"embeddable":true,"href":"https:\/\/www.ijmhr.org\/IntJPhysiotherRes\/wp-json\/wp\/v2\/users\/1"}],"replies":[{"embeddable":true,"href":"https:\/\/www.ijmhr.org\/IntJPhysiotherRes\/wp-json\/wp\/v2\/comments?post=627"}],"version-history":[{"count":1,"href":"https:\/\/www.ijmhr.org\/IntJPhysiotherRes\/wp-json\/wp\/v2\/pages\/627\/revisions"}],"predecessor-version":[{"id":635,"href":"https:\/\/www.ijmhr.org\/IntJPhysiotherRes\/wp-json\/wp\/v2\/pages\/627\/revisions\/635"}],"wp:attachment":[{"href":"https:\/\/www.ijmhr.org\/IntJPhysiotherRes\/wp-json\/wp\/v2\/media?parent=627"}],"curies":[{"name":"wp","href":"https:\/\/api.w.org\/{rel}","templated":true}]}}