{"id":536,"date":"2018-06-17T04:50:19","date_gmt":"2018-06-17T04:50:19","guid":{"rendered":"http:\/\/www.ijmhr.org\/IntJPhysiotherRes\/?page_id=536"},"modified":"2018-06-17T04:50:31","modified_gmt":"2018-06-17T04:50:31","slug":"ijpr-2018-135","status":"publish","type":"page","link":"https:\/\/www.ijmhr.org\/IntJPhysiotherRes\/ijpr-2018-135","title":{"rendered":"IJPR.2018.135"},"content":{"rendered":"<p style=\"text-align: justify;\"><div class=\"su-row\"><div class=\"su-column su-column-size-1-2\"><div class=\"su-column-inner su-u-clearfix su-u-trim\"><div class=\"su-button-center\"><a href=\"https:\/\/www.ijmhr.org\/ijpr.6.3\/IJPR.2018.135.pdf\" class=\"su-button su-button-style-default\" style=\"color:#FFFFFF;background-color:#3498db;border-color:#2a7ab0;border-radius:5px\" target=\"_self\"><span style=\"color:#FFFFFF;padding:6px 16px;font-size:13px;line-height:20px;border-color:#71b7e6;border-radius:5px;text-shadow:none\"><i class=\"sui sui-cloud-download\" style=\"font-size:13px;color:#FFFFFF\"><\/i> DOWNLOAD PDF<\/span><\/a><\/div><\/div><\/div> <div class=\"su-column su-column-size-1-2\"><div class=\"su-column-inner su-u-clearfix su-u-trim\"><div class=\"su-button-center\"><a href=\"https:\/\/www.ijmhr.org\/ijpr_vol6_3.html\" class=\"su-button su-button-style-default\" style=\"color:#FFFFFF;background-color:#3498db;border-color:#2a7ab0;border-radius:5px\" target=\"_self\"><span style=\"color:#FFFFFF;padding:6px 16px;font-size:13px;line-height:20px;border-color:#71b7e6;border-radius:5px;text-shadow:none\"><i class=\"sui sui-book\" style=\"font-size:13px;color:#FFFFFF\"><\/i> Table of Contents<\/span><\/a><\/div><\/div><\/div><\/div>\n<h3 style=\"text-align: justify;\"><strong>Type of Article:<\/strong>\u00a0\u00a0Original Research<\/h3>\n<h3 style=\"text-align: justify;\"><strong>Volume 6; Issue 3 (June 2018)<\/strong><\/h3>\n<h3 style=\"text-align: justify;\"><strong>Page No.:<\/strong>\u00a02754-2758<\/h3>\n<h3 style=\"text-align: justify;\"><strong>DOI:\u00a0<\/strong>https:\/\/dx.doi.org\/10.16965\/ijpr.2018.135<\/h3>\n<h3 style=\"text-align: justify;\">PREVALENCE OF FLAT FOOT AND HIGH ARCHED FOOT IN NORMAL WORKING INDIVIDUALS USING FOOTPRINT METHOD<\/h3>\n<p style=\"text-align: justify;\"><strong>Parvez Inamdar, Darshita Fatnani *, Fatima Rajiwate, Bushra Shaikh, Bhakti Deshpande, Shehnila Shaikh, Bharat Ranka, Shagufa Dhansay.<\/strong><\/p>\n<p style=\"text-align: justify;\">Inamdar Multispecialty Hospital, Sr No 15, behind KPCT Mall, Fatima nagar, Pune- 411040, Maharashtra, India.<\/p>\n<p style=\"text-align: justify;\"><strong>Address for Correspondence:<\/strong> Dr Darshita Fatnani (Mpt Peads), Inamdar Multispecialty hospital, Sr No 15, behind KPCT Mall, Fatima nagar, Pune- 411040, Maharashtra, India. <strong>E-Mail:<\/strong> darshitafatnani@gmail.com<\/p>\n<p style=\"text-align: justify;\"><strong>ABSTRACT<\/strong><\/p>\n<p style=\"text-align: justify;\"><strong>Background<\/strong>: Flat foot and High arched foot are common conditions encountered in our daily clinical practice. These foot conditions can lead to other complications.<\/p>\n<p style=\"text-align: justify;\"><strong>Objective: <\/strong>To find out the prevalence of flat foot and high arched foot in normal healthy working individuals.<\/p>\n<p style=\"text-align: justify;\"><strong>Methods: <\/strong>60 subjects were selected for the study. All patients\u2019 feet were assessed by footprint method and were categorized into flat feet and high arched feet based on their imprints.<\/p>\n<p style=\"text-align: justify;\"><strong>Results: <\/strong>Prevalence in a population of 20 to 60 years old normal working individuals was 34.2% for flat foot, 50.8% for high arched foot and 15% of normal foot for all subjects.<\/p>\n<p style=\"text-align: justify;\"><strong>Conclusion: <\/strong>The results conclude that high arched foot is more prevalent in normal healthy working individuals.<\/p>\n<p style=\"text-align: justify;\"><strong>KEY WORDS: <\/strong>Foot Deformities, Prevalence, Working Individuals, Stress Fractures.<\/p>\n<p style=\"text-align: justify;\"><strong>REFERENCES<\/strong><\/p>\n<ol>\n<li style=\"text-align: justify;\">Dane J. A Study of Flat-Foot, with Special Attention to the Development of the Arch of the Foot. The Boston Medical and Surgical Journal. 1892 Oct 27;127(17):401-5.<\/li>\n<li style=\"text-align: justify;\">Vittore D, Patella V, Petrera M, Caizzi G, Ranieri M, Putignano P, et al. Extensor deficiency:first cause of childhood flexible flat foot. Orthopedics. 2009 Jan. 32 (1):28.<\/li>\n<li style=\"text-align: justify;\">Arai K, Ringleb SI, Zhao KD, et al. The effect of flatfoot deformity and tendon loading on the work of friction measured in the posterior tibial tendon. Clin Biomech (Bristol, Avon). 2007 Jun. 22(5):592-8.<\/li>\n<li style=\"text-align: justify;\">Levangie PK, Norkin CC. Joint structure and function: a comprehensive analysis. FA Davis; 2011 Mar 9.<\/li>\n<li style=\"text-align: justify;\">Pinney SJ, Lin SS. Current concept review: acquired adult flatfoot deformity. Foot &amp; ankle international. 2006 Jan;27(1):66-75.<\/li>\n<li style=\"text-align: justify;\">\u00c7illi F, Pehlivan \u00d6, Keklik\u00e7i K, Mahirogullari M, Kuskucu M. Prevalence of flatfoot in Turkish male adolescents. Eklem Hastalik Cerrahisi. 2009 Jan 1;20(2):90-2.<\/li>\n<li style=\"text-align: justify;\">Tariq Ashraf, Dr. Muhammad Asif, Dr. Shazia Abdul Hamid Khalfe, Dr. Hafiza Ambreen Mehmood,Dr. Muhammad Hassan Farrag, Dr. Muhammad Faisal Qureshi, et al. Prevalence of Flat Foot and High Arch Foot among undergraduate Physical Therapy students by using Navicular Drop Test. International Journal of Advancements in Research &amp; Technology, 2017 October.\u00a0 6(10):21-28<\/li>\n<li style=\"text-align: justify;\">Burns J, Crosbie J, Hunt A, Ouvrier R. The effect of pes cavus on foot pain and plantar pressure. Clinical Biomechanics. 2005 Nov 1;20(9):877-82.<\/li>\n<li style=\"text-align: justify;\">Mosca VS. Flexible flatfoot in children and adolescents. Journal of children&#8217;s orthopaedics. 2010 Apr 1;4(2):107-21.<\/li>\n<li style=\"text-align: justify;\">Powell DW, Long B, Milner CE, Zhang S. Frontal plane multi-segment foot kinematics in high-and low-arched females during dynamic loading tasks. Human movement science. 2011 Feb 1;30(1):105-14.<\/li>\n<li style=\"text-align: justify;\">Kaufman KR, Brodine SK, Shaffer RA, Johnson CW, Cullison TR. The effect of foot structure and range of motion on musculoskeletal overuse injuries. The American journal of sports medicine. 1999 Sep;27(5):585-93.<\/li>\n<li style=\"text-align: justify;\">Incel NA, Cimen \u00d6B, Erdogan C. Low back pain: Effect of coexisting foot deformity on disability. Journal of Back and Musculoskeletal Rehabilitation. 2004 Jan 1;17(2):63-7.<\/li>\n<li style=\"text-align: justify;\">Ohi H, Iijima H, Aoyama T, Kaneda E, Ohi K, Abe K. Association of frontal plane knee alignment with foot posture in patients with medial knee osteoarthritis. BMC musculoskeletal disorders. 2017 Dec;18(1):246.<\/li>\n<li style=\"text-align: justify;\">Franco AH. Pes cavus and pes planus: analyses and treatment. Physical Therapy. 1987 May 1;67(5):688-94.<\/li>\n<li style=\"text-align: justify;\">Forriol F, Pascual J. Footprint analysis between three and seventeen years of age. Foot &amp; ankle. 1990 Oct;11(2):101-4.<\/li>\n<li style=\"text-align: justify;\">Pallant J, Manual SS. A step by step guide to data analysis using SPSS. Berkshire UK: McGraw-Hill Education. 2010.<\/li>\n<li style=\"text-align: justify;\">Wo\u017aniacka R, Bac A, Matusik S, Szczygie\u0142 E, Ciszek E. Body weight and the medial longitudinal foot arch: high-arched foot, a hidden problem?. European journal of pediatrics. 2013 May 1;172(5):683-91.<\/li>\n<li style=\"text-align: justify;\">Lin CJ, Lai KA, Kuan TS, Chou YL. Correlating factors and clinical significance of flexible flatfoot in preschool children. Journal of pediatric orthopaedics. 2001 May 1;21(3):378-82.<\/li>\n<li style=\"text-align: justify;\">Wenger DR, Leach J. Foot deformities in infants and children. Pediatric Clinics of North America. 1986 Dec;33(6):1411-27.<\/li>\n<\/ol>\n<p style=\"text-align: justify;\">\n\t\t\t <div class=\"promo1\" style=\"background-color:#f7f7f7; border-color: #3498db #e8e6e6 #e8e6e6;\">\n             \t <span style=\"color: #3498db;\"><strong>Cite this article:<\/strong><\/span> Parvez Inamdar, Darshita Fatnani, Fatima Rajiwate, Bushra Shaikh, Bhakti Deshpande, Shehnila Shaikh, Bharat Ranka, Shagufa Dhansay. PREVALENCE OF FLAT FOOT AND HIGH ARCHED FOOT IN NORMAL WORKING INDIVIDUALS USING FOOTPRINT METHOD. Int J Physiother\u00a0Res 2018;6(3):2754-2758. DOI: 10.16965\/ijpr.2018.135 \n             <\/div>\t\n\t\t\n","protected":false},"excerpt":{"rendered":"<p>Type of Article:\u00a0\u00a0Original Research Volume 6; Issue 3 (June 2018) Page No.:\u00a02754-2758 DOI:\u00a0https:\/\/dx.doi.org\/10.16965\/ijpr.2018.135 PREVALENCE OF FLAT FOOT AND HIGH ARCHED FOOT IN NORMAL WORKING INDIVIDUALS USING FOOTPRINT METHOD Parvez Inamdar, Darshita Fatnani *, Fatima Rajiwate, Bushra Shaikh, Bhakti Deshpande, Shehnila Shaikh, Bharat Ranka, Shagufa Dhansay. Inamdar Multispecialty Hospital, Sr No 15, behind KPCT Mall, Fatima<br \/><a class=\"moretag\" href=\"https:\/\/www.ijmhr.org\/IntJPhysiotherRes\/ijpr-2018-135\">+ Read More<\/a><\/p>\n","protected":false},"author":1,"featured_media":0,"parent":0,"menu_order":0,"comment_status":"closed","ping_status":"open","template":"","meta":{"footnotes":""},"class_list":["post-536","page","type-page","status-publish","hentry"],"_links":{"self":[{"href":"https:\/\/www.ijmhr.org\/IntJPhysiotherRes\/wp-json\/wp\/v2\/pages\/536"}],"collection":[{"href":"https:\/\/www.ijmhr.org\/IntJPhysiotherRes\/wp-json\/wp\/v2\/pages"}],"about":[{"href":"https:\/\/www.ijmhr.org\/IntJPhysiotherRes\/wp-json\/wp\/v2\/types\/page"}],"author":[{"embeddable":true,"href":"https:\/\/www.ijmhr.org\/IntJPhysiotherRes\/wp-json\/wp\/v2\/users\/1"}],"replies":[{"embeddable":true,"href":"https:\/\/www.ijmhr.org\/IntJPhysiotherRes\/wp-json\/wp\/v2\/comments?post=536"}],"version-history":[{"count":1,"href":"https:\/\/www.ijmhr.org\/IntJPhysiotherRes\/wp-json\/wp\/v2\/pages\/536\/revisions"}],"predecessor-version":[{"id":572,"href":"https:\/\/www.ijmhr.org\/IntJPhysiotherRes\/wp-json\/wp\/v2\/pages\/536\/revisions\/572"}],"wp:attachment":[{"href":"https:\/\/www.ijmhr.org\/IntJPhysiotherRes\/wp-json\/wp\/v2\/media?parent=536"}],"curies":[{"name":"wp","href":"https:\/\/api.w.org\/{rel}","templated":true}]}}