{"id":524,"date":"2018-04-11T16:49:18","date_gmt":"2018-04-11T16:49:18","guid":{"rendered":"http:\/\/www.ijmhr.org\/IntJPhysiotherRes\/?page_id=524"},"modified":"2018-04-11T16:49:35","modified_gmt":"2018-04-11T16:49:35","slug":"ijpr-2018-107","status":"publish","type":"page","link":"https:\/\/www.ijmhr.org\/IntJPhysiotherRes\/ijpr-2018-107","title":{"rendered":"IJPR.2018.107"},"content":{"rendered":"<p style=\"text-align: justify;\"><div class=\"su-row\"><div class=\"su-column su-column-size-1-2\"><div class=\"su-column-inner su-u-clearfix su-u-trim\"><div class=\"su-button-center\"><a href=\"https:\/\/www.ijmhr.org\/ijpr.6.2\/IJPR.2018.107.pdf\" class=\"su-button su-button-style-default\" style=\"color:#FFFFFF;background-color:#3498db;border-color:#2a7ab0;border-radius:5px\" target=\"_self\"><span style=\"color:#FFFFFF;padding:6px 16px;font-size:13px;line-height:20px;border-color:#71b7e6;border-radius:5px;text-shadow:none\"><i class=\"sui sui-cloud-download\" style=\"font-size:13px;color:#FFFFFF\"><\/i> DOWNLOAD PDF<\/span><\/a><\/div><\/div><\/div> <div class=\"su-column su-column-size-1-2\"><div class=\"su-column-inner su-u-clearfix su-u-trim\"><div class=\"su-button-center\"><a href=\"https:\/\/www.ijmhr.org\/ijpr_vol6_2.html\" class=\"su-button su-button-style-default\" style=\"color:#FFFFFF;background-color:#3498db;border-color:#2a7ab0;border-radius:5px\" target=\"_self\"><span style=\"color:#FFFFFF;padding:6px 16px;font-size:13px;line-height:20px;border-color:#71b7e6;border-radius:5px;text-shadow:none\"><i class=\"sui sui-book\" style=\"font-size:13px;color:#FFFFFF\"><\/i> Table of Contents<\/span><\/a><\/div><\/div><\/div><\/div>\n<h3 style=\"text-align: justify;\"><strong>Type of Article:<\/strong>\u00a0\u00a0Original Research<\/h3>\n<h3 style=\"text-align: justify;\"><strong>Volume 6; Issue 2 (April 2018)<\/strong><\/h3>\n<h3 style=\"text-align: justify;\"><strong>Page No.:<\/strong>\u00a02660-2663<\/h3>\n<h3 style=\"text-align: justify;\"><strong>DOI:\u00a0<\/strong>https:\/\/dx.doi.org\/10.16965\/ijpr.2018.107<\/h3>\n<h3 style=\"text-align: justify;\">INCIDENCE OF MUSCULOSKELETAL DISORDERS IN TRAIN COMMUTERS<\/h3>\n<p><strong>Vrushali Rajesh Patil <sup>1<\/sup>, Satish Pimpale *<sup>2<\/sup>, Ajay kumar <sup>3<\/sup>.<\/strong><\/p>\n<p><sup>1<\/sup> UG Intern, DPO\u2019s NETT college of physiotherapy, Thane, India.<\/p>\n<p><sup>*2<\/sup> Assistant Professor, DPO\u2019s NETT college of physiotherapy, Thane, India.<\/p>\n<p><sup>3<\/sup> Principal, DPO\u2019s NETT College of physiotherapy, Thane, India.<\/p>\n<p style=\"text-align: justify;\"><strong>Address for Correspondence: <\/strong>Dr. Satish Pimpale (P.T.), Assistant Professor, DPO\u2019s NETT college of physiotherapy, Thane, India.<\/p>\n<p style=\"text-align: justify;\"><strong>E-Mail:<\/strong> dr.satishpimpale@gmail.com<\/p>\n<p style=\"text-align: justify;\"><strong>ABSTRACT<\/strong><\/p>\n<p style=\"text-align: justify;\"><strong>Background:\u00a0 <\/strong>A Musculoskeletal disorders (MSD\u2019s)\u00a0\u00a0 arises not directly from an acute or instantaneous event but arising gradually and chronically. Indian railway is the world\u2019s largest railway system; in Mumbai the daily ridership is about 7.585 million. As Mumbai is India\u2019s commercial and financial centre therefore, the network is severely crowded during peak hours. Hence, it is the busiest railway system and has some of the worst severe crowding in the world. Repetitive movements and awkward posture are the levels of primary risk factors that have been associated with the MSD\u2019s.<\/p>\n<p style=\"text-align: justify;\"><strong>Aim: <\/strong>To find the incidence of musculoskeletal disorders in train commuters.<\/p>\n<p style=\"text-align: justify;\"><strong>Objective:<\/strong> \u00a0To find out which common joints are involved using Standard Nordic Questionnaire.<\/p>\n<p style=\"text-align: justify;\"><strong>Materials and Methodology: <\/strong>\u00a0An observational study was conducted for the duration of 1 year in metropolitan city with the sample size of 500 healthy adult male and female with age group of 20-40 years who are train commuters travelling during peak hours daily and are included according to the selection criteria. Sampling is convenient. The data was analysed and collected accordingly.<\/p>\n<p style=\"text-align: justify;\"><strong>Results: <\/strong>The above data was analysed and it showed Ankles\/Feet (17%) was most commonly affected followed by Knees (16%) and least was the Elbows (7%).<\/p>\n<p style=\"text-align: justify;\"><strong>Conclusion: <\/strong>This study concluded that the high incidence were seen in the Ankles\/Feet followed by Knees and least in Elbows of the train commuters.<\/p>\n<p style=\"text-align: justify;\"><strong>KEY WORDS: <\/strong>Musculoskeletal Disorders, Posture.<\/p>\n<p style=\"text-align: justify;\"><strong>REFERENCES<\/strong><\/p>\n<ol>\n<li style=\"text-align: justify;\">Occupational health, WHO, Health related musculoskeletal disorders. Available form http:\/\/www.who.int\/occupational_health\/publications\/newsletter\/newsletter_16_regions\/en\/index3.html<\/li>\n<li style=\"text-align: justify;\">Indian railway facts and figures \u2013 March 2013.<\/li>\n<li style=\"text-align: justify;\">Mumbai urban transport project, September 2013<\/li>\n<li style=\"text-align: justify;\"><em>Silverstein BA, Fine LJ, Armstrong TJ: Occupational factors and carpal tunnel syndrome. Am J Ind Med. 1987, 11: 343-358. 10.1002\/ajim.4700110310.<\/em><\/li>\n<li style=\"text-align: justify;\">Travel infrastructure in Mumbai, TRIZ journal 2016.available from https:\/\/triz-journal.com\/improving-travel-infrastructure-in-mumbai\/<\/li>\n<li style=\"text-align: justify;\">Jain R, Meena ML, Dangayach GS, Bhardwaj AK. Association of risk factors with musculoskeletal disorders in manual-working farmers. Archives of environmental &amp; occupational health. 2018 Jan 2;73(1):19-28.<\/li>\n<li style=\"text-align: justify;\">Ng A, Hayes MJ, Polster A. Musculoskeletal disorders and working posture among dental and oral health students. InHealthcare 2016 Jan 23 (Vol. 4, No. 1, p. 13). Multidisciplinary Digital Publishing Institute.<\/li>\n<li style=\"text-align: justify;\">Ghosh T, Das B, Gangopadhyay S. Work-related musculoskeletal disorder: an occupational disorder of the goldsmiths in India. Indian journal of community medicine: official publication of Indian Association of Preventive &amp; Social Medicine. 2010 Apr;35(2):321.<\/li>\n<li style=\"text-align: justify;\">Nordin NA, Leonard JH, Thye NC. Work-related injuries among physiotherapists in public hospitals: a Southeast Asian picture. Clinics. 2011;66(3):373-8.<\/li>\n<li style=\"text-align: justify;\">Moom RK, Sing LP, Moom N. Prevalence of musculoskeletal disorder among computer bank office employees in Punjab (India): a case study. Procedia Manufacturing. 2015 Jan 1;3:6624-31.<\/li>\n<li style=\"text-align: justify;\">Janwantanakul P, Pensri P, Jiamjarasrangsri V, Sinsongsook T. Prevalence of self-reported musculoskeletal symptoms among office workers. Occupational medicine. 2008 Jun 10;58(6):436-8.<\/li>\n<li style=\"text-align: justify;\">Glover W, McGregor A, Sullivan C, Hague J. Work-related musculoskeletal disorders affecting members of the Chartered Society of Physiotherapy. Physiotherapy. 2005 Sep 1;91(3):138-47.<\/li>\n<li style=\"text-align: justify;\">Ba\u015fkurt F, Ba\u015fkurt Z, Gelecek N. Prevalence of self-reported musculoskeletal symptoms in teachers. SD\u00dc Sa\u011fl\u0131k Bilimleri Enstit\u00fcs\u00fc Dergisi Cilt. 2011;2(2):58-64.<\/li>\n<li style=\"text-align: justify;\">Porter JM, Gyi DE. The prevalence of musculoskeletal troubles among car drivers. Occupational medicine. 2002 Feb 1;52(1):4-12.<\/li>\n<li style=\"text-align: justify;\">Alipour A, Ghaffari M, Shariati B, Jensen I, Vingard E. Occupational neck and shoulder pain among automobile manufacturing workers in Iran. American journal of industrial medicine. 2008 May 1;51(5):372-9.<\/li>\n<\/ol>\n<p style=\"text-align: justify;\">\n\t\t\t <div class=\"promo1\" style=\"background-color:#f7f7f7; border-color: #3498db #e8e6e6 #e8e6e6;\">\n             \t <span style=\"color: #3498db;\"><strong>Cite this article:<\/strong><\/span> Vrushali Rajesh Patil, Satish Pimpale, Ajay kumar. INCIDENCE OF MUSCULOSKELETAL DISORDERS IN TRAIN COMMUTERS. Int J Physiother\u00a0Res 2018;6(2):2660-2663. DOI: 10.16965\/ijpr.2018.107 \n             <\/div>\t\n\t\t\n","protected":false},"excerpt":{"rendered":"<p>Type of Article:\u00a0\u00a0Original Research Volume 6; Issue 2 (April 2018) Page No.:\u00a02660-2663 DOI:\u00a0https:\/\/dx.doi.org\/10.16965\/ijpr.2018.107 INCIDENCE OF MUSCULOSKELETAL DISORDERS IN TRAIN COMMUTERS Vrushali Rajesh Patil 1, Satish Pimpale *2, Ajay kumar 3. 1 UG Intern, DPO\u2019s NETT college of physiotherapy, Thane, India. *2 Assistant Professor, DPO\u2019s NETT college of physiotherapy, Thane, India. 3 Principal, DPO\u2019s NETT College<br \/><a class=\"moretag\" href=\"https:\/\/www.ijmhr.org\/IntJPhysiotherRes\/ijpr-2018-107\">+ Read More<\/a><\/p>\n","protected":false},"author":1,"featured_media":0,"parent":0,"menu_order":0,"comment_status":"closed","ping_status":"open","template":"","meta":{"footnotes":""},"class_list":["post-524","page","type-page","status-publish","hentry"],"_links":{"self":[{"href":"https:\/\/www.ijmhr.org\/IntJPhysiotherRes\/wp-json\/wp\/v2\/pages\/524"}],"collection":[{"href":"https:\/\/www.ijmhr.org\/IntJPhysiotherRes\/wp-json\/wp\/v2\/pages"}],"about":[{"href":"https:\/\/www.ijmhr.org\/IntJPhysiotherRes\/wp-json\/wp\/v2\/types\/page"}],"author":[{"embeddable":true,"href":"https:\/\/www.ijmhr.org\/IntJPhysiotherRes\/wp-json\/wp\/v2\/users\/1"}],"replies":[{"embeddable":true,"href":"https:\/\/www.ijmhr.org\/IntJPhysiotherRes\/wp-json\/wp\/v2\/comments?post=524"}],"version-history":[{"count":1,"href":"https:\/\/www.ijmhr.org\/IntJPhysiotherRes\/wp-json\/wp\/v2\/pages\/524\/revisions"}],"predecessor-version":[{"id":529,"href":"https:\/\/www.ijmhr.org\/IntJPhysiotherRes\/wp-json\/wp\/v2\/pages\/524\/revisions\/529"}],"wp:attachment":[{"href":"https:\/\/www.ijmhr.org\/IntJPhysiotherRes\/wp-json\/wp\/v2\/media?parent=524"}],"curies":[{"name":"wp","href":"https:\/\/api.w.org\/{rel}","templated":true}]}}