{"id":447,"date":"2017-12-10T17:16:38","date_gmt":"2017-12-10T17:16:38","guid":{"rendered":"http:\/\/www.ijmhr.org\/IntJPhysiotherRes\/?page_id=447"},"modified":"2017-12-10T17:16:54","modified_gmt":"2017-12-10T17:16:54","slug":"ijpr-2017-249","status":"publish","type":"page","link":"https:\/\/www.ijmhr.org\/IntJPhysiotherRes\/ijpr-2017-249","title":{"rendered":"IJPR.2017.249"},"content":{"rendered":"<p style=\"text-align: justify;\"><div class=\"su-row\"><div class=\"su-column su-column-size-1-2\"><div class=\"su-column-inner su-u-clearfix su-u-trim\"><div class=\"su-button-center\"><a href=\"https:\/\/www.ijmhr.org\/ijpr.5.6\/IJPR.2017.249.pdf\" class=\"su-button su-button-style-default\" style=\"color:#FFFFFF;background-color:#3498db;border-color:#2a7ab0;border-radius:5px\" target=\"_self\"><span style=\"color:#FFFFFF;padding:6px 16px;font-size:13px;line-height:20px;border-color:#71b7e6;border-radius:5px;text-shadow:none\"><i class=\"sui sui-cloud-download\" style=\"font-size:13px;color:#FFFFFF\"><\/i> DOWNLOAD PDF<\/span><\/a><\/div><\/div><\/div> <div class=\"su-column su-column-size-1-2\"><div class=\"su-column-inner su-u-clearfix su-u-trim\"><div class=\"su-button-center\"><a href=\"https:\/\/www.ijmhr.org\/ijpr_vol5_6.html\" class=\"su-button su-button-style-default\" style=\"color:#FFFFFF;background-color:#3498db;border-color:#2a7ab0;border-radius:5px\" target=\"_self\"><span style=\"color:#FFFFFF;padding:6px 16px;font-size:13px;line-height:20px;border-color:#71b7e6;border-radius:5px;text-shadow:none\"><i class=\"sui sui-book\" style=\"font-size:13px;color:#FFFFFF\"><\/i> Table of Contents<\/span><\/a><\/div><\/div><\/div><\/div>\n<h3 style=\"text-align: justify;\"><strong>Type of Article:<\/strong>\u00a0\u00a0Original Research<\/h3>\n<h3 style=\"text-align: justify;\"><strong>Volume 5; Issue 6\u00a0(December 2017)<\/strong><\/h3>\n<h3 style=\"text-align: justify;\"><strong>Page No.:<\/strong>\u00a02560-2565<\/h3>\n<h3 style=\"text-align: justify;\"><strong>DOI:\u00a0<\/strong>https:\/\/dx.doi.org\/10.16965\/ijpr.2017.249<\/h3>\n<h3 style=\"text-align: justify;\">EFFECT OF PEDAL TRAINING ON GAIT SPEED IN CHILDREN WITH HEMIPARETIC CEREBRAL PALSY<\/h3>\n<p style=\"text-align: justify;\"><strong>Nahla M. Ibrahim, Mai E. Abbass *.<\/strong><\/p>\n<p>Faculty of physical therapy, Cairo University, Giza, Egypt.<\/p>\n<p style=\"text-align: justify;\"><strong>Address for Correspondence:<\/strong> Dr. Mai Elsayed Abbass, Faculty of physical therapy, Cairo University, Giza, Egypt. <strong>E-Mail:<\/strong> mai.tamer.elmasry@gmail.com<\/p>\n<p style=\"text-align: justify;\"><strong>Abstract<\/strong><\/p>\n<p style=\"text-align: justify;\"><strong>Background:<\/strong> Cerebral palsy is associated with impairment in functional performance, balance and gait<\/p>\n<p style=\"text-align: justify;\"><strong>Objective:<\/strong> Slow walking speed represents the major functional problems in children with cerebral palsy; our aim was to improve the average speed of gait by increasing the number of repetitive cycles by pedaling.<\/p>\n<p style=\"text-align: justify;\"><strong>Design:<\/strong> Biodex gait trainer was used to assess average walking speed and step length in twenty hemiparetic cerebral palsy children, who were divided into study and control groups. Both groups had received the prescribed rehabilitation program. Study group had received 20-min pedal exercise in addition to the exercise program.<\/p>\n<p style=\"text-align: justify;\"><strong>Results:<\/strong> In post treatment results, there was significant improvement in speed for both groups in favor to study group and a significant improvement in step length in the study group, with non-significant improvement in step length in the control group.<\/p>\n<p style=\"text-align: justify;\"><strong>Conclusion:<\/strong> Adding pedal exercise to the rehabilitation program for children with hemiparetic cerebral palsy causes improvement in walking average speed.<\/p>\n<p style=\"text-align: justify;\"><strong>Key words: <\/strong>Pedaling, Gait, Speed, Hemiparesis, Cerebral palsy.<\/p>\n<p style=\"text-align: justify;\"><strong>REFERENCES<\/strong><\/p>\n<ol>\n<li style=\"text-align: justify;\">Mancini MC, Fi\u00faza PM, Rebelo JM, Magalh\u00e3es LC, Coelho ZAC, Paix\u00e3o ML, et al. Comparison of functional activity performance in normally developing children and children with cerebral palsy. Arq Neuropsiquiatr. 2002;60(2):446\u201352.<\/li>\n<li style=\"text-align: justify;\">Gage JR. Gait analysis in cerebral palsy. In: Clinics in developmental medicine. Mac Keith Press; 1991.<\/li>\n<li style=\"text-align: justify;\">Seifart A, Unger M, Burger M. The effect of lower limb functional electrical stimulation on gait of children with cerebral palsy. Pediatr Phys Ther [Internet]. 2009;21(1):23\u201330. Available from: http:\/\/www.ncbi.nlm.nih.gov\/pubmed\/19214073<\/li>\n<li style=\"text-align: justify;\">Brown DA, Kautz SA. Pedaling Exercise in Persons With Poststroke Hemiplegia. Stroke. 1998;29(153):598\u2013607.<\/li>\n<li style=\"text-align: justify;\">Hutton JL. Effect of severity of disability on survival in north east England cerebral palsy cohort. Arch Dis Child [Internet]. 2000;83(6):468\u201374. Available from: http:\/\/adc.bmj.com\/content\/83\/6\/468.abstract<\/li>\n<li style=\"text-align: justify;\">Rowe PJ, Durward B, Baer G. Functional human movement: measurement and analysis. Butterworth-Heinemann; 1999.<\/li>\n<li style=\"text-align: justify;\">BenAbdelkader C, Cutler R, Davis L. Stride and cadence as a biometric in automatic person identification and verification. Proc &#8211; 5th IEEE Int Conf Autom Face Gesture Recognition, FGR 2002. 2002;372\u20137.<\/li>\n<li style=\"text-align: justify;\">Gage JR, Deluca PA, Renshaw TS. Gait Analysis: Principles and Applications. Am Acad Orthop Surg. 1995;77(10):1607\u201323.<\/li>\n<li style=\"text-align: justify;\">Gharib NM, El-Maksoud GM a., Rezk-Allah SS. Efficacy of gait trainer as an adjunct to traditional physical therapy on walking performance in hemiparetic cerebral palsied children: a randomized controlled trial. Clin Rehabil. 2011;25(10):924\u201334.<\/li>\n<li style=\"text-align: justify;\">Burnfield JM, Shu Y, Buster T, Taylor A. Perry Issue\u202f: Training and Walking\u202f: Implications for Practice. 2010;90(2):289\u2013305.<\/li>\n<li style=\"text-align: justify;\">Rimmer JH. Physical fitness levels of persons with cerebral palsy. Dev Med Child Neurol. 2001;43(3):208\u201312.<\/li>\n<li style=\"text-align: justify;\">Palisano R, Rosenbaum P, Walter S, Russell D, Wood E, Galuppi B. Development and reliability of a system to classify gross motor function in children with cerebral palsy. Dev Med Child Neurol. 1997;39(2):214\u201323.<\/li>\n<li style=\"text-align: justify;\">Pirpiris M, Wilkinson A, Rodda J, Nguyen T, Baker R, Nattrass G, et al. Walking speed in children and young adults with neuromuscular disease: comparison between two assessment methods. J Pediatr Orthop [Internet]. 2003;23(3):302\u20137. Available from: http:\/\/journals.lww.com\/pedorthopaedics\/Abstract\/2003\/05000\/Walking_Speed_in_Children_and_Young_Adults_With.6.aspx<\/li>\n<li style=\"text-align: justify;\">Blundell SW, Shepherd RB, Dean CM, Adams RD, Cahill BM. Functional strength training in cerebral palsy: a pilot study of a group circuit training class for children aged 4-8 years. Clin Rehabil. 2003;17(1):48\u201357.<\/li>\n<li style=\"text-align: justify;\">Shinohara T, Suzuki N, Oba M, Kawasumi M, Kimizuka M, Mita K. Effect of exercise at the AT point for children with cerebral palsy. Bull Hosp Jt Dis [Internet]. 2003;61(1\u20132):63\u20137. Available from: http:\/\/www.ncbi.nlm.nih.gov\/pubmed\/12828382<\/li>\n<li style=\"text-align: justify;\">Bryanton C, Boss\u00e9 J, Brien M, McLean J, McCormick a, Sveistrup H. Feasibility, motivation, and selective motor control: virtual reality compared to conventional home exercise in children with cerebral palsy. Cyberpsychol Behav. 2006;9(2):123\u20138.<\/li>\n<li style=\"text-align: justify;\">Fowler EG, Knutson LM, Demuth SK, Siebert KL, Simms VD, Sugi MH, et al. Strengthening ( PEDALS ) for Children Stationary Cycling\u202f: A Randomized. Phys Ther. 2010;90(3).<\/li>\n<li style=\"text-align: justify;\">Sharma S. Methodology for Study of the Effect of Cyclic Ergo Meter Exercise on Improving Gait Parameters in Ambulatory Spina Bifida Children. Int J Educ Plan Adm. 2011;1(2):109\u201317.<\/li>\n<li style=\"text-align: justify;\">Williams H, Pountney T. Effects of a static bicycling programme on the functional ability of young people with cerebral palsy who are non-ambulant. Dev Med Child Neurol. 2007;49(7):522\u20137.<\/li>\n<li style=\"text-align: justify;\">Kaplan SL. Cycling patterns in children with and without cerebral palsy. Dev Med Child Neurol. 1995;37(7):620\u201330.<\/li>\n<li style=\"text-align: justify;\">Lin SI, Lo CC, Lin PY, Chen JJJ. Biomechanical assessments of the effect of visual feedback on cycling for patients with stroke. J Electromyogr Kinesiol [Internet]. 2012;22(4):582\u20138. Available from: http:\/\/dx.doi.org\/10.1016\/j.jelekin.2012.03.009<\/li>\n<\/ol>\n<p style=\"text-align: justify;\">\n\t\t\t <div class=\"promo1\" style=\"background-color:#f7f7f7; border-color: #3498db #e8e6e6 #e8e6e6;\">\n             \t <span style=\"color: #3498db;\"><strong>Cite this article:<\/strong><\/span> Nahla M. Ibrahim, Mai E. Abbass. EFFECT OF PEDAL TRAINING ON GAIT SPEED IN CHILDREN WITH HEMIPARETIC CEREBRAL PALSY. Int J Physiother\u00a0Res 2017;5(6):2560-2565. DOI: 10.16965\/ijpr.2017.249 \n             <\/div>\t\n\t\t\n","protected":false},"excerpt":{"rendered":"<p>Type of Article:\u00a0\u00a0Original Research Volume 5; Issue 6\u00a0(December 2017) Page No.:\u00a02560-2565 DOI:\u00a0https:\/\/dx.doi.org\/10.16965\/ijpr.2017.249 EFFECT OF PEDAL TRAINING ON GAIT SPEED IN CHILDREN WITH HEMIPARETIC CEREBRAL PALSY Nahla M. Ibrahim, Mai E. Abbass *. Faculty of physical therapy, Cairo University, Giza, Egypt. Address for Correspondence: Dr. Mai Elsayed Abbass, Faculty of physical therapy, Cairo University, Giza, Egypt.<br \/><a class=\"moretag\" href=\"https:\/\/www.ijmhr.org\/IntJPhysiotherRes\/ijpr-2017-249\">+ Read More<\/a><\/p>\n","protected":false},"author":1,"featured_media":0,"parent":0,"menu_order":0,"comment_status":"closed","ping_status":"open","template":"","meta":{"footnotes":""},"class_list":["post-447","page","type-page","status-publish","hentry"],"_links":{"self":[{"href":"https:\/\/www.ijmhr.org\/IntJPhysiotherRes\/wp-json\/wp\/v2\/pages\/447"}],"collection":[{"href":"https:\/\/www.ijmhr.org\/IntJPhysiotherRes\/wp-json\/wp\/v2\/pages"}],"about":[{"href":"https:\/\/www.ijmhr.org\/IntJPhysiotherRes\/wp-json\/wp\/v2\/types\/page"}],"author":[{"embeddable":true,"href":"https:\/\/www.ijmhr.org\/IntJPhysiotherRes\/wp-json\/wp\/v2\/users\/1"}],"replies":[{"embeddable":true,"href":"https:\/\/www.ijmhr.org\/IntJPhysiotherRes\/wp-json\/wp\/v2\/comments?post=447"}],"version-history":[{"count":1,"href":"https:\/\/www.ijmhr.org\/IntJPhysiotherRes\/wp-json\/wp\/v2\/pages\/447\/revisions"}],"predecessor-version":[{"id":460,"href":"https:\/\/www.ijmhr.org\/IntJPhysiotherRes\/wp-json\/wp\/v2\/pages\/447\/revisions\/460"}],"wp:attachment":[{"href":"https:\/\/www.ijmhr.org\/IntJPhysiotherRes\/wp-json\/wp\/v2\/media?parent=447"}],"curies":[{"name":"wp","href":"https:\/\/api.w.org\/{rel}","templated":true}]}}