{"id":419,"date":"2017-11-10T16:32:06","date_gmt":"2017-11-10T16:32:06","guid":{"rendered":"http:\/\/www.ijmhr.org\/IntJPhysiotherRes\/?page_id=419"},"modified":"2017-11-10T16:32:06","modified_gmt":"2017-11-10T16:32:06","slug":"ijpr-2017-220","status":"publish","type":"page","link":"https:\/\/www.ijmhr.org\/IntJPhysiotherRes\/ijpr-2017-220","title":{"rendered":"IJPR.2017.220"},"content":{"rendered":"<p style=\"text-align: justify;\"><div class=\"su-row\"><div class=\"su-column su-column-size-1-2\"><div class=\"su-column-inner su-u-clearfix su-u-trim\"><div class=\"su-button-center\"><a href=\"https:\/\/www.ijmhr.org\/ijpr.5.6\/IJPR.2017.220.pdf\" class=\"su-button su-button-style-default\" style=\"color:#FFFFFF;background-color:#3498db;border-color:#2a7ab0;border-radius:5px\" target=\"_self\"><span style=\"color:#FFFFFF;padding:6px 16px;font-size:13px;line-height:20px;border-color:#71b7e6;border-radius:5px;text-shadow:none\"><i class=\"sui sui-cloud-download\" style=\"font-size:13px;color:#FFFFFF\"><\/i> DOWNLOAD PDF<\/span><\/a><\/div><\/div><\/div> <div class=\"su-column su-column-size-1-2\"><div class=\"su-column-inner su-u-clearfix su-u-trim\"><div class=\"su-button-center\"><a href=\"https:\/\/www.ijmhr.org\/ijpr_vol5_6.html\" class=\"su-button su-button-style-default\" style=\"color:#FFFFFF;background-color:#3498db;border-color:#2a7ab0;border-radius:5px\" target=\"_self\"><span style=\"color:#FFFFFF;padding:6px 16px;font-size:13px;line-height:20px;border-color:#71b7e6;border-radius:5px;text-shadow:none\"><i class=\"sui sui-book\" style=\"font-size:13px;color:#FFFFFF\"><\/i> Table of Contents<\/span><\/a><\/div><\/div><\/div><\/div>\n<h3 style=\"text-align: justify;\"><strong>Type of Article:<\/strong>\u00a0\u00a0Original Research<\/h3>\n<h3 style=\"text-align: justify;\"><strong>Volume 5; Issue 6\u00a0(November 2017)<\/strong><\/h3>\n<h3 style=\"text-align: justify;\"><strong>Page No.:<\/strong>\u00a02425-2431<\/h3>\n<h3 style=\"text-align: justify;\"><strong>DOI:\u00a0<\/strong>https:\/\/dx.doi.org\/10.16965\/ijpr.2017.220<\/h3>\n<h3 style=\"text-align: justify;\">COMPARISON OF IMMEDIATE EFFECT ON HAMSTRING FLEXIBILITY USING NON BALLISTIC ACTIVE KNEE EXTENSION IN NEURAL SLUMP POSITION AND STATIC STRETCH TECHNIQUE<\/h3>\n<p style=\"text-align: justify;\"><strong>Gadpal Pratiksha *<sup>1\u00a0 <\/sup>, Asgaonkar Bharati <sup>2<\/sup>.<\/strong><\/p>\n<p><sup>*1<\/sup> Musculoskeletal Physiotherapiest , Physiotherapy Department, Tnmc and Nair Charitable Hospital, Mumbai, India.<\/p>\n<p><sup>2<\/sup> Associate Professor, Ph.D. Guide, Physiotherapy Department, Tnmc and Nair Charitable Hospital, Mumbai, India.<\/p>\n<p><strong>Address for Correspondence:<\/strong> Dr. Pratiksha B. Gadpal, Musculoskeletal Physiotherapiest, Physiotherapy Department, Tnmc and Nair Charitable 986hospital, Mumbai, India. <strong>\u00a0E-Mail:<\/strong>drpratikshag@yahoo.com<\/p>\n<p><strong>ABSRACT<\/strong><\/p>\n<p style=\"text-align: justify;\"><strong>Background<\/strong>: Amongst all of the biarticular muscles of the human body hamstring have a greater tendency to shorten. Increased tension in the neural structures has also been shown to be one of the most important causative factor for the hamstring tightness for which mobilisation of the nervous system has emerged as a significant adjunct apart from routine\u00a0 stretching techniques. There are lots of studies available which has proven the effect of stretching on the hamstring flexibility, but only after giving the multiple sessions. Thus the aim of this study was to determine whether a single session of hamstring stretching by neural slump and static stretch technique improves hamstring flexibility or not.<\/p>\n<p style=\"text-align: justify;\"><strong>Materials and Methods:<\/strong> 60 healthy individuals between the age groups of 18-30 as per the inclusion and exclusion criterion were enrolled for the study. Hamstring tightness was measured using knee flexion angle. Subjects were asked to actively extend their knee from 90-90 hip knee flexion in supine position, individuals having knee flexion angle more than 15 degrees were assumed to have hamstring tightness and were randomly allocated and divided into 2 groups, group A was given static stretch in modified Hurdler\u2019s position and group B was given neural slump stretch, having 30 subjects in each group.<\/p>\n<p style=\"text-align: justify;\"><strong>Result:<\/strong> Data was collected and statistically analyzed using the appropriate statistical tests. Results showed significant reduction in hamstring tightness in both the groups and on comparison, group B (Neural slump stretch) was found to be more effective than group A (Static stretch).<\/p>\n<p style=\"text-align: justify;\"><strong>Conclusion:<\/strong> Neural slump stretch was found to be more effective in immediately improving the\u00a0 hamstring flexibility as compared to static stretch.<strong><u><br \/>\n<\/u>KEY WORDS: <\/strong>Hamstring, Neural slump stretch, Flexibility, Static stretch.<\/p>\n<p style=\"text-align: justify;\"><strong>REFERENCES<\/strong><\/p>\n<ol>\n<li style=\"text-align: justify;\">Roberto M\u00e9ndez-S\u00e1nchez, Francisco Alburquerque-Send\u00edn, Cesar Fern\u00e1ndez-de-las-Pe\u00f1as,et al. Immediate Effects of Adding a Sciatic Nerve Slider Technique on Lumbar and Lower Quadrant Mobility in Soccer Players: A Pilot Study. The Journal of Alternative and Complementary Medicine. June 2010;16(6):669-675.<\/li>\n<li style=\"text-align: justify;\">Wits, Kelly Hamilton BSc Physio. Lumbar mechanical dysfunction in association with Meralgia Paresthetica: A case report. Available from,KHBSP Wits- bellrogersphysio.co.za<\/li>\n<li style=\"text-align: justify;\">Bhavana Suhas Mhatre ,et al. Which is the better method to improve \u201cperceived hamstrings tightness\u201d \u2013 Exercises targeting neural tissue mobility or exercises targeting hamstrings muscle extensibility?. International Journal of Osteopathic Medicine. September 2013;16(3):153\u2013162.<\/li>\n<li style=\"text-align: justify;\">O&#8217;Hora, John; Cartwright, Abigail; Wade, Clive D; Hough, Allan D; Shum, Gary L K. Efficacy of static stretching and proprioceptive neuromuscular facilitation stretch on hamstrings length after a single session. Journal of Strength and Conditioning Research.June 2011;25(6):1586-1591.<\/li>\n<li style=\"text-align: justify;\">John Cronin,et al. The acute effects of hamstring stretching and vibration on dynamic knee joint range of motion and jump performance. Physical therapy in sports. 2008;9(2):89\u201396.<\/li>\n<li style=\"text-align: justify;\">Puentedura, Emilio J., et al. Immediate effects of quantified hamstring stretching: Hold-relax proprioceptive neuromuscular facilitation versus static stretching. Physical therapy in sports. 2011;12(3):122-126.<\/li>\n<li style=\"text-align: justify;\">Rubini EC, Souza AC, Mello ML, Bacurau RF, Cabral LF, Farinatti PT. Immediate effect of static and proprioceptive neuromuscular facilitation stretching on hip adductor flexibility in female ballet dancers. Journal of Dance Medicine &amp; Science. December 2011;15(4):177-181.<\/li>\n<li style=\"text-align: justify;\">Herrington, Lee. Effect of Different Neurodynamic Mobilization Techniques on Knee Extension Range of Motion in the Slump Position. Journal of Manual &amp; Manipulative Therapy. 2006;14(2):101-107.<\/li>\n<li style=\"text-align: justify;\">Fidel C, Martin E, Dankaerts W, Allison G, Hall T. Cervical spine sensitising manoeuvres during the slump test. Journal of Manual Manipulative Therapy. 1996;4:6-21.<\/li>\n<li style=\"text-align: justify;\">P. McHugh, C.H. Cosgrave. To stretch or not to stretch: the role of stretching in injury prevention and performance. Scandinavian journal of medicine and science in sports. April 2010;20(2):169-181.<\/li>\n<li style=\"text-align: justify;\">Weerasekara, I.,et al. Prevalence of Hamstring Tightness among the Male Athletes of University of Peradeniya in 2010.Journal of SLSAJ. 2012;12: 56-58.<\/li>\n<li style=\"text-align: justify;\">Therapeutic exercise : Foundations and techniques. Carolyn Kisner, Lynn Allen Colby. Jaypee brothers. 6 th Edition, 2013;72-113.<\/li>\n<li style=\"text-align: justify;\">Slavko Rogan, Dirk W\u00fcst, Thomas Schwitter, Dietmar Schmidtbleicher, Et al. Static stretching of the hamstring muscle for injury prevention in football codes: a systematic review. Asian Journal of Sports Medicine. 2013 March;4(1):1\u20139.<\/li>\n<li style=\"text-align: justify;\">Sports Injures: Diagnosis and Management. Christopher M. Norris. Second edition, Chapter 6,pg no.119;Chapter 7,pg no.144.<\/li>\n<li style=\"text-align: justify;\">Aggrawal, Anjana. Comparative effectiveness of stretching and muscle energy technique on blood\u00a0\u00a0 lactate levels in hamstring tightness; a randomized controlled trial. KLE University, Belgaum. Orthopaedic Physiotherapy, july 2012. available from: http:\/\/hdl.handle.net\/123456789\/299<\/li>\n<li style=\"text-align: justify;\">Davis Hammonds, Autumm L, Et al. Acute lower extremity\u00a0 running kinematics after a hamstring stretch. Journal of Athletic\u00a0\u00a0 2012 Jan-Feb;47(1):5\u201314.<\/li>\n<li style=\"text-align: justify;\">Peter Brukner and Karim Khan. Clinical sports medicine. McGraw-hill professional. 2007;Third edition, pg no.29,366,385.<\/li>\n<li style=\"text-align: justify;\">Mendiguchia, Jurdan; Brughelli, Matt. A return-to sport algorithm for acute hamstring injuries. Physical Therapy in Sport. 2011;12(1):2-14.<\/li>\n<li style=\"text-align: justify;\">William G. Webright, Billie Jane Randolph, David H. Perrin. Comparision of nonballistic active knee extension in neural slump position and static stretch techniques on hamstring flexibility.Journal of orthopedic and sports physical therapy. 1997;26(1):7-13.<\/li>\n<li style=\"text-align: justify;\">Michael Shacklock. Clinical neurodynamics: a new system of musculoskeletal treatment. 1st edition. Edinburgh: Elsevier; 2005. Chapter no. 1. pg no.16-36.;\u00a0 Chapter no.3, pg no.72-76.<\/li>\n<li style=\"text-align: justify;\">Castellote-Caballero, et al.\u00a0 Effects of a neurodynamic sliding technique on hamstring flexibility in healthy male soccer players. A pilot study. Physical Therapy in Sport. August 2013;14(3):156\u2013162.<\/li>\n<li style=\"text-align: justify;\">Yolanda Castellote-Caballero; et al. Immediate effects of neurodynamic versus muscle stretching on hamstring flexibility in subjects with short hamstring syndrome. Department of physical therapy, university of newada, las vegas,2013.<\/li>\n<\/ol>\n<p style=\"text-align: justify;\">\n\t\t\t <div class=\"promo1\" style=\"background-color:#f7f7f7; border-color: #3498db #e8e6e6 #e8e6e6;\">\n             \t <span style=\"color: #3498db;\"><strong>Cite this article:<\/strong><\/span> Gadpal Pratiksha, Asgaonkar Bharati. COMPARISON OF IMMEDIATE EFFECT ON HAMSTRING FLEXIBILITY USING NON BALLISTIC ACTIVE KNEE EXTENSION IN NEURAL SLUMP POSITION AND STATIC STRETCH TECHNIQUE. Int J Physiother\u00a0Res 2017;5(6):2425-2431. DOI: 10.16965\/ijpr.2017.220 \n             <\/div>\t\n\t\t\n","protected":false},"excerpt":{"rendered":"<p>Type of Article:\u00a0\u00a0Original Research Volume 5; Issue 6\u00a0(November 2017) Page No.:\u00a02425-2431 DOI:\u00a0https:\/\/dx.doi.org\/10.16965\/ijpr.2017.220 COMPARISON OF IMMEDIATE EFFECT ON HAMSTRING FLEXIBILITY USING NON BALLISTIC ACTIVE KNEE EXTENSION IN NEURAL SLUMP POSITION AND STATIC STRETCH TECHNIQUE Gadpal Pratiksha *1\u00a0 , Asgaonkar Bharati 2. *1 Musculoskeletal Physiotherapiest , Physiotherapy Department, Tnmc and Nair Charitable Hospital, Mumbai, India. 2 Associate<br \/><a class=\"moretag\" href=\"https:\/\/www.ijmhr.org\/IntJPhysiotherRes\/ijpr-2017-220\">+ Read More<\/a><\/p>\n","protected":false},"author":1,"featured_media":0,"parent":0,"menu_order":0,"comment_status":"closed","ping_status":"open","template":"","meta":{"footnotes":""},"class_list":["post-419","page","type-page","status-publish","hentry"],"_links":{"self":[{"href":"https:\/\/www.ijmhr.org\/IntJPhysiotherRes\/wp-json\/wp\/v2\/pages\/419"}],"collection":[{"href":"https:\/\/www.ijmhr.org\/IntJPhysiotherRes\/wp-json\/wp\/v2\/pages"}],"about":[{"href":"https:\/\/www.ijmhr.org\/IntJPhysiotherRes\/wp-json\/wp\/v2\/types\/page"}],"author":[{"embeddable":true,"href":"https:\/\/www.ijmhr.org\/IntJPhysiotherRes\/wp-json\/wp\/v2\/users\/1"}],"replies":[{"embeddable":true,"href":"https:\/\/www.ijmhr.org\/IntJPhysiotherRes\/wp-json\/wp\/v2\/comments?post=419"}],"version-history":[{"count":1,"href":"https:\/\/www.ijmhr.org\/IntJPhysiotherRes\/wp-json\/wp\/v2\/pages\/419\/revisions"}],"predecessor-version":[{"id":426,"href":"https:\/\/www.ijmhr.org\/IntJPhysiotherRes\/wp-json\/wp\/v2\/pages\/419\/revisions\/426"}],"wp:attachment":[{"href":"https:\/\/www.ijmhr.org\/IntJPhysiotherRes\/wp-json\/wp\/v2\/media?parent=419"}],"curies":[{"name":"wp","href":"https:\/\/api.w.org\/{rel}","templated":true}]}}