{"id":1368,"date":"2025-09-20T01:38:02","date_gmt":"2025-09-20T01:38:02","guid":{"rendered":"https:\/\/www.ijmhr.org\/IntJPhysiotherRes\/?page_id=1368"},"modified":"2025-09-20T01:38:02","modified_gmt":"2025-09-20T01:38:02","slug":"ijpr-2025-119","status":"publish","type":"page","link":"https:\/\/www.ijmhr.org\/IntJPhysiotherRes\/ijpr-2025-119","title":{"rendered":"IJPR.2025.119"},"content":{"rendered":"<p style=\"text-align: justify;\"><div class=\"su-row\"><div class=\"su-column su-column-size-1-2\"><div class=\"su-column-inner su-u-clearfix su-u-trim\"><div class=\"su-button-center\"><a href=\"https:\/\/www.ijmhr.org\/ijpr.13.3\/IJPR.2025.119.pdf\" class=\"su-button su-button-style-default\" style=\"color:#FFFFFF;background-color:#3498db;border-color:#2a7ab0;border-radius:5px\" target=\"_self\"><span style=\"color:#FFFFFF;padding:6px 16px;font-size:13px;line-height:20px;border-color:#71b7e6;border-radius:5px;text-shadow:none\"><i class=\"sui sui-cloud-download\" style=\"font-size:13px;color:#FFFFFF\"><\/i> DOWNLOAD PDF<\/span><\/a><\/div><\/div><\/div> <div class=\"su-column su-column-size-1-2\"><div class=\"su-column-inner su-u-clearfix su-u-trim\"><div class=\"su-button-center\"><a href=\"https:\/\/www.ijmhr.org\/ijpr_vol13_3.html\" class=\"su-button su-button-style-default\" style=\"color:#FFFFFF;background-color:#3498db;border-color:#2a7ab0;border-radius:5px\" target=\"_self\"><span style=\"color:#FFFFFF;padding:6px 16px;font-size:13px;line-height:20px;border-color:#71b7e6;border-radius:5px;text-shadow:none\"><i class=\"sui sui-book\" style=\"font-size:13px;color:#FFFFFF\"><\/i> Table of Contents<\/span><\/a><\/div><\/div><\/div><\/div>\n<h3 style=\"text-align: justify;\"><strong>Type of Article:<\/strong> \u00a0Original Research<\/h3>\n<h3 style=\"text-align: justify;\"><strong>Volume 13; Issue 3 (September 2025)<\/strong><\/h3>\n<h3 style=\"text-align: justify;\"><strong>Page No.:<\/strong> 4885-4890<\/h3>\n<h3 style=\"text-align: justify;\"><strong>DOI:\u00a0<\/strong>https:\/\/dx.doi.org\/10.16965\/ijpr.2025.119<\/h3>\n<h3 style=\"text-align: justify;\">Comparison between 6 Min Walk Test and Incremental Shuttle Walk Test in Middle Aged Women with Type 2 Diabetes: A Pilot Study<\/h3>\n<p><strong>Vishnu K Nair <sup>1<\/sup>, Balachandra A Shetty <sup>2<\/sup>, Prathik *<sup>3<\/sup><\/strong><\/p>\n<p style=\"text-align: justify;\"><sup>1<\/sup> Assistant Professor, Laxmi Memorial College of Physiotherapy, Balmatta, Mangalore, Karnataka, India.<\/p>\n<p style=\"text-align: justify;\"><sup>2 <\/sup>Professor and Head of the Department, Department of General Medicine, AJ Institute of Medical Sciences, Mangalore, Karnataka, India.<\/p>\n<p style=\"text-align: justify;\"><sup>*3 <\/sup>Postgraduate student, Laxmi Memorial College of Physiotherapy, Rajiv Gandhi University of Health Sciences, Karnataka, India.<\/p>\n<p style=\"text-align: justify;\"><strong>Corresponding author:<\/strong> Prathik, Postgraduate student, Laxmi Memorial College of Physiotherapy, Rajiv Gandhi University of Health Sciences, Karnataka, India.\u00a0<strong>E-Mail:<\/strong> prathiksuraj8@gmail.com<\/p>\n<p style=\"text-align: justify;\"><strong>ABSTRACT<\/strong><\/p>\n<p style=\"text-align: justify;\"><strong>Background:<\/strong> It is estimated that ~415 million individuals around the globe are living with diabetes, with 91% of them having type 2 diabetes mellitus (T2DM). Cardiovascular disease (CVD) poses a significant clinical and economic burden for individuals with type 2 diabetes mellitus (T2DM). Women with type 2 diabetes have a 25\u201350% higher relative risk of experiencing a cardiovascular event compared to men with the same condition.<\/p>\n<p style=\"text-align: justify;\"><strong>Objective:<\/strong> To compare the incremental shuttle, walk test (ISWT) and the 6-minute walk test (6MWT) in middle-aged women with type 2 diabetes.<\/p>\n<p style=\"text-align: justify;\"><strong>Method:<\/strong> A pilot cross-sectional study was conducted to assess cardio-respiratory fitness using the incremental shuttle walk test (ISWT) and the 6-minute walk test (6MWT) in middle-aged women with type 2 diabetes, and to compare ISWT and 6MWT in middle-aged women with type 2 diabetes. A total of 15 participants were recruited according to the inclusion and exclusion criteria. Both tests, with a 30-minute rest in between, were conducted.<\/p>\n<p style=\"text-align: justify;\"><strong>Result:<\/strong> Comparison between two cardio-respiratory fitness tests was done using a paired t-test. The mean VO\u2082 max for the 6-minute walk test was 17.616\u00b12.775, while for the incremental shuttle walk test, it was slightly lower at 16.851\u00b11.084. The t-value of 1.347 and p-value of 0.199 indicate that the difference is not statistically significant (p &gt; 0.05). The t-value of 10.748 and p-value of p&lt;0.001 suggest a highly significant difference (p &lt; 0.05), indicating that the 6-minute walk test allows for significantly greater distance coverage compared to the incremental shuttle walk test.<\/p>\n<p style=\"text-align: justify;\"><strong>Conclusion:<\/strong> The significant difference in distance suggests the 6-minute walk test is better for assessing endurance, while the incremental shuttle walk test induces higher perceived exertion and cardiovascular stress.<\/p>\n<p><strong>Keywords:<\/strong> Type 2 diabetes, Women, Incremental shuttle walk test, 6-minute walk test.<\/p>\n<p style=\"text-align: justify;\"><strong>REFERENCES<\/strong><\/p>\n<p style=\"text-align: justify;\">[1]. Einarson TR, Acs A, Ludwig C, Panton UH. Prevalence of cardiovascular disease in type 2 diabetes: a systematic literature review of scientific evidence from across the world in 2007-2017. Cardiovascular diabetology. 2018 Dec;17:1-9.<br \/>https:\/\/doi.org\/10.1186\/s12933-018-0728-6<br \/>PMid:29884191 PMCid:PMC5994068<br \/>[2]. Luhar S, Kondal D, Jones R, Anjana RM, Patel SA, Kinra S, Clarke L, Ali MK, Prabhakaran D, Kadir MM, Tandon N. Lifetime risk of diabetes in metropolitan cities in India. Diabetologia. 2021 Mar;64:521-9. <br \/>https:\/\/doi.org\/10.1007\/s00125-020-05330-1<br \/>PMid:33225415 PMCid:PMC7864818<br \/>[3]. International Diabetes Federation. Diabetes and cardiovascular disease. Brussels: International Diabetes Federation; 2016. p. 1-144. Available from CVD_in_diabetes_report_compressed.pdf<br \/>[4]. De Rosa S, Arcidiacono B, Chiefari E, Brunetti A, Indolfi C, Foti DP. Type 2 diabetes mellitus and cardiovascular disease: genetic and epigenetic links. Frontiers in endocrinology. 2018 Jan 17;9:2. <br \/>https:\/\/doi.org\/10.3389\/fendo.2018.00002<br \/>PMid:29387042 PMCid:PMC5776102<br \/>[5]. Einarson TR, Acs A, Ludwig C, Panton UH. Economic burden of cardiovascular disease in type 2 diabetes: a systematic review. Value in Health. 2018 Jul 1;21(7):881-90. <br \/>https:\/\/doi.org\/10.1016\/j.jval.2017.12.019<br \/>PMid:30005761<br \/>[6]. Peters SA, Huxley RR, Woodward M. Diabetes as risk factor for incident coronary heart disease in women compared with men: a systematic review and meta-analysis of 64 cohorts including 858,507 individuals and 28,203 coronary events. Diabetologia 2014;57(8):1542-1551. <br \/>https:\/\/doi.org\/10.1007\/s00125-014-3260-6<br \/>PMid:24859435<br \/>[7]. Huebschmann AG, Huxley RR, Kohrt WM, Zeitler P, Regensteiner JG, Reusch JE. Sex differences in the burden of type 2 diabetes and cardiovascular risk across the life course. Diabetologia. 2019 Oct;62:1761-72. <br \/>https:\/\/doi.org\/10.1007\/s00125-019-4939-5<br \/>PMid:31451872 PMCid:PMC7008947<br \/>[8]. Regensteiner JG, Bauer TA, Huebschmann AG et al. Sex differences in the effects of type 2 diabetes on exercise performance. Med Sci Sports Exerc. 2015; 47(1):58-65. <br \/>https:\/\/doi.org\/10.1249\/MSS.0000000000000371<br \/>PMid:24811327 PMCid:PMC4296732<br \/>[9]. Naci H, Ioannidis JP. (2013) Comparative effectiveness of exercise and drug interventions on mortality outcomes: metaepidemiological study. BMJ 2013;347:f5577. <br \/>https:\/\/doi.org\/10.1136\/bmj.f5577<br \/>PMid:24473061 PMCid:PMC3788175<br \/>[10]. Liu Y, Li N, Zhang S, Feng Y, Zhang Y, Shao Y, Wu J. Independent influence of type 2 diabetes on reduced cardiopulmonary fitness in patients after percutaneous coronary intervention: a cross-sectional study. Scientific Reports. 2025 Feb 19;15(1):6071. <br \/>https:\/\/doi.org\/10.1038\/s41598-025-90281-z<br \/>PMid:39972067 PMCid:PMC11839949<br \/>[11]. Lee MC. Validity of the 6-minute walk test and step test for evaluation of cardio respiratory fitness in patients with type 2 diabetes mellitus. Journal of exercise nutrition &amp; biochemistry. 2018 Mar 31;22(1):49.<br \/>https:\/\/doi.org\/10.20463\/jenb.2018.0008<br \/>PMid:29673246 PMCid:PMC5909078<br \/>[12]. Kammin EJ. The 6-minute walk test: indications and guidelines for use in outpatient practices. The Journal for Nurse Practitioners. 2022 Jun 1;18(6):608-10. <br \/>https:\/\/doi.org\/10.1016\/j.nurpra.2022.04.013<br \/>PMid:35578650 PMCid:PMC9095083<br \/>[13]. Agarwal B, Shah M, Andhare N, Mullerpatan R. Incremental shuttle walk test: Reference values and predictive equation for healthy Indian adults. Lung India. 2016 Jan 1;33(1):36-41. <br \/>https:\/\/doi.org\/10.4103\/0970-2113.173056<br \/>PMid:26933305 PMCid:PMC4748663<br \/>[14]. Zeiher J, Ombrellaro KJ, Perumal N, Keil T, Mensink GB, Finger JD. Correlates and determinants of cardiorespiratory fitness in adults: a systematic review. Sports medicine-open. 2019 Dec;5:1-24. <br \/>https:\/\/doi.org\/10.1186\/s40798-019-0211-2<br \/>PMid:31482208 PMCid:PMC6722171<br \/>[15]. Dourado VZ, Nishiaka RK, Sim\u00f5es MS, Lauria VT, Tanni SE, Godoy I, Gagliardi AR, Romiti M, Arantes RL. Classification of cardiorespiratory fitness using the six-minute walk test in adults: Comparison with cardiopulmonary exercise testing. Pulmonology. 2021 Nov 1;27(6):500-8. <br \/>https:\/\/doi.org\/10.1016\/j.pulmoe.2021.03.006<br \/>PMid:33958319<br \/>[16]. Pepera G, Karanasiou E, Blioumpa C, Antoniou V, Kalatzis K, Lanaras L, Batalik L. Tele-assessment of functional capacity through the six-minute walk test in patients with diabetes mellitus type 2: validity and reliability of repeated measurements. Sensors. 2023 Jan 25;23(3):1354. <br \/>https:\/\/doi.org\/10.3390\/s23031354<br \/>PMid:36772396 PMCid:PMC9920804<br \/>[17]. Probst VS, Hernandes NA, Teixeira DC, Felcar JM, Mesquita RB, Gon\u00e7alves CG, Hayashi D, Singh S, Pitta F. Reference values for the incremental shuttle walking test. Respiratory medicine. 2012 Feb 1;106(2):243-8. <br \/>https:\/\/doi.org\/10.1016\/j.rmed.2011.07.023<br \/>PMid:21865021<br \/>[18]. J\u00fcrgensen SP, Trimer R, Dourado VZ, Di Thommazo\u2010Luporini L, Bonjorno\u2010Junior JC, Oliveira CR, Arena R, Mendes RG, Borghi\u2010Silva A. Shuttle walking test in obese women: test\u2010retest reliability and concurrent validity with peak oxygen uptake. Clinical physiology and functional imaging. 2015 Mar;35(2):120-6. <br \/>https:\/\/doi.org\/10.1111\/cpf.12135<br \/>PMid:24589245<br \/>[19]. Kuziemski K, S\u0142omi\u0144ski W, Jassem E. Impact of diabetes mellitus on functional exercise capacity and pulmonary functions in patients with diabetes and healthy persons. BMC endocrine disorders. 2019 Dec;19:1-8. <br \/>https:\/\/doi.org\/10.1186\/s12902-018-0328-1<br \/>PMid:30606177 PMCid:PMC6318966<br \/>[20]. Janevic MR, Janz NK, Connell CM, et al. Progression of symptoms and functioning among female cardiac patients with and without diabetes. J Women&#8217;s Health (Larchmt). 2011;20:107-15. <br \/>https:\/\/doi.org\/10.1089\/jwh.2010.2123<br \/>PMid:21091196 PMCid:PMC3052276<br \/>[21]. Sperandio EF, Guerra RL, Dourado VZ. Dynamic physiological responses to the incremental shuttle walk test in adults. Fisioterapia em Movimento. 2017;30(4):821-30. <br \/>https:\/\/doi.org\/10.1590\/1980-5918.030.004.ao18<br \/>[22]. Paulino Geisel P, de Oliveira Nascimento I, Mendon\u00e7a Gon\u00e7alves Machado M, Lucas Gomes Mateus dos Santos R, N\u00e9zio Gomes BR, Pontes Przybysz GM, de Figueiredo Magalh\u00e3es Pereira I, Gomes Pereira DA. Incremental shuttle walking test for calf muscle oxygenation assessment in peripheral arterial disease: a cross-sectional study. Scientific Reports. 2025 Jan 2;15(1):488. <br \/>https:\/\/doi.org\/10.1038\/s41598-024-84662-z<br \/>PMid:39747567 PMCid:PMC11696925<br \/>[23]. Lim HJ, Jee SJ, Lee MM. Comparison of incremental shuttle walking test, 6-minute walking test, and cardiopulmonary exercise stress test in patients with myocardial infarction. Medical Science Monitor: International Medical Journal of Experimental and Clinical Research. 2022 Oct 17;28:e938140-1. <br \/>https:\/\/doi.org\/10.12659\/MSM.938140<br \/>PMid:36245105 PMCid:PMC9585920<\/p>\n<p style=\"text-align: justify;\">\n\t\t\t <div class=\"promo1\" style=\"background-color:#f7f7f7; border-color: #3498db #e8e6e6 #e8e6e6;\">\n             \t <span style=\"color: #3498db;\"><strong>Cite this article:<\/strong><\/span> Vishnu K Nair, Balachandra A Shetty, Prathik. Comparison between 6 Min Walk Test and Incremental Shuttle Walk Test in Middle Aged Women with Type 2 Diabetes: A Pilot Study. Int J Physiother Res 2025;13(3):4885-4890. DOI: 10.16965\/ijpr.2025.119 \n             <\/div>\t\n\t\t\n\n\n<p><\/p>\n","protected":false},"excerpt":{"rendered":"<p>Type of Article: \u00a0Original Research Volume 13; Issue 3 (September 2025) Page No.: 4885-4890 DOI:\u00a0https:\/\/dx.doi.org\/10.16965\/ijpr.2025.119 Comparison between 6 Min Walk Test and Incremental Shuttle Walk Test in Middle Aged Women with Type 2 Diabetes: A Pilot Study Vishnu K Nair 1, Balachandra A Shetty 2, Prathik *3 1 Assistant Professor, Laxmi Memorial College of Physiotherapy,<br \/><a class=\"moretag\" href=\"https:\/\/www.ijmhr.org\/IntJPhysiotherRes\/ijpr-2025-119\">+ Read More<\/a><\/p>\n","protected":false},"author":1,"featured_media":0,"parent":0,"menu_order":0,"comment_status":"closed","ping_status":"open","template":"","meta":{"footnotes":""},"class_list":["post-1368","page","type-page","status-publish","hentry"],"_links":{"self":[{"href":"https:\/\/www.ijmhr.org\/IntJPhysiotherRes\/wp-json\/wp\/v2\/pages\/1368"}],"collection":[{"href":"https:\/\/www.ijmhr.org\/IntJPhysiotherRes\/wp-json\/wp\/v2\/pages"}],"about":[{"href":"https:\/\/www.ijmhr.org\/IntJPhysiotherRes\/wp-json\/wp\/v2\/types\/page"}],"author":[{"embeddable":true,"href":"https:\/\/www.ijmhr.org\/IntJPhysiotherRes\/wp-json\/wp\/v2\/users\/1"}],"replies":[{"embeddable":true,"href":"https:\/\/www.ijmhr.org\/IntJPhysiotherRes\/wp-json\/wp\/v2\/comments?post=1368"}],"version-history":[{"count":2,"href":"https:\/\/www.ijmhr.org\/IntJPhysiotherRes\/wp-json\/wp\/v2\/pages\/1368\/revisions"}],"predecessor-version":[{"id":1372,"href":"https:\/\/www.ijmhr.org\/IntJPhysiotherRes\/wp-json\/wp\/v2\/pages\/1368\/revisions\/1372"}],"wp:attachment":[{"href":"https:\/\/www.ijmhr.org\/IntJPhysiotherRes\/wp-json\/wp\/v2\/media?parent=1368"}],"curies":[{"name":"wp","href":"https:\/\/api.w.org\/{rel}","templated":true}]}}