{"id":1291,"date":"2024-06-29T17:57:27","date_gmt":"2024-06-29T17:57:27","guid":{"rendered":"https:\/\/www.ijmhr.org\/IntJPhysiotherRes\/?page_id=1291"},"modified":"2024-06-29T17:57:27","modified_gmt":"2024-06-29T17:57:27","slug":"ijpr-2024-114","status":"publish","type":"page","link":"https:\/\/www.ijmhr.org\/IntJPhysiotherRes\/ijpr-2024-114","title":{"rendered":"IJPR.2024.114"},"content":{"rendered":"<p style=\"text-align: justify;\"><div class=\"su-row\"><div class=\"su-column su-column-size-1-2\"><div class=\"su-column-inner su-u-clearfix su-u-trim\"><div class=\"su-button-center\"><a href=\"https:\/\/www.ijmhr.org\/ijpr.12.3\/IJPR.2024.114.pdf\" class=\"su-button su-button-style-default\" style=\"color:#FFFFFF;background-color:#3498db;border-color:#2a7ab0;border-radius:5px\" target=\"_self\"><span style=\"color:#FFFFFF;padding:6px 16px;font-size:13px;line-height:20px;border-color:#71b7e6;border-radius:5px;text-shadow:none\"><i class=\"sui sui-cloud-download\" style=\"font-size:13px;color:#FFFFFF\"><\/i> DOWNLOAD PDF<\/span><\/a><\/div><\/div><\/div> <div class=\"su-column su-column-size-1-2\"><div class=\"su-column-inner su-u-clearfix su-u-trim\"><div class=\"su-button-center\"><a href=\"https:\/\/www.ijmhr.org\/ijpr_vol12_3.html\" class=\"su-button su-button-style-default\" style=\"color:#FFFFFF;background-color:#3498db;border-color:#2a7ab0;border-radius:5px\" target=\"_self\"><span style=\"color:#FFFFFF;padding:6px 16px;font-size:13px;line-height:20px;border-color:#71b7e6;border-radius:5px;text-shadow:none\"><i class=\"sui sui-book\" style=\"font-size:13px;color:#FFFFFF\"><\/i> Table of Contents<\/span><\/a><\/div><\/div><\/div><\/div>\n<h3 style=\"text-align: justify;\"><strong>Type of Article:<\/strong> \u00a0Case Report<\/h3>\n<h3 style=\"text-align: justify;\"><strong>Volume 12; Issue 3 (June 2024)<\/strong><\/h3>\n<h3 style=\"text-align: justify;\"><strong>Page No.:<\/strong> 4723-4726<\/h3>\n<h3 style=\"text-align: justify;\"><strong>DOI:\u00a0<\/strong>https:\/\/dx.doi.org\/10.16965\/ijpr.2024.114<\/h3>\n<h3 style=\"text-align: justify;\">Optimising Functional Recovery in a Paediatric Stroke Patient Secondary to Sickle Cell Disease: A Case Report<\/h3>\n<p><strong>Simran Jethani *<sup>1<\/sup>, Prachi Bhagat <sup>2<\/sup>, Suvarna Ganvir <sup>3<\/sup>.<\/strong><\/p>\n<p><sup>*1<\/sup> MPT 2, DVVPF\u2019S College of Physiotherapy, Ahmednagar, Maharashtra, India.<\/p>\n<p><sup>2<\/sup> Assistant Professor, DVVPF\u2019S College of Physiotherapy, Ahmednagar, Maharashtra, India.<\/p>\n<p style=\"text-align: justify;\"><sup>3 <\/sup>Professor and Head, Department of Neurophysiotherapy, DVVPF\u2019S College of Physiotherapy, Ahmednagar, Maharashtra, India.<\/p>\n<p style=\"text-align: justify;\"><strong>Corresponding Author:<\/strong> Simran Jethani, MPT 2, DVVPF\u2019S College of Physiotherapy, Ahmednagar, Maharashtra, India. <strong>E-Mail:<\/strong> Sjethani263@gmail.com<\/p>\n<p style=\"text-align: justify;\"><strong>ABSTRACT<\/strong><\/p>\n<p>Out of many causes of Paediatric Stroke, Sickle Cell Disease is one of the crucial conditions with the risk of Stroke highest during the first decade that is between the ages of 2 &amp; 5 years.<\/p>\n<p style=\"text-align: justify;\">Reported here, however, is a case of a 10-year-old male child with sudden onset left side hemiplegia with facial muscle weakness, who was a known case of Sickle Cell disease since 6 months of age. With the inability to use the upper extremities &amp; walk independently, the patient was functionally dependent with a Fugl Meyer score of 55\/126 &amp; Berg balance scale score of 18\/56. After 4 months of Physiotherapy Treatment patient was able to use the Upper extremities for functional activities and was able to walk independently with a Berg balance scale score of 46\/56.<\/p>\n<p style=\"text-align: justify;\">With very few cases of pediatric Stroke receiving Physiotherapy care being reported in the literature, this case report establishes the role of Physiotherapy in preventing long-term neurodevelopmental disability.<\/p>\n<p><strong>Keywords:<\/strong> Functional Motor Recovery, Paediatric Stroke, Physical Rehabilitation, Sickle Cell Disease.<\/p>\n<p style=\"text-align: justify;\">\u00a0<strong>REFERENCES<\/strong><\/p>\n<p style=\"text-align: justify;\">[1]. Fraser S, Pabst L, Smith F. Stroke in the young. Curr Opin Neurol. 2023 Apr 1;36(2):131-9.<br \/>https:\/\/doi.org\/10.1097\/WCO.0000000000001145<br \/>PMid:36762634<br \/>[2]. Runge A, Brazel D, Pakbaz Z. Stroke in sickle cell disease and the promise of recent disease modifying agents. J Neurol Sci. 2022 Nov 15;442:120412.<br \/>https:\/\/doi.org\/10.1016\/j.jns.2022.120412<br \/>PMid:36150233<br \/>[3]. Colah RB, Mukherjee MB, Martin S, Ghosh K. Sickle cell disease in tribal populations in India. Indian J Med Res. 2015 May;141(5):509.<br \/>[4]. Kato GJ, Piel FB, Reid CD, Gaston MH, Ohene-Frempong K, Krishnamurti L, et al. Sickle cell disease. Nat Rev Dis Primer. 2018 Mar 15;4:18010.<br \/>https:\/\/doi.org\/10.1038\/nrdp.2018.10<br \/>PMid:29542687<br \/>[5]. Brandow AM, Liem RI. Advances in the diagnosis and treatment of sickle cell disease. J Hematol OncolJ Hematol Oncol. 2022 Mar 3;15(1):20.<br \/>https:\/\/doi.org\/10.1186\/s13045-022-01237-z<br \/>PMid:35241123 PMCid:PMC8895633<br \/>[6]. Ohene-Frempong K, Weiner SJ, Sleeper LA, Miller ST, Embury S, Moohr JW, et al. Cerebrovascular Accidents in Sickle Cell Disease: Rates and Risk Factors. Blood. 1998 Jan 1;91(1):288-94.<br \/>[7]. Cooper AN, Anderson V, Hearps S, Greenham M, Ditchfield M, Coleman L, et al. Trajectories of Motor Recovery in the First Year After Pediatric Arterial Ischemic Stroke. Pediatrics. 2017 Aug;140(2):e20163870.<br \/>https:\/\/doi.org\/10.1542\/peds.2016-3870<br \/>PMid:28710246<br \/>[8]. Ciechanski P, Carlson H, Herrero M, Lane C, MacMaster F, Kirton A. A Case of Transcranial Direct-Current Stimulation for Childhood Stroke Hemiparesis: A Brief Report. Dev Neurorehabilitation. 2020 Feb 17;23(2):133-6.<br \/>https:\/\/doi.org\/10.1080\/17518423.2019.1655678<br \/>PMid:31424312<br \/>[9]. Patel BR, Kadam N, Pawar P. Effect of Rood&#8217;s approach in diabetic polyneuropathy. Biomed Res. 2019;30(3).<br \/>https:\/\/doi.org\/10.35841\/biomedicalresearch.30-19-099<br \/>[10]. Guiu-Tula FX, Cabanas-Vald\u00e9s R, Sitj\u00e0-Rabert M, Urr\u00fatia G, G\u00f3mara-Toldr\u00e0 N. The Efficacy of the proprioceptive neuromuscular facilitation (PNF) approach in stroke rehabilitation to improve basic activities of daily living and quality of life: a systematic review and meta-analysis protocol. BMJ Open. 2017 Dec 1;7(12):e016739.<br \/>https:\/\/doi.org\/10.1136\/bmjopen-2017-016739<br \/>PMid:29233831 PMCid:PMC5728303<br \/>[11]. Kruse A, Habersack A, Weide G, Jaspers RT, Svehlik M, Tilp M. Eight weeks of proprioceptive neuromuscular facilitation stretching and static stretching do not affect muscle-tendon properties, muscle strength, and joint function in children with spastic cerebral palsy. Clin Biomech. 2023 Jul 1;107:106011.<br \/>https:\/\/doi.org\/10.1016\/j.clinbiomech.2023.106011<br \/>PMid:37329655<br \/>[12]. Ganvir, Suvarna; Harishch, Maheshwari; Kunde, Chetana. Validation of Marathi Version of Stroke-specific Quality of Life. Annals of Indian Academy of Neurology 2018;21(4):290-293.<br \/>https:\/\/doi.org\/10.4103\/aian.AIAN_449_17<br \/>PMid:30532359 PMCid:PMC6238549<\/p>\n<p style=\"text-align: justify;\">\n\t\t\t <div class=\"promo1\" style=\"background-color:#f7f7f7; border-color: #3498db #e8e6e6 #e8e6e6;\">\n             \t <span style=\"color: #3498db;\"><strong>Cite this article:<\/strong><\/span> Simran Jethani, Prachi Bhagat, Suvarna Ganvir. Optimising Functional Recovery in a Paediatric Stroke Patient Secondary to Sickle Cell Disease: A Case Report. Int J Physiother Res 2024;12(3):4723-4726. DOI: 10.16965\/ijpr.2024.114 \n             <\/div>\t\n\t\t\n\n\n<p><\/p>\n","protected":false},"excerpt":{"rendered":"<p>Type of Article: \u00a0Case Report Volume 12; Issue 3 (June 2024) Page No.: 4723-4726 DOI:\u00a0https:\/\/dx.doi.org\/10.16965\/ijpr.2024.114 Optimising Functional Recovery in a Paediatric Stroke Patient Secondary to Sickle Cell Disease: A Case Report Simran Jethani *1, Prachi Bhagat 2, Suvarna Ganvir 3. *1 MPT 2, DVVPF\u2019S College of Physiotherapy, Ahmednagar, Maharashtra, India. 2 Assistant Professor, DVVPF\u2019S College<br \/><a class=\"moretag\" href=\"https:\/\/www.ijmhr.org\/IntJPhysiotherRes\/ijpr-2024-114\">+ Read More<\/a><\/p>\n","protected":false},"author":1,"featured_media":0,"parent":0,"menu_order":0,"comment_status":"closed","ping_status":"open","template":"","meta":{"footnotes":""},"class_list":["post-1291","page","type-page","status-publish","hentry"],"_links":{"self":[{"href":"https:\/\/www.ijmhr.org\/IntJPhysiotherRes\/wp-json\/wp\/v2\/pages\/1291"}],"collection":[{"href":"https:\/\/www.ijmhr.org\/IntJPhysiotherRes\/wp-json\/wp\/v2\/pages"}],"about":[{"href":"https:\/\/www.ijmhr.org\/IntJPhysiotherRes\/wp-json\/wp\/v2\/types\/page"}],"author":[{"embeddable":true,"href":"https:\/\/www.ijmhr.org\/IntJPhysiotherRes\/wp-json\/wp\/v2\/users\/1"}],"replies":[{"embeddable":true,"href":"https:\/\/www.ijmhr.org\/IntJPhysiotherRes\/wp-json\/wp\/v2\/comments?post=1291"}],"version-history":[{"count":1,"href":"https:\/\/www.ijmhr.org\/IntJPhysiotherRes\/wp-json\/wp\/v2\/pages\/1291\/revisions"}],"predecessor-version":[{"id":1300,"href":"https:\/\/www.ijmhr.org\/IntJPhysiotherRes\/wp-json\/wp\/v2\/pages\/1291\/revisions\/1300"}],"wp:attachment":[{"href":"https:\/\/www.ijmhr.org\/IntJPhysiotherRes\/wp-json\/wp\/v2\/media?parent=1291"}],"curies":[{"name":"wp","href":"https:\/\/api.w.org\/{rel}","templated":true}]}}