{"id":1244,"date":"2023-08-11T07:44:26","date_gmt":"2023-08-11T07:44:26","guid":{"rendered":"https:\/\/www.ijmhr.org\/IntJPhysiotherRes\/?page_id=1244"},"modified":"2023-08-11T07:44:26","modified_gmt":"2023-08-11T07:44:26","slug":"ijpr-2023-141","status":"publish","type":"page","link":"https:\/\/www.ijmhr.org\/IntJPhysiotherRes\/ijpr-2023-141","title":{"rendered":"IJPR.2023.141"},"content":{"rendered":"<p style=\"text-align: justify;\"><div class=\"su-row\"><div class=\"su-column su-column-size-1-2\"><div class=\"su-column-inner su-u-clearfix su-u-trim\"><div class=\"su-button-center\"><a href=\"https:\/\/www.ijmhr.org\/ijpr.11.4\/IJPR.2023.141.pdf\" class=\"su-button su-button-style-default\" style=\"color:#FFFFFF;background-color:#3498db;border-color:#2a7ab0;border-radius:5px\" target=\"_self\"><span style=\"color:#FFFFFF;padding:6px 16px;font-size:13px;line-height:20px;border-color:#71b7e6;border-radius:5px;text-shadow:none\"><i class=\"sui sui-cloud-download\" style=\"font-size:13px;color:#FFFFFF\"><\/i> DOWNLOAD PDF<\/span><\/a><\/div><\/div><\/div> <div class=\"su-column su-column-size-1-2\"><div class=\"su-column-inner su-u-clearfix su-u-trim\"><div class=\"su-button-center\"><a href=\"https:\/\/www.ijmhr.org\/ijpr_vol11_4.html\" class=\"su-button su-button-style-default\" style=\"color:#FFFFFF;background-color:#3498db;border-color:#2a7ab0;border-radius:5px\" target=\"_self\"><span style=\"color:#FFFFFF;padding:6px 16px;font-size:13px;line-height:20px;border-color:#71b7e6;border-radius:5px;text-shadow:none\"><i class=\"sui sui-book\" style=\"font-size:13px;color:#FFFFFF\"><\/i> Table of Contents<\/span><\/a><\/div><\/div><\/div><\/div>\n<h3 style=\"text-align: justify;\"><strong>Type of Article:<\/strong> \u00a0Original Research<\/h3>\n<h3 style=\"text-align: justify;\"><strong>Volume 11; Issue 4 (August 2023)<\/strong><\/h3>\n<h3 style=\"text-align: justify;\"><strong>Page No.:<\/strong> 4598-4605<\/h3>\n<h3 style=\"text-align: justify;\"><strong>DOI:\u00a0<\/strong>https:\/\/dx.doi.org\/10.16965\/ijpr.2023.141<\/h3>\n<h3 style=\"text-align: justify;\">Effectiveness of Eccentric Exercise Training on Chronic Achilles Tendinopathy in Postmenopausal Women<\/h3>\n<p><strong>Aishwarya Sanjay Patil <sup>1<\/sup>, Poonam H Patil *<sup>2<\/sup>.<\/strong><\/p>\n<p style=\"text-align: justify;\"><sup>1 <\/sup>Intern, Department of Physiotherapy, Faculty of Physiotherapy, Krishna Institute of Medical Sciences \u201cDeemed to be\u201d University Karad- 415539, Maharashtra, India.<\/p>\n<p style=\"text-align: justify;\"><sup>*2<\/sup>Assistant Professor, Department of Cardiopulmonary Sciences, Faculty of Physiotherapy, Krishna Institute of Medical Sciences \u201cDeemed to be\u201d University Karad- 415539, Maharashtra, India.<\/p>\n<p style=\"text-align: justify;\"><strong>Address for Correspondence:<\/strong> Dr Poonam Patil, Assistant Professor, Department of Cardiopulmonary Science, Faculty of Physiotherapy, Krishna Institute of Medical Sciences \u201cDeemed to be\u201d University Karad \u2013 415110, Maharashtra, India.\u00a0Phone number- 8806111153 <strong>E-Mail:<\/strong> dr.ppatil8388@gmail.com<\/p>\n<p style=\"text-align: justify;\"><strong>ABSTRACT<\/strong><\/p>\n<p style=\"text-align: justify;\"><strong>Background:<\/strong>\u00a0 In the Postmenopausal phase, there is a drastic reduction in estrogen levels which may alter tendon metabolism and production of different growth factors, resulting in chronic tendon disorders or tendon rupture. Achilles tendinopathy predominantly affects athletes, but it may also impact individuals with sedentary lifestyles, especially women in their postmenopausal stage. We studied the effectiveness of eccentric exercise training on chronic Achilles tendinopathy in postmenopausal women.<\/p>\n<p style=\"text-align: justify;\"><strong>Methods:<\/strong> 31 females (aged 45-60, average age 51, BMI 27.6 \u00b1 4.7, range 22.9- 32.3) in their postmenopausal phase with clinical diagnosis of chronic unilateral Achilles tendinopathy both insertional and mid-portion were assessed for pain and functional outcomes with VAS (on rest and on activity ) and VISA-A questionnaire before commencing the exercise and after completion of the training after a duration of 4 weeks.<\/p>\n<p style=\"text-align: justify;\"><strong>Results:<\/strong> Participants showed an acute improvement in pain on rest and activity and the VISA-A score post-intervention. There was no significant difference in the pre- and post-score on the VAS scale and the VISA- Questionnaire. The mean VAS scale score on rest was 3.580 pre-intervention and 2.903 post-intervention, while the VAS scale score (on activity) was 7.451 pre-intervention which reduced to 6.096 post-intervention. The mean VISA-A score pre-intervention was 39.80, and post-intervention was 46.35.<\/p>\n<p style=\"text-align: justify;\"><strong>Conclusion:<\/strong> Postmenopausal women suffering from chronic Achilles tendinopathy showed a significant result through training with an eccentric exercise program<\/p>\n<p><strong>KEYWORDS:<\/strong> Achilles tendon, Postmenopausal women, Eccentric exercises.<\/p>\n<p style=\"text-align: justify;\">\u00a0<strong>REFERENCES<\/strong><\/p>\n<p style=\"text-align: justify;\">[1]. Kanniappan V, Sathosh AM. To compare the effect of eccentric exercises and isometric exercises for achilles tendinitis in skaters. Journal of Lifestyle Medicine. 2020 Jan 31;10(1):49. DOI: 10.15280\/jlm.2020.10.1.49<br \/>[2]. Li HY, Hua YH. Achilles tendinopathy: current concepts about the basic science and clinical treatments. BioMed research international. 2016 Nov 3;2016. doi: 10.1155\/2016\/6492597<br \/>[3]. Hess GW. Achilles tendon rupture: a review of etiology, population, anatomy, risk factors, and injury prevention. Foot &amp; ankle specialist. 2010 Feb;3(1):29-32. <br \/>[4]. Longo UG, Ronga M, Maffulli N. Achilles tendinopathy. Sports medicine and arthroscopy review. 2018 Mar 1;26(1):16-30. <br \/>[5]. Maffulli N, Moller HD, Evans CH. Tendon healing: can it be optimised? British journal of sports medicine. 2002 Oct 1;36(5):315-6. <br \/>[6]. Peters JA, Zwerver J, Diercks RL, Elferink-Gemser MT, van den Akker-Scheek I. Preventive interventions for tendinopathy: A systematic review. Journal of Science and Medicine in Sport. 2016 Mar 1;19(3):205-11.<br \/>[7]. Ganderton C, Semciw A, Cook J, Pizzari T. The effect of female sex hormone supplementation on tendon in pre and postmenopausal women: a systematic review. Journal of musculoskeletal &amp; neuronal interactions. 2016 Jun;16(2):92.<br \/>[8]. Bondarev D, Laakkonen EK, Finni T, Kokko K, Kujala UM, Aukee P, Kovanen V, Sipil\u00e4 S. Physical performance in relation to menopause status and physical activity. Menopause. 2018 Dec 1;25(12):1432-41. <br \/>[9]. Frizziero A, Vittadini F, Gasparre G, Masiero S. Impact of oestrogen deficiency and aging on tendon: concise review. Muscles, ligaments and tendons journal. 2014 Jul;4(3):324.<br \/>[10]. Elgart B, Pietrosimone LS, Lucero A, Stafford HC, Berkoff DJ. Identifying achilles tendon structure differences by ultrasound tissue characterization in asymptomatic individuals. Scandinavian Journal of Medicine &amp; Science in Sports. 2021 Oct;31(10):1914-20. <br \/>[11]. \u0160ar\u010devi\u0107 Z. DECREASED MECHANICAL ADVANTAGE AS ONE OF THE CAUSES OF ACHILLES TENDINOPATHY. Coordination Abilities in Physical Education, Sports and Rehabilitation. 2016:278.<br \/>[12]. Verges J, Mart\u00ednez N, Pascual A, Bibas M, Santi\u00f1a M, Rodas G. Psychosocial and individual factors affecting Quality of Life (QoL) in patients suffering from Achilles tendinopathy: a systematic review. BMC Musculoskeletal Disorders. 2022 Dec;23(1):1-0.<br \/>[13]. Silbernagel KG, Gustavsson A, Thome\u00e9 R, Karlsson J. Evaluation of lower leg function in patients with Achilles tendinopathy. Knee Surgery, Sports Traumatology, Arthroscopy. 2006 Nov;14(11):1207-17. <br \/>[14]. Hasan T, Ganesh K. Genetic regulators of Achilles tendon pathogenesis and outcomes. Global Adv Res J of Med and Medic Sci. 2018;7(10):207-13.<br \/>[15]. Murtaugh B, Ihm JM. Eccentric training for the treatment of tendinopathies. Current sports medicine reports. 2013 May 1;12(3):175-82. <br \/>[16]. Stanish WD, Rubinovich RM, Curwin S. Eccentric exercise in chronic tendinitis. Clinical orthopaedics and related research. 1986 Jul 1(208):65-8.<br \/>[17]. Hansen M, Kongsgaard M, Holm L, Skovgaard D, Magnusson SP, Qvortrup K, Larsen JO, Aagaard P, Dahl M, Serup A, Frystyk J. Effect of estrogen on tendon collagen synthesis, tendon structural characteristics, and biomechanical properties in postmenopausal women. Journal of Applied Physiology. 2009 Apr;106(4):1385-93. <br \/>[18]. Sayana MK, Maffulli N. Eccentric calf muscle training in non-athletic patients with Achilles tendinopathy. Journal of Science and Medicine in Sport. 2007 Feb 1;10(1):52-8. <br \/>[19]. Gr\u00e4vare Silbernagel K, Thomee R, Thomee P, Karlsson J. Eccentric overload training for patients with chronic Achilles tendon pain\u2013a randomised controlled study with reliability testing of the evaluation methods. Scandinavian journal of medicine &amp; science in sports. 2001 Aug;11(4):197-206. <br \/>[20]. N\u00f8rregaard J, Larsen CC, Bieler T, Langberg H. Eccentric exercise in the treatment of Achilles tendinopathy. Scandinavian journal of medicine &amp; science in sports. 2007 Apr;17(2):133-8.<\/p>\n<p style=\"text-align: justify;\">\n\t\t\t <div class=\"promo1\" style=\"background-color:#f7f7f7; border-color: #3498db #e8e6e6 #e8e6e6;\">\n             \t <span style=\"color: #3498db;\"><strong>Cite this article:<\/strong><\/span> Aishwarya Sanjay Patil, Poonam H Patil. Effectiveness of Eccentric Exercise Training on Chronic Achilles Tendinopathy in Postmenopausal Women. Int J Physiother Res 2023;11(4):4598-4605. DOI: 10.16965\/ijpr.2023.141 \n             <\/div>\t\n\t\t\n\n\n<p><\/p>\n","protected":false},"excerpt":{"rendered":"<p>Type of Article: \u00a0Original Research Volume 11; Issue 4 (August 2023) Page No.: 4598-4605 DOI:\u00a0https:\/\/dx.doi.org\/10.16965\/ijpr.2023.141 Effectiveness of Eccentric Exercise Training on Chronic Achilles Tendinopathy in Postmenopausal Women Aishwarya Sanjay Patil 1, Poonam H Patil *2. 1 Intern, Department of Physiotherapy, Faculty of Physiotherapy, Krishna Institute of Medical Sciences \u201cDeemed to be\u201d University Karad- 415539, Maharashtra,<br \/><a class=\"moretag\" href=\"https:\/\/www.ijmhr.org\/IntJPhysiotherRes\/ijpr-2023-141\">+ Read More<\/a><\/p>\n","protected":false},"author":1,"featured_media":0,"parent":0,"menu_order":0,"comment_status":"closed","ping_status":"open","template":"","meta":{"footnotes":""},"class_list":["post-1244","page","type-page","status-publish","hentry"],"_links":{"self":[{"href":"https:\/\/www.ijmhr.org\/IntJPhysiotherRes\/wp-json\/wp\/v2\/pages\/1244"}],"collection":[{"href":"https:\/\/www.ijmhr.org\/IntJPhysiotherRes\/wp-json\/wp\/v2\/pages"}],"about":[{"href":"https:\/\/www.ijmhr.org\/IntJPhysiotherRes\/wp-json\/wp\/v2\/types\/page"}],"author":[{"embeddable":true,"href":"https:\/\/www.ijmhr.org\/IntJPhysiotherRes\/wp-json\/wp\/v2\/users\/1"}],"replies":[{"embeddable":true,"href":"https:\/\/www.ijmhr.org\/IntJPhysiotherRes\/wp-json\/wp\/v2\/comments?post=1244"}],"version-history":[{"count":1,"href":"https:\/\/www.ijmhr.org\/IntJPhysiotherRes\/wp-json\/wp\/v2\/pages\/1244\/revisions"}],"predecessor-version":[{"id":1249,"href":"https:\/\/www.ijmhr.org\/IntJPhysiotherRes\/wp-json\/wp\/v2\/pages\/1244\/revisions\/1249"}],"wp:attachment":[{"href":"https:\/\/www.ijmhr.org\/IntJPhysiotherRes\/wp-json\/wp\/v2\/media?parent=1244"}],"curies":[{"name":"wp","href":"https:\/\/api.w.org\/{rel}","templated":true}]}}