{"id":1191,"date":"2023-02-11T14:06:00","date_gmt":"2023-02-11T14:06:00","guid":{"rendered":"https:\/\/www.ijmhr.org\/IntJPhysiotherRes\/?page_id=1191"},"modified":"2023-02-11T14:06:00","modified_gmt":"2023-02-11T14:06:00","slug":"ijpr-2022-179","status":"publish","type":"page","link":"https:\/\/www.ijmhr.org\/IntJPhysiotherRes\/ijpr-2022-179","title":{"rendered":"IJPR.2022.179"},"content":{"rendered":"<p style=\"text-align: justify;\"><div class=\"su-row\"><div class=\"su-column su-column-size-1-2\"><div class=\"su-column-inner su-u-clearfix su-u-trim\"><div class=\"su-button-center\"><a href=\"https:\/\/www.ijmhr.org\/ijpr.11.1\/IJPR.2022.179.pdf\" class=\"su-button su-button-style-default\" style=\"color:#FFFFFF;background-color:#3498db;border-color:#2a7ab0;border-radius:5px\" target=\"_self\"><span style=\"color:#FFFFFF;padding:6px 16px;font-size:13px;line-height:20px;border-color:#71b7e6;border-radius:5px;text-shadow:none\"><i class=\"sui sui-cloud-download\" style=\"font-size:13px;color:#FFFFFF\"><\/i> DOWNLOAD PDF<\/span><\/a><\/div><\/div><\/div> <div class=\"su-column su-column-size-1-2\"><div class=\"su-column-inner su-u-clearfix su-u-trim\"><div class=\"su-button-center\"><a href=\"https:\/\/www.ijmhr.org\/ijpr_vol11_1.html\" class=\"su-button su-button-style-default\" style=\"color:#FFFFFF;background-color:#3498db;border-color:#2a7ab0;border-radius:5px\" target=\"_self\"><span style=\"color:#FFFFFF;padding:6px 16px;font-size:13px;line-height:20px;border-color:#71b7e6;border-radius:5px;text-shadow:none\"><i class=\"sui sui-book\" style=\"font-size:13px;color:#FFFFFF\"><\/i> Table of Contents<\/span><\/a><\/div><\/div><\/div><\/div>\n<h3 style=\"text-align: justify;\"><strong>Type of Article:<\/strong> \u00a0Original Research<\/h3>\n<h3 style=\"text-align: justify;\"><strong>Volume 11; Issue 1 (February 2023)<\/strong><\/h3>\n<h3 style=\"text-align: justify;\"><strong>Page No.:<\/strong> 4431-4435<\/h3>\n<h3 style=\"text-align: justify;\"><strong>DOI:\u00a0<\/strong>https:\/\/dx.doi.org\/10.16965\/ijpr.2022.179<\/h3>\n<h3 style=\"text-align: justify;\">Effect of Circuit Training on Fatigue in Pulmonary Rehabilitation in Post-COVID Survivors<\/h3>\n<p><strong>Trupti Patil *<sup>1<\/sup>, Poonam Patil <sup>2<\/sup><\/strong>.<\/p>\n<p><sup>1 <\/sup>Intern, Krishna Institute of Medical Sciences \u201cDeemed to be\u201d University, Karad, Maharashtra, India.<\/p>\n<p><sup>*2 <\/sup>Assistant professor of Cardiopulmonary Sciences, Krishna Institute of Medical Sciences \u201cDeemed to be\u201d University, Karad, Maharashtra, India.<\/p>\n<p><strong>Corresponding Author: <\/strong>Dr. Poonam Patil, Assistant Professor, Department of Cardiopulmonary Sciences, Faculty of Physiotherapy, KIMS \u201cDeemed To Be University\u201d, Karad, Maharashtra, India. Pin 415110 \u00a0Phone number-8806111153 <strong>E-Mail:<\/strong> dr.ppatil8388@gmail.com<\/p>\n<p style=\"text-align: justify;\"><strong>ABSTRACT<\/strong><\/p>\n<p style=\"text-align: justify;\"><strong>Background<\/strong>: The patient recovered from Coronavirus infection and developed post-Coronavirus complications. Coronavirus will cause a month-long period of clinical symptoms, including fatigue, post-exercise discomfort, and breathlessness. A post-COVID-19 syndrome is a name given to this disorder. Fatigue is the main persistent symptom after covid infection.<\/p>\n<p><strong>Aims<\/strong>: To study the effect of circuit training on fatigue in pulmonary rehabilitation in post-covid survivors.<\/p>\n<p style=\"text-align: justify;\"><strong>Methods and Material<\/strong>: forty subjects post-covid survivors between the age group of 20-50 years, were selected for the study. They were bounded in a single group. The pre and post-treatment outcome measure was the fatigue assessment scale, borg scale, and 6-minute walk distance test used. The circuit training program was given to the subject which included warm-up exercises, specific exercises, strengthening exercises, and cool-down exercises for four weeks.<\/p>\n<p><strong>Statistical analysis used<\/strong>: Statistical analysis was done by using INSTAT software, version 3.06 with paired <em>t<\/em> test.<\/p>\n<p><strong>Results: <\/strong>In a conducted study, Fatigue assessment score, Borg score, and 6 min walk distance test showed a statistically significant difference between pre- and post-treatment values.<\/p>\n<p style=\"text-align: justify;\"><strong>Conclusions<\/strong>: This study concludes that circuit training program had significantly improved clinically and statistically fatigue in post-covid survivors.<\/p>\n<p><strong>Keywords<\/strong>: Circuit Training Program, Fatigue, Post-Covid Survivors, Pulmonary Rehabilitation.<\/p>\n<p style=\"text-align: justify;\"><strong>REFERENCES<\/strong><\/p>\n<p style=\"text-align: justify;\">[1]. Nalbandian A, Sehgal K, Gupta A, et al. Post-acute COVID-19 syndrome. Nat Med. 2021;27(4):601-615. doi:10.1038\/s41591-021-01283-z<br \/>[2]. Jimeno-Almaz\u00e1n A, Pallar\u00e9s JG, Buend\u00eda-Romero \u00c1, et al. Post-COVID-19 Syndrome and the Potential Benefits of Exercise. Int J Environ Res Public Health. 2021;18(10):5329. Published 2021 May 17. doi:10.3390\/ijerph18105329<br \/>[3]. Rathod K D, Kang J K, Effects of aerobic exercise on fatigue level and quality of life in type-2 dibetes people, a cross-sectional observational study. J soc Indian. 2020;4(1):3-5. Doi: 10.18231\/j.jsip.2020.002<br \/>[4]. Kress JP, Hall JB. ICU-acquired weakness and recovery from critical illness. N Engl J Med. 2014;370(17):1626-1635. doi:10.1056\/NEJMra1209390<br \/>[5]. Thomas P, Baldwin C, Bissett B, et al. Physiotherapy management for COVID-19 in the acute hospital setting: clinical practice recommendations. J Physiother. 2020;66(2):73-82. doi:10.1016\/j.jphys.2020.03.011<br \/>[6]. Sandler CX, Wyller VB, Moss-Morris R, Buchwald D, Crawley E, Hautvast J, Katz BZ, Knoop H, Little P, Taylor R, Wensaas KA. Long COVID and post-infective fatigue syndrome: a review. InOpen forum infectious diseases 2021 Oct (Vol. 8, No. 10, p. ofab440). US: Oxford University Press.<br \/>[7]. Ruegsegger GN, Booth FW. Health Benefits of Exercise. Cold Spring Harb Perspect Med. 2018;8(7):a029694. Published 2018 Jul 2. doi:10.1101\/cshperspect.a029694<br \/>[8]. Heiston EM, Eichner NZ, Gilbertson NM, Malin SK. Exercise improves adiposopathy, insulin sensitivity and metabolic syndrome severity independent of intensity. Exp Physiol. 2020;105(4):632-640. doi:10.1113\/EP088158<br \/>[9]. Fiuza-Luces C, Garatachea N, Berger NA, Lucia A. Exercise is the real polypill. Physiology (Bethesda). 2013;28(5):330-358. doi:10.1152\/physiol.00019.2013<br \/>[10]. Posadzki P, Pieper D, Bajpai R, Makaruk H, K\u00f6nsgen N, Neuhaus AL, Semwal M. Exercise\/physical activity and health outcomes: an overview of Cochrane systematic reviews. BMC public health. 2020 Dec;20(1):1-2.<br \/>[11]. Rochester CL, Spruit MA, Holland AE. Pulmonary Rehabilitation in 2021. JAMA. 2021 Sep 14;326(10):969-70.<br \/>[12]. O&#8217;Sullivan, Susan B.; Schmitz, Thomas J.; and Fulk, George D., &#8220;Physical Rehabilitation, 6th edition&#8221; (2014). <br \/>[13]. Hill NS. Pulmonary rehabilitation. Proc Am Thorac Soc. 2006;3(1):66-74. doi:10.1513\/pats.200511-121JH<br \/>[14]. Romero-Arenas S, Blazevich AJ, Mart\u00ednez-Pascual M, et al. Effects of high-resistance circuit training in an elderly population. Exp Gerontol. 2013;48(3):334-340. doi:10.1016\/j.exger.2013.01.007<br \/>[15]. Kumar P. The effect of circuit training on cardiovascular endurance of high school boys. Global Journal of Human Social Science, Arts, Humanities &amp; Psychology, Diakses. 2013;2:13.<br \/>[16]. Eksombatchai D, Wongsinin T, Phongnarudech T, Thammavaranucupt K, Amornputtisathaporn N, Sungkanuparph S. Pulmonary function and six-minute-walk test in patients after recovery from COVID-19: A prospective cohort study. PLoS One. 2021;16(9):e0257040. Published 2021 Sep 2. doi:10.1371\/journal.pone.0257040<br \/>[17]. Ikenna, U. C., Ngozichi, O. G., Ijeoma, I., Ijeoma, N., Ifeanyichukwu, N., &amp; Martin, O. C. Effect of Circuit Training on the Cardiovascular Endurance and Quality of Life: Findings from an Apparently Healthy Female Adult Population. Journal of Applied Life Sciences International, 2020;23(3):1-8. doi:10.9734\/jalsi\/2020 23330148<\/p>\n<p style=\"text-align: justify;\">\n\t\t\t <div class=\"promo1\" style=\"background-color:#f7f7f7; border-color: #3498db #e8e6e6 #e8e6e6;\">\n             \t <span style=\"color: #3498db;\"><strong>Cite this article:<\/strong><\/span> Trupti Patil, Poonam Patil. Effect of Circuit Training on Fatigue in Pulmonary Rehabilitation in Post-COVID Survivors. Int J Physiother Res 2023;11(1):4431-4435. DOI: 10.16965\/ijpr.2022.179 \n             <\/div>\t\n\t\t\n\n\n<p><\/p>\n","protected":false},"excerpt":{"rendered":"<p>Type of Article: \u00a0Original Research Volume 11; Issue 1 (February 2023) Page No.: 4431-4435 DOI:\u00a0https:\/\/dx.doi.org\/10.16965\/ijpr.2022.179 Effect of Circuit Training on Fatigue in Pulmonary Rehabilitation in Post-COVID Survivors Trupti Patil *1, Poonam Patil 2. 1 Intern, Krishna Institute of Medical Sciences \u201cDeemed to be\u201d University, Karad, Maharashtra, India. *2 Assistant professor of Cardiopulmonary Sciences, Krishna Institute<br \/><a class=\"moretag\" href=\"https:\/\/www.ijmhr.org\/IntJPhysiotherRes\/ijpr-2022-179\">+ Read More<\/a><\/p>\n","protected":false},"author":1,"featured_media":0,"parent":0,"menu_order":0,"comment_status":"closed","ping_status":"open","template":"","meta":{"footnotes":""},"class_list":["post-1191","page","type-page","status-publish","hentry"],"_links":{"self":[{"href":"https:\/\/www.ijmhr.org\/IntJPhysiotherRes\/wp-json\/wp\/v2\/pages\/1191"}],"collection":[{"href":"https:\/\/www.ijmhr.org\/IntJPhysiotherRes\/wp-json\/wp\/v2\/pages"}],"about":[{"href":"https:\/\/www.ijmhr.org\/IntJPhysiotherRes\/wp-json\/wp\/v2\/types\/page"}],"author":[{"embeddable":true,"href":"https:\/\/www.ijmhr.org\/IntJPhysiotherRes\/wp-json\/wp\/v2\/users\/1"}],"replies":[{"embeddable":true,"href":"https:\/\/www.ijmhr.org\/IntJPhysiotherRes\/wp-json\/wp\/v2\/comments?post=1191"}],"version-history":[{"count":1,"href":"https:\/\/www.ijmhr.org\/IntJPhysiotherRes\/wp-json\/wp\/v2\/pages\/1191\/revisions"}],"predecessor-version":[{"id":1192,"href":"https:\/\/www.ijmhr.org\/IntJPhysiotherRes\/wp-json\/wp\/v2\/pages\/1191\/revisions\/1192"}],"wp:attachment":[{"href":"https:\/\/www.ijmhr.org\/IntJPhysiotherRes\/wp-json\/wp\/v2\/media?parent=1191"}],"curies":[{"name":"wp","href":"https:\/\/api.w.org\/{rel}","templated":true}]}}