{"id":1161,"date":"2022-10-10T16:10:54","date_gmt":"2022-10-10T16:10:54","guid":{"rendered":"https:\/\/www.ijmhr.org\/IntJPhysiotherRes\/?page_id=1161"},"modified":"2022-10-10T16:10:54","modified_gmt":"2022-10-10T16:10:54","slug":"ijpr-2022-156","status":"publish","type":"page","link":"https:\/\/www.ijmhr.org\/IntJPhysiotherRes\/ijpr-2022-156","title":{"rendered":"IJPR.2022.156"},"content":{"rendered":"<p style=\"text-align: justify;\"><div class=\"su-row\"><div class=\"su-column su-column-size-1-2\"><div class=\"su-column-inner su-u-clearfix su-u-trim\"><div class=\"su-button-center\"><a href=\"https:\/\/www.ijmhr.org\/ijpr.10.5\/IJPR.2022.156.pdf\" class=\"su-button su-button-style-default\" style=\"color:#FFFFFF;background-color:#3498db;border-color:#2a7ab0;border-radius:5px\" target=\"_self\"><span style=\"color:#FFFFFF;padding:6px 16px;font-size:13px;line-height:20px;border-color:#71b7e6;border-radius:5px;text-shadow:none\"><i class=\"sui sui-cloud-download\" style=\"font-size:13px;color:#FFFFFF\"><\/i> DOWNLOAD PDF<\/span><\/a><\/div><\/div><\/div> <div class=\"su-column su-column-size-1-2\"><div class=\"su-column-inner su-u-clearfix su-u-trim\"><div class=\"su-button-center\"><a href=\"https:\/\/www.ijmhr.org\/ijpr_vol10_5.html\" class=\"su-button su-button-style-default\" style=\"color:#FFFFFF;background-color:#3498db;border-color:#2a7ab0;border-radius:5px\" target=\"_self\"><span style=\"color:#FFFFFF;padding:6px 16px;font-size:13px;line-height:20px;border-color:#71b7e6;border-radius:5px;text-shadow:none\"><i class=\"sui sui-book\" style=\"font-size:13px;color:#FFFFFF\"><\/i> Table of Contents<\/span><\/a><\/div><\/div><\/div><\/div>\n<h3 style=\"text-align: justify;\"><strong>Type of Article:<\/strong> \u00a0Original Research<\/h3>\n<h3 style=\"text-align: justify;\"><strong>Volume 10; Issue 5 (October 2022)<\/strong><\/h3>\n<h3 style=\"text-align: justify;\"><strong>Page No.:<\/strong> 4364-4368<\/h3>\n<h3 style=\"text-align: justify;\"><strong>DOI:\u00a0<\/strong>https:\/\/dx.doi.org\/10.16965\/ijpr.2022.156<\/h3>\n<h3 style=\"text-align: justify;\">Effect of Gleno-humeral-capsulo-Ligamentous Stretch Maneuvers on Range of motion in Bilateral Frozen Shoulder<\/h3>\n<p style=\"text-align: justify;\"><strong>Mariya Shahjahan *<sup>1<\/sup>, Smita Patil <sup>2<\/sup>.<\/strong><\/p>\n<p><sup>*1<\/sup> Intern, Department of physiotherapy, Krishna Institute of Medical Sciences \u201cDeemed to be\u201d University, Karad, Maharashtra, India.<\/p>\n<p style=\"text-align: justify;\"><sup>2<\/sup> Head of Sports department, Department of physiotherapy, Krishna Institute of Medical Sciences \u201cDeemed to be\u201d University,Karad, Maharashtra, India.<\/p>\n<p><strong>Address of correspondence<\/strong>: MariyaShahjahan, Department of Physiotherapy, Krishna Institute of Medical sciences deemed to be University, Karad, Maharashtra, India. Pin code &#8211; 415539. Phone number \u2013 8412971130 <strong>E-Mail:<\/strong> drmariyashahjahan@gmail.com<\/p>\n<p><strong>ORCiD:<\/strong><\/p>\n<p><strong>Mariya shahjahan: <\/strong>0000-0003-0823-6686<\/p>\n<p><strong>Smita patil: <\/strong>0000-0002-4434-9381<\/p>\n<p><strong>ABSTRACT<\/strong><\/p>\n<p style=\"text-align: justify;\"><strong>Background: <\/strong>Painful restriction of shoulder movement, without an underlying cause, which results in complete loss of motion of the glenohumeral joint is called Frozen Shoulder. The process is started with an inflammation of the lining of the joint within the shoulder. Gradually this area thickens and results in the shoulder becoming stiffer and more painful. It\u00a0 is seen commonly at the age of 40-65 years and more often in women. Overall, this condition affects work, leisure, and quality of life. Frozen shoulder often progresses in three stages: the freezing, frozen and thawing phases. Risk factors for frozen shoulder are diabetes, thyroid, history of shoulder trauma, cervical radiculopathy, post-operative immobilization, and shoulder surgery. Cyriax described the typical capsular patterns of the gle\u00adno humeral joint in the frozen shoulder with abduction more limited than external rotation, and external rota\u00adtion more limited than internalrotation. This study aims to establish the effect of gleno humeral capsulo ligamentous stretch maneuvers on bilateral frozen shoulder.<\/p>\n<p style=\"text-align: justify;\"><strong>Methods: <\/strong>A total of 40 subjects diagnosed with bilateral frozen shoulder were selected for the study. Subjects received low load prolonged stretching, mobilization and shoulder range of motion exercises. Each session was conducted for 30 minutes duration, 5 days per week for 4 weeks. Outcome measures used were Numerical pain rating scale (NPRS), Goniometer and Shoulder Pain and Disability Index (SPADI).<\/p>\n<p style=\"text-align: justify;\"><strong>Results: <\/strong>The results of the study demonstrate that there was a significant effect of gleno humeral capsulo ligamentous stretch on numerical pain rating scale (p&lt;0.0001), range of motion (Shoulder flexion, abduction, internal rotation and external rotation (p&lt;0.0001), Shoulder pain and disability index (p&lt;0.0001) during the pre and post intervention assessment<strong>.<\/strong><\/p>\n<p style=\"text-align: justify;\"><strong>Conclusion: <\/strong>It is concluded that that the use of low load prolonged stretch and mobilization was very effective in reducing pain and improving range of\u00a0 motion. Shoulder range of motion exercises was effective in improving strength and flexibility of shoulder musculature.<\/p>\n<p style=\"text-align: justify;\"><strong>Keywords: <\/strong>Low load prolonged stretch, mobilization, numerical pain rating scale, Shoulder pain and \u00a0disability index, Bilateral frozen shoulder.<\/p>\n<p style=\"text-align: justify;\"><strong>REFERENCES<\/strong><\/p>\n<p style=\"text-align: justify;\">[1]. SamikshaSathe, SukhnaKaurKhurana, UmanjaliDamke, Prerna V. Agrawal. To Compare the Effects of Maitland Mobilization with Conventional Physiotherapy in Adhesive Capsulitis. International Journal of Current Research and Review, 2020;12(14).<br \/>[2]. \u0130remD\u00fczg\u00fcn,G\u00fclBaltac\u0131, \u00d6zg\u00fcrAhmetAtay, Manual therapy is an effective treatment for frozen shoulder in diabetics: An observational study. Joint Diseases and Related Surgery, 2012;23(2):94-99.<br \/>[3]. Gary lentell, Thomas Hetherington leff Eagan, Mark Morgan.The Use of Thermal Agents to Influence the Effectiveness of a Low-Load Prolonged Stretch. Journal of Orthopaedic&amp; Sports Physical Therapy 1992;16(5).<br \/>[4]. Antony Paul, Joshua Samuel Rajkumar,Smita Peter, Litson Lambert. Effectiveness of Sustained Stretching of the Inferior Capsule in the Management of a Frozen Shoulder. The Association of Bone and Joint Surgeons 2014;472:2262\u20132268.<br \/>[5]. Shahbaz Nawaz Ansari, I. Lourdhuraj, Shikhsha Shah, Nikita Patel. Effect of Ultrasound Therapy with End range mobilization over Cryotherapy with Capsular stretching on pain in Frozen Shoulder \u2013 A Comparative Study. International Journal of Current Research and Review, 2012;04(24).<br \/>[6]. Derya\u00c7elik and Ebru Kaya Mutlu. Effectiveness of joint mobilization combined withmanual stretching exercises in frozen shoulder: Arandomized, controlled pilot study. Clinical Rehabilitation, 2015.<br \/>[7]. Hui Bin Yvonne Chan, Pek Ying Pua, Choon.How Physical therapy in the management of frozen shoulder. Singapore Med J 2017;58(12):685-689.<\/p>\n<p style=\"text-align: justify;\">\n\t\t\t <div class=\"promo1\" style=\"background-color:#f7f7f7; border-color: #3498db #e8e6e6 #e8e6e6;\">\n             \t <span style=\"color: #3498db;\"><strong>Cite this article:<\/strong><\/span> Mariya Shahjahan, Smita Patil.\u00a0 Effect of Gleno-humeral-capsulo-Ligamentous Stretch Maneuvers on Range of motion in Bilateral Frozen Shoulder. Int J Physiother Res 2022;10(5):4364-4368. DOI: 10.16965\/ijpr.2022.156 \n             <\/div>\t\n\t\t\n\n\n<p><\/p>\n","protected":false},"excerpt":{"rendered":"<p>Type of Article: \u00a0Original Research Volume 10; Issue 5 (October 2022) Page No.: 4364-4368 DOI:\u00a0https:\/\/dx.doi.org\/10.16965\/ijpr.2022.156 Effect of Gleno-humeral-capsulo-Ligamentous Stretch Maneuvers on Range of motion in Bilateral Frozen Shoulder Mariya Shahjahan *1, Smita Patil 2. *1 Intern, Department of physiotherapy, Krishna Institute of Medical Sciences \u201cDeemed to be\u201d University, Karad, Maharashtra, India. 2 Head of Sports<br \/><a class=\"moretag\" href=\"https:\/\/www.ijmhr.org\/IntJPhysiotherRes\/ijpr-2022-156\">+ Read More<\/a><\/p>\n","protected":false},"author":1,"featured_media":0,"parent":0,"menu_order":0,"comment_status":"closed","ping_status":"open","template":"","meta":{"footnotes":""},"class_list":["post-1161","page","type-page","status-publish","hentry"],"_links":{"self":[{"href":"https:\/\/www.ijmhr.org\/IntJPhysiotherRes\/wp-json\/wp\/v2\/pages\/1161"}],"collection":[{"href":"https:\/\/www.ijmhr.org\/IntJPhysiotherRes\/wp-json\/wp\/v2\/pages"}],"about":[{"href":"https:\/\/www.ijmhr.org\/IntJPhysiotherRes\/wp-json\/wp\/v2\/types\/page"}],"author":[{"embeddable":true,"href":"https:\/\/www.ijmhr.org\/IntJPhysiotherRes\/wp-json\/wp\/v2\/users\/1"}],"replies":[{"embeddable":true,"href":"https:\/\/www.ijmhr.org\/IntJPhysiotherRes\/wp-json\/wp\/v2\/comments?post=1161"}],"version-history":[{"count":1,"href":"https:\/\/www.ijmhr.org\/IntJPhysiotherRes\/wp-json\/wp\/v2\/pages\/1161\/revisions"}],"predecessor-version":[{"id":1168,"href":"https:\/\/www.ijmhr.org\/IntJPhysiotherRes\/wp-json\/wp\/v2\/pages\/1161\/revisions\/1168"}],"wp:attachment":[{"href":"https:\/\/www.ijmhr.org\/IntJPhysiotherRes\/wp-json\/wp\/v2\/media?parent=1161"}],"curies":[{"name":"wp","href":"https:\/\/api.w.org\/{rel}","templated":true}]}}