{"id":1124,"date":"2022-06-10T18:08:09","date_gmt":"2022-06-10T18:08:09","guid":{"rendered":"http:\/\/www.ijmhr.org\/IntJPhysiotherRes\/?page_id=1124"},"modified":"2022-06-10T18:08:09","modified_gmt":"2022-06-10T18:08:09","slug":"ijpr-2022-121","status":"publish","type":"page","link":"https:\/\/www.ijmhr.org\/IntJPhysiotherRes\/ijpr-2022-121","title":{"rendered":"IJPR.2022.121"},"content":{"rendered":"<p style=\"text-align: justify;\"><div class=\"su-row\"><div class=\"su-column su-column-size-1-2\"><div class=\"su-column-inner su-u-clearfix su-u-trim\"><div class=\"su-button-center\"><a href=\"https:\/\/www.ijmhr.org\/ijpr.10.3\/IJPR.2022.121.pdf\" class=\"su-button su-button-style-default\" style=\"color:#FFFFFF;background-color:#3498db;border-color:#2a7ab0;border-radius:5px\" target=\"_self\"><span style=\"color:#FFFFFF;padding:6px 16px;font-size:13px;line-height:20px;border-color:#71b7e6;border-radius:5px;text-shadow:none\"><i class=\"sui sui-cloud-download\" style=\"font-size:13px;color:#FFFFFF\"><\/i> DOWNLOAD PDF<\/span><\/a><\/div><\/div><\/div> <div class=\"su-column su-column-size-1-2\"><div class=\"su-column-inner su-u-clearfix su-u-trim\"><div class=\"su-button-center\"><a href=\"https:\/\/www.ijmhr.org\/ijpr_vol10_3.html\" class=\"su-button su-button-style-default\" style=\"color:#FFFFFF;background-color:#3498db;border-color:#2a7ab0;border-radius:5px\" target=\"_self\"><span style=\"color:#FFFFFF;padding:6px 16px;font-size:13px;line-height:20px;border-color:#71b7e6;border-radius:5px;text-shadow:none\"><i class=\"sui sui-book\" style=\"font-size:13px;color:#FFFFFF\"><\/i> Table of Contents<\/span><\/a><\/div><\/div><\/div><\/div>\n<h3 style=\"text-align: justify;\"><strong>Type of Article:<\/strong> \u00a0Meta-Analysis<\/h3>\n<h3 style=\"text-align: justify;\"><strong>Volume 10; Issue 3 (June 2022)<\/strong><\/h3>\n<h3 style=\"text-align: justify;\"><strong>Page No.:<\/strong> 4225-4242<\/h3>\n<h3 style=\"text-align: justify;\"><strong>DOI:\u00a0<\/strong>https:\/\/dx.doi.org\/10.16965\/ijpr.2022.121<\/h3>\n<h3 style=\"text-align: justify;\">Rehabilitation Interventions Using Immersive Virtual Reality for People With Parkinson\u2019s Disease: A Systematic Review and Meta-Analysis<\/h3>\n<p style=\"text-align: justify;\"><strong>Patrice Piette *, Bastien Fraudet, Constant Vinatier,\u00a0 Emilie Leblong, Philippe Galien.<\/strong><\/p>\n<p>Pole St Helier, rehabilitation centre, clinical research department, 35 000 Rennes Britanny France.<\/p>\n<p style=\"text-align: justify;\"><strong>Corresponding Author:<\/strong> \u00a0Patrice Piette, Centre de r\u00e9\u00e9ducation P\u00f4le St Helier, rue St Helier, 35000 Rennes, Britanny, France. Mobile. \u00a0[33] 0681264490.\u00a0<strong>E-Mail:<\/strong> patrice.piette@pole-sthelier.com<\/p>\n<p style=\"text-align: justify;\"><strong>ABSTRACT<\/strong><\/p>\n<p style=\"text-align: justify;\"><strong>Background: <\/strong>Research into motor rehabilitation using Immersive Virtual Reality [Immersive Virtual Reality] for people with Parkinson\u2019s Disease s rapidly growing in popularity. The aims of this review were to investigate the effect of VR interventions on lower limb and upper limb function in people with Parkinson&#8217;s disease and determine whether the type of virtual reality intervention used influences intervention effect.<\/p>\n<p style=\"text-align: justify;\"><strong>Method: <\/strong>Seven databases [PubMed, EMBASE, Scopus, CINAHL, SPORTDiscus, TRIP database, google scholar] were searched using keywords relating to Parkinson&#8217;s disease, immersive virtual reality and lower limb.<\/p>\n<p style=\"text-align: justify;\"><strong>Results: <\/strong>Sixteen articles were included: two randomised controlled trials and fourteen quasi-experimental designs. Augmented reality or immersive virtual reality technologies were used in interventions. Three studies looked at the upper limb, and thirteen the lower limb. For the upper limb, the box and block test was used in two studies but only one produced relevant data for meta-analysis. For the lower limb, six studies had relevant data [gait analysis] for meta-analysis: Using Augmented Reality, cadence, standardised mean difference = -0.08, 95% CI [\u20100.54 to 0.28], I2 = 52%; Length standardised mean difference= -0.00, 95% CI [\u20100.21 to 0.20], I2= 0%; Speed standardised mean difference= -0.08, 95% CI [\u20100.32 to 0.16], I2= 0%. Using Immersive Virtual Reality, cadence standardised mean difference = -0.16, 95% CI [ \u20101.89 to 2.21], I2 = 71%; Length standardised mean difference= -0.28, 95% CI [\u20101.73 to 1.13], I2=44%; Speed standardised mean difference= -0.06, 95% CI [\u20101.44 to 1.34], I2=71%.<\/p>\n<p style=\"text-align: justify;\"><strong>Conclusion: <\/strong>There is therefore no clear evidence that either Immersive Virtual Reality or Augmented Reality is effective in improving motor function in the lower limb or upper limb. There is no clear consensus on which virtual reality-based approach out of Augmented Reality or Immersive Virtual Reality is the most effective. Moreover, risk of bias is high as many of the studies used non-randomised methods.<\/p>\n<p style=\"text-align: justify;\"><strong>Keywords:<\/strong> Parkinson\u2019s disease, Rehabilitation, Virtual reality, Augmented reality, gait.<\/p>\n<p style=\"text-align: justify;\"><strong>REFERENCES<\/strong><\/p>\n<p style=\"text-align: justify;\">[1]. Pringsheim T, Jette N, Frolkis A, Steeves TDL. The prevalence of Parkinson\u2019s disease: A systematic review and meta-analysis. Mov Disord. 2014;29[13]:1583\u201390.<br \/>[2]. Berg D, Postuma RB, Bloem B, Chan P, Dubois B, Gasser T, et al. Time to Redefine PD? Introductory Statement of the MDS Task Force on the Definition of Parkinson\u2019s Disease. Mov Disord. 2014 Apr;29[4]:454\u201362.<br \/>[3]. Canning CG, Paul SS, Nieuwboer A. Prevention of falls in Parkinson\u2019s disease: a review of fall risk factors and the role of physical interventions. Neurodegener Dis Manag. 2014;4[3]:203\u201321.<br \/>[4]. van der Marck MA, Munneke M, Mulleners W, Hoogerwaard EM, Borm GF, Overeem S, et al. Integrated multidisciplinary care in Parkinson\u2019s disease: a non-randomised, controlled trial [IMPACT]. Lancet Neurol. 2013 Oct;12[10]:947\u201356.<br \/>[5]. Fox SH, Katzenschlager R, Lim SY, Barton B, de Bie RMA, Seppi K, et al. International Parkinson and movement disorder society evidence-based medicine review: Update on treatments for the motor symptoms of Parkinson\u2019s disease. Mov Disord Off J Mov Disord Soc. 2018;33[8]:1248\u201366.<br \/>[6]. Tomlinson CL, Patel S, Meek C, Herd CP, Clarke CE, Stowe R, et al. Physiotherapy versus placebo or no intervention in Parkinson\u2019s disease. Cochrane Database Syst Rev. 2013 Sep 10;[9]:CD002817.<br \/>[7]. van Nimwegen M, Speelman AD, Hofman-van Rossum EJM, Overeem S, Deeg DJH, Borm GF, et al. Physical inactivity in Parkinson\u2019s disease. J Neurol. 2011 Dec;258[12]:2214\u201321.<br \/>[8]. Sutherland J, Belec J, Sheikh A, Chepelev L, Althobaity W, Chow BJW, et al. Applying Modern Virtual and Augmented Reality Technologies to Medical Images and Models. J Digit Imaging. 2019 Feb;32[1]:38\u201353.<br \/>[9]. Bohil CJ, Alicea B, Biocca FA. Virtual reality in neuroscience research and therapy. Nat Rev Neurosci. 2011 03;12[12]:752\u201362.<br \/>[10]. Juras G, Brachman A, Michalska J, Kamieniarz A, Paw\u0142owski M, Hadamus A, et al. Standards of Virtual Reality Application in Balance Training Programs in Clinical Practice: A Systematic Review. Games Health J. 2019 Apr;8[2]:101\u201311.<br \/>[11]. Kardong-Edgren S [Suzie], Farra SL, Alinier G, Young HM. A Call to Unify Definitions of Virtual Reality. Clin Simul Nurs. 2019 Jun 1;31:28\u201334.<br \/>[12]. Rousseaux F, Bicego A, Ledoux D, Massion P, Nyssen AS, Faymonville ME, et al. Hypnosis Associated with 3D Immersive Virtual Reality Technology in the Management of Pain: A Review of the Literature. J Pain Res. 2020 May 21;13:1129\u201338.<br \/>[13]. Lauwens Y, Rafaatpoor F, Corbeel K, Broekmans S, Toelen J, Allegaert K. Immersive Virtual Reality as Analgesia during Dressing Changes of Hospitalized Children and Adolescents with Burns: A Systematic Review with Meta-Analysis. Child Basel Switz. 2020 Oct 22;7[11]:E194.<br \/>[14]. Matamala-Gomez M, Donegan T, Bottiroli S, Sandrini G, Sanchez-Vives MV, Tassorelli C. Immersive Virtual Reality and Virtual Embodiment for Pain Relief. Front Hum Neurosci. 2019 Aug 21;13:279.<br \/>[15]. Berryman DR. Augmented reality: a review. Med Ref Serv Q. 2012;31[2]:212\u20138.<br \/>[16]. Negrillo-C\u00e1rdenas J, Jim\u00e9nez-P\u00e9rez JR, Feito FR. The role of virtual and augmented reality in orthopedic trauma surgery: From diagnosis to rehabilitation. Comput Methods Programs Biomed. 2020 Jul 1;191:105407.<br \/>[17]. Hayes MT. Parkinson\u2019s Disease and Parkinsonism. Am J Med. 2019;132[7]:802\u20137.<br \/>[18]. Vojciechowski A, Zotz T, Loureiro AP, Israel V. The International Classification of Functioning, Disability and Health as Applied to Parkinson\u2019s Disease: A Literature Review. Adv Park Dis. 2016 Apr 1;5:29\u201340.<br \/>[19]. Parkinson Evidence Database to Guide Effectiveness [Internet]. [cited 2022 Jan 17]. Available from: https:\/\/www.neuropt.org\/practice-resources\/neurology-section-outcome-measures-recommendations\/parkinson-disease<br \/>[20]. Yorke AM, Trojanowski S, Fritz NE, Ludwa A, Schroeder M. Standardizing Outcome Assessment in Parkinson Disease: A Knowledge Translation Project. J Neurol Phys Ther JNPT. 2021 Jan;45[1]:21\u20137.<br \/>[21]. Lee M, Youm C, Noh B, Park H, Cheon SM. Gait Characteristics under Imposed Challenge Speed Conditions in Patients with Parkinson\u2019s Disease During Overground Walking. Sensors. 2020 Apr 10;20[7]:E2132.<br \/>[22]. Ambrus M, Sanchez JA, Sanchez Miguel JA, Del-Olmo F. Test-retest reliability of stride length-cadence gait relationship in Parkinson\u2019s disease. Gait Posture. 2019 Jun;71:177\u201380.<br \/>[23]. Welzel J, Wendtland D, Warmerdam E, Romijnders R, Elshehabi M, Geritz J, et al. Step Length Is a Promising Progression Marker in Parkinson\u2019s Disease. Sensors. 2021 Mar 25;21[7]:2292.<br \/>[24]. Nieuwboer A, Rochester L, Herman T, Vandenberghe W, Emil GE, Thomaes T, et al. Reliability of the new freezing of gait questionnaire: agreement between patients with Parkinson\u2019s disease and their carers. Gait Posture. 2009 Nov;30[4]:459\u201363.<br \/>[25]. Opara J, Ma\u0142ecki A, Ma\u0142ecka E, Socha T. Motor assessment in Parkinson`s disease. Ann Agric Environ Med. 2017 Sep 21;24[3]:411\u20135.<br \/>[26]. Mathiowetz V, Volland G, Kashman N, Weber K. Adult norms for the Box and Block Test of manual dexterity. Am J Occup Ther Off Publ Am Occup Ther Assoc. 1985 Jun;39[6]:386\u201391.<br \/>[27]. Skorvanek M, Martinez\u2010Martin P, Kovacs N, Rodriguez\u2010Violante M, Corvol J, Taba P, et al. Differences in MDS\u2010UPDRS Scores Based on Hoehn and Yahr Stage and Disease Duration. Mov Disord Clin Pract. 2017 Mar 11;4[4]:536\u201344.<br \/>[28]. Armijo-Olivo S, da Costa BR, Cummings GG, Ha C, Fuentes J, Saltaji H, et al. PEDro or Cochrane to Assess the Quality of Clinical Trials? A Meta-Epidemiological Study. PLoS ONE [Internet]. 2015 Jul 10 [cited 2020 Nov 4];10[7]. Available from: https:\/\/www.ncbi.nlm.nih.gov\/pmc\/articles\/PMC4498768\/<br \/>[29]. Sterne JAC, Savovi\u0107 J, Page MJ, Elbers RG, Blencowe NS, Boutron I, et al. RoB 2: a revised tool for assessing risk of bias in randomised trials. BMJ. 2019 Aug 28;l4898.<br \/>[30]. Worrall J. Why There\u2019s No Cause to Randomize. Br J Philos Sci. 2007 Sep 1;58[3]:451\u201388.<br \/>[31]. Colliver JA, Kucera K, Verhulst SJ. Meta-analysis of quasi-experimental research: are systematic narrative reviews indicated? Med Educ. 2008;42[9]:858\u201365.<br \/>[32]. Portney LG, Watkins MP. Foundations of Clinical Research Applications to Practice. F.A. Davis Company; 2015.<br \/>[33]. Calabr\u00f2 RS, Naro A, Cimino V, Buda A, Paladina G, Di Lorenzo G, et al. Improving motor performance in Parkinson\u2019s disease: a preliminary study on the promising use of the computer assisted virtual reality environment [CAREN]. Neurol Sci. 2020 Apr;41[4]:933\u201341.<br \/>[34]. Cikajlo I, Peterlin Potisk K. Advantages of using 3D virtual reality based training in persons with Parkinson\u2019s disease: a parallel study. J NeuroEngineering Rehabil. 2019 Dec;16[1]:119.<br \/>[35]. Badarny S, Aharon-Peretz J, Susel Z, Habib G, Baram Y. Virtual Reality Feedback Cues for Improvement of Gait in Patients with Parkinson\u2019s Disease. Tremor Hyperkinetic Mov. 2014 Apr 1;4[0]:225.<br \/>[36]. Espay AJ, Baram Y, Dwivedi AK, Shukla R, Gartner M, Gaines L, et al. At-home training with closed-loop augmented-reality cueing device for improving gait in patients with Parkinson disease. J Rehabil Res Dev. 2010;47[6]:573.<br \/>[37]. G\u00f3mez-Jordana LI, Stafford J, Peper C [Lieke] E, Craig CM. Virtual Footprints Can Improve Walking Performance in People With Parkinson\u2019s Disease. Front Neurol. 2018 Aug 17;9:681.<br \/>[38]. Griffin HJ, Greenlaw R, Limousin P, Bhatia K, Quinn NP, Jahanshahi M. The effect of real and virtual visual cues on walking in Parkinson\u2019s disease. J Neurol. 2011 Jun;258[6]:991\u20131000.<br \/>[39]. Janeh O, Fr\u00fcndt O, Sch\u00f6nwald B, Gulberti A, Buhmann C, Gerloff C, et al. Gait Training in Virtual Reality: Short-Term Effects of Different Virtual Manipulation Techniques in Parkinson\u2019s Disease. Cells. 2019 May 6;8[5]:419.<br \/>[40]. Janssen S, Bolte B, Nonnekes J, Bittner M, Bloem BR, Heida T, et al. Usability of Three-dimensional Augmented Visual Cues Delivered by Smart Glasses on [Freezing of] Gait in Parkinson\u2019s Disease. Front Neurol. 2017 Jun 13;8:279.<br \/>[41]. Janssen S, de Ruyter van Steveninck J, Salim HS, Cockx HM, Bloem BR, Heida T, et al. The Effects of Augmented Reality Visual Cues on Turning in Place in Parkinson\u2019s Disease Patients With Freezing of Gait. Front Neurol. 2020 Mar 24;11:185.<br \/>[42]. Kim A, Darakjian N, Finley JM. Walking in fully immersive virtual environments: an evaluation of potential adverse effects in older adults and individuals with Parkinson\u2019s disease. J NeuroEngineering Rehabil. 2017 Dec;14[1]:1\u201312.<br \/>[43]. Lheureux A, Lebleu J, Frisque C, Sion C, Stoquart G, Warlop T, et al. Immersive Virtual Reality to Restore Natural Long-Range Autocorrelations in Parkinson\u2019s Disease Patients\u2019 Gait During Treadmill Walking. Front Physiol. 2020 Sep 23;11:572063.<br \/>[44]. Messier J, Adamovich S, Jack D, Hening W, Sage J, Poizner H. Visuomotor learning in immersive 3D virtual reality in Parkinson\u2019s disease and in aging. Exp Brain Res. 2007 May;179[3]:457\u201374.<br \/>[45]. Penko AL, Streicher MC, Koop MM, Dey T, Rosenfeldt AB, Bazyk AS, et al. Dual-task Interference Disrupts Parkinson\u2019s Gait Across Multiple Cognitive Domains. Neuroscience. 2018 May 21;379:375\u201382.<br \/>[46]. Robles-Garc\u00eda V, Corral-Berganti\u00f1os Y, Espinosa N, Garc\u00eda-Sancho C, Sanmart\u00edn G, Flores J, et al. Effects of movement imitation training in Parkinson\u2019s disease: A virtual reality pilot study. Parkinsonism Relat Disord. 2016 May;26:17\u201323.<br \/>[47]. S\u00e1nchez-Herrera-Baeza P, Cano-de-la-Cuerda R, O\u00f1a-Simba\u00f1a ED, Palacios-Ce\u00f1a D, P\u00e9rez-Corrales J, Cuenca-Zaldivar JN, et al. The Impact of a Novel Immersive Virtual Reality Technology Associated with Serious Games in Parkinson\u2019s Disease Patients on Upper Limb Rehabilitation: A Mixed Methods Intervention Study. Sensors. 2020 Apr 11;20[8]:2168.<br \/>[48]. Tunur T, DeBlois A, Yates-Horton E, Rickford K, Columna LA. Augmented reality-based dance intervention for individuals with Parkinson\u2019s disease: A pilot study. Disabil Health J. 2020 Apr;13[2]:100848.<br \/>[49]. Mirelman A, Maidan I, Herman T, Deutsch JE, Giladi N, Hausdorff JM. Virtual reality for gait training: can it induce motor learning to enhance complex walking and reduce fall risk in patients with Parkinson\u2019s disease? J Gerontol A Biol Sci Med Sci. 2011 Feb;66[2]:234\u201340.<br \/>[50]. Park HS, Yoon JW, Kim J, Iseki K, Hallett M. Development of a VR-based treadmill control interface for gait assessment of patients with Parkinson\u2019s disease. IEEE Int Conf Rehabil Robot Proc. 2011;2011:5975463.<br \/>[51]. Gallagher R, Damodaran H, Werner WG, Powell W, Deutsch JE. Auditory and visual cueing modulate cycling speed of older adults and persons with Parkinson\u2019s disease in a Virtual Cycling [V-Cycle] system. J Neuroengineering Rehabil. 2016 Aug 19;13[1]:77.<br \/>[52]. Ma HI, Hwang WJ, Fang JJ, Kuo JK, Wang CY, Leong IF, et al. Effects of virtual reality training on functional reaching movements in people with Parkinson\u2019s disease: a randomized controlled pilot trial. Clin Rehabil. 2011 Oct;25[10]:892\u2013902.<br \/>[53]. de Melo GEL, Kleiner AFR, Lopes JBP, Dumont AJL, Lazzari RD, Galli M, et al. Effect of virtual reality training on walking distance and physical fitness in individuals with Parkinson\u2019s disease. NeuroRehabilitation. 2018;42[4]:473\u201380.<br \/>[54]. Dockx K, Bekkers EM, Van den Bergh V, Ginis P, Rochester L, Hausdorff JM, et al. Virtual reality for rehabilitation in Parkinson\u2019s disease. Cochrane Database Syst Rev. 2016 21;12:CD010760.<br \/>[55]. Santos P, Scaldaferri G, Santos L, Ribeiro N, Neto M, Melo A. Effects of the Nintendo Wii training on balance rehabilitation and quality of life of patients with Parkinson\u2019s disease: A systematic review and meta-analysis. NeuroRehabilitation. 2019;44[4]:569\u201377.<br \/>[56]. Chau B, Humbert S, Shou A. Systemic Literature Review of the Use of Virtual Reality for Rehabilitation in Parkinson Disease. Fed Pract Health Care Prof VA DoD PHS. 2021 Apr;38[Suppl 1]:S20\u20137.<br \/>[57]. Tarsy D. Neuroleptic-induced extrapyramidal reactions: classification, description, and diagnosis. Clin Neuropharmacol. 1983;6 Suppl 1:S9-26.<br \/>[58]. Tonini M, Cipollina L, Poluzzi E, Crema F, Corazza GR, De Ponti F. Clinical implications of enteric and central D2 receptor blockade by antidopaminergic gastrointestinal prokinetics. Aliment Pharmacol Ther. 2004;19[4]:379\u201390.<br \/>[59]. Dickson DW, Ahmed Z, Algom AA, Tsuboi Y, Josephs KA. Neuropathology of variants of progressive supranuclear palsy. Curr Opin Neurol. 2010 Aug;23[4]:394\u2013400.<br \/>[60]. Perju-Dumbrava LD, Kovacs GG, Pirker S, Jellinger K, Hoffmann M, Asenbaum S, et al. Dopamine transporter imaging in autopsy-confirmed Parkinson\u2019s disease and multiple system atrophy. Mov Disord. 2012;27[1]:65\u201371.<br \/>[61]. Fanciulli A, Wenning GK. Multiple-system atrophy. N Engl J Med. 2015 Jan 15;372[3]:249\u201363.<br \/>[62]. Litvan I, Grimes DA, Lang AE. Phenotypes and prognosis: clinicopathologic studies of corticobasal degeneration. Adv Neurol. 2000;82:183\u201396.<br \/>[63]. Armstrong RA. Visual Dysfunction in Parkinson\u2019s Disease. Int Rev Neurobiol. 2017;134:921\u201346.<br \/>[64]. Archibald NK, Clarke MP, Mosimann UP, Burn DJ. The retina in Parkinson\u2019s disease. Brain J Neurol. 2009 May;132[Pt 5]:1128\u201345.<br \/>[65]. Yu JG, Feng YF, Xiang Y, Huang JH, Savini G, Parisi V, et al. Retinal nerve fiber layer thickness changes in Parkinson disease: a meta-analysis. PloS One. 2014;9[1]:e85718.<br \/>[66]. Garcia-Martin E, Larrosa JM, Polo V, Satue M, Marques ML, Alarcia R, et al. Distribution of retinal layer atrophy in patients with Parkinson disease and association with disease severity and duration. Am J Ophthalmol. 2014 Feb;157[2]:470-478.e2.<br \/>[67]. Berliner JM, Kluger BM, Corcos DM, Pelak VS, Gisbert R, McRae C, et al. Patient perceptions of visual, vestibular, and oculomotor deficits in people with Parkinson\u2019s disease. Physiother Theory Pract. 2020 Jun;36[6]:701\u20138.<br \/>[68]. Srivastava A, Sharma R, Sood SK, Shukla G, Goyal V, Behari M. Saccadic eye movements in Parkinson\u2019s disease. Indian J Ophthalmol. 2014 May;62[5]:538\u201344.<br \/>[69]. Diederich NJ, Raman R, Leurgans S, Goetz CG. Progressive worsening of spatial and chromatic processing deficits in Parkinson disease. Arch Neurol. 2002 Aug;59[8]:1249\u201352.<br \/>[70]. Lin TP, Rigby H, Adler JS, Hentz JG, Balcer LJ, Galetta SL, et al. Abnormal visual contrast acuity in Parkinson\u2019s disease. J Park Dis. 2015;5[1]:125\u201330.<br \/>[71]. Woo BH. Analysis of Stability on Single-leg Standing by Wearing a Head Mounted Display. Korean J Sport Biomech. 2017;27[2]:149\u201355.<br \/>[72]. Horiuchi K, Ishihara M, Imanaka K. The essential role of optical flow in the peripheral visual field for stable quiet standing: Evidence from the use of a head-mounted display. PLOS ONE. 2017 Oct 9;12[10]:e0184552.<br \/>[73]. O\u2019Connell C, Mahboobin A, Drexler S, Redfern MS, Perera S, Nau AC, et al. Effects of acute peripheral\/central visual field loss on standing balance. Exp Brain Res. 2017 Nov;235[11]:3261\u201370.<br \/>[74]. Mohler BJ, Creem-Regehr SH, Thompson WB, B\u00fclthoff HH. The Effect of Viewing a Self-Avatar on Distance Judgments in an HMD-Based Virtual Environment. Presence Teleoperators Virtual Environ. 2010 Jun 1;19[3]:230\u201342.<br \/>[75]. Ambrus M, Sanchez JA, Fernandez-del-Olmo M. Walking on a treadmill improves the stride length-cadence relationship in individuals with Parkinson\u2019s disease. Gait Posture. 2019 Feb 1;68:136\u201340.<br \/>[76]. Shulman LM, Katzel LI, Ivey FM, Sorkin JD, Favors K, Anderson KE, et al. Randomized Clinical Trial of 3 Types of Physical Exercise for Patients With Parkinson Disease. JAMA Neurol. 2013 Feb 1;70[2]:183\u201390.<br \/>[77]. Bello O, Marquez G, Fernandez-Del-Olmo M. Effect of Treadmill Walking on Leg Muscle Activation in Parkinson\u2019s Disease. Rejuvenation Res. 2019 Feb 1;22[1]:71\u20138.<\/p>\n<p style=\"text-align: justify;\">\n\t\t\t <div class=\"promo1\" style=\"background-color:#f7f7f7; border-color: #3498db #e8e6e6 #e8e6e6;\">\n             \t <span style=\"color: #3498db;\"><strong>Cite this article:<\/strong><\/span> Patrice Piette, Bastien Fraudet, Constant Vinatier, Emilie Leblong, Philippe Galien.\u00a0 Rehabilitation Interventions Using Immersive Virtual Reality for People With Parkinson\u2019s Disease: A Systematic Review and Meta-Analysis. Int J Physiother Res 2022;10(3):4225-4242. DOI: 10.16965\/ijpr.2022.121 \n             <\/div>\t\n\t\t\n\n\n<p><\/p>\n","protected":false},"excerpt":{"rendered":"<p>Type of Article: \u00a0Meta-Analysis Volume 10; Issue 3 (June 2022) Page No.: 4225-4242 DOI:\u00a0https:\/\/dx.doi.org\/10.16965\/ijpr.2022.121 Rehabilitation Interventions Using Immersive Virtual Reality for People With Parkinson\u2019s Disease: A Systematic Review and Meta-Analysis Patrice Piette *, Bastien Fraudet, Constant Vinatier,\u00a0 Emilie Leblong, Philippe Galien. Pole St Helier, rehabilitation centre, clinical research department, 35 000 Rennes Britanny France. Corresponding<br \/><a class=\"moretag\" href=\"https:\/\/www.ijmhr.org\/IntJPhysiotherRes\/ijpr-2022-121\">+ Read More<\/a><\/p>\n","protected":false},"author":1,"featured_media":0,"parent":0,"menu_order":0,"comment_status":"closed","ping_status":"open","template":"","meta":{"footnotes":""},"class_list":["post-1124","page","type-page","status-publish","hentry"],"_links":{"self":[{"href":"https:\/\/www.ijmhr.org\/IntJPhysiotherRes\/wp-json\/wp\/v2\/pages\/1124"}],"collection":[{"href":"https:\/\/www.ijmhr.org\/IntJPhysiotherRes\/wp-json\/wp\/v2\/pages"}],"about":[{"href":"https:\/\/www.ijmhr.org\/IntJPhysiotherRes\/wp-json\/wp\/v2\/types\/page"}],"author":[{"embeddable":true,"href":"https:\/\/www.ijmhr.org\/IntJPhysiotherRes\/wp-json\/wp\/v2\/users\/1"}],"replies":[{"embeddable":true,"href":"https:\/\/www.ijmhr.org\/IntJPhysiotherRes\/wp-json\/wp\/v2\/comments?post=1124"}],"version-history":[{"count":1,"href":"https:\/\/www.ijmhr.org\/IntJPhysiotherRes\/wp-json\/wp\/v2\/pages\/1124\/revisions"}],"predecessor-version":[{"id":1125,"href":"https:\/\/www.ijmhr.org\/IntJPhysiotherRes\/wp-json\/wp\/v2\/pages\/1124\/revisions\/1125"}],"wp:attachment":[{"href":"https:\/\/www.ijmhr.org\/IntJPhysiotherRes\/wp-json\/wp\/v2\/media?parent=1124"}],"curies":[{"name":"wp","href":"https:\/\/api.w.org\/{rel}","templated":true}]}}