{"id":971,"date":"2017-10-01T15:54:59","date_gmt":"2017-10-01T15:54:59","guid":{"rendered":"http:\/\/www.ijmhr.org\/IntJAnatRes\/?page_id=971"},"modified":"2017-10-01T15:54:59","modified_gmt":"2017-10-01T15:54:59","slug":"ijar-2017-392","status":"publish","type":"page","link":"https:\/\/www.ijmhr.org\/IntJAnatRes\/ijar-2017-392","title":{"rendered":"IJAR.2017.392"},"content":{"rendered":"<div class=\"su-row\"><div class=\"su-column su-column-size-1-2\"><div class=\"su-column-inner su-u-clearfix su-u-trim\"><div class=\"su-button-center\"><a href=\"http:\/\/www.ijmhr.org\/ijar.5.4\/IJAR.2017.392.pdf\" class=\"su-button su-button-style-default\" style=\"color:#FFFFFF;background-color:#6b0e00;border-color:#560c00;border-radius:5px;-moz-border-radius:5px;-webkit-border-radius:5px\" target=\"_self\"><span style=\"color:#FFFFFF;padding:6px 16px;font-size:13px;line-height:20px;border-color:#98574d;border-radius:5px;-moz-border-radius:5px;-webkit-border-radius:5px;text-shadow:none;-moz-text-shadow:none;-webkit-text-shadow:none\"><i class=\"sui sui-cloud-download\" style=\"font-size:13px;color:#FFFFFF\"><\/i> DOWNLOAD PDF<\/span><\/a><\/div><\/div><\/div> <div class=\"su-column su-column-size-1-2\"><div class=\"su-column-inner su-u-clearfix su-u-trim\"><div class=\"su-button-center\"><a href=\"https:\/\/ijmhr.org\/ijar-vol-5-4.htm\" class=\"su-button su-button-style-default\" style=\"color:#FFFFFF;background-color:#6b0e00;border-color:#560c00;border-radius:5px;-moz-border-radius:5px;-webkit-border-radius:5px\" target=\"_self\"><span style=\"color:#FFFFFF;padding:6px 16px;font-size:13px;line-height:20px;border-color:#98574d;border-radius:5px;-moz-border-radius:5px;-webkit-border-radius:5px;text-shadow:none;-moz-text-shadow:none;-webkit-text-shadow:none\"><i class=\"sui sui-book\" style=\"font-size:13px;color:#FFFFFF\"><\/i> Table of Contents<\/span><\/a><\/div><\/div><\/div><\/div>\n<h3 style=\"text-align: justify;\"><strong>Type of Article:<\/strong>\u00a0\u00a0Original Research<\/h3>\n<h3 style=\"text-align: justify;\"><strong>Volume 5; Issue 4.1 (October 2017)<\/strong><\/h3>\n<h3 style=\"text-align: justify;\"><strong>Page No.:<\/strong>\u00a04527-4530<\/h3>\n<h3 style=\"text-align: justify;\"><strong>DOI:\u00a0<\/strong>https:\/\/dx.doi.org\/10.16965\/ijar.2017.392<\/h3>\n<h3 style=\"text-align: justify;\">AN OSTEOLOGICAL STUDY OF OSSIFIED CAROTICO-CLINOID LIGAMENTS AS POTENTIAL RISK FOR INTERNAL CAROTID ARTERY COMPRESSION<\/h3>\n<p style=\"text-align: justify;\"><strong>Pratibha Gupta <sup>1<\/sup>, Khizer Hussain Afroze *<sup>2<\/sup>, Ramesh P <sup>3<\/sup>.<\/strong><\/p>\n<p style=\"text-align: justify;\"><sup>1<\/sup> Associate Professor, Department of Anatomy, IQ City Medical College, Durgapur, West Bengal, India<\/p>\n<p style=\"text-align: justify;\"><sup>*2<\/sup> Research Scholar, Department of Anatomy, Sri Siddhartha Medical College (SSMC), Sri Siddhartha Academy of Higher Education (SSAHE), Tumakuru, Karnataka, India<\/p>\n<p style=\"text-align: justify;\"><sup>3<\/sup> Assistant Professor, Department of Anatomy,\u00a0 IQ City Medical College, Durgapur, West Bengal, India<\/p>\n<p style=\"text-align: justify;\"><strong>Corresponding Author: <\/strong>Dr. Khizer Hussain Afroze, Department of Anatomy, Sri Siddhartha Medical College (SSMC), Sri Siddhartha Academy of Higher Education (SSAHE), Tumakuru, \u00a0Karnataka, India. 572107. \u00a0<strong>E-Mail:<\/strong> drafroze.homoeo@gmail.com<\/p>\n<p style=\"text-align: justify;\"><strong>ABSTRACT:<\/strong><\/p>\n<p style=\"text-align: justify;\"><strong>Introduction:<\/strong> Knowledge of morphological structure such as anterior clinoid process and the middle clinoid process is essential during the surgical approach of the cavernous sinus and internal carotid artery. In addition, osseous variations such as ossified interclinoid and carotico clinoid ligament are significant in clinical practice because they can produce various neurological disturbances or block the passage of an internal carotid artery which changes its direction and runs medially out of the cavernous sinus through the osseous bar. The aim of the present study was to evaluate the incidence of the ossified carotico clinoid ligament in Bengal population.<\/p>\n<p style=\"text-align: justify;\"><strong>Material and Methods: <\/strong>56 dry unknown skull bones were studied from the Department of Anatomy, IQ City Medical College, Durgapur, West Bengal. The incidence of partial or complete and unilateral and bilateral ossification of carotico clinoid ligaments (CCL) was observed and photographed.<\/p>\n<p style=\"text-align: justify;\"><strong>Results: <\/strong>In the present study, the incidence of the ossified carotico clinoid ligament (CCL) was observed in 38 (33.93%) sides of skulls. The incidence of complete ossification of the carotico clinoid ligament (CCL) was observed in 9 (16.07%) skulls (unilateral-5 and bilateral-4). Incomplete ossification of the carotico clinoid ligament (CCL) was found in 17 (30.35%) skulls (unilateral- 9 and bilateral-8).<\/p>\n<p style=\"text-align: justify;\"><strong>Conclusion: <\/strong>A potential risk for compression of the internal carotid artery is due to ossification of the carotico clinoid ligament. Hence, a detailed anatomical and morphometric knowledge of the region is necessary to perform the successful surgeries. The aim of the present study was to evaluate the incidence of the ossified carotico clinoid ligament in Bengal population as well as to discuss its clinical relevance.<\/p>\n<p style=\"text-align: justify;\"><strong>KEY WORDS: <\/strong>Clinoid process, Sphenoid bone, Anterior clinoidectomy, Internal carotid artery compression.<\/p>\n<p style=\"text-align: justify;\"><strong>REFERENCES<\/strong><\/p>\n<ol>\n<li style=\"text-align: justify;\">Susan Standring (2008) Intracranial Region: Gray\u2019sAnatomy, The Anatomical Basis of Clinical Practice: 40th Ed, Spain. Churchill Livingstone, Elsevier. p-424.<\/li>\n<li style=\"text-align: justify;\">Erturk M., Kayalioglu G., Gousa F. Anatomy of the clinoidal region with special emphasis on the carotico-clinoid foramen and interclinoid osseous bridge in a recent Turkish population. Neurosurg Rev 2004; 27:22-6.<\/li>\n<li style=\"text-align: justify;\">Inoue T, Rhoton AL Jr, Theele D, Barry ME (1990) Surgical approaches to the cavernous sinus: a microsurgical study. Neurosurgery 26: 903\u2013932.<\/li>\n<li style=\"text-align: justify;\">Ozdomuos O, Saka E, Tulay C, Gurdal E, Uzun I, Cavdar S. The anatomy of the caroticoclinoid foramen and its relation with the internal carotid artery. Surg Radiol Anat 2003; 25:241\u20136.<\/li>\n<li style=\"text-align: justify;\">Cireli E, Ustun EE, Yurtseven M, Pala S. Fossa sella turcica varyasyonlar\u0131n\u0131n de\u011ferlendirilmesi I: Morfolojik ve antropolojik kriterlere g\u00f6re. Ege T\u0131p Dergisi. 1990; 29:364-7.<\/li>\n<li style=\"text-align: justify;\">Desai SD, Sreepadma S. Study of carotico clinoid foramen in dry human skulls of north interior karnataka. NJBMS. 2010 Oct; 1(2):60-4.<\/li>\n<li style=\"text-align: justify;\">Azeredo RA, Liberti EA, Watanabe IS. Anatomical variations of the clinoid process of the human sphenoid bone. Arquivos do Centro de Estudos do curso de odontologia. 1987 Dec; 25(1-2):9-11.<\/li>\n<li style=\"text-align: justify;\">Lee HY, Chung IH, Choi BY, Lee KS. Anterior clinoid process and optic strut in Koreans. Yonsei Med J. 1997 Jun 1; 38(3):151-4.<\/li>\n<li style=\"text-align: justify;\">Shaikh SI, Ukey RK, Kawale DN, Diwan CV. Study of carotico-clinoid foramen in dry human skulls of Aurangabad district. International Journal. 2012 Dec; 3(5):148.<\/li>\n<li style=\"text-align: justify;\">Gurun R, Magden O, Ertem AD. Foramen corticoclinoideum. Cerrahpa\u015fa T\u0131p Dergisi. 1994; 25:685-91.<\/li>\n<li style=\"text-align: justify;\">D&#8217;Souza A, Ankolekar VH, Nayak N, Mamatha H, D\u2019Souza AS. Morphometric Study of Anterior Clinoid Process and Optic Strut and the Ossification of Carotico-Clinoid Ligament with their Clinical Importance. Journal of Clinical and Diagnostic Research. 2016; 10(4):5-7.<\/li>\n<\/ol>\n<p style=\"text-align: justify;\">\n\t\t\t <div class=\"promo1\" style=\"background-color:#f7f7f7; border-color: #6b0e00 #e8e6e6 #e8e6e6;\">\n             \t <span style=\"color: #800000;\"><strong>Cite this article:<\/strong><\/span> Pratibha Gupta, Khizer Hussain Afroze, Ramesh P. AN OSTEOLOGICAL STUDY OF OSSIFIED CAROTICO-CLINOID LIGAMENTS AS POTENTIAL RISK FOR INTERNAL CAROTID ARTERY COMPRESSION. Int J Anat Res 2017;5(4.1):4500-4503. <strong>DOI:\u00a0<\/strong>10.16965\/ijar.2017.383\u00a0 \n             <\/div>\t\n\t\t\n","protected":false},"excerpt":{"rendered":"<p>Type of Article:\u00a0\u00a0Original Research Volume 5; Issue 4.1 (October 2017) Page No.:\u00a04527-4530 DOI:\u00a0https:\/\/dx.doi.org\/10.16965\/ijar.2017.392 AN OSTEOLOGICAL STUDY OF OSSIFIED CAROTICO-CLINOID LIGAMENTS AS POTENTIAL RISK FOR INTERNAL CAROTID ARTERY COMPRESSION Pratibha Gupta 1, Khizer Hussain Afroze *2, Ramesh P 3. 1 Associate Professor, Department of Anatomy, IQ City Medical College, Durgapur, West Bengal, India *2 Research Scholar,<br \/><a class=\"moretag\" href=\"https:\/\/www.ijmhr.org\/IntJAnatRes\/ijar-2017-392\">+ Read More<\/a><\/p>\n","protected":false},"author":1,"featured_media":0,"parent":0,"menu_order":0,"comment_status":"closed","ping_status":"closed","template":"","meta":[],"_links":{"self":[{"href":"https:\/\/www.ijmhr.org\/IntJAnatRes\/wp-json\/wp\/v2\/pages\/971"}],"collection":[{"href":"https:\/\/www.ijmhr.org\/IntJAnatRes\/wp-json\/wp\/v2\/pages"}],"about":[{"href":"https:\/\/www.ijmhr.org\/IntJAnatRes\/wp-json\/wp\/v2\/types\/page"}],"author":[{"embeddable":true,"href":"https:\/\/www.ijmhr.org\/IntJAnatRes\/wp-json\/wp\/v2\/users\/1"}],"replies":[{"embeddable":true,"href":"https:\/\/www.ijmhr.org\/IntJAnatRes\/wp-json\/wp\/v2\/comments?post=971"}],"version-history":[{"count":1,"href":"https:\/\/www.ijmhr.org\/IntJAnatRes\/wp-json\/wp\/v2\/pages\/971\/revisions"}],"predecessor-version":[{"id":985,"href":"https:\/\/www.ijmhr.org\/IntJAnatRes\/wp-json\/wp\/v2\/pages\/971\/revisions\/985"}],"wp:attachment":[{"href":"https:\/\/www.ijmhr.org\/IntJAnatRes\/wp-json\/wp\/v2\/media?parent=971"}],"curies":[{"name":"wp","href":"https:\/\/api.w.org\/{rel}","templated":true}]}}