{"id":871,"date":"2017-09-30T04:06:08","date_gmt":"2017-09-30T04:06:08","guid":{"rendered":"http:\/\/www.ijmhr.org\/IntJAnatRes\/?page_id=871"},"modified":"2017-09-30T04:06:08","modified_gmt":"2017-09-30T04:06:08","slug":"ijar-2017-343","status":"publish","type":"page","link":"https:\/\/www.ijmhr.org\/IntJAnatRes\/ijar-2017-343","title":{"rendered":"IJAR.2017.343"},"content":{"rendered":"<div class=\"su-row\"><div class=\"su-column su-column-size-1-2\"><div class=\"su-column-inner su-u-clearfix su-u-trim\"><div class=\"su-button-center\"><a href=\"http:\/\/www.ijmhr.org\/ijar.5.3\/IJAR.2017.343.pdf\" class=\"su-button su-button-style-default\" style=\"color:#FFFFFF;background-color:#6b0e00;border-color:#560c00;border-radius:5px;-moz-border-radius:5px;-webkit-border-radius:5px\" target=\"_self\"><span style=\"color:#FFFFFF;padding:6px 16px;font-size:13px;line-height:20px;border-color:#98574d;border-radius:5px;-moz-border-radius:5px;-webkit-border-radius:5px;text-shadow:none;-moz-text-shadow:none;-webkit-text-shadow:none\"><i class=\"sui sui-cloud-download\" style=\"font-size:13px;color:#FFFFFF\"><\/i> DOWNLOAD PDF<\/span><\/a><\/div><\/div><\/div> <div class=\"su-column su-column-size-1-2\"><div class=\"su-column-inner su-u-clearfix su-u-trim\"><div class=\"su-button-center\"><a href=\"https:\/\/ijmhr.org\/ijar-vol-5-3.htm\" class=\"su-button su-button-style-default\" style=\"color:#FFFFFF;background-color:#6b0e00;border-color:#560c00;border-radius:5px;-moz-border-radius:5px;-webkit-border-radius:5px\" target=\"_self\"><span style=\"color:#FFFFFF;padding:6px 16px;font-size:13px;line-height:20px;border-color:#98574d;border-radius:5px;-moz-border-radius:5px;-webkit-border-radius:5px;text-shadow:none;-moz-text-shadow:none;-webkit-text-shadow:none\"><i class=\"sui sui-book\" style=\"font-size:13px;color:#FFFFFF\"><\/i> Table of Contents<\/span><\/a><\/div><\/div><\/div><\/div>\n<h3 style=\"text-align: justify;\"><strong>Type of Article:<\/strong>\u00a0\u00a0Case Report<\/h3>\n<h3 style=\"text-align: justify;\"><strong>Volume 5; Issue 3.3 (September 2017)<\/strong><\/h3>\n<h3 style=\"text-align: justify;\"><strong>Page No.:<\/strong>\u00a04378-4382<\/h3>\n<h3 style=\"text-align: justify;\"><strong>DOI:\u00a0<\/strong>https:\/\/dx.doi.org\/10.16965\/ijar.2017.343<\/h3>\n<h3 style=\"text-align: justify;\">BILATERAL ABERRANT RENAL ARTERIES WITH ANOMALOUS RIGHT TESTICULAR ARTERY ARISING FROM ABERRANT RIGHT RENAL ARTERY ASSOCIATED WITH BILATERAL POLYCYSTIC KIDNEYS: A CASE REPORT<\/h3>\n<p style=\"text-align: justify;\"><strong>SP Thangaraj *<sup>1<\/sup>, G Rajathi <sup>2<\/sup>, N Vishali <sup>3<\/sup>.<\/strong><\/p>\n<p style=\"text-align: justify;\"><sup>*1 <\/sup>Professor &amp;Head, Department Of Anatomy- Ponnaiyah Ramajayam Institute Of Medical Sciences (Prims) Manamainallur, Chennai, Tamilnadu, India.<\/p>\n<p style=\"text-align: justify;\"><sup>2<\/sup> Assistant Professor, Department Of Anatomy- Ponnaiyah Ramajayam Institute Of Medical Sciences (Prims) Manamainallur, Chennai,Tamilnadu, India.<\/p>\n<p style=\"text-align: justify;\"><sup>3<\/sup> Associate\u00a0 Professor, Department Of Anatomy- Ponnaiyah Ramajayam Institute Of Medical Sciences (Prims) Manamainallur, Chennai, Tamilnadu, India.<\/p>\n<p style=\"text-align: justify;\"><strong>Address for Correspondence: <\/strong>\u00a0Dr. SP Thangaraj, Professor &amp;Head, Department Of Anatomy- Ponnaiyah Ramajayam Institute Of Medical Sciences (Prims) Manamainallur, Chennai, Tamilnadu, India. <strong>E-Mail:<\/strong> drspthangaraj@gmail.com<\/p>\n<p style=\"text-align: justify;\"><strong>ABSTRACT:<\/strong><\/p>\n<p style=\"text-align: justify;\">Anatomical variations in the origin of the arteries in the abdominal area are very common. The coeliac trunk, renal and gonadal arteries are the arteries that show frequent variations. During routine dissection of a male cadaver, two\u00a0 aberrant\u00a0 renal arteries (one on right &amp; one on left ) supplying bilateral polycystic kidneys and anomalous right testicular artery arising from aberrant right renal artery was found in the abdominal region. Both the aberrant\u00a0 renal arteries originated from the right antero lateral aspect of abdominal aorta, ran towards\u00a0 the lower pole of corresponding polycystic kidneys .We found\u00a0 that the origin of right and left\u00a0 aberrant renal arteries were not at the same level. Aberrant right renal artery arose at a lower level than the aberrant left renal artery. Origin of aberrant right and left renal arteries were 45mm and 20mm below the origin of main right and left renal arteries. It was also found that the right testicular artery was anomalous taking origin from the right aberrant renal artery and the left testicular artery arose from abdominal aorta below the origin of left aberrant renal artery. These anatomical variations and anomalies are important to know before performing any diagnostic or therapeutic procedures in the abdominal area. Knowledge of the presence of aberrant renal arteries with anomalous origin of gonadal arteries is important with increased use of laparoscopic renal surgeries and donor nephrectomy.<\/p>\n<p style=\"text-align: justify;\"><strong>Key words:<\/strong> Aberrant Renal Artery, Anomalous Testicular Artery, Polycystic Kidneys.<\/p>\n<p style=\"text-align: justify;\"><strong>REFERENCES<\/strong><\/p>\n<ol>\n<li style=\"text-align: justify;\">Standring S. 2016. Gray\u2019s Anatomy; Anatomical basis of clinical practice. 41<sup>st<\/sup> London: Elsevier. pp 1243-1246.<\/li>\n<li style=\"text-align: justify;\">Williams PL, Bannister, LH, Berry MM, Collins P, Dyson M, Dussek JE, Ferguson MW. Gray&#8217;s Anatomy. 38<sup>th<\/sup> London: Churchill Livingstone, 1995: 204, 318, 326, 361, 1548, 1557, 1559, 1826, 1827, 1920.<\/li>\n<li style=\"text-align: justify;\">\u00c7i\u00e7ek\u00e7iba\u00fe\u00fd AE, Salbacak A, \u00deeker M, Ziylan T, B\u00fcy\u00fckmumcu M, Uysal \u00dd\u00dd. The origin of gonadal arteries in human fetuses: anatomical variations. Ann Anat 2002; 184: 275-279.<\/li>\n<li style=\"text-align: justify;\">Malcic-G\u00fcrb\u00fcz J, Akal\u00fdn A, G\u00fcm\u00fc\u00fe\u00e7\u00fc B, \u00c7avdar S. Clinical implications of concomittant variations of the testicular, suprarenal and renal veins: a case report. Ann Anat 2002; 184: 35-39.<\/li>\n<li style=\"text-align: justify;\">Williams PL, Warwick R, Dyson M, Bannister LH, editors. Gray\u2019s Anatomy. 37th ed. Edinburgh: Churchill Livingstone; 1989. p. 808-10.<\/li>\n<li style=\"text-align: justify;\">Bergman RA, Thompson SA, Afifi AK. Compendium of human anatomic variation: text, atlas, and world literature. Baltimore: Urban &amp; Schwarzenberg; 1988. 83 p.<\/li>\n<li style=\"text-align: justify;\">Sushma R. Kotian, Arvind Kumar Pandey et al., A cadaveric study of the testicular artery and its clinical signifcance . J Vasc Bras. 2016 Oct.-Dec.; 15(4):280-286<\/li>\n<li style=\"text-align: justify;\">Rachna Magotra et al., Anomalous left testicular artery arising from left accessory renal artery and its clinical implications. Int J Anat Res 2013;1(3):136-39. ISSN 2321- 4287<\/li>\n<li style=\"text-align: justify;\">Spees EK , Orlowski JP et al ., Successful use of polycystic cadaver donor kidney. Transplant proc 1990;22: 374-375<\/li>\n<li style=\"text-align: justify;\">Henry mayala. A Case Report Of Polycystic Kidney Disease. iosrphr.org 2014;4(2):35-38.<\/li>\n<li style=\"text-align: justify;\">Satyapal KS, Haffejee AA, Singh B, Ramsaroop L, Robbs JV, Kalideen JM. Additional renal arteries: incidence and morphometry. Surg Radiol Anat. 2000;23:33-8<\/li>\n<li style=\"text-align: justify;\">Gupta A, Singal R, Singh D. Variations of gonadal artery: embryological basis and clinical significance. Int J Biol Med Res. 2011;2(4):1006-10.<\/li>\n<li style=\"text-align: justify;\">Das S. Anomalous renal arteries and its clinical implications. Lek. Listy., 2008;109:182-184 .<\/li>\n<li style=\"text-align: justify;\">Shoja MM, Tubbs RS, Shakeri AB, Oakes WJ. Origin of the gonadal artery: embryological implications. Clin Anat. 2007;20:428\u2013432.<\/li>\n<li style=\"text-align: justify;\">Gurses AI, Kale A, Gayretli O, Bayraktar B, Usta A, Kayaalp ME, et al. Bilateral variations of renal and testicular arteries. IJAV. 2009;2:45\u201347.<\/li>\n<li style=\"text-align: justify;\">SP, Vishali. N. Anomalous Origin of Left Testicular Artery From Left Accessory Renal Artery \u2013 A Case Report. Journal of Medical Research and Practice. 2017;6(2):43-45.<\/li>\n<li style=\"text-align: justify;\">Felix W. Mesonephric arteries (aa mesophricae) InKiebel F,Mall FP eds,Manual of human embryology Vol 2,Philadelphia,Lippincott 1912;820-25.<\/li>\n<li style=\"text-align: justify;\">Brenmer J L, The origin of renal artery in mammals and its anomalies.Am J anat 1915;18:179-200.<\/li>\n<li style=\"text-align: justify;\">Kocabiyik N, Yalcin B, Yazar F, Ozan H. A persistent mesonephric artery: a rudimentary accessory renal artery. Gazi Med J. 2004;15:75\u201378.<\/li>\n<li style=\"text-align: justify;\">Siniluoto TM, Hellstrom PA, Paivansalo MJ, Leinonen AS. Testicular infarction following ethanol embolization of a renal neoplasm. Cardiovasc Intervent Radiol. 1998;11:162\u2013164.<\/li>\n<li style=\"text-align: justify;\">Sampaio FJ, Passos MA. Renal arteries: anatomic study for surgical and radiologic practice. Surg Radiol Anat 1992;14:113-7.<\/li>\n<\/ol>\n<p style=\"text-align: justify;\">\n\t\t\t <div class=\"promo1\" style=\"background-color:#f7f7f7; border-color: #6b0e00 #e8e6e6 #e8e6e6;\">\n             \t <span style=\"color: #800000;\"><strong>Cite this article:<\/strong><\/span> SP Thangaraj, G Rajathi, N Vishali. BILATERAL ABERRANT RENAL ARTERIES WITH ANOMALOUS RIGHT TESTICULAR ARTERY ARISING FROM ABERRANT RIGHT RENAL ARTERY ASSOCIATED WITH BILATERAL POLYCYSTIC KIDNEYS: A CASE REPORT. Int J Anat Res 2017;5(3.3):4378-4382. <strong>DOI:\u00a0<\/strong>10.16965\/ijar.2017.343\u00a0 \n             <\/div>\t\n\t\t\n","protected":false},"excerpt":{"rendered":"<p>Type of Article:\u00a0\u00a0Case Report Volume 5; Issue 3.3 (September 2017) Page No.:\u00a04378-4382 DOI:\u00a0https:\/\/dx.doi.org\/10.16965\/ijar.2017.343 BILATERAL ABERRANT RENAL ARTERIES WITH ANOMALOUS RIGHT TESTICULAR ARTERY ARISING FROM ABERRANT RIGHT RENAL ARTERY ASSOCIATED WITH BILATERAL POLYCYSTIC KIDNEYS: A CASE REPORT SP Thangaraj *1, G Rajathi 2, N Vishali 3. *1 Professor &amp;Head, Department Of Anatomy- Ponnaiyah Ramajayam Institute Of<br \/><a class=\"moretag\" href=\"https:\/\/www.ijmhr.org\/IntJAnatRes\/ijar-2017-343\">+ Read More<\/a><\/p>\n","protected":false},"author":1,"featured_media":0,"parent":0,"menu_order":0,"comment_status":"closed","ping_status":"closed","template":"","meta":[],"_links":{"self":[{"href":"https:\/\/www.ijmhr.org\/IntJAnatRes\/wp-json\/wp\/v2\/pages\/871"}],"collection":[{"href":"https:\/\/www.ijmhr.org\/IntJAnatRes\/wp-json\/wp\/v2\/pages"}],"about":[{"href":"https:\/\/www.ijmhr.org\/IntJAnatRes\/wp-json\/wp\/v2\/types\/page"}],"author":[{"embeddable":true,"href":"https:\/\/www.ijmhr.org\/IntJAnatRes\/wp-json\/wp\/v2\/users\/1"}],"replies":[{"embeddable":true,"href":"https:\/\/www.ijmhr.org\/IntJAnatRes\/wp-json\/wp\/v2\/comments?post=871"}],"version-history":[{"count":1,"href":"https:\/\/www.ijmhr.org\/IntJAnatRes\/wp-json\/wp\/v2\/pages\/871\/revisions"}],"predecessor-version":[{"id":897,"href":"https:\/\/www.ijmhr.org\/IntJAnatRes\/wp-json\/wp\/v2\/pages\/871\/revisions\/897"}],"wp:attachment":[{"href":"https:\/\/www.ijmhr.org\/IntJAnatRes\/wp-json\/wp\/v2\/media?parent=871"}],"curies":[{"name":"wp","href":"https:\/\/api.w.org\/{rel}","templated":true}]}}