{"id":836,"date":"2017-08-31T06:52:21","date_gmt":"2017-08-31T06:52:21","guid":{"rendered":"http:\/\/www.ijmhr.org\/IntJAnatRes\/?page_id=836"},"modified":"2017-08-31T06:59:00","modified_gmt":"2017-08-31T06:59:00","slug":"ijar-2017-299","status":"publish","type":"page","link":"https:\/\/www.ijmhr.org\/IntJAnatRes\/ijar-2017-299","title":{"rendered":"IJAR.2017.299"},"content":{"rendered":"<div class=\"su-row\"><div class=\"su-column su-column-size-1-2\"><div class=\"su-column-inner su-u-clearfix su-u-trim\"><div class=\"su-button-center\"><a href=\"http:\/\/www.ijmhr.org\/ijar.5.3\/IJAR.2017.299.pdf\" class=\"su-button su-button-style-default\" style=\"color:#FFFFFF;background-color:#6b0e00;border-color:#560c00;border-radius:5px;-moz-border-radius:5px;-webkit-border-radius:5px\" target=\"_self\"><span style=\"color:#FFFFFF;padding:6px 16px;font-size:13px;line-height:20px;border-color:#98574d;border-radius:5px;-moz-border-radius:5px;-webkit-border-radius:5px;text-shadow:none;-moz-text-shadow:none;-webkit-text-shadow:none\"><i class=\"sui sui-cloud-download\" style=\"font-size:13px;color:#FFFFFF\"><\/i> DOWNLOAD PDF<\/span><\/a><\/div><\/div><\/div> <div class=\"su-column su-column-size-1-2\"><div class=\"su-column-inner su-u-clearfix su-u-trim\"><div class=\"su-button-center\"><a href=\"https:\/\/ijmhr.org\/ijar-vol-5-3.htm\" class=\"su-button su-button-style-default\" style=\"color:#FFFFFF;background-color:#6b0e00;border-color:#560c00;border-radius:5px;-moz-border-radius:5px;-webkit-border-radius:5px\" target=\"_self\"><span style=\"color:#FFFFFF;padding:6px 16px;font-size:13px;line-height:20px;border-color:#98574d;border-radius:5px;-moz-border-radius:5px;-webkit-border-radius:5px;text-shadow:none;-moz-text-shadow:none;-webkit-text-shadow:none\"><i class=\"sui sui-book\" style=\"font-size:13px;color:#FFFFFF\"><\/i> Table of Contents<\/span><\/a><\/div><\/div><\/div><\/div>\n<h3 style=\"text-align: justify;\"><strong>Type of Article:<\/strong>\u00a0\u00a0Original Research<\/h3>\n<h3 style=\"text-align: justify;\"><strong>Volume 5; Issue 3.2 (August 2017)<\/strong><\/h3>\n<h3 style=\"text-align: justify;\"><strong>Page No.:<\/strong>\u00a04251-4256<\/h3>\n<h3 style=\"text-align: justify;\"><strong>DOI:\u00a0<\/strong>https:\/\/dx.doi.org\/10.16965\/ijar.2017.299<\/h3>\n<h3 style=\"text-align: justify;\">VARIATIONS OF ARCH OF AZYGOS VEIN: AN ANATOMICAL OVERVIEW WITH CLINICAL IMPORTANCE<\/h3>\n<p style=\"text-align: justify;\"><strong>Ananthachar Yathi Raghavendra <sup>1<\/sup>. Santosh Manohar Bhosale *<sup>2<\/sup>.<\/strong><\/p>\n<p style=\"text-align: justify;\"><sup>1<\/sup> Associate Professor, Department of Anatomy, S.S.Institute Of Medical Sciences, Davangere, Karnataka, India.<\/p>\n<p style=\"text-align: justify;\"><sup>*2<\/sup> Associate Professor, Department of Anatomy, S.S.Institute Of Medical Sciences, Davangere, Karnataka, India.<\/p>\n<p style=\"text-align: justify;\"><strong>Corresponding Author:<\/strong> Dr. Santosh Manohar Bhosale, Associate Professor, Department of Anatomy, S.S. Institute of Medical Sciences, Davangere- 577005, Karnataka, India. Mobile No: 9945316042 <strong>E-Mail:<\/strong> drsantoshbhosale07@mail.com<\/p>\n<p style=\"text-align: justify;\"><strong>ABSTRACT: <\/strong><\/p>\n<p style=\"text-align: justify;\"><strong>Background<\/strong>: The azygos venous system represents an accessory venous pathway supplying an important collateral circulation between the superior and inferior vena cava. The azygos vein is a collateral venous pathway, becoming a vital shunt if major pathways of venous return are obstructed.<\/p>\n<p style=\"text-align: justify;\"><strong>Material and Methods<\/strong>: A total of 36 cadavers and dissected specimens were studied. A thorough dissection of the mediastinum was done after the removal of heart and the lungs. The shape, level of termination, dimensions and course &amp; relations of arch of azygos vein was noted on the right side. The diameter of the inferior vena cava was also measured.<\/p>\n<p style=\"text-align: justify;\"><strong>Observations and Results: <\/strong>most commonly the arch forms an inverted U shaped course. 89% of the case the azygos vein was opening into extra-pericardial part of superior vena cava at a mean distance of 42.5mm from the formation In 19 (53%) cases out of 36 it was opening into superior vena cava at the level of T4. Next commonest level of opening (14%) was at the junction of T3-T4. length varied from 28 to 48 mm. The mean width of IVC was 18 mm +\/- 3.5mm. It was observed that the diameter of IVC is inversely proportional to width of azyos vein.<\/p>\n<p style=\"text-align: justify;\"><strong>Conclusion: <\/strong>In the present study the normal variations of the morphometry of azygos vein is noted. It is clear that the diameter of SVC is inversely proportional to that of Azygos vein.<\/p>\n<p style=\"text-align: justify;\"><strong>Key wods: <\/strong>Arch, Azyos vein, Inferior Vena Cava, Superior Vena Cava.<\/p>\n<p style=\"text-align: justify;\"><strong>REFERENCES<\/strong><\/p>\n<ol>\n<li style=\"text-align: justify;\">Terrence C. Demos, Harold V. Posniak, Kenneth L. Pierce, Mary C. Olson,Mark Muscato. Venous Anomalies of the Thorax .\u00a0American Journal of Roentgenology\u00a02004;182(5): 1139-1150.<\/li>\n<li style=\"text-align: justify;\">Carpentier, Bertaux. Anomalie des syst\u00e8ms de la veine cave inferieure et des veines azygos, observ\u00e9e chez un homme adulte. Soc. Biol., Comptes Rendus Hebdomadaires de S\u00e9ances et M\u00e9moires. 1888;40:339-340.<\/li>\n<li style=\"text-align: justify;\">Myung Soo Shin, Kang Jey Ho. Clinical significance of azygos vein enlargement: Radiographic recognition and etiologic analysis.\u00a0Clinical Imaging\u00a01999;23(4):236\u2013241.<\/li>\n<li style=\"text-align: justify;\">R. Heitzman, J. V. Scrivani, J. Martino and J. Moro. The Azygos Vein and Its Pleural Reflections.\u00a0RSNA Radiology\u00a0November 1971;101(2):22-23.<\/li>\n<li style=\"text-align: justify;\">Dudiak CM, Olson MC, Posniak HV. CT evaluation of congenital and acquired abnormalities of the azygos system.\u00a0Radiographics.\u00a01991;11:233\u2013246.<\/li>\n<li style=\"text-align: justify;\">Francesco Paoletti, Valeria Pellegrino, Melissa Antonelli, Umberto Ripani, Stefano Mosca, Davide Dur\u00ec, Antonio Galzerano. Compensatory dilatation of the Azygos Venous system Secondary To Superior Vena Cava Occlusion.\u00a0Journal of Radiology Case Reports\u00a02009 Dec;3(12):49-55.<\/li>\n<li style=\"text-align: justify;\">Dahran, N. &amp; Soames, R. Anatomical variationos of the azygos venous system: Classification and clinical relevance. J.Morphol., 2016;34(3):1128-1136.<\/li>\n<li style=\"text-align: justify;\">Kanchana latha G., Raju Sugavasi. Study of the Azygos System of Veins in Human Cadaver.\u00a0Int J Cur Res Rev\u00a0April 2013;05(08):115-7.<\/li>\n<li style=\"text-align: justify;\">Tatar I , Denk CC, Celik HH, Oto A, Karaosmanoglu DA, Ozdemir BM, Surucu SH.. Anatomy of the azygos vein examined by computerized tomography imaging..\u00a0Saudi Med J\u00a02008;29(11):15858.<\/li>\n<li style=\"text-align: justify;\">Kutoglu, M. Turut, N. Kocabiyik, H. Ozan, M. Yildirim. Anatomical analysis of azygos vein system in human cadavers.\u00a0Rom J Morphol Embryol\u00a02012;53(4):1051\u20131056.<\/li>\n<li style=\"text-align: justify;\">Arango, A. Mart\u00ednez de Alegr\u00eda, M. C. Ageitos Casais etal. Azygos vein and Azygos lobe: Anatomy, variants and pathology..\u00a0European Society of Radiology\u00a02013;C-1212: 1-26.<\/li>\n<li style=\"text-align: justify;\">M R Prince, R A Novelline, C A Athanasoulis, and M Simon. The diameter of the inferior vena cava and its implications for the use of vena caval filters.\u00a0RSNA Radiology\u00a01983;149(3):687-9.<\/li>\n<li style=\"text-align: justify;\">Dudiak C. M, Olson M. C, Posniak H. V. CT evaluation of congenital and acquired abnormalities of the azygos system. Radiographics March 1991;11:233-246.<\/li>\n<li style=\"text-align: justify;\">Sato Y, Murata K, Wada A, Takamori M. Azygos Vein Aneurysm Mimicking a Calcified Lymph Node.\u00a0Internal Medicine. 2016;55(22):3405-3406.<\/li>\n<\/ol>\n<p style=\"text-align: justify;\">\n\t\t\t <div class=\"promo1\" style=\"background-color:#f7f7f7; border-color: #6b0e00 #e8e6e6 #e8e6e6;\">\n             \t <span style=\"color: #800000;\"><strong>Cite this article:<\/strong><\/span> Ananthachar Yathi Raghavendra. Santosh Manohar Bhosale. VARIATIONS OF ARCH OF AZYGOS VEIN: AN ANATOMICAL OVERVIEW WITH CLINICAL IMPORTANCE. Int J Anat Res 2017;5(3.2):4251-4256. <strong>DOI:\u00a0<\/strong>10.16965\/ijar.2017.299 \u00a0\n             <\/div>\t\n\t\t\n","protected":false},"excerpt":{"rendered":"<p>Type of Article:\u00a0\u00a0Original Research Volume 5; Issue 3.2 (August 2017) Page No.:\u00a04251-4256 DOI:\u00a0https:\/\/dx.doi.org\/10.16965\/ijar.2017.299 VARIATIONS OF ARCH OF AZYGOS VEIN: AN ANATOMICAL OVERVIEW WITH CLINICAL IMPORTANCE Ananthachar Yathi Raghavendra 1. Santosh Manohar Bhosale *2. 1 Associate Professor, Department of Anatomy, S.S.Institute Of Medical Sciences, Davangere, Karnataka, India. *2 Associate Professor, Department of Anatomy, S.S.Institute Of Medical<br \/><a class=\"moretag\" href=\"https:\/\/www.ijmhr.org\/IntJAnatRes\/ijar-2017-299\">+ Read More<\/a><\/p>\n","protected":false},"author":1,"featured_media":0,"parent":0,"menu_order":0,"comment_status":"closed","ping_status":"closed","template":"","meta":[],"_links":{"self":[{"href":"https:\/\/www.ijmhr.org\/IntJAnatRes\/wp-json\/wp\/v2\/pages\/836"}],"collection":[{"href":"https:\/\/www.ijmhr.org\/IntJAnatRes\/wp-json\/wp\/v2\/pages"}],"about":[{"href":"https:\/\/www.ijmhr.org\/IntJAnatRes\/wp-json\/wp\/v2\/types\/page"}],"author":[{"embeddable":true,"href":"https:\/\/www.ijmhr.org\/IntJAnatRes\/wp-json\/wp\/v2\/users\/1"}],"replies":[{"embeddable":true,"href":"https:\/\/www.ijmhr.org\/IntJAnatRes\/wp-json\/wp\/v2\/comments?post=836"}],"version-history":[{"count":1,"href":"https:\/\/www.ijmhr.org\/IntJAnatRes\/wp-json\/wp\/v2\/pages\/836\/revisions"}],"predecessor-version":[{"id":837,"href":"https:\/\/www.ijmhr.org\/IntJAnatRes\/wp-json\/wp\/v2\/pages\/836\/revisions\/837"}],"wp:attachment":[{"href":"https:\/\/www.ijmhr.org\/IntJAnatRes\/wp-json\/wp\/v2\/media?parent=836"}],"curies":[{"name":"wp","href":"https:\/\/api.w.org\/{rel}","templated":true}]}}