{"id":622,"date":"2017-06-30T04:24:20","date_gmt":"2017-06-30T04:24:20","guid":{"rendered":"http:\/\/www.ijmhr.org\/IntJAnatRes\/?page_id=622"},"modified":"2017-06-30T04:24:40","modified_gmt":"2017-06-30T04:24:40","slug":"ijar-2017-277","status":"publish","type":"page","link":"https:\/\/www.ijmhr.org\/IntJAnatRes\/ijar-2017-277","title":{"rendered":"IJAR.2017.277"},"content":{"rendered":"<div class=\"su-row\"><div class=\"su-column su-column-size-1-2\"><div class=\"su-column-inner su-u-clearfix su-u-trim\"><div class=\"su-button-center\"><a href=\"http:\/\/www.ijmhr.org\/ijar.5.2\/IJAR.2017.277.pdf\" class=\"su-button su-button-style-default\" style=\"color:#FFFFFF;background-color:#6b0e00;border-color:#560c00;border-radius:5px;-moz-border-radius:5px;-webkit-border-radius:5px\" target=\"_self\"><span style=\"color:#FFFFFF;padding:6px 16px;font-size:13px;line-height:20px;border-color:#98574d;border-radius:5px;-moz-border-radius:5px;-webkit-border-radius:5px;text-shadow:none;-moz-text-shadow:none;-webkit-text-shadow:none\"><i class=\"sui sui-cloud-download\" style=\"font-size:13px;color:#FFFFFF\"><\/i> DOWNLOAD PDF<\/span><\/a><\/div><\/div><\/div> <div class=\"su-column su-column-size-1-2\"><div class=\"su-column-inner su-u-clearfix su-u-trim\"><div class=\"su-button-center\"><a href=\"http:\/\/ijmhr.org\/ijar-vol-5-2.htm\" class=\"su-button su-button-style-default\" style=\"color:#FFFFFF;background-color:#6b0e00;border-color:#560c00;border-radius:5px;-moz-border-radius:5px;-webkit-border-radius:5px\" target=\"_self\"><span style=\"color:#FFFFFF;padding:6px 16px;font-size:13px;line-height:20px;border-color:#98574d;border-radius:5px;-moz-border-radius:5px;-webkit-border-radius:5px;text-shadow:none;-moz-text-shadow:none;-webkit-text-shadow:none\"><i class=\"sui sui-book\" style=\"font-size:13px;color:#FFFFFF\"><\/i> Table of Contents<\/span><\/a><\/div><\/div><\/div><\/div>\n<h3 style=\"text-align: justify;\"><strong>Type of Article:<\/strong>\u00a0\u00a0Case Report<\/h3>\n<h3 style=\"text-align: justify;\"><strong>Volume 5; Issue 2.3 (June 2017)<\/strong><\/h3>\n<h3 style=\"text-align: justify;\"><strong>Page No.:<\/strong> 4020-4023<\/h3>\n<h3 style=\"text-align: justify;\"><strong>DOI:\u00a0<\/strong>https:\/\/dx.doi.org\/10.16965\/ijar.2017.277<\/h3>\n<h3 style=\"text-align: justify;\">COLON CARCINOMA: A CADVERIC CASE REPORT<\/h3>\n<p style=\"text-align: justify;\"><strong>Sharadkumar Pralhad Sawant *<sup>1<\/sup>, Shaheen Rizvi <sup>2<\/sup>.<\/strong><\/p>\n<p style=\"text-align: justify;\"><sup>*1<\/sup> Professor and Head, Department of Anatomy, K. J. Somaiya Medical College, Somaiya Ayurvihar, Eastern Express Highway, Sion, Mumbai, India.<\/p>\n<p style=\"text-align: justify;\"><sup>2<\/sup> Assistant Lecturer, Department of Anatomy, K. J. Somaiya Medical College, Somaiya Ayurvihar, Eastern Express Highway, Sion, Mumbai, India.<\/p>\n<p style=\"text-align: justify;\"><strong>Corresponding author Address :<\/strong> Dr. Sharadkumar Pralhad Sawant, 25\/2, Samrat Ashok Nagar Society, Shell Colony Road, Chembur, Mumbai \u2013 400 071, Maharashtra, India.<strong> Telephone\u00a0 no.\u00a0\u00a0\u00a0\u00a0 :<\/strong> 9322061220, 022-25275775, <strong>Fax no.:<\/strong> 022 \u2013 2409 1855 <strong>E-Mail:<\/strong> drspsawant@gmail.com, sharad@somaiya.edu<\/p>\n<p style=\"text-align: justify;\"><strong>ABSTRACT<\/strong><\/p>\n<p style=\"text-align: justify;\">During routine dissection, of 70 year old donated embalmed male cadaver in the Department of Anatomy, at K.J. Somaiya Medical College, Sion, Mumbai, India, a hard bulge was observed in the distal part of descending colon. On incising, a mass was observed in its posterior wall. It measured 5cm x 5cm encircling nearly half the lumen but not showing any signs of obstruction. Histopathology confirmed the diagnosis of adenocarcinoma.<\/p>\n<p style=\"text-align: justify;\">Colorectal cancer (CRC) is the fourth most common malignant neoplasm in the world, and also the most frequent in the digestive tract, presenting with high mortality rates. Cancers on the right side of the large intestine (ascending colon and caecum) tend to be exophytic and rarely causes obstruction while left-sided tumors tend to be circumferential and can obstruct the bowel lumen. 90% cancers are adenocarcinomas which is a malignant epithelial tumor, originating from superficial glandular epithelial cells lining the colon and rectum. Likelihood of cure is greater when disease is detected at early stage. Early detection and screening is of pivotal importance. Colonoscopy detects some colon polyps and cancers early enough that they may be treated.<\/p>\n<p style=\"text-align: justify;\"><strong>KEYWORDS: <\/strong>Hard Bulge, Descending Colon, Adenocarcinoma, Colorectal Cancer, Malignant Neoplasm, Colonoscopy.<\/p>\n<p style=\"text-align: justify;\"><strong>REFERENCES<\/strong><\/p>\n<ol>\n<li style=\"text-align: justify;\">Moore K.L, A.F.Dalley 2006, Clinically oriented anatomy 2006, 5<sup>th<\/sup> Ed, Lipincott; Williams and Wilkins Baltimore.<\/li>\n<li style=\"text-align: justify;\">Griffin-Sobel, J. (2007) Gastrointestinal Cancers. USA; ONS.<\/li>\n<li style=\"text-align: justify;\">Lee, G. H.et al.\u00a0Is right-sided colon cancer different to left-sided colorectal cancer? &#8211; a systematic review.\u00a0European journal of surgical oncology: the journal of the European Society of Surgical Oncology and the British Association of Surgical Oncology\u00a02015;41:300\u2013308, 10.1016\/j.ejso.2014.11.001.<\/li>\n<li style=\"text-align: justify;\">G Launoy et al.\u00a0Proximal and Distal Cancers of the Colon: 2 Epidemiologically Different Cancers, Gastroenterol Clin Biol. 1989;13(3):255-259.<\/li>\n<li style=\"text-align: justify;\">Andrade SMS, Pereira FL. C\u00e2ncer colorretal sincr\u00f4nico &#8211; relato de caso e revis\u00e3o de literatura. J Coloproctol 2007;27(1):69-79.<\/li>\n<li style=\"text-align: justify;\">\u2018Colon cancer , medline plus, medical encyclopedia\u2019 US national library of medicine US; national library of medicine n.d.web 22 April 2014; https:\/\/www.nim.nih.gov\/ medline plus\/ency\/article\/000262htm<\/li>\n<li style=\"text-align: justify;\">\u2018Colorectal cancer overview\u2019; colon cancer alliance n.d web 22 April 2014; https:\/\/www.c.calliance.org\/colorectal cancer\/overview.htm<\/li>\n<li style=\"text-align: justify;\">Riihim\u00e4ki, M.et al. Patterns of metastasis in colon and rectal cancer.\u00a0 Rep.\u00a02016;6:29765; doi: 10.1038\/srep29765.<\/li>\n<li style=\"text-align: justify;\">Simone SDF, Mancuso P, Benfante A, et al. Colon cancer stem cells: bench to bedside new therapeutic approaches in clinical oncology for disease breakdown, Cancers.2011;3:1957-1974.<\/li>\n<li style=\"text-align: justify;\">Wolff WI, Shinya H.Earlier diagnosis of cancer of the colon through colonic endoscopy (colonoscopy)&#8221;.\u00a0\u00a01974;34\u00a0(Supplement S3): 912\u2013931.<\/li>\n<li style=\"text-align: justify;\">Braccia, D.P. &amp; Heffernan, N. Surgical &amp; Ablative Modalities for the Treatment of Colorectal Caner Metastatic to the Liver. Clinical Journal of Oncology Nursing 2003;7(2):178-184.<\/li>\n<li style=\"text-align: justify;\">Wilkes G. Therapeutic options in the management of colon cancer: 2005 update. J Clin Oncol 2005;9:31-44.<\/li>\n<\/ol>\n<p style=\"text-align: justify;\">\n\t\t\t <div class=\"promo1\" style=\"background-color:#f7f7f7; border-color: #6b0e00 #e8e6e6 #e8e6e6;\">\n             \t <span style=\"color: #800000;\"><strong>Cite this article:<\/strong><\/span> Sharadkumar Pralhad Sawant, Shaheen Rizvi. COLON CARCINOMA: A CADVERIC CASE REPORT. Int J Anat Res 2017;5(2.3):4020-4023. <strong>DOI:\u00a0<\/strong>10.16965\/ijar.2017.277\u00a0 \n             <\/div>\t\n\t\t\n","protected":false},"excerpt":{"rendered":"<p>Type of Article:\u00a0\u00a0Case Report Volume 5; Issue 2.3 (June 2017) Page No.: 4020-4023 DOI:\u00a0https:\/\/dx.doi.org\/10.16965\/ijar.2017.277 COLON CARCINOMA: A CADVERIC CASE REPORT Sharadkumar Pralhad Sawant *1, Shaheen Rizvi 2. *1 Professor and Head, Department of Anatomy, K. J. Somaiya Medical College, Somaiya Ayurvihar, Eastern Express Highway, Sion, Mumbai, India. 2 Assistant Lecturer, Department of Anatomy, K. J.<br \/><a class=\"moretag\" href=\"https:\/\/www.ijmhr.org\/IntJAnatRes\/ijar-2017-277\">+ Read More<\/a><\/p>\n","protected":false},"author":1,"featured_media":0,"parent":0,"menu_order":0,"comment_status":"closed","ping_status":"closed","template":"","meta":[],"_links":{"self":[{"href":"https:\/\/www.ijmhr.org\/IntJAnatRes\/wp-json\/wp\/v2\/pages\/622"}],"collection":[{"href":"https:\/\/www.ijmhr.org\/IntJAnatRes\/wp-json\/wp\/v2\/pages"}],"about":[{"href":"https:\/\/www.ijmhr.org\/IntJAnatRes\/wp-json\/wp\/v2\/types\/page"}],"author":[{"embeddable":true,"href":"https:\/\/www.ijmhr.org\/IntJAnatRes\/wp-json\/wp\/v2\/users\/1"}],"replies":[{"embeddable":true,"href":"https:\/\/www.ijmhr.org\/IntJAnatRes\/wp-json\/wp\/v2\/comments?post=622"}],"version-history":[{"count":1,"href":"https:\/\/www.ijmhr.org\/IntJAnatRes\/wp-json\/wp\/v2\/pages\/622\/revisions"}],"predecessor-version":[{"id":634,"href":"https:\/\/www.ijmhr.org\/IntJAnatRes\/wp-json\/wp\/v2\/pages\/622\/revisions\/634"}],"wp:attachment":[{"href":"https:\/\/www.ijmhr.org\/IntJAnatRes\/wp-json\/wp\/v2\/media?parent=622"}],"curies":[{"name":"wp","href":"https:\/\/api.w.org\/{rel}","templated":true}]}}