{"id":402,"date":"2017-02-27T14:24:19","date_gmt":"2017-02-27T14:24:19","guid":{"rendered":"http:\/\/www.ijmhr.org\/IntJAnatRes\/?page_id=402"},"modified":"2017-02-27T14:24:19","modified_gmt":"2017-02-27T14:24:19","slug":"ijar-2016-517","status":"publish","type":"page","link":"https:\/\/www.ijmhr.org\/IntJAnatRes\/ijar-2016-517","title":{"rendered":"IJAR.2016.517"},"content":{"rendered":"<div class=\"su-row\"><div class=\"su-column su-column-size-1-2\"><div class=\"su-column-inner su-u-clearfix su-u-trim\"><div class=\"su-button-center\"><a href=\"http:\/\/www.ijmhr.org\/ijar.5.1\/IJAR.2016.517.pdf\" class=\"su-button su-button-style-default\" style=\"color:#FFFFFF;background-color:#6b0e00;border-color:#560c00;border-radius:5px;-moz-border-radius:5px;-webkit-border-radius:5px\" target=\"_self\"><span style=\"color:#FFFFFF;padding:6px 16px;font-size:13px;line-height:20px;border-color:#98574d;border-radius:5px;-moz-border-radius:5px;-webkit-border-radius:5px;text-shadow:none;-moz-text-shadow:none;-webkit-text-shadow:none\"><i class=\"sui sui-cloud-download\" style=\"font-size:13px;color:#FFFFFF\"><\/i> DOWNLOAD PDF<\/span><\/a><\/div><\/div><\/div> <div class=\"su-column su-column-size-1-2\"><div class=\"su-column-inner su-u-clearfix su-u-trim\"><div class=\"su-button-center\"><a href=\"http:\/\/ijmhr.org\/ijar-vol-5-1.htm\" class=\"su-button su-button-style-default\" style=\"color:#FFFFFF;background-color:#6b0e00;border-color:#560c00;border-radius:5px;-moz-border-radius:5px;-webkit-border-radius:5px\" target=\"_self\"><span style=\"color:#FFFFFF;padding:6px 16px;font-size:13px;line-height:20px;border-color:#98574d;border-radius:5px;-moz-border-radius:5px;-webkit-border-radius:5px;text-shadow:none;-moz-text-shadow:none;-webkit-text-shadow:none\"><i class=\"sui sui-book\" style=\"font-size:13px;color:#FFFFFF\"><\/i> Table of Contents<\/span><\/a><\/div><\/div><\/div><\/div>\n<h3><strong>Type of Article:<\/strong>\u00a0 Case Report<\/h3>\n<h3><strong>Volume 5; Issue 1 (February\u00a02017)<\/strong><\/h3>\n<h3><strong>Page No.:<\/strong> 3513-3515<\/h3>\n<h3><strong>DOI:\u00a0<\/strong>https:\/\/dx.doi.org\/10.16965\/ijar.2016.517<\/h3>\n<h3 style=\"text-align: justify;\">POWER POINT OR CHALK AND BOARD \u2013 STUDENTS VIEW TOWARDS METHOD OF TEACHING ANATOMY<\/h3>\n<p style=\"text-align: justify;\"><strong>Jos\u00e9 Aderval Arag\u00e3o *<sup>1<\/sup>, Eder Souza Santos <sup>2<\/sup>,<\/strong>\u00a0 <strong>Felipe Matheus Sant\u2019Anna Arag\u00e3o <sup>3<\/sup>, Iapunira Catarina Sant\u2019Anna Arag\u00e3o <sup>3<\/sup>, Francisco Prado Reis <sup>4<\/sup>.<\/strong><\/p>\n<p style=\"text-align: justify;\"><sup>*1 <\/sup>Associate Professor, Department of Morphology and the Postgraduate Applied Health Science Programs, Federal University of Sergipe (UFS), and Titular Professor of the Medical School, Tiradentes University (UNIT), Aracaju, Sergipe, Brazil.<\/p>\n<p style=\"text-align: justify;\"><sup>2 <\/sup>Medical student at the Federal University of Sergipe (UFS), Aracaju, Sergipe, Brazil.<\/p>\n<p style=\"text-align: justify;\"><sup>3 <\/sup>Medical Student, University Center of Volta Redonda (UNIFOA), Volta Redonda, Rio de Janeiro, Brazil.<\/p>\n<p style=\"text-align: justify;\"><sup>4<\/sup>Titular Professor, Medical School of Tiradentes University (UNIT), Aracaju, Sergipe, Brazil.<\/p>\n<p style=\"text-align: justify;\"><strong>Address for Correspondence:\u00a0 Dr. Jos\u00e9 Aderval Arag\u00e3o, <\/strong>Associate Professor, Department of Morphology and the Postgraduate Applied Health Science Programs, Federal University of Sergipe (UFS), and Titular Professor of the Medical School, Tiradentes University (UNIT), Aracaju, Sergipe, Brazil, <strong>Res.<\/strong>: Rua Aloisio Campos 500, Bairro Atalaia, Aracaju, Sergipe, Brazil. CEP: 49035-020, Tel: +55-79\u201399191-6767\u00a0<strong>E-Mail:<\/strong> jaafelipe@infonet.com.br<\/p>\n<p style=\"text-align: justify;\"><strong>ABSTRACT:<\/strong><\/p>\n<p style=\"text-align: justify;\"><strong>Context: <\/strong>The knowledge about the presence of accessory renal arteries is of great importance to surgeons, especially those who perform kidney transplants.<\/p>\n<p style=\"text-align: justify;\"><strong>Objective: <\/strong>To report the finding of double bilateral renal artery case in human fetus.<\/p>\n<p style=\"text-align: justify;\"><strong>Case Report: <\/strong>Duplicity of the renal artery was found in a male fetus. The right kidney received two renal arteries, one superior, measuring 6,68 mm, and other inferior with 5,85 mm, both steered parallel and bifurcated before penetrating the renal hilum. Likewise, the left kidney received two renal arteries, one superior, measuring 4,16 mm and other left with 9,93 mm, the superior being the only one that bifurcarted itself before penetrating the renal hilum.<\/p>\n<p style=\"text-align: justify;\"><strong>Conclusion: <\/strong>The current finding of accessory renal arteries represents collaboration not just for anatomists, but also with considerable significance to urological surgeons.<\/p>\n<p style=\"text-align: justify;\"><strong>KEY WORDS: <\/strong>Accessory Renal Arteries, Kidney, Kidney Transplants. Renal Hilum.<\/p>\n<p style=\"text-align: justify;\"><strong>REFERENCES<\/strong><\/p>\n<ol>\n<li style=\"text-align: justify;\">Arag\u00e3o JA, de Oliveira Pacheco JM, Silva LA, Reis FP. Frequency of multiple renal arteries in human fetuses. Surg Radiol Anat. 2012 Mar;34(2):133-6.<\/li>\n<li style=\"text-align: justify;\">Deshpande SH, Bannur BM, Patil BG. Bilateral multiple renal vessels: a case report. J Clin Diagn Res. 2014 Jan;8(1):144-5.<\/li>\n<li style=\"text-align: justify;\">Natsis K, Paraskevas G, Panagouli E, Tsaraklis A, Lolis E, Piagkou M, Venieratos D. A morphometric study of multiple renal arteries in Greek population and a systematic review. Rom J Morphol Embryol. 2014;55(3 Suppl):1111-22.<\/li>\n<li style=\"text-align: justify;\">Johnson PB, Cawich SO, Shah SD, Aiken W, McGregor RG, Brown H, Gardner MT. Accessory renal arteries in a Caribbean population: a computed tomography based study. 2013 Sep 8;2:443.<\/li>\n<li style=\"text-align: justify;\">Arag\u00e3o JA, Gomes HL, Costa HVD, Marcelo IS, Nunes PS. Double right renal vein: clinical and surgical implications and review of the literature. International Journal of Basic and Applied Sciences. 2015 Mar;4(2):178-82.<\/li>\n<li style=\"text-align: justify;\">Krishnaveni C, Kulkarni R. A right ectopic kidney with bilateral multiple anomalies of the renal vasculature &#8211; a case report. J Clin Diagn Res. 2013 Jan;7(1):150-3.<\/li>\n<li style=\"text-align: justify;\">Ali Mohammed AM, Elseed Abdalrasol RG, Alamin Abdalhai K, Gommaa Hamad M. Accessory renal vessels. Acta Inform Med. 2012 Sep;20(3):196-7.<\/li>\n<li style=\"text-align: justify;\">Ozkan U, O\u011fuzkurt L, Tercan F, Kizilkili\u00e7 O, Ko\u00e7 Z, Koca N. Renal artery origins and variations: angiographic evaluation of 855 consecutive patients. Diagn Interv Radiol. 2006 Dec;12(4):183-6.<\/li>\n<li style=\"text-align: justify;\">Ogeng&#8217;o JA, Masaki CO, Sinkeet SR, Muthoka JM, Murunga AK. Variant anatomy of renal arteries in a Kenyan population. Ann Transplant. 2010 Jan-Mar;15(1):40-5.<\/li>\n<li style=\"text-align: justify;\">Arag\u00e3o JA, Santana DPA, Brand\u00e3o ECC, Andrade VFA, Freire MRM, Reis FP. Bilateral accessory renal arteries in a fetus: importance for surgical and radiological practice. International Journal of Basic and Applied Sciences. 2015 Jun;4(3):288-90.<\/li>\n<li style=\"text-align: justify;\">Rusu MC. Human bilateral doubled renal and testicular arteries with a left testicular arterial arch around the left renal vein. Rom J Morphol Embryol. 2006;47(2):197-200.<\/li>\n<li style=\"text-align: justify;\">Genc V, Karaca AS, Orozakunov E, Cakmak A, Sevim Y, Ustuner E, Oztuna D, Hazinedaroglu SM. Multiple renal arteries challenge in laparoscopic donor nephrectomy: how far can we go? J Korean Surg Soc. 2011 Apr;80(4):272-7.<\/li>\n<li style=\"text-align: justify;\">Shashikala P, Anjali W, Anshuman N, Jayshree D. A case report: double renal arteries. Int J Anat Var. 2012 Jul;5:22\u20134.<\/li>\n<\/ol>\n<p style=\"text-align: justify;\">\n\t\t\t <div class=\"promo1\" style=\"background-color:#f7f7f7; border-color: #6b0e00 #e8e6e6 #e8e6e6;\">\n             \t <span style=\"color: #800000;\"><strong>Cite this article:<\/strong><\/span> Jos\u00e9 Aderval Arag\u00e3o, Eder Souza Santos, Felipe Matheus Sant\u2019Anna Arag\u00e3o, Iapunira Catarina Sant\u2019Anna Arag\u00e3o, Francisco Prado Reis. DOUBLE BILATERAL RENAL ARTERY IN HUMAN FETUS. Int J Anat Res 2017;5(1):3513-3515. DOI: 10.16965\/ijar.2016.517 \n             <\/div>\t\n\t\t\n","protected":false},"excerpt":{"rendered":"<p>Type of Article:\u00a0 Case Report Volume 5; Issue 1 (February\u00a02017) Page No.: 3513-3515 DOI:\u00a0https:\/\/dx.doi.org\/10.16965\/ijar.2016.517 POWER POINT OR CHALK AND BOARD \u2013 STUDENTS VIEW TOWARDS METHOD OF TEACHING ANATOMY Jos\u00e9 Aderval Arag\u00e3o *1, Eder Souza Santos 2,\u00a0 Felipe Matheus Sant\u2019Anna Arag\u00e3o 3, Iapunira Catarina Sant\u2019Anna Arag\u00e3o 3, Francisco Prado Reis 4. *1 Associate Professor, Department of<br \/><a class=\"moretag\" href=\"https:\/\/www.ijmhr.org\/IntJAnatRes\/ijar-2016-517\">+ Read More<\/a><\/p>\n","protected":false},"author":1,"featured_media":0,"parent":0,"menu_order":0,"comment_status":"closed","ping_status":"closed","template":"","meta":[],"_links":{"self":[{"href":"https:\/\/www.ijmhr.org\/IntJAnatRes\/wp-json\/wp\/v2\/pages\/402"}],"collection":[{"href":"https:\/\/www.ijmhr.org\/IntJAnatRes\/wp-json\/wp\/v2\/pages"}],"about":[{"href":"https:\/\/www.ijmhr.org\/IntJAnatRes\/wp-json\/wp\/v2\/types\/page"}],"author":[{"embeddable":true,"href":"https:\/\/www.ijmhr.org\/IntJAnatRes\/wp-json\/wp\/v2\/users\/1"}],"replies":[{"embeddable":true,"href":"https:\/\/www.ijmhr.org\/IntJAnatRes\/wp-json\/wp\/v2\/comments?post=402"}],"version-history":[{"count":1,"href":"https:\/\/www.ijmhr.org\/IntJAnatRes\/wp-json\/wp\/v2\/pages\/402\/revisions"}],"predecessor-version":[{"id":403,"href":"https:\/\/www.ijmhr.org\/IntJAnatRes\/wp-json\/wp\/v2\/pages\/402\/revisions\/403"}],"wp:attachment":[{"href":"https:\/\/www.ijmhr.org\/IntJAnatRes\/wp-json\/wp\/v2\/media?parent=402"}],"curies":[{"name":"wp","href":"https:\/\/api.w.org\/{rel}","templated":true}]}}