{"id":3115,"date":"2025-12-04T17:23:02","date_gmt":"2025-12-04T17:23:02","guid":{"rendered":"https:\/\/www.ijmhr.org\/IntJAnatRes\/?page_id=3115"},"modified":"2025-12-04T17:23:02","modified_gmt":"2025-12-04T17:23:02","slug":"ijar-2025-245","status":"publish","type":"page","link":"https:\/\/www.ijmhr.org\/IntJAnatRes\/ijar-2025-245","title":{"rendered":"IJAR.2025.245"},"content":{"rendered":"<div class=\"su-row\"><div class=\"su-column su-column-size-1-2\"><div class=\"su-column-inner su-u-clearfix su-u-trim\"><div class=\"su-button-center\"><a href=\"https:\/\/www.ijmhr.org\/ijar.13.4\/IJAR.2025.245.pdf\" class=\"su-button su-button-style-default\" style=\"color:#FFFFFF;background-color:#6b0e00;border-color:#560c00;border-radius:5px;-moz-border-radius:5px;-webkit-border-radius:5px\" target=\"_self\"><span style=\"color:#FFFFFF;padding:6px 16px;font-size:13px;line-height:20px;border-color:#98574d;border-radius:5px;-moz-border-radius:5px;-webkit-border-radius:5px;text-shadow:none;-moz-text-shadow:none;-webkit-text-shadow:none\"><i class=\"sui sui-cloud-download\" style=\"font-size:13px;color:#FFFFFF\"><\/i> DOWNLOAD PDF<\/span><\/a><\/div><\/div><\/div> <div class=\"su-column su-column-size-1-2\"><div class=\"su-column-inner su-u-clearfix su-u-trim\"><div class=\"su-button-center\"><a href=\"https:\/\/ijmhr.org\/ijar-vol-13-4.htm\" class=\"su-button su-button-style-default\" style=\"color:#FFFFFF;background-color:#6b0e00;border-color:#560c00;border-radius:5px;-moz-border-radius:5px;-webkit-border-radius:5px\" target=\"_self\"><span style=\"color:#FFFFFF;padding:6px 16px;font-size:13px;line-height:20px;border-color:#98574d;border-radius:5px;-moz-border-radius:5px;-webkit-border-radius:5px;text-shadow:none;-moz-text-shadow:none;-webkit-text-shadow:none\"><i class=\"sui sui-book\" style=\"font-size:13px;color:#FFFFFF\"><\/i> Table of Contents<\/span><\/a><\/div><\/div><\/div><\/div>\n<h3 style=\"text-align: justify;\"><strong>Type of Article:<\/strong> \u00a0Original Research<\/h3>\n<h3 style=\"text-align: justify;\"><strong>Volume 13; Issue 4 (<\/strong><strong>December 2025)<\/strong><\/h3>\n<h3 style=\"text-align: justify;\"><strong>Page No.:<\/strong> 9368-9373<\/h3>\n<h3 style=\"text-align: justify;\"><strong>DOI:\u00a0<\/strong>https:\/\/dx.doi.org\/10.16965\/ijar.2025.245<\/h3>\n<h3 style=\"text-align: justify;\">Anatomical Aspects of Thyroid Gland Innervation and their Clinical Significance<\/h3>\n<p><strong>Zora Haviarov\u00e1 *\u00b9, Roman Kuruc \u00b2, \u0160tefan Durd\u00edk \u00b3, Viktor Matej\u010d\u00edk \u2074.<\/strong><\/p>\n<p style=\"text-align: justify;\"><sup>*1 <\/sup>Institute of Anatomy, Faculty of Medicine, Comenius University, Sasinkova 2, 81372 Bratislava, Slovakia, <strong>ORCiD:<\/strong> 0000-0003-1583-6938<\/p>\n<p style=\"text-align: justify;\"><sup>2 <\/sup>Institute of Forensic Medicine, Health Care of Surveillance Authority, \u017dellova 2, 82924 Bratislava 25, Slovakia, <strong>ORCiD:<\/strong> 0000-0002-5058-5356<\/p>\n<p style=\"text-align: justify;\"><sup>3<\/sup> Department of Oncological Surgery,\u00a0 St. Elizabeth Cancer Institute, Heydukova 10, 812 50 Bratislava, Slovakia, <strong>ORCiD:<\/strong> 0000-0001-7290-5122<\/p>\n<p style=\"text-align: justify;\"><sup>4 <\/sup>Department of Neurosurgery, Faculty of Medicine and University Hospital, Comenius University, Limbov\u00e1 5, 83305 Bratislava, Slovakia, <strong>ORCiD:<\/strong> 0000-0001-9051-4803<\/p>\n<p style=\"text-align: justify;\"><strong>Corresponding author:<\/strong> Assoc. Prof. Zora Haviarov\u00e1, M.D., Ph.D., Institute of Anatomy, Faculty of Medicine, Sasinkova 2, 81372 Bratislava, Slovakia, <strong>E-Mail:<\/strong> zora.haviarova@fmed.uniba.sk<\/p>\n<p><strong>ABSTRACT:<\/strong><\/p>\n<p style=\"text-align: justify;\"><strong>Background<\/strong>. The thyroid gland is the largest endocrine gland, and thyroid diseases are common health problems, especially in females. Thyroid disorders like goitre, adenoma and carcinoma can be manipulated mainly through surgical interventions. Nerve fibres provide the innervation of the thyroid gland from two sources: the cervical part of the sympathetic trunk and the vagus nerve, especially from its branches \u2013 the superior and inferior laryngeal nerves.<\/p>\n<p style=\"text-align: justify;\"><strong>Material and methods.<\/strong>\u00a0 20 human cadavers (17 male, 3 females, age range 30-86 yrs, without any nervous pathology) were dissected in the supine position. The cervical autonomous system was clarified bilaterally through a \u2018scarf\u2019 skin incision made on both sides along the clavicle to its lateral part. Then the vagus nerve, sympathetic trunk, spinal nerves and their branches, and the phrenic nerve were dissected, followed and documented.<\/p>\n<p style=\"text-align: justify;\"><strong>Results.<\/strong> The number of nerve twigs involved in thyroid innervation is different in each case. In some cases, the branches exiting from the sympathetic trunk dominate over the vagus nerve twigs; on the other hand, vagus nerve branches prevail. If there are additional ganglia in the sympathetic trunk cervical part, the rare cases of its longitudinal distribution were observed. Various situations are drawn in schemes.<\/p>\n<p style=\"text-align: justify;\"><strong>Conclusion.<\/strong> A thorough and detailed knowledge of thyroid innervation anatomy is essential not only for safe thyroid surgery to minimise postoperative complications, but also for other cervical surgical approaches (like for example, anterior cervical discectomy and fusion).<\/p>\n<p><strong>Keywords:<\/strong> Thyroid gland, Innervation, Variability.<\/p>\n<p style=\"text-align: justify;\"><strong>REFERENCES<\/strong><\/p>\n<p style=\"text-align: justify;\">[1]. Matej\u010d\u00edk V, Haviarov\u00e1 Z, Kuruc R. Peculiarities of the autonomic nervous system. Cambridge Scholars Publishing, UK, 2023. ISBN: 1-5275-9309-6, ISBN13: 978-1-5275-9309-1<br \/>[2]. Melander A, Ericson L, Ljunggren J, Norberg K, Persson B, Sundler F, Tibblin S, Westgren U. Sympathetic innervation of the normal human thyroid. The Journal of clinical endocrinology and metabolism, 1974;39(4):713-8. https:\/\/doi.org\/10.1210\/JCEM-39-4-713<br \/>https:\/\/doi.org\/10.1210\/jcem-39-4-713<br \/>PMid:4416009<br \/>[3]. Melander A, Sundler F, Westgren U. Sympathetic innervation of the thyroid: variation with species and with age. Endocrinology 1975;96(1):102-6. https:\/\/doi.org\/10.1210\/ENDO-96-1-102<br \/>https:\/\/doi.org\/10.1210\/endo-96-1-102<br \/>PMid:1109896<br \/>[4]. Rowe ChW, Dill T, Griffin N, Jobling Ph, Faulkner S, Paul JW, King S, Smith R, Hondermarck H. Innervation of papillary thyroid cancer and its association with extra-thyroidal invasion. Scientific Reports 2020;10:1539. https:\/\/doi.org\/10.1038\/s41598-020-58425-5<br \/>https:\/\/doi.org\/10.1038\/s41598-020-58425-5<br \/>PMid:32001748 PMCid:PMC6992619<br \/>[5]. Sundler F, Grunditz T, H\u00e5kanson R, Uddman R. Innervation of the thyroid. A study of the rat using retrograde tracing and immunocytochemistry. Acta histochemica 1989;Supplementband 37:191-8.<br \/>[6]. Themistoklis KM, Korfias SI, Themistoklis IP, Boviatsis KA, Kokkoros AG, Spartalis ED, Mimidis GP, Sakas DE. Anterior Cervical Discectomy and Fusion combined with thyroid gland surgery, a tailored case and literature review. BMC Musculoskeletal Disorders 2019;20:629. <br \/>https:\/\/doi.org\/10.1186\/s12891-019-2997-y<br \/>PMid:31881874 PMCid:PMC6935108<br \/>[7]. Papachristos AJ, Glover A, Sywak M, Sidhu SB. Thyroidectomy in Australia 2022: lessons from 21,000 consecutive cases. ANZ J Surg 2022;92:1626-1630. <br \/>https:\/\/doi.org\/10.1111\/ans.17783<br \/>PMid:35689169<br \/>[8]. Singh R. Surgical Anatomy of Thyroid Gland &#8211; A Comprehensive Review. Basic Sciences of Medicine 2020;9(1):10-14. DOI: 10.5923\/j.medicine.20200901.03<br \/>[9]. Abdreshov SN, Akhmetbaeva NA, Atanbaeva GK, Mamataeva AT, Nauryzbai UB. Adrenergic Innervation of the thyroid Gland, Blood and Lymph Vessels, and Lymph Nodes in Hypothyroidism. Bulletin of Experimental Biology and Medicine 2019;168(2):295- 299.<br \/>https:\/\/doi.org\/10.1007\/s10517-019-04694-8<br \/>PMid:31782006<br \/>[10]. Abdreshov SN, Demchenko GA, Mamataeva AT, Atanbaeva GK, Mankibaeva SA, Akhmetbaeva NA, Kozhaniyazova UN, Nauryzbai UB. Condition of Adrenergic Innervation Apparatus of the Thyroid Gland, Blood and Lymph Vessels, and Lymph Nodes during Correction of Hypothyrosis. Bulletin of Experimental Biology and Medicine 2021;171(2):281-285. <br \/>https:\/\/doi.org\/10.1007\/s10517-021-05212-5<br \/>PMid:34173919<\/p>\n<p style=\"text-align: justify;\">\n\t\t\t <div class=\"promo1\" style=\"background-color:#f7f7f7; border-color: #6b0e00 #e8e6e6 #e8e6e6;\">\n             \t <span style=\"color: #800000;\"><strong>Cite this article:<\/strong><\/span> Zora Haviarov\u00e1, Roman Kuruc, \u0160tefan Durd\u00edk, Viktor Matej\u010d\u00edk. Anatomical Aspects of Thyroid Gland Innervation and their Clinical Significance. Int J Anat Res 2025;13(4):9368-9373. <strong>DOI:\u00a0<\/strong>10.16965\/ijar.2025.245\u00a0 \n             <\/div>\t\n\t\t\n\n\n<p><\/p>\n","protected":false},"excerpt":{"rendered":"<p>Type of Article: \u00a0Original Research Volume 13; Issue 4 (December 2025) Page No.: 9368-9373 DOI:\u00a0https:\/\/dx.doi.org\/10.16965\/ijar.2025.245 Anatomical Aspects of Thyroid Gland Innervation and their Clinical Significance Zora Haviarov\u00e1 *\u00b9, Roman Kuruc \u00b2, \u0160tefan Durd\u00edk \u00b3, Viktor Matej\u010d\u00edk \u2074. *1 Institute of Anatomy, Faculty of Medicine, Comenius University, Sasinkova 2, 81372 Bratislava, Slovakia, ORCiD: 0000-0003-1583-6938 2 Institute<br \/><a class=\"moretag\" href=\"https:\/\/www.ijmhr.org\/IntJAnatRes\/ijar-2025-245\">+ Read More<\/a><\/p>\n","protected":false},"author":1,"featured_media":0,"parent":0,"menu_order":0,"comment_status":"closed","ping_status":"closed","template":"","meta":[],"_links":{"self":[{"href":"https:\/\/www.ijmhr.org\/IntJAnatRes\/wp-json\/wp\/v2\/pages\/3115"}],"collection":[{"href":"https:\/\/www.ijmhr.org\/IntJAnatRes\/wp-json\/wp\/v2\/pages"}],"about":[{"href":"https:\/\/www.ijmhr.org\/IntJAnatRes\/wp-json\/wp\/v2\/types\/page"}],"author":[{"embeddable":true,"href":"https:\/\/www.ijmhr.org\/IntJAnatRes\/wp-json\/wp\/v2\/users\/1"}],"replies":[{"embeddable":true,"href":"https:\/\/www.ijmhr.org\/IntJAnatRes\/wp-json\/wp\/v2\/comments?post=3115"}],"version-history":[{"count":1,"href":"https:\/\/www.ijmhr.org\/IntJAnatRes\/wp-json\/wp\/v2\/pages\/3115\/revisions"}],"predecessor-version":[{"id":3124,"href":"https:\/\/www.ijmhr.org\/IntJAnatRes\/wp-json\/wp\/v2\/pages\/3115\/revisions\/3124"}],"wp:attachment":[{"href":"https:\/\/www.ijmhr.org\/IntJAnatRes\/wp-json\/wp\/v2\/media?parent=3115"}],"curies":[{"name":"wp","href":"https:\/\/api.w.org\/{rel}","templated":true}]}}