{"id":2883,"date":"2023-12-04T13:31:27","date_gmt":"2023-12-04T13:31:27","guid":{"rendered":"https:\/\/www.ijmhr.org\/IntJAnatRes\/?page_id=2883"},"modified":"2023-12-04T13:31:27","modified_gmt":"2023-12-04T13:31:27","slug":"ijar-2023-202","status":"publish","type":"page","link":"https:\/\/www.ijmhr.org\/IntJAnatRes\/ijar-2023-202","title":{"rendered":"IJAR.2023.202"},"content":{"rendered":"<div class=\"su-row\"><div class=\"su-column su-column-size-1-2\"><div class=\"su-column-inner su-u-clearfix su-u-trim\"><div class=\"su-button-center\"><a href=\"https:\/\/www.ijmhr.org\/ijar.11.4\/IJAR.2023.202.pdf\" class=\"su-button su-button-style-default\" style=\"color:#FFFFFF;background-color:#6b0e00;border-color:#560c00;border-radius:5px;-moz-border-radius:5px;-webkit-border-radius:5px\" target=\"_self\"><span style=\"color:#FFFFFF;padding:6px 16px;font-size:13px;line-height:20px;border-color:#98574d;border-radius:5px;-moz-border-radius:5px;-webkit-border-radius:5px;text-shadow:none;-moz-text-shadow:none;-webkit-text-shadow:none\"><i class=\"sui sui-cloud-download\" style=\"font-size:13px;color:#FFFFFF\"><\/i> DOWNLOAD PDF<\/span><\/a><\/div><\/div><\/div> <div class=\"su-column su-column-size-1-2\"><div class=\"su-column-inner su-u-clearfix su-u-trim\"><div class=\"su-button-center\"><a href=\"https:\/\/ijmhr.org\/ijar-vol-11-4.htm\" class=\"su-button su-button-style-default\" style=\"color:#FFFFFF;background-color:#6b0e00;border-color:#560c00;border-radius:5px;-moz-border-radius:5px;-webkit-border-radius:5px\" target=\"_self\"><span style=\"color:#FFFFFF;padding:6px 16px;font-size:13px;line-height:20px;border-color:#98574d;border-radius:5px;-moz-border-radius:5px;-webkit-border-radius:5px;text-shadow:none;-moz-text-shadow:none;-webkit-text-shadow:none\"><i class=\"sui sui-book\" style=\"font-size:13px;color:#FFFFFF\"><\/i> Table of Contents<\/span><\/a><\/div><\/div><\/div><\/div>\n<h3 style=\"text-align: justify;\"><strong>Type of Article:<\/strong> \u00a0Original Research<\/h3>\n<h3 style=\"text-align: justify;\"><strong>Volume 11; Issue 4 (December 2023)<\/strong><\/h3>\n<h3 style=\"text-align: justify;\"><strong>Page No.:<\/strong> 8735-8739<\/h3>\n<h3 style=\"text-align: justify;\"><strong>DOI:\u00a0<\/strong>https:\/\/dx.doi.org\/10.16965\/ijar.2023.202<\/h3>\n<h3 style=\"text-align: justify;\">Arteria Lusoria: Descriptive Anatomy, Topography and Clinical Implications at the HUBERT KOUTOUKOU MAGA National University Hospital Center (CNHU-HKM)<\/h3>\n<p style=\"text-align: justify;\"><strong>Laleye Cm<sup> 1-2<\/sup>, Sogan A<sup>1<\/sup>, Toni Kwg *<sup>1-3<\/sup>, Houmenou E <sup>1<\/sup>, Hadonou A <sup>1<\/sup>, Adjadohoun Sbmg <sup>3<\/sup>, Hounnou Gm <sup>1<\/sup>, Biaou O <sup>4<\/sup>, Voyeme Ak <sup>1<\/sup>.<\/strong><\/p>\n<p><sup>1<\/sup> Human Anatomy Laboratory of the Faculty of Health Sciences (FSS) of Cotonou\/BENIN<\/p>\n<p><sup>2<\/sup> Surgery Department of the University Hospital Center of Ou\u00e9m\u00e9-Plateau (CHUD-OP)\/BENIN<\/p>\n<p style=\"text-align: justify;\"><sup>3<\/sup> Medical Imaging Department of the Hubert Koutoukou MAGA National University Hospital Center (CNHU-HKM) of Cotonou\/BENIN<\/p>\n<p><sup>4<\/sup> Medical Imaging Department of the University Hospital Center of Ou\u00e9m\u00e9-Plateau (CHUD-OP)\/BENIN<\/p>\n<p><strong>Corresponding Author:<\/strong> TONI KWG, Human Anatomy Laboratory of the Faculty of Health Sciences (FSS) of Cotonou\/BENIN <strong>E-Mail:<\/strong> toniwilfried3@gmail.com<\/p>\n<p style=\"text-align: justify;\"><strong>ABSTRACT<\/strong>\u00a0<\/p>\n<p style=\"text-align: justify;\"><strong>Background<\/strong><strong>:<\/strong> The presence of a right aberrant subclavian artery, also known as the lusoria artery, is the most frequent anomaly of the aortic arch. The aim of this study was to describe the anatomy of the lusoria artery and its relationships on CT scans in melanoderm subjects at the CNHU-HKM in Benin.<\/p>\n<p style=\"text-align: justify;\"><strong>Methods:<\/strong> This was a descriptive cross-sectional study with retrospective data collection, conducted from January 2018 to December 2021 at the CNHU-HKM. It focused on thoracic angioscans and thoraco-abdomino-pelvic scans that revealed a lusoria artery in patients referred to the medical imaging department. The sampling was exhaustive. Image analysis was performed using Radiant DICOM Viewer software.<\/p>\n<p style=\"text-align: justify;\"><strong>Results:<\/strong> A total of 11 cases of lusoria artery were identified among the 732 scans studied, representing a frequency of 1.5%, with a sex ratio of 0.22. The mean age of the patients was 50.81 \u00b1 14.54 years. The discovery of the lusoria artery was incidental in all patients. The lusoria arteries arose from the aortic arch, on average 7.59 mm after the left subclavian artery, with a mean diameter of 14.86 mm at the origin. They all had a retro-esophageal course. The bicarotid trunk was the most frequent associated anatomical variation (90.9%) with a mean length of 11.84 mm. This was followed by Kommerell&#8217;s diverticulum (18.18%). One case of a common origin of the subclavian arteries and bicarotid trunk associated with the lusoria artery was noted.<\/p>\n<p style=\"text-align: justify;\"><strong>Conclusion:<\/strong> The lusoria artery is a rare anatomical variation that predominantly affects women. Often discovered incidentally, it arises from the aortic arch and has a retro-esophageal course. It is almost constantly associated with a bicarotid trunk.<\/p>\n<p><strong>Keywords:<\/strong> Lusoria artery &#8211; bicarotid trunk &#8211; CT scan &#8211; Kommerell&#8217;s diverticulum &#8211; Benin.<\/p>\n<p style=\"text-align: justify;\"><strong>REFERENCES<\/strong><\/p>\n<p style=\"text-align: justify;\">[1]. Zapata H, Edwards JE, Titus JL. Aberrant right subclavian artery with left aortic arch: associated cardiac anomalies. Pediatr Cardiol. 1993;14(3):159-61. <br \/>[2]. Vucemilo I, Harlock AJ, Qadura M, Guirgis M, Gowing NR, Tittley GJ. Hybrid repair of symptomatic aberrant right subclavian artery and Kommerell\u2019s diverticulum. Ann Vasc Surg. 2014;28(2):411-20. <br \/>[3]. Co\u015fkun E, Alt\u0131nay L, Tekin A, T\u00fct\u00fcn U. Aberrant right subclavian artery (arteria lusoria) aneurysm with a Kommerell\u2019s diverticulum. J Vasc Bras. 2019;18:1-4. <br \/>[4]. Myers PO, Fasel JHD, Kalangos A, Gailloud P. Arteria lusoria: Developmental anatomy, clinical, radiological and surgical aspects. Annales de Cardiologie et d\u2019Ang\u00e9iologie. 2010;59:147-54. <br \/>[5]. Polguj, \u0141, Chrzanowski JD, Kasprzak L, Stefa\u0144czyk M. The aberrant right subclavian artery (arteria lusoria): the morphological and clinical aspects of one of the most important variations: a systematic study of 141 reports. Sci World J. 2014;2014:292734. <br \/>[6]. Padmanabhan A, Thomas AV, Sandeep GSK. Aberrant right subclavian artery syndrome manifesting as focal tracheomalacia. Lung India. 2017;34:292-94. <br \/>[7]. Rosa P, Gillespie DL, Goff JM. Aberrant right subclavian artery syndrome: a case of chronic cough. J Vasc Surg. 2003;37(6):1318-21. <br \/>[8]. Tanaka A, Milner R, Ota T. Kommerell\u2019s diverticulum in the current era: a comprehensive review. Gen Thorac Cardiovasc Surg. 2015;63:245-59. <br \/>[9]. Mossad et al. Diverticulum of Kommerell: A Review of a Series and a Report of a Case with Tracheal Deviation Compromising Single Lung Ventilation. Anesth Analg. 2002;94(6):1462-4. <br \/>[10]. Tuleja A, Baumgartner I, Schindewolf M. Claudication Caused by stenosis of arteria lusoria-Case Report and Review of Literature. Clinical Medicine Insights. 2019;12:1-2. <br \/>[11]. Abhaichand RK, Louvard Y, Gobeil JF, Loubeyre C, T. The problem of arteria lusoria in right transradial coronary angiography and angioplasty. Catheterization and Cardiovascular Interventions. 2001;54(2):196-201. <br \/>[12]. Hunauld PM. Examen de quelques parties d\u2019un singe. Hist Acad Roy Sci. 1735;2:516-23. <br \/>[13]. T\u00fcrkvatan A, B\u00fcy\u00fckbayraktar FG, Ol\u00e7er T, Cumhur T. Congenital anomalies of the aortic arch: evaluation with the use of multidetector computed tomography. Korean J Radiol. 2009;10(2):176-84. <br \/>[14]. Alghamdi MA, Al-Eitan LN, Elsy B, Abdalla AM. Aberrant right subclavian artery in a cadaver: a case report of an aortic arch Anomaly. Folia Morphol. 2021;80(3):726-29. <br \/>[15]. McDonald JJ, Anson BJ. Variations in the origin of arteries derived from the aortic arch, in American whites and negroes. Am J Phys Anthrop. 1940;27:91-107. <br \/>[16]. Jain KK, Braze AJ, Shapiro MA, Perez-Tamayo RA. Aberrant right subclavian artery-esophageal fistula and severe gastrointestinal bleeding after surgical correction of scimitar syndrome. Texas Heart Institute Journal. 2012;39(4):571-74. <br \/>[17]. Massaro N, Verro B, Greco G. Dyspnea in Patient with Arteria Lusoria: A Case Report. Iranian Journal of Otorhinolaryngology. 2020;32(5):112. <br \/>[18]. Ndiaye K, Abbassi A, Traor\u00e9 S, Vagba J, Aouami A, Berret M. Arteria lusoria dyspn\u00e9isante: \u00e0 propos d\u2019un cas. Pan Afr Med J. 2020;37(7):318. <br \/>[19]. Jeannon F. Arteria Lusoria: Etude morphodensitom\u00e9trique de 150 cas ; applications cliniques. Th\u00e8se de Doctorat en M\u00e9decine. Universit\u00e9 Henri Poincar\u00e9 Nancy I. 2011:58-65. <br \/>[20]. Stone WM, Ricotta JJ, Fowl RJ, Garg N, Bower TC, Money SR. Contemporary management of aberrant right subclavian arteries. Ann Vasc Surg. 2011;25:508-14. <br \/>[21]. Carles D, Pelluard F, Andr\u00e9 G, Nocart N, Sauvestre F. L\u2019art\u00e8re sous-clavi\u00e8re droite aberrante (arteria lusoria) et le risque de trisomie 21. Analyse r\u00e9trospective de 11 479 examens f\u0153topathologiques. Journal de Gyn\u00e9cologie Obst\u00e9trique et Biologie de la Reproduction. 2014;43(9):698-703. <br \/>[22]. Wangermez J, Bonjean P. Variations raciales dans l&#8217;origine des branches de la crosse de l&#8217;aorte. Bulletins et M\u00e9moires de la Soci\u00e9t\u00e9 d&#8217;anthropologie de Paris. 1978;13(5):179-88. <br \/>[23]. Poultsides GA, Lolis ED, Vasquez J, Drezner AD, Venieratos D. Common origins of carotid and subclavian arterial systems: report of a rare aortic arch variant. Ann Vasc Surg. 2004;18(5):597-600. <br \/>[24]. Norris CR, Wilson CA, Lin MC. Truncus bicaroticus with Arteria Lusoria: A Rare Combination of Aortic Root Anatomy Complicating Cardiac Catheterization. Fed Pract. 2021;38(2):84-8. <br \/>[25]. Li T, Zou L, Feng Y, Fan G, Xin Y. Hybrid repair of aberrant right subclavian artery with aortic dissection caused by Kommerell diverticulum. BMC Cardiovasc Disord. 2022;21(1):562. <br \/>[26]. Cetin I, Varan B, Arman U. Tronc commun des art\u00e8res sous-clavi\u00e8res et vert\u00e9brales : une nouvelle anomalie cong\u00e9nitale des troncs supra-aortiques. Ann Vasc Surg. 2009;23:142-43. <\/p>\n<p style=\"text-align: justify;\">\n\t\t\t <div class=\"promo1\" style=\"background-color:#f7f7f7; border-color: #6b0e00 #e8e6e6 #e8e6e6;\">\n             \t <span style=\"color: #800000;\"><strong>Cite this article:<\/strong><\/span> Laleye CM, Sogan A, Toni KWG, Houmenou E, Hadonou A, Adjadohoun SBMG, Hounnou GM, Biaou O, Voyeme AK. Arteria Lusoria: Descriptive Anatomy, Topography and Clinical Implications at the HUBERT KOUTOUKOU MAGA National University Hospital Center (CNHU-HKM). Int J Anat Res 2023;11(4):8735-8739. <strong>DOI:\u00a0<\/strong>10.16965\/ijar.2023.202\u00a0 \n             <\/div>\t\n\t\t\n\n\n<p><\/p>\n","protected":false},"excerpt":{"rendered":"<p>Type of Article: \u00a0Original Research Volume 11; Issue 4 (December 2023) Page No.: 8735-8739 DOI:\u00a0https:\/\/dx.doi.org\/10.16965\/ijar.2023.202 Arteria Lusoria: Descriptive Anatomy, Topography and Clinical Implications at the HUBERT KOUTOUKOU MAGA National University Hospital Center (CNHU-HKM) Laleye Cm 1-2, Sogan A1, Toni Kwg *1-3, Houmenou E 1, Hadonou A 1, Adjadohoun Sbmg 3, Hounnou Gm 1, Biaou O<br \/><a class=\"moretag\" href=\"https:\/\/www.ijmhr.org\/IntJAnatRes\/ijar-2023-202\">+ Read More<\/a><\/p>\n","protected":false},"author":1,"featured_media":0,"parent":0,"menu_order":0,"comment_status":"closed","ping_status":"closed","template":"","meta":[],"_links":{"self":[{"href":"https:\/\/www.ijmhr.org\/IntJAnatRes\/wp-json\/wp\/v2\/pages\/2883"}],"collection":[{"href":"https:\/\/www.ijmhr.org\/IntJAnatRes\/wp-json\/wp\/v2\/pages"}],"about":[{"href":"https:\/\/www.ijmhr.org\/IntJAnatRes\/wp-json\/wp\/v2\/types\/page"}],"author":[{"embeddable":true,"href":"https:\/\/www.ijmhr.org\/IntJAnatRes\/wp-json\/wp\/v2\/users\/1"}],"replies":[{"embeddable":true,"href":"https:\/\/www.ijmhr.org\/IntJAnatRes\/wp-json\/wp\/v2\/comments?post=2883"}],"version-history":[{"count":1,"href":"https:\/\/www.ijmhr.org\/IntJAnatRes\/wp-json\/wp\/v2\/pages\/2883\/revisions"}],"predecessor-version":[{"id":2884,"href":"https:\/\/www.ijmhr.org\/IntJAnatRes\/wp-json\/wp\/v2\/pages\/2883\/revisions\/2884"}],"wp:attachment":[{"href":"https:\/\/www.ijmhr.org\/IntJAnatRes\/wp-json\/wp\/v2\/media?parent=2883"}],"curies":[{"name":"wp","href":"https:\/\/api.w.org\/{rel}","templated":true}]}}