{"id":2713,"date":"2022-09-04T12:09:15","date_gmt":"2022-09-04T12:09:15","guid":{"rendered":"http:\/\/www.ijmhr.org\/IntJAnatRes\/?page_id=2713"},"modified":"2022-09-04T12:09:15","modified_gmt":"2022-09-04T12:09:15","slug":"ijar-2022-191","status":"publish","type":"page","link":"https:\/\/www.ijmhr.org\/IntJAnatRes\/ijar-2022-191","title":{"rendered":"IJAR.2022.191"},"content":{"rendered":"<div class=\"su-row\"><div class=\"su-column su-column-size-1-2\"><div class=\"su-column-inner su-u-clearfix su-u-trim\"><div class=\"su-button-center\"><a href=\"https:\/\/www.ijmhr.org\/ijar.10.3\/IJAR.2022.191.pdf\" class=\"su-button su-button-style-default\" style=\"color:#FFFFFF;background-color:#6b0e00;border-color:#560c00;border-radius:5px;-moz-border-radius:5px;-webkit-border-radius:5px\" target=\"_self\"><span style=\"color:#FFFFFF;padding:6px 16px;font-size:13px;line-height:20px;border-color:#98574d;border-radius:5px;-moz-border-radius:5px;-webkit-border-radius:5px;text-shadow:none;-moz-text-shadow:none;-webkit-text-shadow:none\"><i class=\"sui sui-cloud-download\" style=\"font-size:13px;color:#FFFFFF\"><\/i> DOWNLOAD PDF<\/span><\/a><\/div><\/div><\/div> <div class=\"su-column su-column-size-1-2\"><div class=\"su-column-inner su-u-clearfix su-u-trim\"><div class=\"su-button-center\"><a href=\"https:\/\/ijmhr.org\/ijar-vol-10-3.htm\" class=\"su-button su-button-style-default\" style=\"color:#FFFFFF;background-color:#6b0e00;border-color:#560c00;border-radius:5px;-moz-border-radius:5px;-webkit-border-radius:5px\" target=\"_self\"><span style=\"color:#FFFFFF;padding:6px 16px;font-size:13px;line-height:20px;border-color:#98574d;border-radius:5px;-moz-border-radius:5px;-webkit-border-radius:5px;text-shadow:none;-moz-text-shadow:none;-webkit-text-shadow:none\"><i class=\"sui sui-book\" style=\"font-size:13px;color:#FFFFFF\"><\/i> Table of Contents<\/span><\/a><\/div><\/div><\/div><\/div>\n<h3 style=\"text-align: justify;\"><strong>Type of Article:<\/strong> \u00a0Case Series<\/h3>\n<h3 style=\"text-align: justify;\"><strong>Volume 10; Issue 3 (September 2022)<\/strong><\/h3>\n<h3 style=\"text-align: justify;\"><strong>Page No.:<\/strong> 8452-8456<\/h3>\n<h3 style=\"text-align: justify;\"><strong>DOI:\u00a0<\/strong>https:\/\/dx.doi.org\/10.16965\/ijar.2022.191<\/h3>\n<h3 style=\"text-align: justify;\">Persistence of Ventrolateral Splanchnic Longitudinal Channels<\/h3>\n<p><strong>Sakkarai Jayagandhi <sup>1<\/sup>, Khizer Hussain Afroze M *<sup>2<\/sup>, Kidiyoor Anup Rao <sup>3<\/sup>, Suman Verma <sup>4<\/sup>, Sangeeta M <sup>5<\/sup>.<\/strong><\/p>\n<p style=\"text-align: justify;\"><sup>1<\/sup> Associate Professor, Department of Anatomy, Pondicherry Institute of Medical Sciences, Pondicherry India.<\/p>\n<p style=\"text-align: justify;\"><sup>*2<\/sup> Assistant Professor, Department of Anatomy, MVJ Medical College &amp;Research Hospital, Hoskote, Bangalore, Karnataka, India.<\/p>\n<p style=\"text-align: justify;\"><sup>3<\/sup> Assistant Professor, Department of Anatomy, Subbaiah Institute of Medical Sciences, Shivamogga, Karnataka India.<\/p>\n<p style=\"text-align: justify;\"><sup>4<\/sup> Additional Professor, Department of Anatomy, JIPMER, Pondicherry, India.<\/p>\n<p style=\"text-align: justify;\"><sup>5<\/sup> Professor and HOD, Department of Anatomy, MVJ Medical College &amp;Research Hospital, Hoskote, Bangalore, Karnataka, India.<\/p>\n<p style=\"text-align: justify;\"><strong>Sakkarai Jayagandhi: <\/strong>https:\/\/orcid.org\/0000-0003-1317-5603<\/p>\n<p style=\"text-align: justify;\"><strong>Khizer Hussain Afroze M: <\/strong>https:\/\/orcid.org\/0000-0003-3790-302X<\/p>\n<p style=\"text-align: justify;\"><strong>Kidiyoor Anup Rao: <\/strong>https:\/\/orcid.org\/0000-0002-1045-268X<\/p>\n<p style=\"text-align: justify;\"><strong>Suman Verma: <\/strong>https:\/\/orcid.org\/0000-0001-7266-9318<\/p>\n<p style=\"text-align: justify;\"><strong>Sangeeta M: \u00a0<sup>\u00a0<\/sup><\/strong>https:\/\/orcid.org\/0000-0001-5109-1414<\/p>\n<p style=\"text-align: justify;\"><strong>Corresponding author: Khizer Hussain Afroze M, <\/strong>Assistant Professor, Department of Anatomy,\u00a0MVJ Medical College and Research Hospital, Bangalore, Karnataka India. 562114.\u00a0<strong>E-Mail:<\/strong> drafroze.homoeo@gmail.com<\/p>\n<h3 style=\"text-align: justify;\">ABSTRACT<\/h3>\n<p style=\"text-align: justify;\">The coeliac trunk is the branch of the abdominal aorta at the level of the twelfth thoracic vertebra. Its branches namely left gastric, common hepatic and splenic arteries supply the primary organs of the supracolic abdominal compartment namely the stomach, pancreas, spleen and liver. \u00a0In this article, we report case series of three cases in male cadavers\u00a0aged 65yrs, 60yrs and 70yrs respectively in the Department of Anatomy, Pondicherry Institute of Medical Sciences and MVJ Medical College and Research Institute wherein we discovered that the branching pattern of the coeliac trunk varied from the usual pattern, thus the specimens were photographed to understand further. The observation of first case, common trunk from abdominal aorta showed common hepatic and superior mesenteric artery and left gastric and splenic artery aroused as another common trunk from abdominal aorta. The second case showed the superior mesenteric artery arising from coeliac trunk and the third case was observed the inferior phrenic arteries were arising from coeliac trunk. Knowledge of this variable anatomy may be useful in planning and executing surgical or radiological interventions.\u00a0\u00a0<\/p>\n<p style=\"text-align: justify;\"><strong>Key words<\/strong><strong>: <\/strong>Ventral splanchnic vessels, coeliac trunk, Superior mesenteric Artery, Inferior Phrenic artery, vascular variations.<\/p>\n<p style=\"text-align: justify;\"><strong>REFERENCES<\/strong><\/p>\n<p style=\"text-align: justify;\">[1]. Venieratos D, Panagouli E, Lolis E, Tsaraklis A, Skandalakis P. A morphometric study of the celiac trunk and review of the literature. Clinical anatomy. 2013 Sep;26(6):741-50.<br \/>[2]. Nayak SR, Prabhu LV, Krishnamurthy A, Kumar CG, Ramanathan LA, Acharya A, Sinha AP. Additional branches of celiac trunk and its clinical significance. Rom J Morphol Embryol. 2008 Jan 1;49(2):247-9.<br \/>[3]. Ugurel MS, Battal B, Bozlar U, Nural MS, Tasar M, Ors F, Saglam M, Karademir I. Anatomical variations of hepatic arterial system, coeliac trunk and renal arteries: an analysis with multidetector CT angiography. The British journal of radiology. 2010 Aug;83(992):661-7.<br \/>[4]. G\u00fcm\u00fcs H, B\u00fckte Y, \u00d6zdemir E, Sent\u00fcrk S, Tekbas G, \u00d6nder H, Ekici F, Bilici A. Variations of the celiac trunk and hepatic arteries: a study with 64-detector computed tomographic angiography. European review for medical and pharmacological sciences. 2013 Jun 1;17(12):1636-41.<br \/>[5]. Lipshutz B. A composite study of the coeliac axis artery. Annals of surgery. 1917 Feb;65(2):159.<br \/>[6]. Vandamme JP, Bonte J. The branches of the celiac trunk. Cells Tissues Organs. 1985;122(2):110-4.<br \/>[7]. Settembrini PG, Jausseran JM, Roveri S, Ferdani M, Carmo M, Rudondy P, Serra MG, Pezzuoli G. Aneurysms of anomalous splenomesenteric trunk: clinical features and surgical management in two cases. Journal of vascular surgery. 1996 Oct 1;24(4):687-92.<br \/>[8]. Itri JN, Heller MT, Tublin ME. Hepatic transplantation: postoperative complications. Abdominal imaging. 2013 Dec;38(6):1300-33.<br \/>[9]. Lippert H, Pabst R. Arterial variations in man: classification and frequency. M\u00fcnchen: JF Bergmann Verlag; 1985 Oct.<br \/>[10]. Oran I, Yesildag A, Memis A. Aortic origin of right hepatic artery and superior mesenteric origin of splenic artery two rare variations demonstrated angiographically. Surgical and Radiologic Anatomy. 2001 Dec; 23(5):349-52.<br \/>[11]. Torres K, Sta\u015bkiewicz G, Denisow M, Torres A, Szuka\u0142a M, Czekajska-Chehab E, Drop A. Anatomical variations of the coeliac trunk in the homogeneous Polish population. Folia morphologica. 2015; 74(1):93-9.<br \/>[12]. Song SY, Chung JW, Yin YH, Jae HJ, Kim HC, Jeon UB, Cho BH, So YH, Park JH. Celiac axis and common hepatic artery variations in 5002 patients: systematic analysis with spiral CT and DSA. Radiology. 2010 Apr; 255(1):278-88.<br \/>[13]. Hiatt JR, Gabbay J, Busuttil RW. Surgical anatomy of the hepatic arteries in 1000 cases. Annals of surgery. 1994 Jul; 220(1):50.<br \/>[14]. Adachi B. Das arteriensystem der Japaner, vol 2. Kenkyusha Press, Kyoto 1928: 18\u201371.<br \/>[15]. Pinal-Garcia DF, Nuno-Guzman CM, Gonzalez-Gonzalez ME,et al. The celiac trunk and its anatomical variations:a cadaveric study. J Clin Med Res. 2018; 10(4): 321\u2013329.<br \/>[16]. Juszczak A, Czy\u017cowski J, Mazurek A, Walocha JA, Pasternak A. Anatomical variants of coeliac trunk in Polish population using multidetector computed tomography angiography. Folia Morphologica. 2021; 80(2):290-6.<br \/>[17]. Kulkarni C B. Pullara S K, Prabhu N K ,Pillay M, Moorthy S. Variations in the Origins of Inferior Phrenic Arteries\u2014 An Evaluation with 256 Slice Multidetector Computed Tomography. Journal of Clinical Interventional Radiology. 2020; 4(2):1-10.<br \/>[18]. Tandler J. \u00dcber die Variet\u00e4ten der Arteria coeliaca und deren Entwickelung. Anatomische Hefte. 1904 Jul; 25(2):473-500.<br \/>[19]. Felix W. The development of the urinogenital organs. I. The development of the excretory glands and their ducts. Manual of human embryology. 1912:752-880.<br \/>[20]. Isogai S, Horiguchi M, Hitomi J. The para\u2010aortic ridge plays a key role in the formation of the renal, adrenal and gonadal vascular systems. Journal of Anatomy. 2010 Jun; 216(6):656-70.<\/p>\n<p style=\"text-align: justify;\">\n\t\t\t <div class=\"promo1\" style=\"background-color:#f7f7f7; border-color: #6b0e00 #e8e6e6 #e8e6e6;\">\n             \t <span style=\"color: #800000;\"><strong>Cite this article:<\/strong><\/span> Sakkarai Jayagandhi, Khizer Hussain Afroze M, Kidiyoor Anup Rao, Suman Verma, Sangeeta M. Persistence of Ventrolateral Splanchnic Longitudinal Channels. Int J Anat Res 2022;10(3):8452-8456. <strong>DOI:\u00a0<\/strong>10.16965\/ijar.2022.191\u00a0 \n             <\/div>\t\n\t\t\n\n\n<p><\/p>\n","protected":false},"excerpt":{"rendered":"<p>Type of Article: \u00a0Case Series Volume 10; Issue 3 (September 2022) Page No.: 8452-8456 DOI:\u00a0https:\/\/dx.doi.org\/10.16965\/ijar.2022.191 Persistence of Ventrolateral Splanchnic Longitudinal Channels Sakkarai Jayagandhi 1, Khizer Hussain Afroze M *2, Kidiyoor Anup Rao 3, Suman Verma 4, Sangeeta M 5. 1 Associate Professor, Department of Anatomy, Pondicherry Institute of Medical Sciences, Pondicherry India. *2 Assistant Professor,<br \/><a class=\"moretag\" href=\"https:\/\/www.ijmhr.org\/IntJAnatRes\/ijar-2022-191\">+ Read More<\/a><\/p>\n","protected":false},"author":1,"featured_media":0,"parent":0,"menu_order":0,"comment_status":"closed","ping_status":"closed","template":"","meta":[],"_links":{"self":[{"href":"https:\/\/www.ijmhr.org\/IntJAnatRes\/wp-json\/wp\/v2\/pages\/2713"}],"collection":[{"href":"https:\/\/www.ijmhr.org\/IntJAnatRes\/wp-json\/wp\/v2\/pages"}],"about":[{"href":"https:\/\/www.ijmhr.org\/IntJAnatRes\/wp-json\/wp\/v2\/types\/page"}],"author":[{"embeddable":true,"href":"https:\/\/www.ijmhr.org\/IntJAnatRes\/wp-json\/wp\/v2\/users\/1"}],"replies":[{"embeddable":true,"href":"https:\/\/www.ijmhr.org\/IntJAnatRes\/wp-json\/wp\/v2\/comments?post=2713"}],"version-history":[{"count":1,"href":"https:\/\/www.ijmhr.org\/IntJAnatRes\/wp-json\/wp\/v2\/pages\/2713\/revisions"}],"predecessor-version":[{"id":2727,"href":"https:\/\/www.ijmhr.org\/IntJAnatRes\/wp-json\/wp\/v2\/pages\/2713\/revisions\/2727"}],"wp:attachment":[{"href":"https:\/\/www.ijmhr.org\/IntJAnatRes\/wp-json\/wp\/v2\/media?parent=2713"}],"curies":[{"name":"wp","href":"https:\/\/api.w.org\/{rel}","templated":true}]}}