{"id":2608,"date":"2022-03-04T14:51:31","date_gmt":"2022-03-04T14:51:31","guid":{"rendered":"https:\/\/www.ijmhr.org\/IntJAnatRes\/?page_id=2608"},"modified":"2022-03-04T14:51:31","modified_gmt":"2022-03-04T14:51:31","slug":"ijar-2021-191","status":"publish","type":"page","link":"https:\/\/www.ijmhr.org\/IntJAnatRes\/ijar-2021-191","title":{"rendered":"IJAR.2021.191"},"content":{"rendered":"<div class=\"su-row\"><div class=\"su-column su-column-size-1-2\"><div class=\"su-column-inner su-u-clearfix su-u-trim\"><div class=\"su-button-center\"><a href=\"https:\/\/www.ijmhr.org\/ijar.10.1\/IJAR.2021.191.pdf\" class=\"su-button su-button-style-default\" style=\"color:#FFFFFF;background-color:#6b0e00;border-color:#560c00;border-radius:5px;-moz-border-radius:5px;-webkit-border-radius:5px\" target=\"_self\"><span style=\"color:#FFFFFF;padding:6px 16px;font-size:13px;line-height:20px;border-color:#98574d;border-radius:5px;-moz-border-radius:5px;-webkit-border-radius:5px;text-shadow:none;-moz-text-shadow:none;-webkit-text-shadow:none\"><i class=\"sui sui-cloud-download\" style=\"font-size:13px;color:#FFFFFF\"><\/i> DOWNLOAD PDF<\/span><\/a><\/div><\/div><\/div> <div class=\"su-column su-column-size-1-2\"><div class=\"su-column-inner su-u-clearfix su-u-trim\"><div class=\"su-button-center\"><a href=\"https:\/\/ijmhr.org\/ijar-vol-10-1.htm\" class=\"su-button su-button-style-default\" style=\"color:#FFFFFF;background-color:#6b0e00;border-color:#560c00;border-radius:5px;-moz-border-radius:5px;-webkit-border-radius:5px\" target=\"_self\"><span style=\"color:#FFFFFF;padding:6px 16px;font-size:13px;line-height:20px;border-color:#98574d;border-radius:5px;-moz-border-radius:5px;-webkit-border-radius:5px;text-shadow:none;-moz-text-shadow:none;-webkit-text-shadow:none\"><i class=\"sui sui-book\" style=\"font-size:13px;color:#FFFFFF\"><\/i> Table of Contents<\/span><\/a><\/div><\/div><\/div><\/div>\n<h3 style=\"text-align: justify;\"><strong>Type of Article:<\/strong> \u00a0Case Report<\/h3>\n<h3 style=\"text-align: justify;\"><strong>Volume 10; Issue 1 (March 2022)<\/strong><\/h3>\n<h3 style=\"text-align: justify;\"><strong>Page No.:<\/strong> 8226-8229<\/h3>\n<h3 style=\"text-align: justify;\"><strong>DOI:\u00a0<\/strong>https:\/\/dx.doi.org\/10.16965\/ijar.2021.191<\/h3>\n<h3 style=\"text-align: justify;\">Harlequin Ichthyosis: Folklore of Demon<\/h3>\n<p><strong>Maman You Esp\u00e9rance BROALET *<sup>1<\/sup>, Di\u00e9 Doweh Renaud <sup>2<\/sup>, Djibril Ouattara <sup>3<\/sup>, Jean-Baptiste K\u00e9k\u00e9 <sup>4<\/sup>, Mohamed Kon\u00e9 <sup>5<\/sup>.<\/strong><\/p>\n<p style=\"text-align: justify;\"><sup>*1<\/sup> Department of Anatomy, Mandya Institute of Medical Sciences, Mandya, Karnataka, India.\u00a0 \u00a0 \u00a0 \u00a0 \u00a0 \u00a0 \u00a0 \u00a0 \u00a0 \u00a0 \u00a0 \u00a0 \u00a0 \u00a0 \u00a0https:\/\/orcid.org\/ 0000-0001-5916-7161<\/p>\n<p style=\"text-align: justify;\"><sup>2<\/sup> Department of Anatomy, Mandya Institute of Medical Sciences, Mandya, Karnataka, India.<\/p>\n<p style=\"text-align: justify;\"><span style=\"font-size: revert; color: initial;\"><strong>Corresponding author<\/strong>: Dr. Sunil O, Department of Anatomy, Mandya Institute of Medical Sciences, Mandya, Karnataka, India. <strong>E-Mail: <\/strong>sunilobulesh13@gmail.com <\/span><\/p>\n<h3 style=\"text-align: justify;\">ABSTRACT<\/h3>\n<p style=\"text-align: justify;\"><strong>Background: <\/strong>Harlequin ichthyosis (HI) is a severe and rare autosomal recessive congenital ichthyosis, characterized by severe hyperkeratosis, extensive fissuring and massive, diamond-shaped scales which limit the child\u2019s movements. The term harlequin comes from the baby\u2019s facial expression and diamond-shaped pattern of the scales like the 17th century entertainers, harlequins. The underlying genetic abnormality has been identified as a mutation in the lipid-transporter gene ABCA 12 on chromosome 2q35.<\/p>\n<p style=\"text-align: justify;\"><strong>Aim and objectives: <\/strong>To provide a comprehensive knowledge of severe forms of congenital ichthyosis, the harlequin ichthyosis and abolish the superstitious notion regarding the appearance of the neonate.<\/p>\n<p style=\"text-align: justify;\"><strong>Materials and Methods: <\/strong>The present report is case of premature girl baby delivered at MIMS, Mandya. The neonate presented plaques of rigid fixed skin, separated by deep red fissures, facial features were obliterated by thickened skin, undeveloped nose and pinna, severe ectropion and eclabium. Intensive care was given and survival was prolonged by systemic retinoids. The neonate succumbed to respiratory failure few days later.<\/p>\n<p style=\"text-align: justify;\"><strong>Results and conclusion: <\/strong>The present study gives a comprehensive knowledge of harlequin ichthyosis and provides emphasis on sensitization of the disease to prevent any misconception or superstition. Also lays emphasis on Genetic counseling of the couple to prevent further occurrences.<\/p>\n<p style=\"text-align: justify;\"><strong>Key words<\/strong>: Eclabium, Ectropion, Harlequin ichthyosis.<\/p>\n<p style=\"text-align: justify;\"><strong>REFERENCES<\/strong><\/p>\n<p style=\"text-align: justify;\">[1]. Rathore S, David LS, Beck MM, Bindra MS, Arunachal G. Harlequin ichthyosis: Prenatal diagnosis of a rare yet severe genetic dermatosis. J Clin Diagn Res. 2015;9(11):QD04-QD06. <br \/>[2]. National Organization for Rare Disorders. Ichthyosis, harlequin type. https:\/\/rarediseases.org\/rare-diseases\/ichthyosis-harlequin-type\/<br \/>[3]. Glick JB, Craiglow BG, Choate KA, Kato H, Fleming RE, Siegfried E, &amp; Glick SA. Improved management of harlequin ichthyosis with advances in neonatal intensive care. Am Aced Pediatrics. 2017;139(1). <br \/>[4]. Sundaramoorthy Srinivasan. Expecting the most unexpected \u2013 a harlequin baby! A case report and literature analysis. Our Derm online. 2012. <br \/>[5]. Krug M, Oji V, Traupe H, Berneburg M. Ichthyoses-Part 1: Differential diagnosis of vulgar ichthyoses and therapeutic options. J. Dtsch. Dermatol. Ges. 2009; 7: 511\u2013519. <br \/>[6]. Krug M, Oji V, Traupe H, Berneburg M. Ichthyoses-Part 2: Congenital ichthyoses. J. Dtsch. Dermatol. Ges. 2009; 7: 577\u2013588. <br \/>[7]. Merriam-Webster: History of Harlequin. <br \/>[8]. Available from: https:\/\/www.merriam-webster.com\/dictionary\/harlequin [Accessed 15th Nov 2021].<br \/>[9]. U.S. National Library of Medicine. ABCA12 gene. https:\/\/ghr.nlm.nih.gov\/gene\/ABCA12#conditions. Reviewed July 2017.<br \/>[10]. Rajpopat, S et al. Harlequin ichthyosis: a review of clinical and molecular findings in 45 cases. Arch Dermatol. 2011;147(6):681-86. <br \/>[11]. Orphanet. Congenital non-bullous ichthyosiform erythyroderma.<br \/>[12]. https:\/\/www.orpha.net\/consor\/cgi-bin\/OC_Exp.php?lng=en&amp;Expert=79394. Updated Jan 2012.<br \/>[13]. Paller, A et al. An IL-17-dominant immune profile is shared across the major orphan forms of ichthyosis. J Allergy Clin Immunol. 2017;139(1):152-65. <\/p>\n<p style=\"text-align: justify;\">\n\t\t\t <div class=\"promo1\" style=\"background-color:#f7f7f7; border-color: #6b0e00 #e8e6e6 #e8e6e6;\">\n             \t <span style=\"color: #800000;\"><strong>Cite this article:<\/strong><\/span> Sunil O, Trinesh Gowda M S. Harlequin Ichthyosis: Folklore of Demon. Int J Anat Res 2022;10(1):8226-8229. <strong>DOI:\u00a0<\/strong>10.16965\/ijar.2021.191\u00a0 \n             <\/div>\t\n\t\t\n\n\n<p><\/p>\n","protected":false},"excerpt":{"rendered":"<p>Type of Article: \u00a0Case Report Volume 10; Issue 1 (March 2022) Page No.: 8226-8229 DOI:\u00a0https:\/\/dx.doi.org\/10.16965\/ijar.2021.191 Harlequin Ichthyosis: Folklore of Demon Maman You Esp\u00e9rance BROALET *1, Di\u00e9 Doweh Renaud 2, Djibril Ouattara 3, Jean-Baptiste K\u00e9k\u00e9 4, Mohamed Kon\u00e9 5. *1 Department of Anatomy, Mandya Institute of Medical Sciences, Mandya, Karnataka, India.\u00a0 \u00a0 \u00a0 \u00a0 \u00a0 \u00a0<br \/><a class=\"moretag\" href=\"https:\/\/www.ijmhr.org\/IntJAnatRes\/ijar-2021-191\">+ Read More<\/a><\/p>\n","protected":false},"author":1,"featured_media":0,"parent":0,"menu_order":0,"comment_status":"closed","ping_status":"closed","template":"","meta":[],"_links":{"self":[{"href":"https:\/\/www.ijmhr.org\/IntJAnatRes\/wp-json\/wp\/v2\/pages\/2608"}],"collection":[{"href":"https:\/\/www.ijmhr.org\/IntJAnatRes\/wp-json\/wp\/v2\/pages"}],"about":[{"href":"https:\/\/www.ijmhr.org\/IntJAnatRes\/wp-json\/wp\/v2\/types\/page"}],"author":[{"embeddable":true,"href":"https:\/\/www.ijmhr.org\/IntJAnatRes\/wp-json\/wp\/v2\/users\/1"}],"replies":[{"embeddable":true,"href":"https:\/\/www.ijmhr.org\/IntJAnatRes\/wp-json\/wp\/v2\/comments?post=2608"}],"version-history":[{"count":1,"href":"https:\/\/www.ijmhr.org\/IntJAnatRes\/wp-json\/wp\/v2\/pages\/2608\/revisions"}],"predecessor-version":[{"id":2614,"href":"https:\/\/www.ijmhr.org\/IntJAnatRes\/wp-json\/wp\/v2\/pages\/2608\/revisions\/2614"}],"wp:attachment":[{"href":"https:\/\/www.ijmhr.org\/IntJAnatRes\/wp-json\/wp\/v2\/media?parent=2608"}],"curies":[{"name":"wp","href":"https:\/\/api.w.org\/{rel}","templated":true}]}}