{"id":2569,"date":"2021-12-05T05:16:10","date_gmt":"2021-12-05T05:16:10","guid":{"rendered":"http:\/\/www.ijmhr.org\/IntJAnatRes\/?page_id=2569"},"modified":"2021-12-05T05:16:10","modified_gmt":"2021-12-05T05:16:10","slug":"ijar-2021-173","status":"publish","type":"page","link":"https:\/\/www.ijmhr.org\/IntJAnatRes\/ijar-2021-173","title":{"rendered":"IJAR.2021.173"},"content":{"rendered":"<div class=\"su-row\"><div class=\"su-column su-column-size-1-2\"><div class=\"su-column-inner su-u-clearfix su-u-trim\"><div class=\"su-button-center\"><a href=\"https:\/\/www.ijmhr.org\/ijar.9.4\/IJAR.2021.173.pdf\" class=\"su-button su-button-style-default\" style=\"color:#FFFFFF;background-color:#6b0e00;border-color:#560c00;border-radius:5px;-moz-border-radius:5px;-webkit-border-radius:5px\" target=\"_self\"><span style=\"color:#FFFFFF;padding:6px 16px;font-size:13px;line-height:20px;border-color:#98574d;border-radius:5px;-moz-border-radius:5px;-webkit-border-radius:5px;text-shadow:none;-moz-text-shadow:none;-webkit-text-shadow:none\"><i class=\"sui sui-cloud-download\" style=\"font-size:13px;color:#FFFFFF\"><\/i> DOWNLOAD PDF<\/span><\/a><\/div><\/div><\/div> <div class=\"su-column su-column-size-1-2\"><div class=\"su-column-inner su-u-clearfix su-u-trim\"><div class=\"su-button-center\"><a href=\"https:\/\/ijmhr.org\/ijar-vol-9-4.htm\" class=\"su-button su-button-style-default\" style=\"color:#FFFFFF;background-color:#6b0e00;border-color:#560c00;border-radius:5px;-moz-border-radius:5px;-webkit-border-radius:5px\" target=\"_self\"><span style=\"color:#FFFFFF;padding:6px 16px;font-size:13px;line-height:20px;border-color:#98574d;border-radius:5px;-moz-border-radius:5px;-webkit-border-radius:5px;text-shadow:none;-moz-text-shadow:none;-webkit-text-shadow:none\"><i class=\"sui sui-book\" style=\"font-size:13px;color:#FFFFFF\"><\/i> Table of Contents<\/span><\/a><\/div><\/div><\/div><\/div>\n<h3 style=\"text-align: justify;\"><strong>Type of Article:<\/strong> \u00a0Original Research<\/h3>\n<h3 style=\"text-align: justify;\"><strong>Volume 9; Issue 4 (December 2021)<\/strong><\/h3>\n<h3 style=\"text-align: justify;\"><strong>Page No.:<\/strong> 8156-8159<\/h3>\n<h3 style=\"text-align: justify;\"><strong>DOI:\u00a0<\/strong>https:\/\/dx.doi.org\/10.16965\/ijar.2021.173<\/h3>\n<h3 style=\"text-align: justify;\">Variations in Course and Branching of Sciatic Nerve and it\u2019s Relation to Pyriformis Syndrome<\/h3>\n<p style=\"text-align: justify;\"><strong>Patel Dinesh K, Shinde Amol A *.<\/strong><\/p>\n<p style=\"text-align: justify;\">Associate Professor, Department of Anatomy, Dr.D.Y.Patil Medical College,\u00a0 Dr.D.Y.Patil Vidyapeeth, Pimpri, Pune, Maharashtra, India.<\/p>\n<p style=\"text-align: justify;\"><span style=\"color: initial; font-size: inherit;\"><strong>Corresponding Author:<\/strong> Dr. Shinde Amol A, Associate Professor, Department of Anatomy, Dr.D.Y.Patil Medical College,\u00a0 Dr.D.Y.Patil Vidyapeeth, Pimpri, Pune \u2013 411061, Maharashtra, India. Ph- 9422242536 <strong>E-Mail:<\/strong> amol9267@gmail.com \u00a0 \u00a0 \u00a0 \u00a0<\/span><\/p>\n<h3 style=\"text-align: justify;\">ABSTRACT<\/h3>\n<p style=\"text-align: justify;\"><strong>Background: <\/strong>Sciatic nerve is a branch of sacral plexus. It passes below the pyriformis and divides in the popliteal fossa. Higher division and relation of sciatic nerve to pyriformis have been documented. Beaton and Anson have classified relation of sciatic nerve to pyriformis. The aim of this study is to find incidence of variant anatomy of sciatic nerve as per Beaton and Anson classification.<\/p>\n<p style=\"text-align: justify;\"><strong>Materials and methods: <\/strong>48 formalin embalmed lower limbs used for regular anatomy teaching were used. Branching and course of sciatic nerve was observed in gluteal region, thigh and popliteal fossa.<\/p>\n<p style=\"text-align: justify;\"><strong>Observations: <\/strong>As per Beaton and Anson classification, we found 81.2% showed type A\u00a0 or normal arrangement. Type B variation was seen in 14.6% while 4.2% showed type D variation.<\/p>\n<p style=\"text-align: justify;\"><strong>Conclusion:<\/strong> Variations in branching of sciatic nerve and it\u2019s relation to pyriformis muscle are important from point of view of Surgeons and Anaesthetists. Knowledge of these variations will help reducing block failures in cases of sciatica, pyriformis syndrome and hip replacement surgeries.<\/p>\n<p style=\"text-align: justify;\"><strong>KEY WORDS:<\/strong> Sciatic nerve, Sacral plexus, Pyriformis Syndrome, Hip replacement.<\/p>\n<p style=\"text-align: justify;\"><strong>REFERENCES<\/strong><\/p>\n<p style=\"text-align: justify;\">[1]. Standring S.(2008). Gray&#8217;s anatomy: the anatomical basis of clinical practice. In Madevan V (Ed), Pelvic gurdle, Gluteal region and Thigh 40th ed. anniversary ed. Pp- 1384. [Edinburgh]: Churchill Livingstone\/Elsevier.<br \/>[2]. Koes BW, van Tulder MW, Peul WC. Diagnosis and treatment of sciatica. BMJ. 2007;334(7607):1313-1317. doi:10.1136\/bmj.39223.428495.BE<br \/>[3]. Z. Asl\u0131 Aktan \u0130kiz, Okan Bilge, H\u00fclya \u00dc\u00e7erler, Servet \u00c7elik, Ereng\u00fcl Bodu\u00e7. Variant anatomy of sciatic nerve and their clinical implications. Ege Journal of Medicine \/ Ege T\u0131p Dergisi 2018;57(2):88-93<br \/>[4]. Ameet Kumar Jha, Prakash Baral, &#8220;Composite Anatomical Variations between the Sciatic Nerve and the Piriformis Muscle: A Nepalese Cadaveric Study&#8221;, Case Reports in Neurological Medicine, vol. 2020, Article ID 7165818, 6 pages, 2020. https:\/\/doi.org\/10.1155\/2020\/7165818<br \/>[5]. Beaton LE, Anson BJ: The relation of the sciatic nerve and of its subdivisions to the piriformis muscle. Anat Rec. 1938;70(1):1-5. 10.1002\/ar.1090700102<br \/>[6]. Berihu B.A., Debeb Y.G. Anatomical variation in bifurcation and trifurcations of sciatic nerve and its clinical implications: in selected university in Ethiopia. BMC Res Notes 2015;8:633. https:\/\/doi.org\/10.1186\/s13104-015-1626-6<br \/>[7]. Lewis S, Jurak J, Lee C, Lewis R, Gest T. Anatomical variations of relation of the sciatic nerve, in relation to the piriformis muscle. Translational Research in Anatomy; 2016:15-19<br \/>[8]. Patel S, Shah M, Vora R, Zalawadia A, Rathod SP. A variation in the high division of the sciatic nerve and it.s relation with Pyriformis muscle. National journal of Medical research.2011;1(2):27-30.<br \/>[9]. Barbosa ABM , Santos PVD, Targino VA, Silva N, Silva YCM , Gomes FB, Assis TDO. Sciatic nerve and its variations: is it possible to associate them with piriformis syndrome? Arc Neuropsiquiatr 2019 Sep 23;77(9):646-653.<br \/>[10]. Pokorn\u00fd D, Jahoda D, Veigl D, Pinskerov\u00e1 V, Sosna A. Topographic variations of the relationship of the sciatic nerve and the piriformis muscle and its relevance to palsy after total hip arthroplasty. Surg Radiol Anat. 2006 Mar;28(1):88-91. doi: 10.1007\/s00276-005-0056-x. Epub 2005 Nov 26. PMID: 16311716.<br \/>[11]. Adibatti M, V S. Study on variant anatomy of sciatic nerve. J Clin Diagn Res. 2014;8(8):AC07-AC9. doi:10.7860\/JCDR\/2014\/9116.4725<br \/>[12]. Poutoglidou F, Piagkou M, Totlis T, et al. Sciatic Nerve Variants and the Piriformis Muscle: A Systematic Review and Meta-Analysis. Cureus 2020;12(11): e11531. doi:10.7759\/cureus.11531<\/p>\n<p style=\"text-align: justify;\">\n\t\t\t <div class=\"promo1\" style=\"background-color:#f7f7f7; border-color: #6b0e00 #e8e6e6 #e8e6e6;\">\n             \t <span style=\"color: #800000;\"><strong>Cite this article:<\/strong><\/span> Patel Dinesh K, Shinde Amol A. Variations in Course and Branching of Sciatic Nerve and it\u2019s Relation to Pyriformis Syndrome. Int J Anat Res 2021;9(4):8156-8159. <strong>DOI:\u00a0<\/strong>10.16965\/ijar.2021.173\u00a0 \n             <\/div>\t\n\t\t\n\n\n<p><\/p>\n","protected":false},"excerpt":{"rendered":"<p>Type of Article: \u00a0Original Research Volume 9; Issue 4 (December 2021) Page No.: 8156-8159 DOI:\u00a0https:\/\/dx.doi.org\/10.16965\/ijar.2021.173 Variations in Course and Branching of Sciatic Nerve and it\u2019s Relation to Pyriformis Syndrome Patel Dinesh K, Shinde Amol A *. Associate Professor, Department of Anatomy, Dr.D.Y.Patil Medical College,\u00a0 Dr.D.Y.Patil Vidyapeeth, Pimpri, Pune, Maharashtra, India. Corresponding Author: Dr. Shinde Amol<br \/><a class=\"moretag\" href=\"https:\/\/www.ijmhr.org\/IntJAnatRes\/ijar-2021-173\">+ Read More<\/a><\/p>\n","protected":false},"author":1,"featured_media":0,"parent":0,"menu_order":0,"comment_status":"closed","ping_status":"closed","template":"","meta":[],"_links":{"self":[{"href":"https:\/\/www.ijmhr.org\/IntJAnatRes\/wp-json\/wp\/v2\/pages\/2569"}],"collection":[{"href":"https:\/\/www.ijmhr.org\/IntJAnatRes\/wp-json\/wp\/v2\/pages"}],"about":[{"href":"https:\/\/www.ijmhr.org\/IntJAnatRes\/wp-json\/wp\/v2\/types\/page"}],"author":[{"embeddable":true,"href":"https:\/\/www.ijmhr.org\/IntJAnatRes\/wp-json\/wp\/v2\/users\/1"}],"replies":[{"embeddable":true,"href":"https:\/\/www.ijmhr.org\/IntJAnatRes\/wp-json\/wp\/v2\/comments?post=2569"}],"version-history":[{"count":1,"href":"https:\/\/www.ijmhr.org\/IntJAnatRes\/wp-json\/wp\/v2\/pages\/2569\/revisions"}],"predecessor-version":[{"id":2576,"href":"https:\/\/www.ijmhr.org\/IntJAnatRes\/wp-json\/wp\/v2\/pages\/2569\/revisions\/2576"}],"wp:attachment":[{"href":"https:\/\/www.ijmhr.org\/IntJAnatRes\/wp-json\/wp\/v2\/media?parent=2569"}],"curies":[{"name":"wp","href":"https:\/\/api.w.org\/{rel}","templated":true}]}}