{"id":2553,"date":"2021-12-05T03:08:18","date_gmt":"2021-12-05T03:08:18","guid":{"rendered":"http:\/\/www.ijmhr.org\/IntJAnatRes\/?page_id=2553"},"modified":"2021-12-05T03:08:18","modified_gmt":"2021-12-05T03:08:18","slug":"ijar-2021-164","status":"publish","type":"page","link":"https:\/\/www.ijmhr.org\/IntJAnatRes\/ijar-2021-164","title":{"rendered":"IJAR.2021.164"},"content":{"rendered":"<div class=\"su-row\"><div class=\"su-column su-column-size-1-2\"><div class=\"su-column-inner su-u-clearfix su-u-trim\"><div class=\"su-button-center\"><a href=\"https:\/\/www.ijmhr.org\/ijar.9.4\/IJAR.2021.164.pdf\" class=\"su-button su-button-style-default\" style=\"color:#FFFFFF;background-color:#6b0e00;border-color:#560c00;border-radius:5px;-moz-border-radius:5px;-webkit-border-radius:5px\" target=\"_self\"><span style=\"color:#FFFFFF;padding:6px 16px;font-size:13px;line-height:20px;border-color:#98574d;border-radius:5px;-moz-border-radius:5px;-webkit-border-radius:5px;text-shadow:none;-moz-text-shadow:none;-webkit-text-shadow:none\"><i class=\"sui sui-cloud-download\" style=\"font-size:13px;color:#FFFFFF\"><\/i> DOWNLOAD PDF<\/span><\/a><\/div><\/div><\/div> <div class=\"su-column su-column-size-1-2\"><div class=\"su-column-inner su-u-clearfix su-u-trim\"><div class=\"su-button-center\"><a href=\"https:\/\/ijmhr.org\/ijar-vol-9-4.htm\" class=\"su-button su-button-style-default\" style=\"color:#FFFFFF;background-color:#6b0e00;border-color:#560c00;border-radius:5px;-moz-border-radius:5px;-webkit-border-radius:5px\" target=\"_self\"><span style=\"color:#FFFFFF;padding:6px 16px;font-size:13px;line-height:20px;border-color:#98574d;border-radius:5px;-moz-border-radius:5px;-webkit-border-radius:5px;text-shadow:none;-moz-text-shadow:none;-webkit-text-shadow:none\"><i class=\"sui sui-book\" style=\"font-size:13px;color:#FFFFFF\"><\/i> Table of Contents<\/span><\/a><\/div><\/div><\/div><\/div>\n<h3 style=\"text-align: justify;\"><strong>Type of Article:<\/strong> \u00a0Original Research<\/h3>\n<h3 style=\"text-align: justify;\"><strong>Volume 9; Issue 4 (December 2021)<\/strong><\/h3>\n<h3 style=\"text-align: justify;\"><strong>Page No.:<\/strong> 8109-8115<\/h3>\n<h3 style=\"text-align: justify;\"><strong>DOI:\u00a0<\/strong>https:\/\/dx.doi.org\/10.16965\/ijar.2021.164<\/h3>\n<h3 style=\"text-align: justify;\">Mental foramen of Human Mandible: Morphometric Study<\/h3>\n<p><strong>Ndiaye M R *<sup>1<\/sup>, Mar N B <sup>2<\/sup>, Yacouba Garba K <sup>3<\/sup>, Ndoye J M N <sup>4<\/sup>.<\/strong><\/p>\n<p><sup>*1<\/sup> Senegalese Armed Forces Health Service, Avenue des Jaambars Camp Dial DIOP BP 4042 Dakar, SENEGAL.<\/p>\n<p><sup>2<\/sup> Anatomy Laboratory Iba Der THIAM University of THIES, Cit\u00e9 Malick SY, N2 BP: A967 Thi\u00e8s, SENEGAL.<\/p>\n<p><sup>3<\/sup> Anatomy Laboratory Assane SECK University of ZIGUINCHOR, Diabir, BP 523 Ziguinchor, SENEGAL.<\/p>\n<p style=\"text-align: justify;\"><sup>4<\/sup> Anatomy and Organogenesis Laboratory Cheikh Anta DIOP University of Dakar, Facult\u00e9 de M\u00e9decine UCAD, Fann BP 5005 Dakar, SENEGAL.<\/p>\n<p style=\"text-align: justify;\"><strong>Corresponding author: <\/strong>NDIAYE Mame Rouba, Senegalese Armed Forces Health Service, Avenue des Jaambars Camp Dial DIOP BP 4042 Dakar, SENEGAL.\u00a0<span style=\"color: initial; font-size: inherit;\"><strong>E-Mail:<\/strong> ndiayemamerouba@gmail.com \u00a0 \u00a0 \u00a0 \u00a0<\/span><\/p>\n<h3 style=\"text-align: justify;\">ABSTRACT<\/h3>\n<p style=\"text-align: justify;\"><strong>Aim: <\/strong>The aim of our study was to perform a morphometric analysis of the mental foramen in senegalese context.<\/p>\n<p style=\"text-align: justify;\"><strong>Material and method: <\/strong>The study was performed on thirty-nine dry mandibles of adult humans. On these mandibles, the number of mental foramen present and their shape were noted on inspection. The situation of the foramen in relation to the lower teeth was studied according to a methodology already described. The following measurements were made: the distance between the foramen and the other landmarks of the mandible (symphysis, basilar border, posterior border), vertical and horizontal diameters.<\/p>\n<p style=\"text-align: justify;\"><strong>Results: <\/strong>The number of mental foramina were 39 on the right and 40 on the left: one mandible presented a double foramen on the left. The oval shape was predominant. The most frequent situation was below the second premolar on both sides. The mean distance between the foramen and the mandibular symphysis was 25mm on both sides. The distance between the foramen and the basilar border of the mandible was on average 13mm on the right and 14mm on the left. The distance between the foramen and the posterior border of the mandible was on average 72mm on the right and 73mm on the left. The average vertical diameter was 33mm on the right and 32mm on the left, and the average horizontal diameter was 4mm on both sides.<\/p>\n<p style=\"text-align: justify;\"><strong>Conclusion: <\/strong>Mental foramen is a constant anatomical structure, found on all the mandibles studied. The results can be superimposed on those described in the majority of studies carried out on the mental foramen.<\/p>\n<p style=\"text-align: justify;\"><strong>Key words<\/strong>: Mental Foramen, Mandible Anatomy, Morphometry.<\/p>\n<p style=\"text-align: justify;\"><strong>REFERENCES<\/strong><\/p>\n<p style=\"text-align: justify;\">[1]. Rouvi\u00e8re H, Delmas A. Anatomie humaine descriptive, Tome I: t\u00eate et cou. 15 \u00e9d. Paris : Masson; 2002:654.<br \/>[2]. VON ARX T. Le foramen mentonnier, \u201cle carrefour de la mandibule\u201d une observation anatomo-clinique. Rev Mens Suisse odontostomatol. 2013;123(3):2016-2025.<br \/>[3]. Marzola C. Anesthesiologia. 1ed. Sao Paulo:Pancast Editorial ; 1989:1231. <br \/>[4]. Morrant G M. A biometric study of the human mandible. Biometrika. 1936;28:84-122.<br \/>[5]. Green R.M. The position of the mental foramen: a comparison between the southern (Hong Kong) Chinese and other ethnic groups. Oral Surg Oral Med Oral Path. 1987;63:287-90.<br \/>[6]. Santini A., Land M. A comparison of the position of the mental foramen in Chinese and British mandibles. Acta Anat. 1990;37:208-12.<br \/>[7]. Agarwal D R, Gupta S B. Morphometric analysis of mental foramen in human mandibles of South Gujarat peoples. J Sci Res.2011(4):15-18.<br \/>[8]. Gutman A D, Laufer D. Anesthesia following endodontic overfilling with AH26. Oral Surg. 1981;52:554-6.<br \/>[9]. Zivanovic S. Some morphological characters of the East African mandibles. Acta Anat. 1970;77:109-19.<br \/>[10]. Gaudy FF, Cannas B, Gillo L, Gorce T. Atlas d\u2019Anatomie implantaire. Elsevier Masson ;2011.<br \/>[11]. Bouhoute M, Mezzour M, Bouziane A, El Harti K. Fr\u00e9quence des variations anatomiques du foramen mentonnier \u00e9valu\u00e9e par Cone Beam : revue syst\u00e9matique. Odontostomatol Trop. 2020:43:49-66.<br \/>[12]. Frieman N, Levine H L. Mucogingival surgery: current status. J Periodont. 1964;355-21.<br \/>[13]. Wang T.M., Shih C., Liu J.C., Kuo K.J. A clinical and anatomical study of the location of the mental foramen in adult Chinese mandibles. Acta Anat .1986;126:29-33.<br \/>[14]. Aktekein M, Celik H M, Celik H H, Aldur M M, Aksit M D. Studies on the location of the mental foramen in Turkish mandibles. Morphologie.2003;87:17-9.<br \/>[15]. Kalender A, Orhan K, Aksoy V. Evaluation of the mental foramen and accessory mental foramen in Turkish patients using Cone Beam Computed Tomography images reconstructed from a volumetric rendering program. Clin Anat N Y N. 2012;25(5):584-592.<br \/>[16]. Borghesi A, Pezzoti S, Nocivelli G, Maroldi R. Five mental foramina in the same mandible: CBCT findings of an unusual anatomical variant. Surg Radiol Anat. 2018;40(6):635-40.<br \/>[17]. Udhaya K, Saraladevi K V, Sridar J. The morphometric analysis of the mental foramen in adult dry mandibles: a study on the South Indian population. J Clin Diagn Research. 2013;7:1547-51. <br \/>[18]. De Freitas V, Madeira M C, Toledo Filho J L, Chagas C F. Absence of the foramen mental in dry human mandibles. Acta Anat. 1979; 1100:353-55.<br \/>[19]. Hassan T, Fauzi M, Hasan D. Bilateral absence of mental foramen: a rare variation. Int J Anat Var.2010(3):187-189.<br \/>[20]. Mbajiorgu E F, Mawera G, Asala S A, Zivanovi S. Position of the mental foramen in adult Black Black Zimbabwean mandibles: a clinical and anatomical study. Central Afr J Med. 1998;44:24-30.<br \/>[21]. Gerhenson A, Nathan H, Luchansky E. Mental foramen and mental nerve: changes with age. Acta Anat .1986;126:21-28.<br \/>[22]. Singh R, Srivastava A K. Study of position, shape, size and incidence of mental foramen and accessory mental foramen in Indian adult human skulls. Int J Morphol. 2010;28:1141- 6.<br \/>[23]. Kuznetsova L V, Smirnov V G. Individual variability of the form and position of the mandibular and mental foramina. Stomatologiia (Mosk). 1969;48:54-7.<br \/>[24]. Akabori K. Foramen mentale. Anatomy, section 1. Crania niponnica recentia, section J. Jpn J Med SciBiol.1934;4:296-303.<br \/>[25]. Igbigbi P S, LEBONA S. The position and dimensions of the mental foramen in adult Malawian mandibles. West Afri J Med. 2005;24:184-9.<\/p>\n<p style=\"text-align: justify;\">\n\t\t\t <div class=\"promo1\" style=\"background-color:#f7f7f7; border-color: #6b0e00 #e8e6e6 #e8e6e6;\">\n             \t <span style=\"color: #800000;\"><strong>Cite this article:<\/strong><\/span> Ndiaye M R, Mar N B, Yacouba Garba K, Ndoye J M N. Mental foramen of Human Mandible: Morphometric Study. Int J Anat Res 2021;9(4):8109-8115. <strong>DOI:\u00a0<\/strong>10.16965\/ijar.2021.164\u00a0 \n             <\/div>\t\n\t\t\n\n\n<p><\/p>\n","protected":false},"excerpt":{"rendered":"<p>Type of Article: \u00a0Original Research Volume 9; Issue 4 (December 2021) Page No.: 8109-8115 DOI:\u00a0https:\/\/dx.doi.org\/10.16965\/ijar.2021.164 Mental foramen of Human Mandible: Morphometric Study Ndiaye M R *1, Mar N B 2, Yacouba Garba K 3, Ndoye J M N 4. *1 Senegalese Armed Forces Health Service, Avenue des Jaambars Camp Dial DIOP BP 4042 Dakar, SENEGAL.<br \/><a class=\"moretag\" href=\"https:\/\/www.ijmhr.org\/IntJAnatRes\/ijar-2021-164\">+ Read More<\/a><\/p>\n","protected":false},"author":1,"featured_media":0,"parent":0,"menu_order":0,"comment_status":"closed","ping_status":"closed","template":"","meta":[],"_links":{"self":[{"href":"https:\/\/www.ijmhr.org\/IntJAnatRes\/wp-json\/wp\/v2\/pages\/2553"}],"collection":[{"href":"https:\/\/www.ijmhr.org\/IntJAnatRes\/wp-json\/wp\/v2\/pages"}],"about":[{"href":"https:\/\/www.ijmhr.org\/IntJAnatRes\/wp-json\/wp\/v2\/types\/page"}],"author":[{"embeddable":true,"href":"https:\/\/www.ijmhr.org\/IntJAnatRes\/wp-json\/wp\/v2\/users\/1"}],"replies":[{"embeddable":true,"href":"https:\/\/www.ijmhr.org\/IntJAnatRes\/wp-json\/wp\/v2\/comments?post=2553"}],"version-history":[{"count":1,"href":"https:\/\/www.ijmhr.org\/IntJAnatRes\/wp-json\/wp\/v2\/pages\/2553\/revisions"}],"predecessor-version":[{"id":2554,"href":"https:\/\/www.ijmhr.org\/IntJAnatRes\/wp-json\/wp\/v2\/pages\/2553\/revisions\/2554"}],"wp:attachment":[{"href":"https:\/\/www.ijmhr.org\/IntJAnatRes\/wp-json\/wp\/v2\/media?parent=2553"}],"curies":[{"name":"wp","href":"https:\/\/api.w.org\/{rel}","templated":true}]}}