{"id":2060,"date":"2019-10-05T13:51:50","date_gmt":"2019-10-05T13:51:50","guid":{"rendered":"http:\/\/www.ijmhr.org\/IntJAnatRes\/?page_id=2060"},"modified":"2019-10-05T13:51:50","modified_gmt":"2019-10-05T13:51:50","slug":"ijar-2019-286","status":"publish","type":"page","link":"https:\/\/www.ijmhr.org\/IntJAnatRes\/ijar-2019-286","title":{"rendered":"IJAR.2019.286"},"content":{"rendered":"<div class=\"su-row\"><div class=\"su-column su-column-size-1-2\"><div class=\"su-column-inner su-u-clearfix su-u-trim\"><div class=\"su-button-center\"><a href=\"https:\/\/www.ijmhr.org\/ijar.7.4\/IJAR.2019.286.pdf\" class=\"su-button su-button-style-default\" style=\"color:#FFFFFF;background-color:#6b0e00;border-color:#560c00;border-radius:5px;-moz-border-radius:5px;-webkit-border-radius:5px\" target=\"_self\"><span style=\"color:#FFFFFF;padding:6px 16px;font-size:13px;line-height:20px;border-color:#98574d;border-radius:5px;-moz-border-radius:5px;-webkit-border-radius:5px;text-shadow:none;-moz-text-shadow:none;-webkit-text-shadow:none\"><i class=\"sui sui-cloud-download\" style=\"font-size:13px;color:#FFFFFF\"><\/i> DOWNLOAD PDF<\/span><\/a><\/div><\/div><\/div> <div class=\"su-column su-column-size-1-2\"><div class=\"su-column-inner su-u-clearfix su-u-trim\"><div class=\"su-button-center\"><a href=\"https:\/\/ijmhr.org\/ijar-vol-7-4.htm\" class=\"su-button su-button-style-default\" style=\"color:#FFFFFF;background-color:#6b0e00;border-color:#560c00;border-radius:5px;-moz-border-radius:5px;-webkit-border-radius:5px\" target=\"_self\"><span style=\"color:#FFFFFF;padding:6px 16px;font-size:13px;line-height:20px;border-color:#98574d;border-radius:5px;-moz-border-radius:5px;-webkit-border-radius:5px;text-shadow:none;-moz-text-shadow:none;-webkit-text-shadow:none\"><i class=\"sui sui-book\" style=\"font-size:13px;color:#FFFFFF\"><\/i> Table of Contents<\/span><\/a><\/div><\/div><\/div><\/div>\n<h3 style=\"text-align: justify;\"><strong>Type of Article:<\/strong>\u00a0\u00a0Original Research<\/h3>\n<h3 style=\"text-align: justify;\"><strong>Volume 7; Issue 4.1 (October 2019)<\/strong><\/h3>\n<h3 style=\"text-align: justify;\"><strong>Page No.:<\/strong>\u00a07007-7009<\/h3>\n<h3 style=\"text-align: justify;\"><strong>DOI:\u00a0<\/strong>https:\/\/dx.doi.org\/10.16965\/ijar.2019.286<\/h3>\n<h3 style=\"text-align: justify;\">SURGICAL ANATOMY OF THE COMMON HEPATIC ARTERY: A CADAVERIC STUDY<\/h3>\n<p style=\"text-align: justify;\"><strong>Mutaz Ogeal Osman <sup>1<\/sup>, Ali Yasen Yasen Mohamedahmed *<sup>2<\/sup>, Mawadda Farah Ismail <sup>3<\/sup>, Ahmed Mohammad Atiaallah Mohammad Kkair <sup>4<\/sup>, Khalid Elamin Awad <sup>5<\/sup>.<\/strong><\/p>\n<p style=\"text-align: justify;\"><sup>1<\/sup> Assistant Professor of Anatomy \u2013 Red Sea University \u2013 Sudan.<\/p>\n<p style=\"text-align: justify;\"><sup>*2<\/sup> General Surgeon, SMSB \u2013Sudan.<\/p>\n<p style=\"text-align: justify;\"><sup>3<\/sup> Teaching assistant, Red Sea University \u2013Sudan.<\/p>\n<p style=\"text-align: justify;\"><sup>4<\/sup> Assistant professor of surgery, Red Sea University-Sudan.<\/p>\n<p style=\"text-align: justify;\"><sup>5<\/sup> Head of department of Anatomy, University of Khartoum \u2013 Sudan.<\/p>\n<p style=\"text-align: justify;\"><strong>Corresponding Author:<\/strong> Dr. Ali Yasen Yasen Mohamedahmed, MBBS,MSc,MD,MRCS. P.O. Box 102, Alqasr Avenue, Khartoum 11111, Sudan. E-Mail: dr.aliyasen1@gmail.com<\/p>\n<p style=\"text-align: justify;\"><strong>ABSTRACT:<\/strong><\/p>\n<p style=\"text-align: justify;\"><strong>Background<\/strong>: Anatomical variations of the hepatic artery are important in the planning and performance of abdominal surgical procedures. Normal hepatic anatomy occurs in approximately 80% of cases, for\u00a0\u00a0 the remaining 20% multiple variations have been described<\/p>\n<p style=\"text-align: justify;\"><strong>Patients and methods<\/strong>: This is an observational descriptive cross-sectional study Conducted in Dissecting rooms of the faculties of medicine in Sudan during the period from June till December 2017. Seventy Well-dissected cadavers with no disruption of the concerned area were included in the Study<\/p>\n<p style=\"text-align: justify;\"><strong>Results<\/strong>: The variations in the hepatic artery were seen in only 4 cadavers (5.7%) ; in two cases (2.85%) an accessory hepatic artery arising from celiac artery was observed and in the other two cadavers (2.85%)there was a replacing hepatic artery that arise from the superior mesenteric artery<\/p>\n<p style=\"text-align: justify;\"><strong>Conclusion<\/strong>: Variations in the hepatic arterial system is uncommon in Sudanese cadavers which is matching those reported in the region and are different from those at the international level.<\/p>\n<p style=\"text-align: justify;\"><strong>KEY WORDS:<\/strong> Hepatic, hepatic arterial system, Sudanese cadavers, Abdominal surgical procedures.<\/p>\n<p style=\"text-align: justify;\"><strong>REFERENCES<\/strong><\/p>\n<ol>\n<li style=\"text-align: justify;\">Kawarada Y, Das BC, Taoka H. Anatomy of the hepatic hilar area: the plate system. Journal of hepato-biliary-pancreatic surgery. 2000;7(6):580-6.<\/li>\n<li style=\"text-align: justify;\">Haller vA. Icones anatomicae in quibus aliquae partes corporis humani delineatae proponuntur et arteriarum potissimum historia continetur. Vandenhoeck, G\u00f6ttingen. 1756.<\/li>\n<li style=\"text-align: justify;\">Lipshutz B. A composite study of the coeliac axis artery. Annals of surgery. 1917;65(2):159.<\/li>\n<li style=\"text-align: justify;\">Bandopadhyay D, Ghatak S, Tiwari N, Garg L. Hepatic artery variations: a case report. International Journal of Anatomical Variations. 2012;5(1).<\/li>\n<li style=\"text-align: justify;\">Shier D, Butler J, Lewis R. Hole&#8217;s essentials of human anatomy &amp; physiology: McGraw-Hill Education New York; 2015.<\/li>\n<li style=\"text-align: justify;\">Tiwari S, Roopashree R, Padmavathi G, Varalakshmi K, Sangeeta M. STUDY OF ABERRANT LEFT HEPATIC ARTERY FROM LEFT GASTRIC ARTERY AND ITS CLINICAL IMPORTANCE. International Journal of Current Research and Review. 2014;6(17):25.<\/li>\n<li style=\"text-align: justify;\">Zagga A, Usman J, Abubakar B, Tadros A. Accessory right hepatic artery originating from the superior mesenteric artery: report on three cadaveric cases from Sokoto, North-Western Nigeria and review of literature. Orient Journal of Medicine. 2010;22(1-4).<\/li>\n<li style=\"text-align: justify;\">Tharao M, Saidi H, Kitunguu P, Julius OA. Variant anatomy of the hepatic artery in adult Kenyans. European Journal of Anatomy. 2019;11(3):155-61.<\/li>\n<li style=\"text-align: justify;\">Ibingira C. Gross Anatomical Variations and Congenital Anomalies of Surgical Importance in Hepatobiliary Surgery in Uganda. East and Central African Journal of Surgery. 2007;12(1):93-8.<\/li>\n<li style=\"text-align: justify;\">Hiatt JR, Gabbay J, Busuttil RW. Surgical anatomy of the hepatic arteries in 1000 cases. Annals of surgery. 1994;220(1):50.<\/li>\n<li style=\"text-align: justify;\">Sebben GA, Rocha SL, Sebben MA, Parussolo Filho PR, Gon\u00e7alves BHH. Variations of hepatic artery: anatomical study on cadavers. Revista do Col\u00e9gio Brasileiro de Cirurgi\u00f5es. 2013;40(3):221-6.<\/li>\n<li style=\"text-align: justify;\">Rachana K, Madhyastha S, Saralaya V, Joy T, Premchandran D, Rai S. Rare variation in arterial branching of celiac trunk with three aberrant hepatic arteries-Case report. Journal of Morphological Sciences. 2014;31(02):114-7.<\/li>\n<\/ol>\n<p style=\"text-align: justify;\">\n\t\t\t <div class=\"promo1\" style=\"background-color:#f7f7f7; border-color: #6b0e00 #e8e6e6 #e8e6e6;\">\n             \t <span style=\"color: #800000;\"><strong>Cite this article:<\/strong><\/span> Mutaz Ogeal Osman, Ali Yasen Yasen Mohamedahmed, Mawadda Farah Ismail, Ahmed Mohammad Atiaallah Mohammad Kkair, Khalid Elamin Awad. SURGICAL ANATOMY OF THE COMMON HEPATIC ARTERY: A CADAVERIC STUDY. Int J Anat Res 2019;7(4.1):7007-7009.\u00a0<strong>DOI:\u00a0<\/strong>10.16965\/ijar.2019.286\u00a0 \n             <\/div>\t\n\t\t\n","protected":false},"excerpt":{"rendered":"<p>Type of Article:\u00a0\u00a0Original Research Volume 7; Issue 4.1 (October 2019) Page No.:\u00a07007-7009 DOI:\u00a0https:\/\/dx.doi.org\/10.16965\/ijar.2019.286 SURGICAL ANATOMY OF THE COMMON HEPATIC ARTERY: A CADAVERIC STUDY Mutaz Ogeal Osman 1, Ali Yasen Yasen Mohamedahmed *2, Mawadda Farah Ismail 3, Ahmed Mohammad Atiaallah Mohammad Kkair 4, Khalid Elamin Awad 5. 1 Assistant Professor of Anatomy \u2013 Red Sea University<br \/><a class=\"moretag\" href=\"https:\/\/www.ijmhr.org\/IntJAnatRes\/ijar-2019-286\">+ Read More<\/a><\/p>\n","protected":false},"author":1,"featured_media":0,"parent":0,"menu_order":0,"comment_status":"closed","ping_status":"closed","template":"","meta":[],"_links":{"self":[{"href":"https:\/\/www.ijmhr.org\/IntJAnatRes\/wp-json\/wp\/v2\/pages\/2060"}],"collection":[{"href":"https:\/\/www.ijmhr.org\/IntJAnatRes\/wp-json\/wp\/v2\/pages"}],"about":[{"href":"https:\/\/www.ijmhr.org\/IntJAnatRes\/wp-json\/wp\/v2\/types\/page"}],"author":[{"embeddable":true,"href":"https:\/\/www.ijmhr.org\/IntJAnatRes\/wp-json\/wp\/v2\/users\/1"}],"replies":[{"embeddable":true,"href":"https:\/\/www.ijmhr.org\/IntJAnatRes\/wp-json\/wp\/v2\/comments?post=2060"}],"version-history":[{"count":1,"href":"https:\/\/www.ijmhr.org\/IntJAnatRes\/wp-json\/wp\/v2\/pages\/2060\/revisions"}],"predecessor-version":[{"id":2061,"href":"https:\/\/www.ijmhr.org\/IntJAnatRes\/wp-json\/wp\/v2\/pages\/2060\/revisions\/2061"}],"wp:attachment":[{"href":"https:\/\/www.ijmhr.org\/IntJAnatRes\/wp-json\/wp\/v2\/media?parent=2060"}],"curies":[{"name":"wp","href":"https:\/\/api.w.org\/{rel}","templated":true}]}}