{"id":2057,"date":"2019-10-05T13:38:12","date_gmt":"2019-10-05T13:38:12","guid":{"rendered":"http:\/\/www.ijmhr.org\/IntJAnatRes\/?page_id=2057"},"modified":"2019-10-05T13:38:12","modified_gmt":"2019-10-05T13:38:12","slug":"ijar-2019-285","status":"publish","type":"page","link":"https:\/\/www.ijmhr.org\/IntJAnatRes\/ijar-2019-285","title":{"rendered":"IJAR.2019.285"},"content":{"rendered":"<div class=\"su-row\"><div class=\"su-column su-column-size-1-2\"><div class=\"su-column-inner su-u-clearfix su-u-trim\"><div class=\"su-button-center\"><a href=\"https:\/\/www.ijmhr.org\/ijar.7.4\/IJAR.2019.285.pdf\" class=\"su-button su-button-style-default\" style=\"color:#FFFFFF;background-color:#6b0e00;border-color:#560c00;border-radius:5px;-moz-border-radius:5px;-webkit-border-radius:5px\" target=\"_self\"><span style=\"color:#FFFFFF;padding:6px 16px;font-size:13px;line-height:20px;border-color:#98574d;border-radius:5px;-moz-border-radius:5px;-webkit-border-radius:5px;text-shadow:none;-moz-text-shadow:none;-webkit-text-shadow:none\"><i class=\"sui sui-cloud-download\" style=\"font-size:13px;color:#FFFFFF\"><\/i> DOWNLOAD PDF<\/span><\/a><\/div><\/div><\/div> <div class=\"su-column su-column-size-1-2\"><div class=\"su-column-inner su-u-clearfix su-u-trim\"><div class=\"su-button-center\"><a href=\"https:\/\/ijmhr.org\/ijar-vol-7-4.htm\" class=\"su-button su-button-style-default\" style=\"color:#FFFFFF;background-color:#6b0e00;border-color:#560c00;border-radius:5px;-moz-border-radius:5px;-webkit-border-radius:5px\" target=\"_self\"><span style=\"color:#FFFFFF;padding:6px 16px;font-size:13px;line-height:20px;border-color:#98574d;border-radius:5px;-moz-border-radius:5px;-webkit-border-radius:5px;text-shadow:none;-moz-text-shadow:none;-webkit-text-shadow:none\"><i class=\"sui sui-book\" style=\"font-size:13px;color:#FFFFFF\"><\/i> Table of Contents<\/span><\/a><\/div><\/div><\/div><\/div>\n<h3 style=\"text-align: justify;\"><strong>Type of Article:<\/strong>\u00a0\u00a0Original Research<\/h3>\n<h3 style=\"text-align: justify;\"><strong>Volume 7; Issue 4.1 (October 2019)<\/strong><\/h3>\n<h3 style=\"text-align: justify;\"><strong>Page No.:<\/strong>\u00a07003-7006<\/h3>\n<h3 style=\"text-align: justify;\"><strong>DOI:\u00a0<\/strong>https:\/\/dx.doi.org\/10.16965\/ijar.2019.285<\/h3>\n<h3 style=\"text-align: justify;\">A VOLUMETRIC STUDY OF HIPPOCAMPUS IN CADAVERIC HUMAN BRAINS<\/h3>\n<p style=\"text-align: justify;\"><strong>Maitreyee M.Kulkarni <sup>1<\/sup>, Jagdish S.Soni *<sup>2<\/sup>, Shital Bhishma Hathila <sup>3<\/sup>.<\/strong><\/p>\n<p style=\"text-align: justify;\"><sup>1<\/sup> \u00a0Maitreyee M Kulkarni M.Sc\u00a0 Medical Anatomy, Medical College Baroda, Gujarat, India.<\/p>\n<p style=\"text-align: justify;\"><sup>*2<\/sup> Dr.Jagdish S.Soni, M.S.Anatomy, Associate Professor, Anatomy Department, Medical College, Baroda, Gujarat, India.<\/p>\n<p style=\"text-align: justify;\"><sup>3<\/sup> Assistant Professor, Anatomy Department, Medical College, Baroda, Gujarat, India.<\/p>\n<p style=\"text-align: justify;\"><strong>Corresponding Author: <\/strong>Dr.Jagdish S.Soni, P-13, Aviral Society, Opposite Mangalam Duplex, Sama-Savli Road, Baroda, Gujarat-390024 Mobile:09426587464 <strong>E-Mail:<\/strong> ashushiti@yahoo.co.in<\/p>\n<p style=\"text-align: justify;\"><strong>ABSTRACT:<\/strong><\/p>\n<p style=\"text-align: justify;\"><strong>Background:<\/strong> Hippocampus is one of the key parts of limbic system. It is located in the floor of the inferior horn of lateral ventricle.<\/p>\n<p style=\"text-align: justify;\"><strong>Materials and methods:<\/strong> The study is conducted on 50 Hippocampi removed from 25 cadaveric brains in Medical College Baroda, Gujarat. The volume of each is measured by water displacement method.<\/p>\n<p style=\"text-align: justify;\"><strong>Results: <\/strong>It is observed that the mean volume for the sample is 2.26<u>+<\/u>0.88cc. The mean volume on right side is 2.37<u>+<\/u>0.88cc and on the left side is 2.12<u>+<\/u>0.88cc. The mean volumes seen in male and female hippocampi are 2.14<u>+<\/u>0.70cc and 2.52<u>+<\/u>1.21cc respectively. The mean volume in the age group 60-80 years is 2.55<u>+<\/u>0.65cc and in the age group 81 years onwards, it is 2.0<u>+<\/u>1.03cc. The difference in volumes of the two age groups is found to be statistically significant. <strong>Conclusion:<\/strong> The study will be useful to anatomists, Neurologists, Neurosurgeons and psychiatrists alike.<\/p>\n<p style=\"text-align: justify;\"><strong>Key words:<\/strong> Hippocampus, limbic system, Volume, age.<\/p>\n<p style=\"text-align: justify;\"><strong>REFERENCES<\/strong><\/p>\n<ol>\n<li style=\"text-align: justify;\">Barrs\u2019s The Human Nervous System: An Anatomical Viewpoint by John Kiernan and Raj Rajakumar in chapter 18, 10<sup>th<\/sup> edition; Pg 323-38.<\/li>\n<li style=\"text-align: justify;\">Gray\u2019s Anatomy The Anatomical basis of Clinical Practice by Susan Standring in chapter 23, 40<sup>th<\/sup> edition; Pg 335-60.<\/li>\n<li style=\"text-align: justify;\">Destrieux, D.Bourry, S.Velut Surgical Anatomy of Hippocampus. Neurochirurgie 2013;59:149-158.<\/li>\n<li style=\"text-align: justify;\">Sven Dekeyzer &amp; Isabelle De Kock &amp; Omid Nikoubashman, Stephanie Vanden Bossche &amp; Ruth Van Eetvelde &amp; Jeroen De Groote &amp; Marjan Acou &amp; Martin Wiesmann &amp; Karel Deblaere &amp; Eric Achten\u00a0 B; Unforgettable \u2013 a pictorial essay on anatomy and pathology of the hippocampus. Insights Imaging 2017;8:199\u2013212.<\/li>\n<li style=\"text-align: justify;\">Rajmohan V, Mohandas E. The limbic system. Indian Journal of Psychiatry 2007;49(2):132- 139.<\/li>\n<li style=\"text-align: justify;\">Grant\u2019s Dissector by Patrick. W. Tank; Lippincott Williams &amp; Wilkins, 15<sup>th<\/sup> Edition;306-308.<\/li>\n<li style=\"text-align: justify;\">Rao B, Prasad Rao K, Rao R. Morphometric Study Of Hippocampus In Adult Human Brains. International Journal of basic and applied Basic sciences,2012;2(2):139-143.<\/li>\n<li style=\"text-align: justify;\">Yucel K, Hakyemez B, Parlak M Morphometry of some elements of limbic system in normal population: a quantitative MRI study. Neuroanatomy, 2002;1:15-21.<\/li>\n<li style=\"text-align: justify;\">Watson, MD, PhD; F. Andermann, MD, FRCP(C); P. Gloor, MD, PhD; M. Jones-Gotman, PhD; T. Peters, PhD; A. Evans, PhD; A. Olivier, MD, PhD, FRCS(C); D. Melanson, MD; and G. Leroux, RT Anatomic basis of amygdaloid and hippocampal volume measurement by magnetic resonance imaging; NEUROLOGY 1992;42: 1743-1750.<\/li>\n<li style=\"text-align: justify;\">Delgado-Gonz\u00e1lez JC, Mansilla-Legorburo F,Florensa Vila J, Insausti A M, Vi\u00f1uela A,Tu\u00f1\u00f3n Alvarez T, et al. Quantitative Measurements in the Human Hippocampus and RelatedAreas: Correspondence between Ex-Vivo MRI and Histological Preparations. PLoSONE 2015;10(6): e0130314. doi:10.1371\/ journal.pone.0130314<\/li>\n<li style=\"text-align: justify;\">Goran Simic, Ivica Kostovic, Bengt Winblad, And Nenad Bogdanovic Volume And Number Of Neurons Of The Human Hippocampal Formation In Normal Aging And Alzheimer\u2019s Disease. The Journal Of Comparative Neurology 1997;379:482\u2013494.<\/li>\n<li style=\"text-align: justify;\">R. S. Prasad Rao. CYTOARCHITECTURE OF HUMAN ADULT HIPPOCAMPUS. Int J Anat Res 2016;4(3):2764-2770. DOI: 10.16965\/ijar.2016.330<\/li>\n<\/ol>\n<p style=\"text-align: justify;\">\n\t\t\t <div class=\"promo1\" style=\"background-color:#f7f7f7; border-color: #6b0e00 #e8e6e6 #e8e6e6;\">\n             \t <span style=\"color: #800000;\"><strong>Cite this article:<\/strong><\/span> Maitreyee M.Kulkarni, Jagdish S.Soni, Shital Bhishma Hathila. A VOLUMETRIC STUDY OF HIPPOCAMPUS IN CADAVERIC HUMAN BRAINS. Int J Anat Res 2019;7(4.1):7003-7006.\u00a0<strong>DOI:\u00a0<\/strong>10.16965\/ijar.2019.285\u00a0 \n             <\/div>\t\n\t\t\n","protected":false},"excerpt":{"rendered":"<p>Type of Article:\u00a0\u00a0Original Research Volume 7; Issue 4.1 (October 2019) Page No.:\u00a07003-7006 DOI:\u00a0https:\/\/dx.doi.org\/10.16965\/ijar.2019.285 A VOLUMETRIC STUDY OF HIPPOCAMPUS IN CADAVERIC HUMAN BRAINS Maitreyee M.Kulkarni 1, Jagdish S.Soni *2, Shital Bhishma Hathila 3. 1 \u00a0Maitreyee M Kulkarni M.Sc\u00a0 Medical Anatomy, Medical College Baroda, Gujarat, India. *2 Dr.Jagdish S.Soni, M.S.Anatomy, Associate Professor, Anatomy Department, Medical College, Baroda,<br \/><a class=\"moretag\" href=\"https:\/\/www.ijmhr.org\/IntJAnatRes\/ijar-2019-285\">+ Read More<\/a><\/p>\n","protected":false},"author":1,"featured_media":0,"parent":0,"menu_order":0,"comment_status":"closed","ping_status":"closed","template":"","meta":[],"_links":{"self":[{"href":"https:\/\/www.ijmhr.org\/IntJAnatRes\/wp-json\/wp\/v2\/pages\/2057"}],"collection":[{"href":"https:\/\/www.ijmhr.org\/IntJAnatRes\/wp-json\/wp\/v2\/pages"}],"about":[{"href":"https:\/\/www.ijmhr.org\/IntJAnatRes\/wp-json\/wp\/v2\/types\/page"}],"author":[{"embeddable":true,"href":"https:\/\/www.ijmhr.org\/IntJAnatRes\/wp-json\/wp\/v2\/users\/1"}],"replies":[{"embeddable":true,"href":"https:\/\/www.ijmhr.org\/IntJAnatRes\/wp-json\/wp\/v2\/comments?post=2057"}],"version-history":[{"count":1,"href":"https:\/\/www.ijmhr.org\/IntJAnatRes\/wp-json\/wp\/v2\/pages\/2057\/revisions"}],"predecessor-version":[{"id":2059,"href":"https:\/\/www.ijmhr.org\/IntJAnatRes\/wp-json\/wp\/v2\/pages\/2057\/revisions\/2059"}],"wp:attachment":[{"href":"https:\/\/www.ijmhr.org\/IntJAnatRes\/wp-json\/wp\/v2\/media?parent=2057"}],"curies":[{"name":"wp","href":"https:\/\/api.w.org\/{rel}","templated":true}]}}