{"id":1420,"date":"2018-08-10T13:45:41","date_gmt":"2018-08-10T13:45:41","guid":{"rendered":"http:\/\/www.ijmhr.org\/IntJAnatRes\/?page_id=1420"},"modified":"2018-08-10T13:53:51","modified_gmt":"2018-08-10T13:53:51","slug":"ijar-2018-257","status":"publish","type":"page","link":"https:\/\/www.ijmhr.org\/IntJAnatRes\/ijar-2018-257","title":{"rendered":"IJAR.2018.257"},"content":{"rendered":"<div class=\"su-row\"><div class=\"su-column su-column-size-1-2\"><div class=\"su-column-inner su-u-clearfix su-u-trim\"><div class=\"su-button-center\"><a href=\"https:\/\/www.ijmhr.org\/ijar.6.3\/IJAR.2018.257.pdf\" class=\"su-button su-button-style-default\" style=\"color:#FFFFFF;background-color:#6b0e00;border-color:#560c00;border-radius:5px;-moz-border-radius:5px;-webkit-border-radius:5px\" target=\"_self\"><span style=\"color:#FFFFFF;padding:6px 16px;font-size:13px;line-height:20px;border-color:#98574d;border-radius:5px;-moz-border-radius:5px;-webkit-border-radius:5px;text-shadow:none;-moz-text-shadow:none;-webkit-text-shadow:none\"><i class=\"sui sui-cloud-download\" style=\"font-size:13px;color:#FFFFFF\"><\/i> DOWNLOAD PDF<\/span><\/a><\/div><\/div><\/div> <div class=\"su-column su-column-size-1-2\"><div class=\"su-column-inner su-u-clearfix su-u-trim\"><div class=\"su-button-center\"><a href=\"https:\/\/ijmhr.org\/ijar-vol-6-3.htm\" class=\"su-button su-button-style-default\" style=\"color:#FFFFFF;background-color:#6b0e00;border-color:#560c00;border-radius:5px;-moz-border-radius:5px;-webkit-border-radius:5px\" target=\"_self\"><span style=\"color:#FFFFFF;padding:6px 16px;font-size:13px;line-height:20px;border-color:#98574d;border-radius:5px;-moz-border-radius:5px;-webkit-border-radius:5px;text-shadow:none;-moz-text-shadow:none;-webkit-text-shadow:none\"><i class=\"sui sui-book\" style=\"font-size:13px;color:#FFFFFF\"><\/i> Table of Contents<\/span><\/a><\/div><\/div><\/div><\/div>\n<h3 style=\"text-align: justify;\"><strong>Type of Article:<\/strong>\u00a0\u00a0Original Research<\/h3>\n<h3 style=\"text-align: justify;\"><strong>Volume 6; Issue 3.2 (August 2018)<\/strong><\/h3>\n<h3 style=\"text-align: justify;\"><strong>Page No.:<\/strong>\u00a05504-5507<\/h3>\n<h3 style=\"text-align: justify;\"><strong>DOI:\u00a0<\/strong>https:\/\/dx.doi.org\/10.16965\/ijar.2018.257<\/h3>\n<h3 style=\"text-align: justify;\">LEVEL OF BIFURCATION OF COMMON CAROTID ARTERY AND MORPHOMETRY OF ANTERIOR BRANCHES OF EXTERNAL CAROTID ARTERY: A DESCRIPTIVE STUDY<\/h3>\n<p><strong>Vrinda Hari Ankolekar <sup>1<\/sup>, Anne D Souza <sup>2<\/sup>, Mamatha Hosapatna *<sup>3<\/sup>, Amoldeep Singh <sup>4<\/sup>.<\/strong><\/p>\n<p><sup>1,2,*3<\/sup> Associate Professor, Kasturba Medical College, Manipal Academy of Higher Education, Manipal, Karnataka, India.<\/p>\n<p><sup>4<\/sup> Tutor, Dr. Y.S. Parmar Govt Medical College, Himachal Pradesh, India.<\/p>\n<p style=\"text-align: justify;\"><strong>Corresponding Author\u2019s Mailing Address:<\/strong> Dr. Mamatha Hosapatna, Associate Professor,\u00a0 Department of Anatomy, Kasturba Medical College, Manipal Academy of Higher Education, Manipal, Karnataka, India. <strong>E-Mail:<\/strong> Mamatha.h@manipal.edu<\/p>\n<p style=\"text-align: justify;\"><strong>ABSTRACT:<\/strong><\/p>\n<p style=\"text-align: justify;\"><strong>Background: <\/strong>The common carotid artery (CCA) divides at the level of superior border of thyroid cartilage. The external carotid artery (ECA) is one of the terminal branches of CCA. ECA gives three anterior branches, Superior thyroid (STA), Lingual (LA) and Facial arteries (FA). Therefore the present study was carried out to describe the level of bifurcation of CCA, its relations with anatomical landmarks and the morphometry of anterior branches of ECA in relation to bifurcation of CCA.<\/p>\n<p style=\"text-align: justify;\"><strong>Methods: <\/strong>The present study was carried on 30 sagittal head and neck sections. The level of bifurcation of CCA was noted. The distances from CCA bifurcation to the superior border of thyroid cartilage (SBTC), angle of mandible, ear lobule were measured. The ddistances of STA, LA &amp; FA from CCA bifurcation were also measured<strong>.<\/strong><\/p>\n<p style=\"text-align: justify;\"><strong>Results: <\/strong>In 16 (53.33%) cases the bifurcation of CCA was observed at the level of SBTC, 2 (6.67%)<\/p>\n<p style=\"text-align: justify;\">It was between SBTC and hyoid bone, in 5 (16.67%) below SBTC and in 6 (20%) at the level of hyoid bone. The mean distances from the bifurcation of CCA to the SBTC was 24 \u00b1 0.95mm, to \u00a0the angle of the mandible was 31 \u00b1 0.86mm and to the ear lobule was 54.8 \u00b1 0.96mm. The mean distances of STA, LA and FA from CCA bifurcation were 7.2 \u00b1 0.2, 12 \u00b1 0.45 and 17.6 \u00b1 0.48 cm respectively.<\/p>\n<p style=\"text-align: justify;\"><strong>Conclusion: <\/strong>The anatomical study of CCA is useful for angiographies, thyroid and head and neck surgeries. In case of common trunks, stenosis or occlusion may cause severe ischemic consequences and prone to atherosclerosis.<\/p>\n<p style=\"text-align: justify;\"><strong>Key words<\/strong><strong>: <\/strong>Common Carotid Artery, External Carotid Artery, Superior Thyroid Artery, Lingual Artery, Bifurcation.<\/p>\n<p style=\"text-align: justify;\"><strong>REFERENCES<\/strong><\/p>\n<ol>\n<li style=\"text-align: justify;\">Ozgur Z, Govsa F, Ozgrs T. Assessment of origin of characteristics of the front branches of ECA. J Cranio Fac Surg. 2008;19:1159-66.<\/li>\n<li style=\"text-align: justify;\">Gulsen S, Caner H, Altinors N. An anatomical variant: low-lying bifurcation of the common carotid artery and its surgical implications in anterior cervical discectomy. J Korean Neurosurg Soc. 2009;45:32\u20134.<\/li>\n<li style=\"text-align: justify;\">Standring S. Gray\u2019s Anatomy. The Anatomical basis of clinical practice. 39th Ed. Edinburg. Elsevier Churchill Livingstone. 2005;543-44.<\/li>\n<li style=\"text-align: justify;\">Hollinshead WH. Anatomy for surgeons. Vol. 1. The Head and Neck, Hoeber Harper, New York, 1954;553\u201357<\/li>\n<li style=\"text-align: justify;\">Al-Rafiah A. EL-Haggagy IHA. Aal AI Zaki. Anatomical study of the carotid bifurcation and origin variations of the ascending pharyngeal and superior thyroid arteries Folia Morphol. 2011;70(1):47\u20135<\/li>\n<li style=\"text-align: justify;\">Poynter CWN. Congenital anomalies of the arteries and veins of the human body with bibliography. Lincoln: The University Studies of the University of Nebraska. 1992;22:1106.<\/li>\n<li style=\"text-align: justify;\">Anu VR, Pai MM, Rajalakshmi R, Latha VP, Rajanigandha V, D\u2019Costa S. Clinically-relevant variations of the carotid arterial system. Singapore Med J. 2007;48: 566.<\/li>\n<li style=\"text-align: justify;\">Gupta V and Agarwal R. Anomalous branching pattern of the external carotid artery in cadavers. Int J Sci Stud. 2014;2(1):28-31.<\/li>\n<li style=\"text-align: justify;\">Lucev N, Bobinac D, Maric I, Drescik I. Variations of the great arteries in the carotid triangle. Otolaryngol Head Neck Surg. 2000;122:590\u201391.<\/li>\n<li style=\"text-align: justify;\">Gomez CK and Arnuk OJ. Intrathoracic bifurcation of the right common carotid artery, BMJ Case Reports. 2013. doi: 10.1136\/bcr-2012-007554<\/li>\n<li style=\"text-align: justify;\">Orr AE. A rare anomaly of the carotid arteries (Internal and External), Journal of Anatomy and Physiology. 1906;41(1):51.<\/li>\n<li style=\"text-align: justify;\">Ili\u0107 A, Bogdanovi\u0107 D, Jelici\u0107 NO. A way of separating the first lateral branch external carotid artery. Srpski Arhiv. 1973;2:117\u201322.<\/li>\n<li style=\"text-align: justify;\">Espalieu P, Cottier M, Relave M, Youvarlakis P, Cuilleret J. Radio-anatomic study of the carotid axis with regard to the implantation of microsurgical vascular anastomoses. Surg Radiol Anat. 1986;8:257\u201363.<\/li>\n<li style=\"text-align: justify;\">Von Poisel S, Golth DZ. Variability of the large arteries in the carotid triangle. Wien Med Wochenschr. 1974;15:229\u201332.<\/li>\n<li style=\"text-align: justify;\">Krmpoti\u0107-Nemani\u0107 J. Anatomy variations and malformations of the head and neck. Arch Oto-RhinoLaryingol. 1978;219:1\u201391.<\/li>\n<li style=\"text-align: justify;\">Lo A, Oehley M, Bartlett A, Adams D, Blyth P, Al-Ali S. Anatomical variations of the common carotid artery bifurcation. ANZ J Surg. 2006;76:970\u201372.<\/li>\n<\/ol>\n<p style=\"text-align: justify;\">\n\t\t\t <div class=\"promo1\" style=\"background-color:#f7f7f7; border-color: #6b0e00 #e8e6e6 #e8e6e6;\">\n             \t <span style=\"color: #800000;\"><strong>Cite this article:<\/strong><\/span> Vrinda Hari Ankolekar, Anne D Souza, Mamatha Hosapatna, Amoldeep Singh. LEVEL OF BIFURCATION OF COMMON CAROTID ARTERY AND MORPHOMETRY OF ANTERIOR BRANCHES OF EXTERNAL CAROTID ARTERY: A DESCRIPTIVE STUDY. Int J Anat Res 2018;6(3.2):5504-5507.\u00a0<strong>DOI:\u00a0<\/strong>10.16965\/ijar.2018.257\u00a0 \n             <\/div>\t\n\t\t\n","protected":false},"excerpt":{"rendered":"<p>Type of Article:\u00a0\u00a0Original Research Volume 6; Issue 3.2 (August 2018) Page No.:\u00a05504-5507 DOI:\u00a0https:\/\/dx.doi.org\/10.16965\/ijar.2018.257 LEVEL OF BIFURCATION OF COMMON CAROTID ARTERY AND MORPHOMETRY OF ANTERIOR BRANCHES OF EXTERNAL CAROTID ARTERY: A DESCRIPTIVE STUDY Vrinda Hari Ankolekar 1, Anne D Souza 2, Mamatha Hosapatna *3, Amoldeep Singh 4. 1,2,*3 Associate Professor, Kasturba Medical College, Manipal Academy of<br \/><a class=\"moretag\" href=\"https:\/\/www.ijmhr.org\/IntJAnatRes\/ijar-2018-257\">+ Read More<\/a><\/p>\n","protected":false},"author":1,"featured_media":0,"parent":0,"menu_order":0,"comment_status":"closed","ping_status":"closed","template":"","meta":[],"_links":{"self":[{"href":"https:\/\/www.ijmhr.org\/IntJAnatRes\/wp-json\/wp\/v2\/pages\/1420"}],"collection":[{"href":"https:\/\/www.ijmhr.org\/IntJAnatRes\/wp-json\/wp\/v2\/pages"}],"about":[{"href":"https:\/\/www.ijmhr.org\/IntJAnatRes\/wp-json\/wp\/v2\/types\/page"}],"author":[{"embeddable":true,"href":"https:\/\/www.ijmhr.org\/IntJAnatRes\/wp-json\/wp\/v2\/users\/1"}],"replies":[{"embeddable":true,"href":"https:\/\/www.ijmhr.org\/IntJAnatRes\/wp-json\/wp\/v2\/comments?post=1420"}],"version-history":[{"count":3,"href":"https:\/\/www.ijmhr.org\/IntJAnatRes\/wp-json\/wp\/v2\/pages\/1420\/revisions"}],"predecessor-version":[{"id":1432,"href":"https:\/\/www.ijmhr.org\/IntJAnatRes\/wp-json\/wp\/v2\/pages\/1420\/revisions\/1432"}],"wp:attachment":[{"href":"https:\/\/www.ijmhr.org\/IntJAnatRes\/wp-json\/wp\/v2\/media?parent=1420"}],"curies":[{"name":"wp","href":"https:\/\/api.w.org\/{rel}","templated":true}]}}