{"id":1364,"date":"2018-06-05T15:58:58","date_gmt":"2018-06-05T15:58:58","guid":{"rendered":"http:\/\/www.ijmhr.org\/IntJAnatRes\/?page_id=1364"},"modified":"2018-06-05T15:58:58","modified_gmt":"2018-06-05T15:58:58","slug":"ijar-2018-211","status":"publish","type":"page","link":"https:\/\/www.ijmhr.org\/IntJAnatRes\/ijar-2018-211","title":{"rendered":"IJAR.2018.211"},"content":{"rendered":"<div class=\"su-row\"><div class=\"su-column su-column-size-1-2\"><div class=\"su-column-inner su-u-clearfix su-u-trim\"><div class=\"su-button-center\"><a href=\"https:\/\/www.ijmhr.org\/ijar.6.2\/IJAR.2018.211.pdf\" class=\"su-button su-button-style-default\" style=\"color:#FFFFFF;background-color:#6b0e00;border-color:#560c00;border-radius:5px;-moz-border-radius:5px;-webkit-border-radius:5px\" target=\"_self\"><span style=\"color:#FFFFFF;padding:6px 16px;font-size:13px;line-height:20px;border-color:#98574d;border-radius:5px;-moz-border-radius:5px;-webkit-border-radius:5px;text-shadow:none;-moz-text-shadow:none;-webkit-text-shadow:none\"><i class=\"sui sui-cloud-download\" style=\"font-size:13px;color:#FFFFFF\"><\/i> DOWNLOAD PDF<\/span><\/a><\/div><\/div><\/div> <div class=\"su-column su-column-size-1-2\"><div class=\"su-column-inner su-u-clearfix su-u-trim\"><div class=\"su-button-center\"><a href=\"https:\/\/ijmhr.org\/ijar-vol-6-2.htm\" class=\"su-button su-button-style-default\" style=\"color:#FFFFFF;background-color:#6b0e00;border-color:#560c00;border-radius:5px;-moz-border-radius:5px;-webkit-border-radius:5px\" target=\"_self\"><span style=\"color:#FFFFFF;padding:6px 16px;font-size:13px;line-height:20px;border-color:#98574d;border-radius:5px;-moz-border-radius:5px;-webkit-border-radius:5px;text-shadow:none;-moz-text-shadow:none;-webkit-text-shadow:none\"><i class=\"sui sui-book\" style=\"font-size:13px;color:#FFFFFF\"><\/i> Table of Contents<\/span><\/a><\/div><\/div><\/div><\/div>\n<h3 style=\"text-align: justify;\"><strong>Type of Article:<\/strong>\u00a0\u00a0Original Research<\/h3>\n<h3 style=\"text-align: justify;\"><strong>Volume 6; Issue 2.3 (June 2018)<\/strong><\/h3>\n<h3 style=\"text-align: justify;\"><strong>Page No.:<\/strong>\u00a05379-5383<\/h3>\n<h3 style=\"text-align: justify;\"><strong>DOI:\u00a0<\/strong>https:\/\/dx.doi.org\/10.16965\/ijar.2018.211<\/h3>\n<h3 style=\"text-align: justify;\">ANATOMICAL VARIATIONS OF BRANCHING PATTERN OF MAIN RENAL ARTERY IN HILUM AND PREHILAR AREA<\/h3>\n<p style=\"text-align: justify;\"><strong>Rucha Kulkarni *<sup>1<\/sup>, Shanta S Hattangdi <sup>2<\/sup>.<\/strong><\/p>\n<p><sup>*1 <\/sup>Additional Professor, Department of Anatomy, Lokmanya Tilak Municipal Medical College, Sion (West), Mumbai, India.<\/p>\n<p><sup>2<\/sup> Professor, Department of Anatomy, Lokmanya Tilak Municipal Medical College, Sion (West), Mumbai, India.<\/p>\n<p style=\"text-align: justify;\"><strong>Address for Correspondence:<\/strong> Dr. Rucha Kulkarni, Additional Professor, Department of Anatomy, Lokmanya Tilak Municipal Medical College, Sion (West), Mumbai \u2013 400022, India.\u00a0<strong>E-Mail:<\/strong> omkar.vs@hotmail.com<\/p>\n<p style=\"text-align: justify;\"><strong>ABSTRACT:<\/strong><\/p>\n<p style=\"text-align: justify;\">The hila and adjacent pre-hilar parts of 72 kidneys (35 right and 37 left) isolated from formalin fixed cadavers were examined. The hilum and prehilar area of each kidney was dissected to observe the total number of branches of the main renal artery. This information is useful in nephron sparing surgeries such as partial nephrectomy by laparoscopic approach. Subsequently, prehilar branching of the main renal artery before it enters the hilum was observed in 48.6% of kidneys with a higher incidence of 51.3% in left kidneys as compared with the incidence of the right side (45.7%). We further observe the variations of branching patterns in the main renal artery and calculate the incidences. Finally, our results are compared with that of similar studies conducted previously.<\/p>\n<p style=\"text-align: justify;\"><strong>Key words:<\/strong> Hilum, Renal Vein, Renal Artery, Laparoscopic, Nephrectomy.<\/p>\n<p style=\"text-align: justify;\"><strong>REFERENCES<\/strong><\/p>\n<ol>\n<li style=\"text-align: justify;\">Stoisa D, Galiano FE, Quaranta A, Villavicencio RL. Renal vascular evaluation with 64 Multislice Computerized Tomography. Diagn\u00f3stico M\u00e9dico Oro\u00f1o. Bv. Oro\u00f1o. 2000: 1515.<\/li>\n<li style=\"text-align: justify;\">Lee Mc Gregor&#8217;s synopsis of Surgical Anatomy. 295-296<\/li>\n<li style=\"text-align: justify;\">Gray\u2019s Anatomy. 39th edition :1276<\/li>\n<li style=\"text-align: justify;\">Moore KL. Clinically oriented Anatomy, 6th edition. 292.<\/li>\n<li style=\"text-align: justify;\">Agarwal RK, Gupta V, Sharma V, Ramesh Babu CS. Prehilar branching of main renal arteries with presence of superior polar segmental artery. J. Anat. Sciences 2013;21(2):24-27.<\/li>\n<li style=\"text-align: justify;\">Moore KL, Persaud TVN. The developing human: Clinically oriented embryology, 5th edition. 240.<\/li>\n<li style=\"text-align: justify;\">Gray\u2019s Anatomy. 41st edition: 1243<\/li>\n<li style=\"text-align: justify;\">Budhiraja V, Rastogi R, Jain V, Bankwar. Anatomical variations of renal artery and its clinical correlations: a cadaveric study from central India. J. Morphol. Sci. 2013;4:228-233.<\/li>\n<li style=\"text-align: justify;\">Kang WY, et. al. Perihilar branching patterns of renal artery and extrarenal length of arterial branches and tumour-feeding arteries on multidetector CT angiography. Br J Radiol. 2013; 86:1023.<\/li>\n<li style=\"text-align: justify;\">Moore KL. Clinically oriented Anatomy, 6th edition. 298.<\/li>\n<li style=\"text-align: justify;\">Trivedi S, Athavale S, Kotgiriwar S. Normal and variant anatomy of renal hilar structures and its clinical significance. J. Morphol. 2011; 29(4):1379-1383.<\/li>\n<li style=\"text-align: justify;\">Kang WY, et. al. Perihilar branching patterns of renal artery and extrarenal length of arterial branches and tumour-feeding arteries on multidetector CT angiography. Br J Radiol. 2013; 86:1023.<\/li>\n<li style=\"text-align: justify;\">Moore KL. Clinically oriented Anatomy, 6th edition. 299.<\/li>\n<li style=\"text-align: justify;\">Moore KL, Persaud TVN. The developing human: Clinically oriented embryology, 5th edition. 271.<\/li>\n<li style=\"text-align: justify;\">He B, Hamdorf JM. Clinical importance of anatomical variations of renal vasculature during Laparoscopic donor nephrectomy. OA Anatomy. 2013;1(3):25.<\/li>\n<\/ol>\n<p style=\"text-align: justify;\">\n\t\t\t <div class=\"promo1\" style=\"background-color:#f7f7f7; border-color: #6b0e00 #e8e6e6 #e8e6e6;\">\n             \t <span style=\"color: #800000;\"><strong>Cite this article:<\/strong><\/span> Rucha Kulkarni, Shanta S Hattangdi. ANATOMICAL VARIATIONS OF BRANCHING PATTERN OF MAIN RENAL ARTERY IN HILUM AND PREHILAR AREA. Int J Anat Res 2018;6(2.3):5379-5383.\u00a0<strong>DOI:\u00a0<\/strong>10.16965\/ijar.2018.211\u00a0 \n             <\/div>\t\n\t\t\n","protected":false},"excerpt":{"rendered":"<p>Type of Article:\u00a0\u00a0Original Research Volume 6; Issue 2.3 (June 2018) Page No.:\u00a05379-5383 DOI:\u00a0https:\/\/dx.doi.org\/10.16965\/ijar.2018.211 ANATOMICAL VARIATIONS OF BRANCHING PATTERN OF MAIN RENAL ARTERY IN HILUM AND PREHILAR AREA Rucha Kulkarni *1, Shanta S Hattangdi 2. *1 Additional Professor, Department of Anatomy, Lokmanya Tilak Municipal Medical College, Sion (West), Mumbai, India. 2 Professor, Department of Anatomy, Lokmanya<br \/><a class=\"moretag\" href=\"https:\/\/www.ijmhr.org\/IntJAnatRes\/ijar-2018-211\">+ Read More<\/a><\/p>\n","protected":false},"author":1,"featured_media":0,"parent":0,"menu_order":0,"comment_status":"closed","ping_status":"closed","template":"","meta":[],"_links":{"self":[{"href":"https:\/\/www.ijmhr.org\/IntJAnatRes\/wp-json\/wp\/v2\/pages\/1364"}],"collection":[{"href":"https:\/\/www.ijmhr.org\/IntJAnatRes\/wp-json\/wp\/v2\/pages"}],"about":[{"href":"https:\/\/www.ijmhr.org\/IntJAnatRes\/wp-json\/wp\/v2\/types\/page"}],"author":[{"embeddable":true,"href":"https:\/\/www.ijmhr.org\/IntJAnatRes\/wp-json\/wp\/v2\/users\/1"}],"replies":[{"embeddable":true,"href":"https:\/\/www.ijmhr.org\/IntJAnatRes\/wp-json\/wp\/v2\/comments?post=1364"}],"version-history":[{"count":1,"href":"https:\/\/www.ijmhr.org\/IntJAnatRes\/wp-json\/wp\/v2\/pages\/1364\/revisions"}],"predecessor-version":[{"id":1379,"href":"https:\/\/www.ijmhr.org\/IntJAnatRes\/wp-json\/wp\/v2\/pages\/1364\/revisions\/1379"}],"wp:attachment":[{"href":"https:\/\/www.ijmhr.org\/IntJAnatRes\/wp-json\/wp\/v2\/media?parent=1364"}],"curies":[{"name":"wp","href":"https:\/\/api.w.org\/{rel}","templated":true}]}}