{"id":1090,"date":"2017-12-01T01:09:03","date_gmt":"2017-12-01T01:09:03","guid":{"rendered":"http:\/\/www.ijmhr.org\/IntJAnatRes\/?page_id=1090"},"modified":"2017-12-01T01:09:22","modified_gmt":"2017-12-01T01:09:22","slug":"ijar-2017-459","status":"publish","type":"page","link":"https:\/\/www.ijmhr.org\/IntJAnatRes\/ijar-2017-459","title":{"rendered":"IJAR.2017.459"},"content":{"rendered":"<div class=\"su-row\"><div class=\"su-column su-column-size-1-2\"><div class=\"su-column-inner su-u-clearfix su-u-trim\"><div class=\"su-button-center\"><a href=\"http:\/\/www.ijmhr.org\/ijar.5.4\/IJAR.2017.459.pdf\" class=\"su-button su-button-style-default\" style=\"color:#FFFFFF;background-color:#6b0e00;border-color:#560c00;border-radius:5px;-moz-border-radius:5px;-webkit-border-radius:5px\" target=\"_self\"><span style=\"color:#FFFFFF;padding:6px 16px;font-size:13px;line-height:20px;border-color:#98574d;border-radius:5px;-moz-border-radius:5px;-webkit-border-radius:5px;text-shadow:none;-moz-text-shadow:none;-webkit-text-shadow:none\"><i class=\"sui sui-cloud-download\" style=\"font-size:13px;color:#FFFFFF\"><\/i> DOWNLOAD PDF<\/span><\/a><\/div><\/div><\/div> <div class=\"su-column su-column-size-1-2\"><div class=\"su-column-inner su-u-clearfix su-u-trim\"><div class=\"su-button-center\"><a href=\"https:\/\/ijmhr.org\/ijar-vol-5-4.htm\" class=\"su-button su-button-style-default\" style=\"color:#FFFFFF;background-color:#6b0e00;border-color:#560c00;border-radius:5px;-moz-border-radius:5px;-webkit-border-radius:5px\" target=\"_self\"><span style=\"color:#FFFFFF;padding:6px 16px;font-size:13px;line-height:20px;border-color:#98574d;border-radius:5px;-moz-border-radius:5px;-webkit-border-radius:5px;text-shadow:none;-moz-text-shadow:none;-webkit-text-shadow:none\"><i class=\"sui sui-book\" style=\"font-size:13px;color:#FFFFFF\"><\/i> Table of Contents<\/span><\/a><\/div><\/div><\/div><\/div>\n<h3 style=\"text-align: justify;\"><strong>Type of Article:<\/strong>\u00a0\u00a0Case Report<\/h3>\n<h3 style=\"text-align: justify;\"><strong>Volume 5; Issue 4.3 (December 2017)<\/strong><\/h3>\n<h3 style=\"text-align: justify;\"><strong>Page No.:<\/strong>\u00a04733-4735<\/h3>\n<h3 style=\"text-align: justify;\"><strong>DOI:\u00a0<\/strong>https:\/\/dx.doi.org\/10.16965\/ijar.2017.459<\/h3>\n<h3 style=\"text-align: justify;\">EXTRA SLIP OF LATISSIMUS DORSI TENDON AND ITS CLINICAL SIGNIFICANCE<\/h3>\n<p style=\"text-align: justify;\"><strong>Ritwik Baidya <sup>1<\/sup>, Sushil Kumar *<sup>2<\/sup>.<\/strong><\/p>\n<p><sup>1<\/sup> Assistant professor, Anatomy division, Department of radiology, Weill Cornell Medicine, New York.<\/p>\n<p><sup>*2<\/sup> Assistant professor, Anatomy division, Department of radiology, Weill Cornell Medicine, New York.<\/p>\n<p><strong>\u00a0<\/strong><\/p>\n<p><strong>Address for Correspondence: <\/strong>Dr. Sushil Kumar, Assistant Professor, Anatomy division, Department of radiology, Weill Cornell Medicine, New York, USA.\u00a0<strong>E-Mail: <\/strong>sushilbhu2001@yahoo.co.in<\/p>\n<p><strong>Abstract: <\/strong><\/p>\n<p>A typical muscle variation of latissimus dorsi is observed during routine dissection in the anatomy lab. A fibromuscular slip detached from the anteroinferior border of the muscle cross the brachial plexus and axillary vessels and inserts with the pectoralis major on the lateral lip of the intertubercular sulcus.<\/p>\n<p><strong>KEY WORDS:\u00a0<\/strong>Axillary arch, Latissimus dorsi, Shoulder muscle, Axilla, Variant.<\/p>\n<p style=\"text-align: justify;\"><strong>REFERENCES<\/strong><\/p>\n<ol>\n<li style=\"text-align: justify;\">Standaring S, Gray\u2019s Anatomy: The Anatomical Basis of Clinical Practice. 41<sup>st<\/sup> Edinburg: Elsevier Churchill Livingstone, 2016; 822.<\/li>\n<li style=\"text-align: justify;\">Sinnatamby C, Last\u2019s Anatomy: Regional and Applied. 12<sup>th<\/sup> Edinburg: Elsevier Churchill Livingstone, 2011; 77.<\/li>\n<li style=\"text-align: justify;\">Loukas M, Noordeh N, Tubbs R.S, Jordan R. Variation of the axillary arch muscle with multiple insertions. Singapore Med J. 2009; 50(2): e 88-90.<\/li>\n<li style=\"text-align: justify;\">Bonastre V, Rodriguez-Niedenfuhr M, Choi D, Sanudo JR. Coexistance of a pectoralis quadratus muscle and an unusual axillary arch; case report and review. Clin Anat. 2002; 15: 366-370.<\/li>\n<li style=\"text-align: justify;\">Dharap A. An unusually medial axillary arch muscle. J Anat. 1994; 184 (Pt3):639-641.<\/li>\n<li style=\"text-align: justify;\">Daniels IR, Della Rovere GQ. The axillary arch of Langer &#8211; the most common muscular variation in the axilla. Beast Cancer Res Treat. 2002; 59:77-80.<\/li>\n<li style=\"text-align: justify;\">Soubhagya RN, Latha VP, Ashwin K, Madhan KS, Ganesh CK. Coexistence of an axillary arch muscle (latissimocondyloideus muscle) with an unusual axillary artery branching: Case report and review.\u00a0Int J Morphol.\u00a02006; 24:147\u201350.<\/li>\n<li style=\"text-align: justify;\">Turgut HB, Peker T, G\u00fclekon N, Anil A, Karak\u00f6se M. Axillopectoral muscle (Langer&#8217;s muscle)\u00a0Clin Anat.\u00a02005; 18: 220\u20133.<\/li>\n<li style=\"text-align: justify;\">Takafuji T, Igarashi J, Kanbayashi T, Yokoyama T, Moriya A, Azuma S, et al. The muscular arch of the axilla and its nerve supply in Japanese adults.\u00a0Kaibogaku Zasshi.\u00a01991;66:511\u201323.<\/li>\n<li style=\"text-align: justify;\">Jelev L, Georgiev GP, Surchev L. Axillary arch in human: Common morphology and variety. Definition of \u201cclinical\u201d axillary arch and its classification.\u00a0Ann Anat.\u00a02007;189:473\u201381.<\/li>\n<li style=\"text-align: justify;\">M\u00e9rida-Velasco JR, Rodr\u00edguez V\u00e1zquez JF, M\u00e9rida Velasco JA, Sobrado P\u00e9rez J, Jim\u00e9nez Collado J. Axillary arch: Potential cause of neurovascular compression syndrome.\u00a0Clin Anat.\u00a02003;16:514\u20139.<\/li>\n<\/ol>\n<p style=\"text-align: justify;\">\n\t\t\t <div class=\"promo1\" style=\"background-color:#f7f7f7; border-color: #6b0e00 #e8e6e6 #e8e6e6;\">\n             \t <span style=\"color: #800000;\"><strong>Cite this article:<\/strong><\/span> Ritwik Baidya, Sushil Kumar. EXTRA SLIP OF LATISSIMUS DORSI TENDON AND ITS CLINICAL SIGNIFICANCE. Int J Anat Res 2017;5(4.3):4733-4735. <strong>DOI:\u00a0<\/strong>10.16965\/ijar.2017.459\u00a0 \n             <\/div>\t\n\t\t\n","protected":false},"excerpt":{"rendered":"<p>Type of Article:\u00a0\u00a0Case Report Volume 5; Issue 4.3 (December 2017) Page No.:\u00a04733-4735 DOI:\u00a0https:\/\/dx.doi.org\/10.16965\/ijar.2017.459 EXTRA SLIP OF LATISSIMUS DORSI TENDON AND ITS CLINICAL SIGNIFICANCE Ritwik Baidya 1, Sushil Kumar *2. 1 Assistant professor, Anatomy division, Department of radiology, Weill Cornell Medicine, New York. *2 Assistant professor, Anatomy division, Department of radiology, Weill Cornell Medicine, New York.<br \/><a class=\"moretag\" href=\"https:\/\/www.ijmhr.org\/IntJAnatRes\/ijar-2017-459\">+ Read More<\/a><\/p>\n","protected":false},"author":1,"featured_media":0,"parent":0,"menu_order":0,"comment_status":"closed","ping_status":"closed","template":"","meta":[],"_links":{"self":[{"href":"https:\/\/www.ijmhr.org\/IntJAnatRes\/wp-json\/wp\/v2\/pages\/1090"}],"collection":[{"href":"https:\/\/www.ijmhr.org\/IntJAnatRes\/wp-json\/wp\/v2\/pages"}],"about":[{"href":"https:\/\/www.ijmhr.org\/IntJAnatRes\/wp-json\/wp\/v2\/types\/page"}],"author":[{"embeddable":true,"href":"https:\/\/www.ijmhr.org\/IntJAnatRes\/wp-json\/wp\/v2\/users\/1"}],"replies":[{"embeddable":true,"href":"https:\/\/www.ijmhr.org\/IntJAnatRes\/wp-json\/wp\/v2\/comments?post=1090"}],"version-history":[{"count":1,"href":"https:\/\/www.ijmhr.org\/IntJAnatRes\/wp-json\/wp\/v2\/pages\/1090\/revisions"}],"predecessor-version":[{"id":1091,"href":"https:\/\/www.ijmhr.org\/IntJAnatRes\/wp-json\/wp\/v2\/pages\/1090\/revisions\/1091"}],"wp:attachment":[{"href":"https:\/\/www.ijmhr.org\/IntJAnatRes\/wp-json\/wp\/v2\/media?parent=1090"}],"curies":[{"name":"wp","href":"https:\/\/api.w.org\/{rel}","templated":true}]}}