{"id":1074,"date":"2017-12-01T01:12:38","date_gmt":"2017-12-01T01:12:38","guid":{"rendered":"http:\/\/www.ijmhr.org\/IntJAnatRes\/?page_id=1074"},"modified":"2017-12-01T01:12:46","modified_gmt":"2017-12-01T01:12:46","slug":"ijar-2017-460","status":"publish","type":"page","link":"https:\/\/www.ijmhr.org\/IntJAnatRes\/ijar-2017-460","title":{"rendered":"IJAR.2017.460"},"content":{"rendered":"<div class=\"su-row\"><div class=\"su-column su-column-size-1-2\"><div class=\"su-column-inner su-u-clearfix su-u-trim\"><div class=\"su-button-center\"><a href=\"http:\/\/www.ijmhr.org\/ijar.5.4\/IJAR.2017.460.pdf\" class=\"su-button su-button-style-default\" style=\"color:#FFFFFF;background-color:#6b0e00;border-color:#560c00;border-radius:5px;-moz-border-radius:5px;-webkit-border-radius:5px\" target=\"_self\"><span style=\"color:#FFFFFF;padding:6px 16px;font-size:13px;line-height:20px;border-color:#98574d;border-radius:5px;-moz-border-radius:5px;-webkit-border-radius:5px;text-shadow:none;-moz-text-shadow:none;-webkit-text-shadow:none\"><i class=\"sui sui-cloud-download\" style=\"font-size:13px;color:#FFFFFF\"><\/i> DOWNLOAD PDF<\/span><\/a><\/div><\/div><\/div> <div class=\"su-column su-column-size-1-2\"><div class=\"su-column-inner su-u-clearfix su-u-trim\"><div class=\"su-button-center\"><a href=\"https:\/\/ijmhr.org\/ijar-vol-5-4.htm\" class=\"su-button su-button-style-default\" style=\"color:#FFFFFF;background-color:#6b0e00;border-color:#560c00;border-radius:5px;-moz-border-radius:5px;-webkit-border-radius:5px\" target=\"_self\"><span style=\"color:#FFFFFF;padding:6px 16px;font-size:13px;line-height:20px;border-color:#98574d;border-radius:5px;-moz-border-radius:5px;-webkit-border-radius:5px;text-shadow:none;-moz-text-shadow:none;-webkit-text-shadow:none\"><i class=\"sui sui-book\" style=\"font-size:13px;color:#FFFFFF\"><\/i> Table of Contents<\/span><\/a><\/div><\/div><\/div><\/div>\n<h3 style=\"text-align: justify;\"><strong>Type of Article:<\/strong>\u00a0\u00a0Original Research<\/h3>\n<h3 style=\"text-align: justify;\"><strong>Volume 5; Issue 4.3 (December 2017)<\/strong><\/h3>\n<h3 style=\"text-align: justify;\"><strong>Page No.:<\/strong>\u00a04736-4739<\/h3>\n<h3 style=\"text-align: justify;\"><strong>DOI:\u00a0<\/strong>https:\/\/dx.doi.org\/10.16965\/ijar.2017.460<\/h3>\n<h3 style=\"text-align: justify;\">A STUDY OF POSTERIOR CONDYLAR FORAMEN IN HUMAN SKELETAL IN CENTRAL GUJARAT REGION<\/h3>\n<p style=\"text-align: justify;\"><strong>Hetal V. Vaishnani <sup>1<\/sup>, Kinjal Jethva *<sup>2<\/sup>, Priyanka Sharma <sup>3<\/sup>, A.R.Gandotra <sup>4<\/sup>, G.V.Shah <sup>5<\/sup>.<\/strong><\/p>\n<p style=\"text-align: justify;\"><sup>1<\/sup> Associate\u00a0 Professor , Department of Anatomy, Smt. B.K.shah Medical Institute &amp; Research Centre, Sumandeep Vidyapeeth, Piparia, Vadodara, Gujarat.<\/p>\n<p style=\"text-align: justify;\"><sup>*2<\/sup> Assistant\u00a0 Professor , Department of Anatomy, Smt. B.K.shah Medical Institute &amp; Research Centre, Sumandeep Vidyapeeth, Piparia, Vadodara, Gujarat.<\/p>\n<p style=\"text-align: justify;\"><sup>3<\/sup> Tutor, Department of Anatomy, Smt. B.K.shah Medical Institute &amp; Research Centre, Sumandeep Vidyapeeth, Piparia, Vadodara, Gujarat.<\/p>\n<p style=\"text-align: justify;\"><sup>4<\/sup> Professor &amp; HOD, Department of Anatomy, Smt. B.K.shah Medical Institute &amp; Research Centre, Sumandeep Vidyapeeth, Piparia, Vadodara, Gujarat.<\/p>\n<p style=\"text-align: justify;\"><sup>5<\/sup> Dean, &amp; Professor , Department of Anatomy, Smt. B.K.shah Medical Institute &amp; Research Centre, Sumandeep Vidyapeeth, Piparia, Vadodara, Gujarat.<\/p>\n<p style=\"text-align: justify;\"><strong>Corresponding Author: <\/strong>Dr.Kinjal Jethva, Department of Anatomy, Smt.B.K.Shah Medical institute &amp; Research, Sumandeep Vidyapeeth, M \u2013 9924870827 <strong>E-Mail:<\/strong> dr.hetal24@gmail.com<\/p>\n<p style=\"text-align: justify;\"><strong>Abstract:<\/strong><\/p>\n<p style=\"text-align: justify;\"><strong>Introduction:\u00a0 <\/strong>Posterior condylar foramen is the most constantly present emissary foramen in human skull. It is also considered as largest emissary foramen present in humans.\u00a0 ondylar emissary vein running along its path ensures patency of this passage<\/p>\n<p style=\"text-align: justify;\"><strong>Aim<\/strong>: To assess normal location and variability in posterior condylar foramen<\/p>\n<p style=\"text-align: justify;\"><strong>Materials and Methods<\/strong>:\u00a0\u00a0 This study was conducted on 60 dry adult skulls gathered from the departments of anatomy, Smt.B.K.Shah Medial Institute &amp; Research Centre., to observe weather posterior condylar canal is located on one side or two sides of midline. Furthermore to study the morphologic anatomy of posterior condylar canal and its variations. Protocol of current study was the presence of complete condylar foramina behind occipital condyles as variation for the present study.<\/p>\n<p style=\"text-align: justify;\"><strong>Results:<\/strong> Posterior condylar foramina were investigated in 60 human cadaveric skulls. Current research showed incidence of presence of posterior condylar foramina as 73.33%. Amongst which we found bilaterally located posterior condylar foramina in 40%, and Unilateral 33.33% . Posterior Condylar foramen found absent in 26.66 % cadaveric Skulls.<\/p>\n<p style=\"text-align: justify;\"><strong>Conclusion:<\/strong>\u00a0 The posterior condylar canal is one of the larger emissary channels in the skull. Research work on Condylar foramina provides fundamental information the clinicians, radiologists, anatomists and surgeons prior to operative procedures involving base of skull.<\/p>\n<p style=\"text-align: justify;\"><strong>Key words:<\/strong> Emissary Vein, Posterior condylar Foramen, bilateral, unilateral, variations.<\/p>\n<p style=\"text-align: justify;\"><strong>REFERENCES<\/strong><\/p>\n<ol>\n<li style=\"text-align: justify;\">Standring Suzan. Gray\u2019s Anatomy: Anatomical Basis of Clinical Practice. 40th edition. Elsevier, Churchill Livingstone. London. 2008:432-433.<\/li>\n<li style=\"text-align: justify;\">San Mill\u00e1n Ru\u00edz D, Gailloud P, R\u00fcfenacht DA, Delavelle J, Henry F, Fasel JH. The craniocervical venous system in relation to cerebral venous drainage. AJNR Am J Neuroradiol 2002;23:1500-8.<\/li>\n<li style=\"text-align: justify;\">Giesemann AM, Goetz GF, Neuburger J, Lenarz T, Lanfermann H. Persistent petrosquamosal sinus: high incidence in cases of complete aplasia of the semicircular canals. Radiology 2011;259:825-33.<\/li>\n<li style=\"text-align: justify;\">Reis CV, Deshmukh V, Zabramski JM, Crusius M, Desmukh P, Spetzler RF, et al. Anatomy of the mastoid emissary vein and venous system of the posterior neck region: neurosurgical implications. Neurosurgery 2007;61:193-200.<\/li>\n<li style=\"text-align: justify;\">Jeevan DS, Anlsow P, Jayamohan J. Abnormal venous drainage in syndromic craniosynostosis and the role of CT venography. Childs Nerv Syst. 2008Dec;24(12):1413-20.<\/li>\n<li style=\"text-align: justify;\">Standring Suzan. Gray\u2019s Anatomy: Anatomical Basis of Clinical Practice. 40th edition. Elsevier, Churchill Livingstone. London. 2008:432-433.<\/li>\n<li style=\"text-align: justify;\">Last RJ. Anatomy Regional and Applied. 7th edition. ELBS. Churchill Livingstone, Edinburgh. 1984:561-562.<\/li>\n<li style=\"text-align: justify;\">Krause W.The posterior condylar canal.In Testut, L.&amp;Latarjet, A. Treaty of human anatomy.Barcelona, Salvat, 1988;1:152-8.<\/li>\n<li style=\"text-align: justify;\">Coin MCG, Foramen M. In: Newton TH &amp; Potts DG. Radiology of the skull and brain: the skul St. Louis, Mosby, 1971;1:275-86.<\/li>\n<li style=\"text-align: justify;\">Boyd GI. The emissary foramina of the cranium in man and the anthropoids. J Anat. 1930;65(Pt 1): 108\u201321.<\/li>\n<li style=\"text-align: justify;\">Galarza M, Yun jong H, Merlo A. Chilean. J Anat. 1998;16(1):83\u20137.<\/li>\n<li style=\"text-align: justify;\">Williams PL, Warwick R, Dyson M, Bannister LH, eds. Gray&#8217;s anatomy, 37th ed. New York : Churchill Livingstone, 1989:286- 287<\/li>\n<li style=\"text-align: justify;\">Haas LL. The posterior condylar fossa, foramen and canal, and the jugular foramen. Radiology 1957;69:546- 552<\/li>\n<li style=\"text-align: justify;\">Ginsberg LE. The posterior condylar canal. AJNR Am J Neuroradiol. 1994;15(5):969\u201372.<\/li>\n<li style=\"text-align: justify;\">Milan AA , Lal MK, Ibrahim K, Navab MK ; A Study of Morphology of Posterior Condylar Foramen and Its Anatomical Variations in Dry Pakistani Adult Skulls, P J M H S 2016;10(3):692-694.<\/li>\n<li style=\"text-align: justify;\">Usha Kothandaraman, Sadhu Lokanadham, Posterior condylar foramen\u2014anatomical variation, International Journal of Medical Science and Public Health, 2015;4(2):222-224.<\/li>\n<\/ol>\n<p style=\"text-align: justify;\">\n\t\t\t <div class=\"promo1\" style=\"background-color:#f7f7f7; border-color: #6b0e00 #e8e6e6 #e8e6e6;\">\n             \t <span style=\"color: #800000;\"><strong>Cite this article:<\/strong><\/span> Hetal V. Vaishnani, Kinjal Jethva, Priyanka Sharma, A.R.Gandotra, G.V.Shah. A STUDY OF POSTERIOR CONDYLAR FORAMEN IN HUMAN SKELETAL IN CENTRAL GUJARAT REGION. Int J Anat Res 2017;5(4.3):4736-4739. <strong>DOI:\u00a0<\/strong>10.16965\/ijar.2017.460\u00a0 \n             <\/div>\t\n\t\t\n","protected":false},"excerpt":{"rendered":"<p>Type of Article:\u00a0\u00a0Original Research Volume 5; Issue 4.3 (December 2017) Page No.:\u00a04736-4739 DOI:\u00a0https:\/\/dx.doi.org\/10.16965\/ijar.2017.460 A STUDY OF POSTERIOR CONDYLAR FORAMEN IN HUMAN SKELETAL IN CENTRAL GUJARAT REGION Hetal V. Vaishnani 1, Kinjal Jethva *2, Priyanka Sharma 3, A.R.Gandotra 4, G.V.Shah 5. 1 Associate\u00a0 Professor , Department of Anatomy, Smt. B.K.shah Medical Institute &amp; Research Centre, Sumandeep<br \/><a class=\"moretag\" href=\"https:\/\/www.ijmhr.org\/IntJAnatRes\/ijar-2017-460\">+ Read More<\/a><\/p>\n","protected":false},"author":1,"featured_media":0,"parent":0,"menu_order":0,"comment_status":"closed","ping_status":"closed","template":"","meta":[],"_links":{"self":[{"href":"https:\/\/www.ijmhr.org\/IntJAnatRes\/wp-json\/wp\/v2\/pages\/1074"}],"collection":[{"href":"https:\/\/www.ijmhr.org\/IntJAnatRes\/wp-json\/wp\/v2\/pages"}],"about":[{"href":"https:\/\/www.ijmhr.org\/IntJAnatRes\/wp-json\/wp\/v2\/types\/page"}],"author":[{"embeddable":true,"href":"https:\/\/www.ijmhr.org\/IntJAnatRes\/wp-json\/wp\/v2\/users\/1"}],"replies":[{"embeddable":true,"href":"https:\/\/www.ijmhr.org\/IntJAnatRes\/wp-json\/wp\/v2\/comments?post=1074"}],"version-history":[{"count":1,"href":"https:\/\/www.ijmhr.org\/IntJAnatRes\/wp-json\/wp\/v2\/pages\/1074\/revisions"}],"predecessor-version":[{"id":1092,"href":"https:\/\/www.ijmhr.org\/IntJAnatRes\/wp-json\/wp\/v2\/pages\/1074\/revisions\/1092"}],"wp:attachment":[{"href":"https:\/\/www.ijmhr.org\/IntJAnatRes\/wp-json\/wp\/v2\/media?parent=1074"}],"curies":[{"name":"wp","href":"https:\/\/api.w.org\/{rel}","templated":true}]}}